{"id":26,"date":"2016-10-26T12:30:16","date_gmt":"2016-10-26T12:30:16","guid":{"rendered":"http:\/\/fn.se\/stenungsund-tjorn-och-orust\/?page_id=26"},"modified":"2020-08-19T20:07:47","modified_gmt":"2020-08-19T20:07:47","slug":"for-ett-demokratiskt-fn","status":"publish","type":"page","link":"https:\/\/fn.se\/stenungsund-tjorn-och-orust\/for-ett-demokratiskt-fn\/","title":{"rendered":"F\u00f6r ett demokratiskt FN"},"content":{"rendered":"<h1>F\u00f6r ett demokratiskt FN<\/h1>\n<p>FN beh\u00f6ver bli mer demokratiskt f\u00f6r att b\u00e4ttre kunna m\u00f6ta de stora globala utmaningar vi som m\u00e4nsklighet st\u00e5r inf\u00f6r. STO FN-f\u00f6rening st\u00f6der d\u00e4rf\u00f6r f\u00f6rslaget om att uppr\u00e4tta en parlamentarisk f\u00f6rsamling inom FN (UNPA) och f\u00f6rslaget om att inr\u00e4tta en kanal f\u00f6r v\u00e4rldsmedborgarinitiativ inom FN (UNWCI).<\/p>\n<h4><strong>UNPA<\/strong><\/h4>\n<blockquote><p><em>Vi kan inte bara dr\u00f6mma, eller v\u00e4nta p\u00e5 att n\u00e5gon annan f\u00f6rverkligar v\u00e5r dr\u00f6m. Vi m\u00e5ste agera nu. D\u00e4rf\u00f6r vill jag ge er min starkaste uppmuntran i er kamp f\u00f6r en parlamentarisk f\u00f6rsamling inom FN. N\u00e4r den v\u00e4l har uppr\u00e4ttats kommer detta nya organ att inneb\u00e4ra ett avg\u00f6rande bidrag till att st\u00e4rka demokratin p\u00e5 alla niv\u00e5er.<\/em><\/p>\n<p>Boutros Boutros-Ghali, tidigare generalsekreterare f\u00f6r FN, maj 2007<\/p><\/blockquote>\n<p>Ett f\u00f6rsta steg p\u00e5 v\u00e4g mot ett framtida demokratiskt FN-parlament \u00e4r att uppr\u00e4tta en i f\u00f6rsta skedet r\u00e5dgivande parlamentarisk f\u00f6rsamling inom FN (United Nations Parliamentary Assembly, UNPA). En UNPA kan enligt artikel 22 i FN-stadgan uppr\u00e4ttas som ett underorgan till Generalf\u00f6rsamlingen genom ett beslut i Generalf\u00f6rsamlingen. Eftersom det inte skulle kr\u00e4vas en \u00e4ndring av FN-stadgan kan en UNPA uppr\u00e4ttas utan m\u00f6jlighet f\u00f6r n\u00e5gon av S\u00e4kerhetsr\u00e5dets Veto-makter att blockera ett s\u00e5dant beslut. Sverige skulle kunna leda en allians av progressiva medlemsstater och driva denna fr\u00e5ga inom FN-systemet.<\/p>\n<p>UNPA-f\u00f6rslaget har f\u00e5tt st\u00f6d av mer \u00e4n 1600 parlamentariker fr\u00e5n mer \u00e4n 100 l\u00e4nder, och av en m\u00e4ngd FN-tj\u00e4nstem\u00e4n, akademiker, nobelpristagare och f\u00f6retr\u00e4dare fr\u00e5n civilsamh\u00e4llet. Stora delar av FN-r\u00f6relsen st\u00e5r bakom f\u00f6rslaget, bland annat Svenska FN-f\u00f6rbundet och FN-f\u00f6rbundens v\u00e4rldsfederation (WFUNA). \u00c4ven politiska institutioner som Europaparlamentet och Panafrikanska parlamentet har \u00e5terkommande uttryckt st\u00f6d f\u00f6r uppr\u00e4ttandet av en UNPA.<\/p>\n<p>L\u00e4s mer p\u00e5 www.unpacampaign.org<\/p>\n<h4><strong>UNWCI<\/strong><\/h4>\n<p>I m\u00e5nga l\u00e4nder och kommuner finns det verktyg som ger sina medborgare m\u00f6jlighet att l\u00e4mna f\u00f6rslag till beslutsfattarna att ta i beaktande. P\u00e5 transnationell niv\u00e5, i Europeiska Unionen, finns ocks\u00e5 ett s\u00e5dan kanal genom det europeiska medborgarinitiativet (ECI), som ger alla EU-medborgare r\u00e4tt att f\u00f6resl\u00e5 EU-lagstiftning till EU-kommissionen.<\/p>\n<p>P\u00e5 liknande s\u00e4tt f\u00f6resl\u00e5r ett stort antal civilsamh\u00e4llesorganisationer att det b\u00f6r uppr\u00e4ttas ett verktyg f\u00f6r medborgarinitiativ inom FN (UN World Citizens Initiative, UNWCI). Tanken med UNWCI \u00e4r att FN-organ s\u00e5som Generalf\u00f6rsamlingen och S\u00e4kerhetsr\u00e5det skulle vara tvungna att behandla f\u00f6rslag som l\u00e4mnats in och f\u00e5tt st\u00f6d av ett visst antal v\u00e4rldsmedborgare globalt. Med en kanal f\u00f6r UNWCI blir det d\u00e4rf\u00f6r m\u00f6jligt f\u00f6r v\u00e4rldsmedborgare mer direkt delta och g\u00f6ra sina r\u00f6ster h\u00f6rda i FN:s beslutsprocesser.<\/p>\n<p>L\u00e4s mer p\u00e5 www.worldcitizensinitiative.org<\/p>\n","protected":false},"excerpt":{"rendered":"<p>F\u00f6r ett demokratiskt FN FN beh\u00f6ver bli mer demokratiskt f\u00f6r att b\u00e4ttre kunna m\u00f6ta de stora globala utmaningar vi som&hellip;<\/p>\n","protected":false},"author":85,"featured_media":0,"parent":0,"menu_order":0,"comment_status":"closed","ping_status":"closed","template":"templates\/template-normal.php","meta":{"_acf_changed":false,"footnotes":"","_links_to":"","_links_to_target":""},"class_list":["post-26","page","type-page","status-publish","hentry"],"acf":[],"_links":{"self":[{"href":"https:\/\/fn.se\/stenungsund-tjorn-och-orust\/wp-json\/wp\/v2\/pages\/26","targetHints":{"allow":["GET"]}}],"collection":[{"href":"https:\/\/fn.se\/stenungsund-tjorn-och-orust\/wp-json\/wp\/v2\/pages"}],"about":[{"href":"https:\/\/fn.se\/stenungsund-tjorn-och-orust\/wp-json\/wp\/v2\/types\/page"}],"author":[{"embeddable":true,"href":"https:\/\/fn.se\/stenungsund-tjorn-och-orust\/wp-json\/wp\/v2\/users\/85"}],"replies":[{"embeddable":true,"href":"https:\/\/fn.se\/stenungsund-tjorn-och-orust\/wp-json\/wp\/v2\/comments?post=26"}],"version-history":[{"count":26,"href":"https:\/\/fn.se\/stenungsund-tjorn-och-orust\/wp-json\/wp\/v2\/pages\/26\/revisions"}],"predecessor-version":[{"id":613,"href":"https:\/\/fn.se\/stenungsund-tjorn-och-orust\/wp-json\/wp\/v2\/pages\/26\/revisions\/613"}],"wp:attachment":[{"href":"https:\/\/fn.se\/stenungsund-tjorn-och-orust\/wp-json\/wp\/v2\/media?parent=26"}],"curies":[{"name":"wp","href":"https:\/\/api.w.org\/{rel}","templated":true}]}}