{"id":2,"date":"2016-08-11T10:33:32","date_gmt":"2016-08-11T10:33:32","guid":{"rendered":"http:\/\/fn.se\/stenungsund-tjorn-och-orust-fn-forening\/?page_id=2"},"modified":"2026-03-30T12:49:26","modified_gmt":"2026-03-30T12:49:26","slug":"sample-page","status":"publish","type":"page","link":"https:\/\/fn.se\/stenungsund-tjorn-och-orust\/","title":{"rendered":"Hem"},"content":{"rendered":"\n<div class=\"wp-block-group is-layout-flow wp-block-group-is-layout-flow\"><\/div>\n\n\n<h1>V\u00e4lkommen till STO FN-f\u00f6rening!<\/h1>\n<p class=\"intro\">Stenungsund, Tj\u00f6rn och Orust (STO) FN-f\u00f6rening \u00e4r en del av den svenska FN-r\u00f6relsen och<img loading=\"lazy\" decoding=\"async\" class=\"alignright wp-image-10 size-medium\" src=\"https:\/\/fn.se\/stenungsund-tjorn-och-orust\/wp-content\/uploads\/sites\/48\/2016\/08\/SFN_FO\u0308RENING_Stenungsund-Tjo\u0308rn-och-Orust-121x300.jpg\" alt=\"sfn_fo%cc%88rening_stenungsund-tjo%cc%88rn-och-orust\" width=\"121\" height=\"300\" srcset=\"https:\/\/fn.se\/stenungsund-tjorn-och-orust\/wp-content\/uploads\/sites\/48\/2016\/08\/SFN_FO\u0308RENING_Stenungsund-Tjo\u0308rn-och-Orust-121x300.jpg 121w, https:\/\/fn.se\/stenungsund-tjorn-och-orust\/wp-content\/uploads\/sites\/48\/2016\/08\/SFN_FO\u0308RENING_Stenungsund-Tjo\u0308rn-och-Orust-413x1024.jpg 413w, https:\/\/fn.se\/stenungsund-tjorn-och-orust\/wp-content\/uploads\/sites\/48\/2016\/08\/SFN_FO\u0308RENING_Stenungsund-Tjo\u0308rn-och-Orust-129x320.jpg 129w, https:\/\/fn.se\/stenungsund-tjorn-och-orust\/wp-content\/uploads\/sites\/48\/2016\/08\/SFN_FO\u0308RENING_Stenungsund-Tjo\u0308rn-och-Orust-282x700.jpg 282w, https:\/\/fn.se\/stenungsund-tjorn-och-orust\/wp-content\/uploads\/sites\/48\/2016\/08\/SFN_FO\u0308RENING_Stenungsund-Tjo\u0308rn-och-Orust.jpg 489w\" sizes=\"auto, (max-width: 121px) 100vw, 121px\" \/> knuten till Svenska\u00a0FN-f\u00f6rbundet. F\u00f6reningen \u00e4r partipolitiskt och religi\u00f6st obunden. All verksamhet bygger p\u00e5 lokala och n\u00e4ra krafter, vi t\u00e4nker globalt men handlar n\u00e4ra och lokalt. I v\u00e5r r\u00f6relse levandeg\u00f6rs visioner. Id\u00e9er formas om hur internationellt samarbete kan fr\u00e4mjas. Det \u00e4r berikande p\u00e5 m\u00e5nga s\u00e4tt.<\/p>\n<p>H\u00e4r f\u00e5r du m\u00f6jlighet att m\u00f6ta nya m\u00e4nniskor, l\u00e4ra dig mer om FN och internationella fr\u00e5gor, arbeta med insamlingsprojekt, p\u00e5verka och framf\u00f6r allt bidra till det viktiga arbetet f\u00f6r en b\u00e4ttre v\u00e4rld.<\/p>\n<p>Vi beh\u00f6ver FN! FN beh\u00f6ver dig!<\/p>\n<p><a href=\"https:\/\/betalning.fn.se\/pfs\/memberregistration\/\">V\u00e4lkommen som medlem i v\u00e5r f\u00f6rening!<\/a><\/p>\n<h3>Kontakt<\/h3>\n<p>Kontakt:<br \/>E-post: <a href=\"mailto:sylvia.wallin33@gmail.com\">Sylvia Wallin<\/a><\/p>\n<p>Styrelsemedlemmar:<br \/>Sylvia Wallin<br \/>Pernilla Ek<br \/>Marja Cissig<br \/>Jimmy L\u00f6vgren<br \/>Elias Elm Nikula<\/p>\n<p><strong><a href=\"mailto:styrelsen-sto-fn@googlegroups.com\">E-post <\/a>till Styrelsen<\/strong><\/p>\n<p>Meddela oss om du vill st\u00e5 med p\u00e5 v\u00e5r maillista och f\u00e5 del av v\u00e5ra mailutskick om kommande m\u00f6ten och arrangemang.<\/p>\n<p>Organisationsnummer: 853300-9349<br \/>Plusgiro: 370902-9<\/p>\n\n\n<p><\/p>\n","protected":false},"excerpt":{"rendered":"<p>V\u00e4lkommen till STO FN-f\u00f6rening! Stenungsund, Tj\u00f6rn och Orust (STO) FN-f\u00f6rening \u00e4r en del av den svenska FN-r\u00f6relsen och knuten till&hellip;<\/p>\n","protected":false},"author":16,"featured_media":591,"parent":0,"menu_order":0,"comment_status":"closed","ping_status":"open","template":"templates\/template-sub.php","meta":{"_acf_changed":false,"footnotes":"","_links_to":"","_links_to_target":""},"class_list":["post-2","page","type-page","status-publish","has-post-thumbnail","hentry"],"acf":[],"_links":{"self":[{"href":"https:\/\/fn.se\/stenungsund-tjorn-och-orust\/wp-json\/wp\/v2\/pages\/2","targetHints":{"allow":["GET"]}}],"collection":[{"href":"https:\/\/fn.se\/stenungsund-tjorn-och-orust\/wp-json\/wp\/v2\/pages"}],"about":[{"href":"https:\/\/fn.se\/stenungsund-tjorn-och-orust\/wp-json\/wp\/v2\/types\/page"}],"author":[{"embeddable":true,"href":"https:\/\/fn.se\/stenungsund-tjorn-och-orust\/wp-json\/wp\/v2\/users\/16"}],"replies":[{"embeddable":true,"href":"https:\/\/fn.se\/stenungsund-tjorn-och-orust\/wp-json\/wp\/v2\/comments?post=2"}],"version-history":[{"count":38,"href":"https:\/\/fn.se\/stenungsund-tjorn-och-orust\/wp-json\/wp\/v2\/pages\/2\/revisions"}],"predecessor-version":[{"id":853,"href":"https:\/\/fn.se\/stenungsund-tjorn-och-orust\/wp-json\/wp\/v2\/pages\/2\/revisions\/853"}],"wp:featuredmedia":[{"embeddable":true,"href":"https:\/\/fn.se\/stenungsund-tjorn-och-orust\/wp-json\/wp\/v2\/media\/591"}],"wp:attachment":[{"href":"https:\/\/fn.se\/stenungsund-tjorn-och-orust\/wp-json\/wp\/v2\/media?parent=2"}],"curies":[{"name":"wp","href":"https:\/\/api.w.org\/{rel}","templated":true}]}}