{"id":19,"date":"2016-10-03T12:55:22","date_gmt":"2016-10-03T12:55:22","guid":{"rendered":"http:\/\/fn.se\/sotenas\/?page_id=19"},"modified":"2016-10-17T15:01:42","modified_gmt":"2016-10-17T15:01:42","slug":"nicaragua","status":"publish","type":"page","link":"https:\/\/fn.se\/sotenas\/nicaragua\/","title":{"rendered":"Nicaragua"},"content":{"rendered":"<h1>Nicaragua<\/h1>\n<p class=\"intro\">Under ett par \u00e5r har Soten\u00e4s FN-f\u00f6rening arbetat med ett projekt i Nicaragua. Vi har tillsammans med \u00d6sthj\u00e4lpen, Lion\u00b4s Club och Kungshamns skola f\u00e4rdigst\u00e4llt en f\u00f6rskola som p\u00e5b\u00f6rjats av en annan <img loading=\"lazy\" decoding=\"async\" class=\"alignright size-full wp-image-20\" src=\"https:\/\/fn.se\/sotenas\/wp-content\/uploads\/sites\/47\/2016\/10\/Soten\u00e4s-Nicaragua-1.jpg\" alt=\"sotenas-nicaragua-1\" width=\"201\" height=\"133\" \/>organisation.<\/p>\n<p>F\u00f6rskolan har blivit mycket fin och b\u00e5de barnen och f\u00f6rskoll\u00e4raren \u00e4r lyckliga \u00f6ver att ha en egen lokal och inte l\u00e4ngre beh\u00f6va vara i n\u00e5gons privata hem.<\/p>\n<p>N\u00e4r Margaretha Feldt bes\u00f6kte skolan f\u00f6rra sommaren planerade man att bygga ett litet k\u00f6k f\u00f6r att kunna v\u00e4rma mat till barnen, en toalett och en liten k\u00f6kstr\u00e4dg\u00e5rd f\u00f6r att barnen skall kunna l\u00e4ra sig odla lite gr\u00f6nsaker.<\/p>\n<p>F\u00f6rra \u00e5ret i maj besl\u00f6t elevr\u00e5det p\u00e5 Soten\u00e4sskolan att sk\u00e4nka sina Operation Dagsverkepengar till Nicaraguaprojektet. P\u00e5 en dag samlade de in 38 000:- och resultatet av detta har blivit en liten men mycket fin h\u00f6gstadieskola i byn La Pita d\u00e4r h\u00f6gstadiet tidigare var fyra p\u00e5lar och en presenning.<\/p>\n<p>Vi hoppas kunna forts\u00e4tta arbeta f\u00f6r Nicaragua. Behoven \u00e4r stora och det vi g\u00f6r \u00e4r en mycket direkt hj\u00e4lp till de sm\u00e5 byarna uppe i bergen. N\u00e4sta dr\u00f6m i projektet \u00e4r en liten h\u00e4lsocentral som skulle kunna serva n\u00e5gra byar i omr\u00e5det.<\/p>\n<h2>Augusti 2008<\/h2>\n<p><strong>Miraflor<\/strong><\/p>\n<p>&nbsp;<\/p>\n<p><img loading=\"lazy\" decoding=\"async\" class=\"alignleft size-full wp-image-21\" src=\"https:\/\/fn.se\/sotenas\/wp-content\/uploads\/sites\/47\/2016\/10\/Soten\u00e4s-Nicaragua-2.jpg\" alt=\"sotenas-nicaragua-2\" width=\"307\" height=\"230\" srcset=\"https:\/\/fn.se\/sotenas\/wp-content\/uploads\/sites\/47\/2016\/10\/Soten\u00e4s-Nicaragua-2.jpg 307w, https:\/\/fn.se\/sotenas\/wp-content\/uploads\/sites\/47\/2016\/10\/Soten\u00e4s-Nicaragua-2-300x225.jpg 300w\" sizes=\"auto, (max-width: 307px) 100vw, 307px\" \/><\/p>\n<p>&nbsp;<\/p>\n<p>&nbsp;<\/p>\n<p>&nbsp;<\/p>\n<p>&nbsp;<\/p>\n<p>&nbsp;<\/p>\n<p>&nbsp;<\/p>\n<p>&nbsp;<\/p>\n<p>&nbsp;<\/p>\n<div id=\"attachment_22\" style=\"width: 310px\" class=\"wp-caption alignleft\"><img loading=\"lazy\" decoding=\"async\" aria-describedby=\"caption-attachment-22\" class=\"size-full wp-image-22\" src=\"https:\/\/fn.se\/sotenas\/wp-content\/uploads\/sites\/47\/2016\/10\/Soten\u00e4s-Nicaragua-3.jpg\" alt=\"S\u00e5 h\u00e4r s\u00e5g det ut 14 augusti\" width=\"300\" height=\"225\" \/><p id=\"caption-attachment-22\" class=\"wp-caption-text\">S\u00e5 h\u00e4r s\u00e5g det ut 14 augusti<\/p><\/div>\n<p>&nbsp;<\/p>\n<p>&nbsp;<\/p>\n<p>&nbsp;<\/p>\n<p>&nbsp;<\/p>\n<p>&nbsp;<\/p>\n<p>&nbsp;<\/p>\n<p>&nbsp;<\/p>\n<p>Utsmyckningen \u00e4r i full g\u00e5ng!<\/p>\n<p><img loading=\"lazy\" decoding=\"async\" class=\"alignleft size-full wp-image-23\" src=\"https:\/\/fn.se\/sotenas\/wp-content\/uploads\/sites\/47\/2016\/10\/Soten\u00e4s-Nicaragua-4.jpg\" alt=\"sotenas-nicaragua-4\" width=\"300\" height=\"225\" \/><\/p>\n","protected":false},"excerpt":{"rendered":"<p>Nicaragua Under ett par \u00e5r har Soten\u00e4s FN-f\u00f6rening arbetat med ett projekt i Nicaragua. Vi har tillsammans med \u00d6sthj\u00e4lpen, Lion\u00b4s&hellip;<\/p>\n","protected":false},"author":17,"featured_media":0,"parent":0,"menu_order":0,"comment_status":"closed","ping_status":"closed","template":"templates\/template-sub.php","meta":{"_acf_changed":false,"footnotes":"","_links_to":"","_links_to_target":""},"class_list":["post-19","page","type-page","status-publish","hentry"],"acf":[],"_links":{"self":[{"href":"https:\/\/fn.se\/sotenas\/wp-json\/wp\/v2\/pages\/19","targetHints":{"allow":["GET"]}}],"collection":[{"href":"https:\/\/fn.se\/sotenas\/wp-json\/wp\/v2\/pages"}],"about":[{"href":"https:\/\/fn.se\/sotenas\/wp-json\/wp\/v2\/types\/page"}],"author":[{"embeddable":true,"href":"https:\/\/fn.se\/sotenas\/wp-json\/wp\/v2\/users\/17"}],"replies":[{"embeddable":true,"href":"https:\/\/fn.se\/sotenas\/wp-json\/wp\/v2\/comments?post=19"}],"version-history":[{"count":1,"href":"https:\/\/fn.se\/sotenas\/wp-json\/wp\/v2\/pages\/19\/revisions"}],"predecessor-version":[{"id":24,"href":"https:\/\/fn.se\/sotenas\/wp-json\/wp\/v2\/pages\/19\/revisions\/24"}],"wp:attachment":[{"href":"https:\/\/fn.se\/sotenas\/wp-json\/wp\/v2\/media?parent=19"}],"curies":[{"name":"wp","href":"https:\/\/api.w.org\/{rel}","templated":true}]}}