{"id":2,"date":"2016-08-11T11:04:31","date_gmt":"2016-08-11T11:04:31","guid":{"rendered":"http:\/\/fn.se\/sollentuna-fn-forening\/?page_id=2"},"modified":"2025-01-20T00:16:51","modified_gmt":"2025-01-20T00:16:51","slug":"sample-page","status":"publish","type":"page","link":"https:\/\/fn.se\/sollentuna\/","title":{"rendered":"Hem"},"content":{"rendered":"<h1>V\u00e4lkommen till\u00a0Sollentuna V\u00e4sby FN-f\u00f6rening!<\/h1>\n<p class=\"intro\">Sollentuna V\u00e4sby FN-f\u00f6rening \u00e4r en del av den svenska FN-r\u00f6relsen och knuten till <img loading=\"lazy\" decoding=\"async\" class=\"wp-image-34  alignright\" src=\"https:\/\/fn.se\/sollentuna\/wp-content\/uploads\/sites\/86\/2020\/12\/Attachment1-138x300.jpg\" alt=\"\" width=\"117\" height=\"254\" srcset=\"https:\/\/fn.se\/sollentuna\/wp-content\/uploads\/sites\/86\/2020\/12\/Attachment1-138x300.jpg 138w, https:\/\/fn.se\/sollentuna\/wp-content\/uploads\/sites\/86\/2020\/12\/Attachment1.jpg 431w\" sizes=\"auto, (max-width: 117px) 100vw, 117px\" \/>Svenska FN-f\u00f6rbundet.\u00a0F\u00f6reningen \u00e4r partipolitiskt och religi\u00f6st obunden. All verksamhet bygger p\u00e5 lokala och n\u00e4ra krafter, vi t\u00e4nker globalt men handlar n\u00e4ra och lokalt. I v\u00e5r r\u00f6relse levandeg\u00f6rs visioner. Id\u00e9er formas om hur internationellt samarbete kan fr\u00e4mjas. Det \u00e4r berikande p\u00e5 m\u00e5nga s\u00e4tt.<\/p>\n<p>H\u00e4r f\u00e5r du m\u00f6jlighet att m\u00f6ta nya m\u00e4nniskor, l\u00e4ra dig mer om FN och internationella fr\u00e5gor, arbeta med insamlingsprojekt, p\u00e5verka och framf\u00f6r allt bidra till det viktiga arbetet f\u00f6r en b\u00e4ttre v\u00e4rld.<\/p>\n<p>Vi beh\u00f6ver FN! FN beh\u00f6ver dig!<\/p>\n<p><a class=\"new-window\" href=\"https:\/\/betalning.fn.se\/pfs\/memberregistration\/\" target=\"_blank\" rel=\"noopener noreferrer\">V\u00e4lkommen som medlem i v\u00e5r f\u00f6rening!<\/a><\/p>\n<h2>KONTAKT:<\/h2>\n<p><strong>Ordf\u00f6rande<\/strong><br \/>Bernt Josephson<br \/>Telefon: 070-663 61 51<br \/>E-post: <a class=\"\" title=\"mailto:info@bjforlag.se\" href=\"mailto:info@bjforlag.se\">info@bjforlag.se<\/a><\/p>\n<p><strong>Kass\u00f6r<\/strong><br \/>Maria Babic<\/p>\n<p><strong>Medlemsansvarig<\/strong><br \/>Tanja Bojovic<\/p>\n<p><strong>Agenda 2030- och kommunikation<\/strong><br \/>Bernt Josephson<br \/>E-post: <a href=\"mailto:info@bjforlag.se\">info@bjforlag.se<\/a><\/p>\n<p><strong>Ledam\u00f6ter i Agenda-2030 gruppen: <\/strong>Bernt Josephson, Katarina Neider och \u00c5sa Lind<\/p>\n\n\n<p><\/p>\n\n\n\n<p><strong>Aktiviteter<\/strong>: <\/p>\n\n\n\n<ul class=\"wp-block-list\">\n<li>F\u00f6redrag och seminarier. <\/li>\n\n\n\n<li>Internationella kvinnodagen 8 mars 2025<\/li>\n\n\n\n<li>FN dagen den 24 oktober 2025 med utdelning av Sollentuna V\u00e4sby FN Agenda 2030 priset.<\/li>\n\n\n\n<li>Edsbacka marknad<\/li>\n<\/ul>\n\n\n\n<p><\/p>\n\n\n\n<p>Missa inte det senaste fr\u00e5n Sollentuna V\u00e4sby FN-f\u00f6rening. F\u00f6lj oss p\u00e5 sociala medier! <\/p>\n\n\n\n<p>Facebook: <em>Sollentuna V\u00e4sby FN-f\u00f6rening <\/em><\/p>\n\n\n\n<p>Instagram: <em>sollentuna_vasby_fnforening<\/em><\/p>\n\n\n\n<p><\/p>\n","protected":false},"excerpt":{"rendered":"<p>V\u00e4lkommen till\u00a0Sollentuna V\u00e4sby FN-f\u00f6rening! Sollentuna V\u00e4sby FN-f\u00f6rening \u00e4r en del av den svenska FN-r\u00f6relsen och knuten till Svenska FN-f\u00f6rbundet.\u00a0F\u00f6reningen \u00e4r&hellip;<\/p>\n","protected":false},"author":16,"featured_media":5,"parent":0,"menu_order":0,"comment_status":"closed","ping_status":"open","template":"templates\/template-sub.php","meta":{"_acf_changed":false,"footnotes":"","_links_to":"","_links_to_target":""},"class_list":["post-2","page","type-page","status-publish","has-post-thumbnail","hentry"],"acf":[],"_links":{"self":[{"href":"https:\/\/fn.se\/sollentuna\/wp-json\/wp\/v2\/pages\/2","targetHints":{"allow":["GET"]}}],"collection":[{"href":"https:\/\/fn.se\/sollentuna\/wp-json\/wp\/v2\/pages"}],"about":[{"href":"https:\/\/fn.se\/sollentuna\/wp-json\/wp\/v2\/types\/page"}],"author":[{"embeddable":true,"href":"https:\/\/fn.se\/sollentuna\/wp-json\/wp\/v2\/users\/16"}],"replies":[{"embeddable":true,"href":"https:\/\/fn.se\/sollentuna\/wp-json\/wp\/v2\/comments?post=2"}],"version-history":[{"count":23,"href":"https:\/\/fn.se\/sollentuna\/wp-json\/wp\/v2\/pages\/2\/revisions"}],"predecessor-version":[{"id":62,"href":"https:\/\/fn.se\/sollentuna\/wp-json\/wp\/v2\/pages\/2\/revisions\/62"}],"wp:featuredmedia":[{"embeddable":true,"href":"https:\/\/fn.se\/sollentuna\/wp-json\/wp\/v2\/media\/5"}],"wp:attachment":[{"href":"https:\/\/fn.se\/sollentuna\/wp-json\/wp\/v2\/media?parent=2"}],"curies":[{"name":"wp","href":"https:\/\/api.w.org\/{rel}","templated":true}]}}