{"id":49,"date":"2023-11-24T18:48:28","date_gmt":"2023-11-24T18:48:28","guid":{"rendered":"https:\/\/fn.se\/ostersund\/?page_id=49"},"modified":"2025-03-05T09:05:51","modified_gmt":"2025-03-05T09:05:51","slug":"2023-11-30-halvarsmote","status":"publish","type":"page","link":"https:\/\/fn.se\/ostersund\/2023-11-30-halvarsmote\/","title":{"rendered":"M\u00f6te 2023-11-30"},"content":{"rendered":"\n<h2 class=\"wp-block-heading\">\u00d6stersunds FN-f\u00f6rening <\/h2>\n\n\n\n<h5 class=\"wp-block-heading\">\u00d6stersund&nbsp;Gamla Tingshuset<\/h5>\n\n\n\n<ul class=\"wp-block-list\">\n<li><a href=\"https:\/\/www.facebook.com\/sharer\/sharer.php?u=https:\/\/fn.se\/ostersund\/engagera-dig\/kalender\/2023-11-30-ostersunds-fn-forening-kallelse-halvarsmote\/\" target=\"_blank\" rel=\"noreferrer noopener\">Facebook<\/a><\/li>\n\n\n\n<li><a href=\"https:\/\/twitter.com\/home?status=https:\/\/fn.se\/ostersund\/engagera-dig\/kalender\/2023-11-30-ostersunds-fn-forening-kallelse-halvarsmote\/\" target=\"_blank\" rel=\"noreferrer noopener\">Twitter<\/a><\/li>\n\n\n\n<li><a href=\"https:\/\/www.linkedin.com\/shareArticle?mini=true&amp;url=https:\/\/fn.se\/ostersund\/engagera-dig\/kalender\/2023-11-30-ostersunds-fn-forening-kallelse-halvarsmote\/&amp;title=2023-11-30 \u00d6stersunds FN-f\u00f6rening KALLELSE halv\u00e5rsm\u00f6te\" target=\"_blank\" rel=\"noreferrer noopener\">LinkedIn<\/a><\/li>\n\n\n\n<li><a href=\"mailto:?subject=2023-11-30 \u00d6stersunds FN-f\u00f6rening KALLELSE halv\u00e5rsm\u00f6te&amp;body=https:\/\/fn.se\/ostersund\/engagera-dig\/kalender\/2023-11-30-ostersunds-fn-forening-kallelse-halvarsmote\/\">Maila<\/a><\/li>\n<\/ul>\n\n\n\n<p><strong>Till medlemmarna i \u00d6stersunds FN-f\u00f6rening,<\/strong><\/p>\n\n\n\n<p>Ni \u00e4r alla hj\u00e4rtligt v\u00e4lkomna till halv\u00e5rsm\u00f6te<br>Tid: Torsdagen den 30 november 2023, kl. 19:00<br>Plats: Tingssalen, Gamla Tingshuset, \u00d6stersund<br><strong>V\u00c4LKOMNA!<\/strong><\/p>\n\n\n\n<p><strong>Dagordning:<\/strong><strong><\/strong><\/p>\n\n\n\n<p><strong><\/strong>1. Fastst\u00e4llande av r\u00f6stl\u00e4ngd<\/p>\n\n\n\n<p>2. Fr\u00e5ga om m\u00f6tets stadgeenliga utlysning<\/p>\n\n\n\n<p>3. Fastst\u00e4llande av dagordning<\/p>\n\n\n\n<p>4. Val av ordf\u00f6rande och sekreterare f\u00f6r m\u00f6tet<\/p>\n\n\n\n<p>5. Val av protokolljusterare<\/p>\n\n\n\n<p>6. Fastst\u00e4llande av verksamhetsplan och budget<\/p>\n\n\n\n<p>a. Grundl\u00e4ggande fredsbyggande i FN-f\u00f6reningen (se f\u00f6rslag nedan)<br>b. Firande av M\u00e4nskliga R\u00e4ttigheter 10 december<\/p>\n\n\n\n<p>7. \u00d6vriga fr\u00e5gor<\/p>\n\n\n\n<p>8. Avslutning<\/p>\n\n\n\n<p><\/p>\n\n\n\n<p><strong>SAMLAT FREDSARBETE Utkast till f\u00f6rslag<\/strong><\/p>\n\n\n\n<p>\u2022 Syftet med f\u00f6rslaget \u00e4r att informera och p\u00e5verka oss alla, inklusive v\u00e5ra politiska beslutsfattare, om hur vi b\u00e4st kan bidra till att uppn\u00e5 b\u00e4ttre fredliga metoder och system f\u00f6r konfliktl\u00f6sningar, allm\u00e4nm\u00e4nskligt och i enskilda l\u00e4nder.<\/p>\n\n\n\n<p>Framf\u00f6r allt f\u00f6respr\u00e5kar vi nedrustning och uppmanar till vapenfri samh\u00e4llstj\u00e4nst som del av mellanm\u00e4nsklig f\u00f6rsvarsmakt.<br>Vi b\u00f6r kunna verka f\u00f6r att v\u00e4pnade krig helt f\u00f6rbjuds.<\/p>\n\n\n\n<p>Allm\u00e4nt f\u00f6rsvarsarbete, b\u00e5de psykologiskt, teoretiskt och praktiskt, b\u00f6r ing\u00e5 i statliga obligatoriska skolv\u00e4sen f\u00f6r att kontinuerligt rusta elever och l\u00e4rare med kunskaper och f\u00f6rst\u00e5nd, som vi delar och st\u00e4rker gemensamt.<br>Tr\u00e4ningsm\u00f6jligheter b\u00f6r utvecklas g\u00e4llande fredlig allm\u00e4n konflikthantering, via samtal och skriftlig kommunikation, f\u00f6r att p\u00e5 sikt minska v\u00e5ldsbrott genom l\u00e4rande och tr\u00e4nande p\u00e5 att klarl\u00e4gga konflikter och olika l\u00f6sningar tydligt och hj\u00e4lpsamt f\u00f6r b\u00e4ttre samvaro m\u00e4nniskor emellan.<\/p>\n\n\n\n<p>Med gemensam utveckling av v\u00e5ra f\u00f6rm\u00e5gor, i syfte att f\u00f6rst\u00e5 hur vi b\u00e4ttre utnyttjar v\u00e5ra tankem\u00e4ssiga och kommunikativa m\u00f6jligheter att samarbeta och som leder till mer klarlagda konfliktinsikter, kan vi b\u00e4ttre hantera m\u00e4nskliga konflikter.<\/p>\n\n\n\n<p>Konflikter som i f\u00f6rsta hand antingen r\u00f6r egna viktiga individuella motstridiga konflikter, sociala relationsm\u00e4ssiga och\/eller konflikter inom och mellan olika samh\u00e4llssystem.<br>Till exempel med hj\u00e4lp av att samla och sprida kunskaper om fredliga konfliktl\u00f6sande f\u00f6rhandlingar i allm\u00e4nhet samt goda exempel p\u00e5 lyckade f\u00f6rhandlingar, b\u00e5de akuta kortsiktiga och l\u00e5ngsiktigt h\u00e5llbara l\u00f6sningar, som kan \u00f6verf\u00f6ras generationer emellan, som st\u00f6d f\u00f6r individer, relationer och samh\u00e4llsfunktioner.<\/p>\n\n\n\n<p>HUR vi strider f\u00f6r sanna, r\u00e4tta och f\u00f6rmodat goda konfliktl\u00f6sningar \u00e4r av stor vikt och naturligtvis ska vi inte st\u00f6dja att v\u00e5ld m\u00e4nniskor emellan styrks som till\u00e5ten metod.<br>\u00c4ven f\u00f6rb\u00e4ttrade vaktande och polisi\u00e4ra metoder att stoppa akuta v\u00e5ldsamheter mellan enskilda och grupper av m\u00e4nniskor i direkt syfte f\u00f6rhindra v\u00e5ld m\u00e5ste naturligtvis utvecklas vidare.<\/p>\n\n\n\n<p>Likas\u00e5 enskildas och gruppers medvetande om och undvikande av vad som verkar provocera fram v\u00e5ld.<\/p>\n\n\n\n<p>Farh\u00e5gor som grundar sig p\u00e5 att en \u00f6verg\u00e5ng till enbart civila f\u00f6rsvar naturligtvis skulle kunna inneb\u00e4ra att andra regeringar med milit\u00e4rmakt, trots f\u00f6rbud, utnyttjar ett s\u00e5dant fredligt lands milit\u00e4ra underl\u00e4ge, borde b\u00e4st kunna l\u00f6sas med hj\u00e4lp av FN.<\/p>\n\n\n\n<p>\u2022 Eftersom FN naturligtvis skulle st\u00f6dja en milit\u00e4r nedrustning, s\u00e5 b\u00f6r FN kunna medverka till att avv\u00e4rja s\u00e5dana risker med hj\u00e4lp av FN-styrda kontinuerliga konfliktl\u00f6sande multilaterala kommunikationer samt, om n\u00f6dv\u00e4ndigt, fredsbevarande polisi\u00e4ra FN-styrkor. Enskilda l\u00e4nder och FN skulle p\u00e5 s\u00e5 s\u00e4tt visa att nedrustning \u00e4r m\u00f6jlig och bli f\u00f6rebildande f\u00f6r andra l\u00e4nders fredsarbete.<\/p>\n","protected":false},"excerpt":{"rendered":"<p>\u00d6stersunds FN-f\u00f6rening \u00d6stersund&nbsp;Gamla Tingshuset Till medlemmarna i \u00d6stersunds FN-f\u00f6rening, Ni \u00e4r alla hj\u00e4rtligt v\u00e4lkomna till halv\u00e5rsm\u00f6teTid: Torsdagen den 30 november&hellip;<\/p>\n","protected":false},"author":112,"featured_media":0,"parent":0,"menu_order":0,"comment_status":"closed","ping_status":"closed","template":"","meta":{"_acf_changed":false,"footnotes":"","_links_to":"","_links_to_target":""},"class_list":["post-49","page","type-page","status-publish","hentry"],"acf":[],"_links":{"self":[{"href":"https:\/\/fn.se\/ostersund\/wp-json\/wp\/v2\/pages\/49","targetHints":{"allow":["GET"]}}],"collection":[{"href":"https:\/\/fn.se\/ostersund\/wp-json\/wp\/v2\/pages"}],"about":[{"href":"https:\/\/fn.se\/ostersund\/wp-json\/wp\/v2\/types\/page"}],"author":[{"embeddable":true,"href":"https:\/\/fn.se\/ostersund\/wp-json\/wp\/v2\/users\/112"}],"replies":[{"embeddable":true,"href":"https:\/\/fn.se\/ostersund\/wp-json\/wp\/v2\/comments?post=49"}],"version-history":[{"count":5,"href":"https:\/\/fn.se\/ostersund\/wp-json\/wp\/v2\/pages\/49\/revisions"}],"predecessor-version":[{"id":109,"href":"https:\/\/fn.se\/ostersund\/wp-json\/wp\/v2\/pages\/49\/revisions\/109"}],"wp:attachment":[{"href":"https:\/\/fn.se\/ostersund\/wp-json\/wp\/v2\/media?parent=49"}],"curies":[{"name":"wp","href":"https:\/\/api.w.org\/{rel}","templated":true}]}}