{"id":38,"date":"2023-11-24T17:45:49","date_gmt":"2023-11-24T17:45:49","guid":{"rendered":"https:\/\/fn.se\/ostersund\/?page_id=38"},"modified":"2024-05-28T09:10:41","modified_gmt":"2024-05-28T09:10:41","slug":"kontakt-styrelse","status":"publish","type":"page","link":"https:\/\/fn.se\/ostersund\/kontakt-styrelse\/","title":{"rendered":"Kontakt STYRELSE"},"content":{"rendered":"\n<p><\/p>\n\n\n\n<p><\/p>\n\n\n\n<div class=\"wp-block-group is-nowrap is-layout-flex wp-container-core-group-is-layout-ad2f72ca wp-block-group-is-layout-flex\">\n<div class=\"wp-block-group is-layout-constrained wp-block-group-is-layout-constrained\">\n<p class=\"has-text-align-left\"><strong>Adress:<\/strong> \u00d6stersunds FN-f\u00f6rening, c\/o Maria Sn\u00f6fall, Genv\u00e4gen 56B, 83142 \u00d6stersund<\/p>\n\n\n\n<p class=\"has-text-align-left\"><strong><mark class=\"has-inline-color has-fn-blue-color\">Email: lo.snofall@gmail.com (ATTN: \u00d6stersunds FN-f\u00f6rening)<\/mark><\/strong><\/p>\n<\/div>\n<\/div>\n\n\n\n<p><\/p>\n\n\n\n<p><\/p>\n\n\n\n<p>Ordf\u00f6rande: <strong>Maria Sn\u00f6fall<\/strong><br>l<em>o.snofall@gmail.com <\/em><\/p>\n\n\n\n<p><em>070-3618280<\/em><\/p>\n\n\n\n<p><\/p>\n\n\n\n<div class=\"wp-block-group is-layout-constrained wp-block-group-is-layout-constrained\">\n<p class=\"has-text-align-left\">Kass\u00f6r: <strong>Abdelrahim Abdelmotalib<\/strong><\/p>\n\n\n\n<p class=\"has-text-align-left\"><em>abbe.svo1@gmail.com<\/em><\/p>\n\n\n\n<p class=\"has-text-align-left\">072-5389777<\/p>\n\n\n\n<p><\/p>\n\n\n\n<p>Sekreterare:<strong> Natallia Johansson<\/strong><\/p>\n\n\n\n<p>natallia.johansson@hotmail.se<\/p>\n\n\n\n<p>070-2966539<\/p>\n<\/div>\n\n\n\n<p><\/p>\n\n\n\n<p><br><\/p>\n\n\n\n<p><\/p>\n\n\n\n<p><\/p>\n","protected":false},"excerpt":{"rendered":"<p>Adress: \u00d6stersunds FN-f\u00f6rening, c\/o Maria Sn\u00f6fall, Genv\u00e4gen 56B, 83142 \u00d6stersund Email: lo.snofall@gmail.com (ATTN: \u00d6stersunds FN-f\u00f6rening) Ordf\u00f6rande: Maria Sn\u00f6falllo.snofall@gmail.com 070-3618280 Kass\u00f6r:&hellip;<\/p>\n","protected":false},"author":112,"featured_media":0,"parent":0,"menu_order":0,"comment_status":"closed","ping_status":"closed","template":"","meta":{"_acf_changed":false,"footnotes":"","_links_to":"","_links_to_target":""},"class_list":["post-38","page","type-page","status-publish","hentry"],"acf":[],"_links":{"self":[{"href":"https:\/\/fn.se\/ostersund\/wp-json\/wp\/v2\/pages\/38","targetHints":{"allow":["GET"]}}],"collection":[{"href":"https:\/\/fn.se\/ostersund\/wp-json\/wp\/v2\/pages"}],"about":[{"href":"https:\/\/fn.se\/ostersund\/wp-json\/wp\/v2\/types\/page"}],"author":[{"embeddable":true,"href":"https:\/\/fn.se\/ostersund\/wp-json\/wp\/v2\/users\/112"}],"replies":[{"embeddable":true,"href":"https:\/\/fn.se\/ostersund\/wp-json\/wp\/v2\/comments?post=38"}],"version-history":[{"count":9,"href":"https:\/\/fn.se\/ostersund\/wp-json\/wp\/v2\/pages\/38\/revisions"}],"predecessor-version":[{"id":96,"href":"https:\/\/fn.se\/ostersund\/wp-json\/wp\/v2\/pages\/38\/revisions\/96"}],"wp:attachment":[{"href":"https:\/\/fn.se\/ostersund\/wp-json\/wp\/v2\/media?parent=38"}],"curies":[{"name":"wp","href":"https:\/\/api.w.org\/{rel}","templated":true}]}}