{"id":2,"date":"2016-08-11T10:50:15","date_gmt":"2016-08-11T10:50:15","guid":{"rendered":"http:\/\/fn.se\/ostersunds-fn-forening\/?page_id=2"},"modified":"2025-03-05T09:13:57","modified_gmt":"2025-03-05T09:13:57","slug":"sample-page","status":"publish","type":"page","link":"https:\/\/fn.se\/ostersund\/","title":{"rendered":"Hem"},"content":{"rendered":"<h1>V\u00e4lkommen till \u00d6stersunds FN-f\u00f6rening!<\/h1>\n<p class=\"intro\">\u00d6stersunds FN-f\u00f6rening \u00e4r en del av den svenska FN-r\u00f6relsen och knuten till Svenska FN-f\u00f6rbundet.<\/p>\n<p><strong>I stadgarna finns reglerat att FN-f\u00f6reningens \u00e4ndam\u00e5l \u00e4r att verka f\u00f6r fred och r\u00e4ttvisa i hela v\u00e4rlden<br \/>i enlighet med FN-stadgans m\u00e5l och principer.<\/strong><\/p>\n<p class=\"intro\"><em><strong>I v\u00e5r r\u00f6relse levandeg\u00f6rs visioner.<br \/>Id\u00e9er formas om hur internationellt samarbete kan fr\u00e4mjas.<br \/>Det \u00e4r berikande p\u00e5 m\u00e5nga s\u00e4tt.<\/strong><\/em><\/p>\n<p>F\u00f6reningen \u00e4r partipolitiskt och religi\u00f6st obunden.<br \/>H\u00e4r f\u00e5r vi ocks\u00e5 m\u00f6jlighet att m\u00f6ta nya m\u00e4nniskor, l\u00e4ra oss av varandra,\u00a0p\u00e5verka och p\u00e5verkas samt<br \/>framf\u00f6r allt bidra till det viktiga arbetet f\u00f6r en b\u00e4ttre v\u00e4rld.<\/p>\n<p><img loading=\"lazy\" decoding=\"async\" class=\"size-full wp-image-12 alignright\" src=\"https:\/\/fn.se\/ostersund\/wp-content\/uploads\/sites\/65\/2016\/08\/SFN_F\u00d6RENING_\u00d6stersunds.jpg\" alt=\"sfn_logopayoff_pos_right\" width=\"117\" height=\"291\" \/><\/p>\n<p>Vi beh\u00f6ver FN! FN beh\u00f6ver oss!<\/p>\n<p><a class=\"new-window\" href=\"https:\/\/betalning.fn.se\/pfs\/memberregistration\/\" target=\"_blank\" rel=\"noopener\">V\u00e4lkommen som medlem i v\u00e5r f\u00f6rening!<\/a><\/p>\n<h4>\u00a0<\/h4>\n<h4>BLOGG:<i> https:\/\/ostersundsfn.blogspot.com <br \/><\/i><strong style=\"color: #414040;font-size: 16px;font-family: 'Open Sans', sans-serif\">I bloggen samlar vi information om f\u00f6reningens verksamhet och t\u00e4nker l\u00e4gga till mer efterhand om starten runt 1977 och verksamheten hittills <img loading=\"lazy\" decoding=\"async\" class=\"alignnone size-medium wp-image-103\" src=\"https:\/\/fn.se\/ostersund\/wp-content\/uploads\/sites\/65\/2025\/03\/IMG_8491-225x300.jpeg\" alt=\"\" width=\"225\" height=\"300\" srcset=\"https:\/\/fn.se\/ostersund\/wp-content\/uploads\/sites\/65\/2025\/03\/IMG_8491-225x300.jpeg 225w, https:\/\/fn.se\/ostersund\/wp-content\/uploads\/sites\/65\/2025\/03\/IMG_8491-768x1024.jpeg 768w, https:\/\/fn.se\/ostersund\/wp-content\/uploads\/sites\/65\/2025\/03\/IMG_8491-1152x1536.jpeg 1152w, https:\/\/fn.se\/ostersund\/wp-content\/uploads\/sites\/65\/2025\/03\/IMG_8491-1536x2048.jpeg 1536w, https:\/\/fn.se\/ostersund\/wp-content\/uploads\/sites\/65\/2025\/03\/IMG_8491-650x867.jpeg 650w, https:\/\/fn.se\/ostersund\/wp-content\/uploads\/sites\/65\/2025\/03\/IMG_8491-1024x1365.jpeg 1024w, https:\/\/fn.se\/ostersund\/wp-content\/uploads\/sites\/65\/2025\/03\/IMG_8491-scaled.jpeg 1920w\" sizes=\"auto, (max-width: 225px) 100vw, 225px\" \/><\/strong><\/h4>\n\n","protected":false},"excerpt":{"rendered":"<p>V\u00e4lkommen till \u00d6stersunds FN-f\u00f6rening! \u00d6stersunds FN-f\u00f6rening \u00e4r en del av den svenska FN-r\u00f6relsen och knuten till Svenska FN-f\u00f6rbundet. I stadgarna&hellip;<\/p>\n","protected":false},"author":16,"featured_media":6,"parent":0,"menu_order":0,"comment_status":"closed","ping_status":"open","template":"templates\/template-sub.php","meta":{"_acf_changed":false,"footnotes":"","_links_to":"","_links_to_target":""},"class_list":["post-2","page","type-page","status-publish","has-post-thumbnail","hentry"],"acf":[],"_links":{"self":[{"href":"https:\/\/fn.se\/ostersund\/wp-json\/wp\/v2\/pages\/2","targetHints":{"allow":["GET"]}}],"collection":[{"href":"https:\/\/fn.se\/ostersund\/wp-json\/wp\/v2\/pages"}],"about":[{"href":"https:\/\/fn.se\/ostersund\/wp-json\/wp\/v2\/types\/page"}],"author":[{"embeddable":true,"href":"https:\/\/fn.se\/ostersund\/wp-json\/wp\/v2\/users\/16"}],"replies":[{"embeddable":true,"href":"https:\/\/fn.se\/ostersund\/wp-json\/wp\/v2\/comments?post=2"}],"version-history":[{"count":20,"href":"https:\/\/fn.se\/ostersund\/wp-json\/wp\/v2\/pages\/2\/revisions"}],"predecessor-version":[{"id":112,"href":"https:\/\/fn.se\/ostersund\/wp-json\/wp\/v2\/pages\/2\/revisions\/112"}],"wp:featuredmedia":[{"embeddable":true,"href":"https:\/\/fn.se\/ostersund\/wp-json\/wp\/v2\/media\/6"}],"wp:attachment":[{"href":"https:\/\/fn.se\/ostersund\/wp-json\/wp\/v2\/media?parent=2"}],"curies":[{"name":"wp","href":"https:\/\/api.w.org\/{rel}","templated":true}]}}