{"id":102,"date":"2025-03-05T08:46:43","date_gmt":"2025-03-05T08:46:43","guid":{"rendered":"https:\/\/fn.se\/ostersund\/?page_id=102"},"modified":"2025-03-05T08:49:33","modified_gmt":"2025-03-05T08:49:33","slug":"102-2","status":"publish","type":"page","link":"https:\/\/fn.se\/ostersund\/102-2\/","title":{"rendered":"Blogg"},"content":{"rendered":"\n<h2 class=\"wp-block-heading\">Blogg F\u00d6R \u00d6STERSUNDS FN-F\u00d6RENING<\/h2>\n\n\n\n<p>Vi har nyligen p\u00e5b\u00f6rjat en blogg som ska inneh\u00e5lla information om f\u00f6reningens verksamhet p\u00e5 <\/p>\n\n\n\n<h2 class=\"wp-block-heading\"><a href=\"https:\/\/ostersundsfn.blogspot.com\">https:\/\/ostersundsfn.blogspot.com<\/a><\/h2>\n\n\n\n<figure class=\"wp-block-image size-large\"><img loading=\"lazy\" decoding=\"async\" width=\"768\" height=\"1024\" src=\"https:\/\/fn.se\/ostersund\/wp-content\/uploads\/sites\/65\/2025\/03\/IMG_8491-768x1024.jpeg\" alt=\"\" class=\"wp-image-103\" srcset=\"https:\/\/fn.se\/ostersund\/wp-content\/uploads\/sites\/65\/2025\/03\/IMG_8491-768x1024.jpeg 768w, https:\/\/fn.se\/ostersund\/wp-content\/uploads\/sites\/65\/2025\/03\/IMG_8491-225x300.jpeg 225w, https:\/\/fn.se\/ostersund\/wp-content\/uploads\/sites\/65\/2025\/03\/IMG_8491-1152x1536.jpeg 1152w, https:\/\/fn.se\/ostersund\/wp-content\/uploads\/sites\/65\/2025\/03\/IMG_8491-1536x2048.jpeg 1536w, https:\/\/fn.se\/ostersund\/wp-content\/uploads\/sites\/65\/2025\/03\/IMG_8491-650x867.jpeg 650w, https:\/\/fn.se\/ostersund\/wp-content\/uploads\/sites\/65\/2025\/03\/IMG_8491-1024x1365.jpeg 1024w, https:\/\/fn.se\/ostersund\/wp-content\/uploads\/sites\/65\/2025\/03\/IMG_8491-scaled.jpeg 1920w\" sizes=\"auto, (max-width: 768px) 100vw, 768px\" \/><\/figure>\n","protected":false},"excerpt":{"rendered":"<p>Blogg F\u00d6R \u00d6STERSUNDS FN-F\u00d6RENING Vi har nyligen p\u00e5b\u00f6rjat en blogg som ska inneh\u00e5lla information om f\u00f6reningens verksamhet p\u00e5 https:\/\/ostersundsfn.blogspot.com<\/p>\n","protected":false},"author":112,"featured_media":0,"parent":0,"menu_order":0,"comment_status":"closed","ping_status":"closed","template":"","meta":{"_acf_changed":false,"footnotes":"","_links_to":"","_links_to_target":""},"class_list":["post-102","page","type-page","status-publish","hentry"],"acf":[],"_links":{"self":[{"href":"https:\/\/fn.se\/ostersund\/wp-json\/wp\/v2\/pages\/102","targetHints":{"allow":["GET"]}}],"collection":[{"href":"https:\/\/fn.se\/ostersund\/wp-json\/wp\/v2\/pages"}],"about":[{"href":"https:\/\/fn.se\/ostersund\/wp-json\/wp\/v2\/types\/page"}],"author":[{"embeddable":true,"href":"https:\/\/fn.se\/ostersund\/wp-json\/wp\/v2\/users\/112"}],"replies":[{"embeddable":true,"href":"https:\/\/fn.se\/ostersund\/wp-json\/wp\/v2\/comments?post=102"}],"version-history":[{"count":2,"href":"https:\/\/fn.se\/ostersund\/wp-json\/wp\/v2\/pages\/102\/revisions"}],"predecessor-version":[{"id":106,"href":"https:\/\/fn.se\/ostersund\/wp-json\/wp\/v2\/pages\/102\/revisions\/106"}],"wp:attachment":[{"href":"https:\/\/fn.se\/ostersund\/wp-json\/wp\/v2\/media?parent=102"}],"curies":[{"name":"wp","href":"https:\/\/api.w.org\/{rel}","templated":true}]}}