{"id":97,"date":"2016-09-15T08:25:29","date_gmt":"2016-09-15T08:25:29","guid":{"rendered":"http:\/\/fn.se\/ornskoldsvik\/?page_id=97"},"modified":"2016-10-18T08:03:14","modified_gmt":"2016-10-18T08:03:14","slug":"projekt","status":"publish","type":"page","link":"https:\/\/fn.se\/ornskoldsvik\/projekt\/","title":{"rendered":"Projekt"},"content":{"rendered":"<h1>Projekt<\/h1>\n<p class=\"intro\"><em>Kompletterad och reviderad augusti 2016<\/em><\/p>\n<p class=\"intro\"><em>Se speciellt det nya projektet, l\u00e4ngst ner p\u00e5 sidan! Vi har ett antal p\u00e5g\u00e5ende projekt som vi tack vare m\u00e5nga storartade insatser f\u00f6rhoppningsvis kan slutf\u00f6ra. Du kan\u00a0l\u00e4mna ett bidrag till dessa projekt genom\u00a0v\u00e5rt postgiro: 54 51 59 &#8211; 6.\u00a0M\u00e4rk talongen med\u00a0Zimbabwe. Tack!<\/em><\/p>\n<h4>De st\u00f6rre projekten i Zimbabwe<\/h4>\n<div id=\"attachment_98\" style=\"width: 211px\" class=\"wp-caption alignright\"><img loading=\"lazy\" decoding=\"async\" aria-describedby=\"caption-attachment-98\" class=\"wp-image-98 size-full\" src=\"https:\/\/fn.se\/ornskoldsvik\/wp-content\/uploads\/sites\/98\/2016\/09\/\u00f6vik1.jpg\" alt=\"\" width=\"201\" height=\"184\" \/><p id=\"caption-attachment-98\" class=\"wp-caption-text\">Margret Dongo<\/p><\/div>\n<p>From 30\/12 2014, <a class=\"file pdf\" href=\"http:\/\/fnold.episerverhosting.com\/PageFiles\/5638\/Interview%20Bangira%20Proj%202014%20Mrs%20Dongo.pdf\">interview (PDF-dokument, 125 kB)<\/a> with Margaret Dongo.<\/p>\n<p>Det vore inte m\u00f6jligt att bedriva projekt i dagens Zimbabwe utan en samordnare boende i landet. V\u00e5r facilitator heter Margaret Dongo och \u00e4r v\u00e5r f\u00f6rl\u00e4ngda arm, v\u00e5rt \u00f6ga och v\u00e5rt \u00f6ra i detta underbara, men sedan ett antal \u00e5r h\u00e5rt krisdrabbade land. \u00d6rnsk\u00f6ldsviks FN-f\u00f6rening kan tack vare i f\u00f6rsta hand stora \u00e5rliga bidrag fr\u00e5n kommunens h\u00f6gstadieskolor i samband med det \u00e5rliga &#8221;Operation Syskonskola&#8221;, som i \u00e5r 2016 inbringade 80807 kr, men ocks\u00e5 bidrag fr\u00e5n ett stort antal f\u00f6reningar och privatpersoner forts\u00e4tta med att st\u00f6dja specifika lokala verksamheter p\u00e5 ett antal platser i Zimbabwe. Det helt avg\u00f6rande f\u00f6r att v\u00e5rt arbete och v\u00e5ra projekt d\u00e4r ska kunna genomf\u00f6ras och att de pengar som vi f\u00e5tt som bidrag anv\u00e4nds p\u00e5 r\u00e4tt s\u00e4tt m\u00e5ste tillskrivas v\u00e5r engagerade ordf\u00f6rande Stellan B\u00e4cklund. Varje \u00e5r g\u00f6r han uppf\u00f6ljningsresor till Zimbabwe f\u00f6r att p\u00e5 plats &#8221;kolla l\u00e4get&#8221; och i samr\u00e5d med mottagarna av bidragen komma fram till hur det fortsatta st\u00f6det b\u00f6r se ut.<\/p>\n<div>\n<h4>1. Bangira-projektet<\/h4>\n<p><em>Bangira Primary School<\/em> ligger i de \u00f6stra delarna av <em>Zimbabwe<\/em> helt n\u00e4ra gr\u00e4nsen till<em>Mo\u03c2ambique<\/em> och drygt 50 mil fr\u00e5n huvudstaden <em>Harare<\/em>. Vi fick kontakt med skolan genom v\u00e5r facilitator Mrs Margaret Dongo under mitten av 1990-talet och d\u00e5 \u00f6nskade man fr\u00e5n skolans sida ett brett\u00a0projektst\u00f6d innefattande:<\/p>\n<ul>\n<li>byggande av 3 klassrum i en enda byggnad<\/li>\n<li>byggande av 20 s.k. Blair-toaletter (5-6 meter djupa och speciellt konstruerande)<\/li>\n<\/ul>\n<p>vidare<\/p>\n<ul>\n<li>byggande av 3 olika &#8221;f\u00f6rskolor&#8221; vid byarna <em>Bangira,<\/em> <em>Siyakisa<\/em> och <em>Murenje<\/em>(saknas i de h\u00e4r delarna av landet, kallas lokalt f\u00f6r &#8211; cr\u00e8che halls -)<\/li>\n<\/ul>\n<p>slutligen<\/p>\n<ul>\n<li>borrningar av 3 \u2013 vattenbrunnar &#8211; knutna till resp. &#8221;f\u00f6rskola&#8221; (torkdrabbat omr\u00e5de, vatten n\u00f6dv\u00e4ndigt f\u00f6r att driva skolor)<\/li>\n<\/ul>\n<p>Byggnationerna var klara \u00e5r 2005 d\u00e5 invigningen genomf\u00f6rdes under stor pompa och st\u00e5t och med FN-f\u00f6reningen n\u00e4rvarande. F\u00f6ljande \u00e5r 2006 utvidgades projektet med ett s.k. H\u00c4LSO-projekt innefattande fyra Hiv\/AIDS-seminarier i samarbete med det lokala sjukhuset, <em>Chikore Hospital<\/em>. Nu skulle \u00e4ven brunnsborrningarna slutf\u00f6ras, vidare ville man ha st\u00f6d till olika \u2013 inkomstskapande aktiviteter \u2013 knutna till &#8221;f\u00f6rskolorna&#8221; <em>Siyakisa<\/em> och <em>Murenje<\/em> f\u00f6r kvinnogrupperna som hade bildats. Vid<em>Siyakisa<\/em> b\u00f6rjade man \u00e4ven med \u2013 vuxenundervisning \u2013 f\u00f6r kvinnorna. Aktivitetersom p\u00e5g\u00e5r f\u00f6r fullt!<\/p>\n<p>V\u00e5ren 2012 kunde vi st\u00f6dja ett antal kvinnor fr\u00e5n Siyakisa och Murenje med att anordna ett 2-veckors seminarium i Mhondoro-Ngezi District med v\u00e5r -facilitator- Mrs Margaret Dongo som kursledare. Ett seminarium som r\u00f6nte mycket stor uppskattning, h\u00e4r fick vi \u00e4ven st\u00f6d genom privata insatser h\u00e4r hemifr\u00e5n. Vi planerar med en uppf\u00f6ljning l\u00e4ngre fram.<\/p>\n<p>Under sommaren 2011 har \u00e4ntligen samtliga &#8221;f\u00f6rskolor&#8221; f\u00e5tt tillg\u00e5ng till vattengenom olika reparationer och pumparna vid <em>Siyakisa<\/em> och <em>Murenje<\/em> har bytts ut, pumpen vid <em>Bangira<\/em> fungerade bra sedan tidigare. Vattentillg\u00e5ngen \u00e4r i dag s\u00e4krad vid Murenje F\u00f6rskola till stor gl\u00e4dje f\u00f6r byinv\u00e5narna.<\/p>\n<p>V\u00e5r partner har hela tiden varit \u2013 f\u00f6r\u00e4ldraf\u00f6reningen \u2013 vid Bangira School och st\u00f6dhar utg\u00e5tt till hela projektet via bist\u00e5ndsorganisationen Forum Syd. Tack vare f\u00f6rn\u00e4mliga insatser genom \u2013 Operation Syskonskola &#8211; inom v\u00e5r kommun har vi ocks\u00e5 samlat in till egeninsatserna. Projektet \u00e4r nu slutredovisat och har \u00e4ven genomg\u00e5ttrevision till full bel\u00e5tenhet. Mindre st\u00f6d kommer i forts\u00e4ttningen att utg\u00e5 till \u2013kvinnogrupperna -.<\/p>\n<p>FN-f\u00f6reningen har \u00e4ven under senare \u00e5r varit med och delfinansierat elektrifieringenav Bangira School, nu finns el indragen i alla klassrum (inkl. &#8221;f\u00f6rskolan&#8221;) och \u00e4ven i alla l\u00e4rarbost\u00e4der. Tack vare detta har nu Rektorns kontor ocks\u00e5 kunnat datoriseras.<\/p>\n<p>Individuell M\u00e4nniskohj\u00e4lp (IM) med kontor i provinshuvudstaden Mutare har g\u00e5tt in och st\u00f6tt det nya skolbygget vid Murenje F\u00f6rskola och det betyder att det inom kort f\u00f6rutom en -f\u00f6rskola- \u00e4ven kommer att finnas en -prim\u00e4rskola- helt i linje med byinnev\u00e5narnas \u00f6nskem\u00e5l. L\u00e4rarbostaden st\u00e5r helt klar i dessa dagar inte minst genom olika privata initiativ h\u00e4r hemifr\u00e5n \u00d6rnsk\u00f6ldsvik. Prim\u00e4rskolan togs i bruk under januari 2015 med \u00e5rskurserna 1-7.<\/p>\n<p>Bangira-projektet har utv\u00e4rderats i september 2012 under Mrs Margaret Dongos bes\u00f6k h\u00e4r i \u00d6rnsk\u00f6ldsvik och under FN-f\u00f6reningens senaste studieresa till Zimbabwe i november m\u00e5nad samma \u00e5r. Detta i samarbete med f\u00f6r\u00e4ldraf\u00f6reningen knuten till Bangira Primary School, v\u00e5r partner under alla \u00e5r. Utv\u00e4rderingsrapporten blev klar med mycket lyckat resultat i b\u00f6rjan p\u00e5 2014 och finns att tillg\u00e5 inom FN-f\u00f6reningen.<\/p>\n<p>I och med utg\u00e5ngen av 2014 kommer Bangiraprojektet att vara utfasat f\u00f6rutom de mindre st\u00f6den till kvinnoprojekten vid Siyakisa och Murenje. Se den kompletterade och reviderade intervjun med Mrs Margaret Dongo fr\u00e5n 2015-04-09 enligt ovan.<\/p>\n<div id=\"attachment_99\" style=\"width: 310px\" class=\"wp-caption alignnone\"><img loading=\"lazy\" decoding=\"async\" aria-describedby=\"caption-attachment-99\" class=\"wp-image-99 size-medium\" src=\"https:\/\/fn.se\/ornskoldsvik\/wp-content\/uploads\/sites\/98\/2016\/09\/\u00f6vik2-300x225.jpg\" alt=\"\" width=\"300\" height=\"225\" srcset=\"https:\/\/fn.se\/ornskoldsvik\/wp-content\/uploads\/sites\/98\/2016\/09\/\u00f6vik2-300x225.jpg 300w, https:\/\/fn.se\/ornskoldsvik\/wp-content\/uploads\/sites\/98\/2016\/09\/\u00f6vik2-426x320.jpg 426w, https:\/\/fn.se\/ornskoldsvik\/wp-content\/uploads\/sites\/98\/2016\/09\/\u00f6vik2.jpg 450w\" sizes=\"auto, (max-width: 300px) 100vw, 300px\" \/><p id=\"caption-attachment-99\" class=\"wp-caption-text\">Den av oss byggda f\u00f6rskolan vid Bangira<\/p><\/div>\n<div id=\"attachment_100\" style=\"width: 211px\" class=\"wp-caption alignnone\"><img loading=\"lazy\" decoding=\"async\" aria-describedby=\"caption-attachment-100\" class=\"wp-image-100 size-full\" src=\"https:\/\/fn.se\/ornskoldsvik\/wp-content\/uploads\/sites\/98\/2016\/09\/\u00f6vik3.jpg\" alt=\"\" width=\"201\" height=\"135\" \/><p id=\"caption-attachment-100\" class=\"wp-caption-text\">Byggda Blairtoaletter<\/p><\/div>\n<div id=\"attachment_101\" style=\"width: 310px\" class=\"wp-caption alignnone\"><img loading=\"lazy\" decoding=\"async\" aria-describedby=\"caption-attachment-101\" class=\"wp-image-101 size-medium\" src=\"https:\/\/fn.se\/ornskoldsvik\/wp-content\/uploads\/sites\/98\/2016\/09\/\u00f6vik4-300x198.jpg\" alt=\"\" width=\"300\" height=\"198\" srcset=\"https:\/\/fn.se\/ornskoldsvik\/wp-content\/uploads\/sites\/98\/2016\/09\/\u00f6vik4-300x198.jpg 300w, https:\/\/fn.se\/ornskoldsvik\/wp-content\/uploads\/sites\/98\/2016\/09\/\u00f6vik4.jpg 441w\" sizes=\"auto, (max-width: 300px) 100vw, 300px\" \/><p id=\"caption-attachment-101\" class=\"wp-caption-text\">Hiv-AIDS-seminariet 2008 vid Bangira Primary School<\/p><\/div>\n<\/div>\n<div class=\"art2\">\n<h4>2. Gatubarnsprojektet &#8211; Just Children Foundation<\/h4>\n<p>Sedan 1997 har vi kanaliserat ett omfattande st\u00f6d till ett gatubarnscenter i Harare.Pengarna har anv\u00e4nts till skolavgifter framf\u00f6r allt, men \u00e4ven till skolbarnensuniformer, skor och annan n\u00f6dv\u00e4ndig skolutrustning. F\u00f6retr\u00e4dare fr\u00e5n Just Children Foundation (JCF) har bes\u00f6kt oss i FN-f\u00f6reningen h\u00e4r i \u00d6rnsk\u00f6ldsvik \u00e5ren 2002 och 2009. Verksamheten st\u00e5r i dag inf\u00f6r h\u00e5rda ekonomiska pr\u00f6vningar och f\u00f6rmodligen kommer &#8221;barnverksamheten&#8221; uppe i Koroi att tvingas sk\u00e4ras ner helt. V\u00e5r ungdomsmedlem Charlotta Halln\u00e4s fullbordade sitt volont\u00e4ruppdrag vid Just Children Foundation i februari 2013, hennes insatser uppskattades \u00e4ven om hon fick g\u00e5 igenom en del pr\u00f6vningar. Just Children Foundation hoppas p\u00e5 att kunna forts\u00e4tta med verksamheten vid &#8221;Old Snake Park&#8221; utanf\u00f6r Harare efter v\u00e4gen till Bulawayo (20 km).<\/p>\n<p><img loading=\"lazy\" decoding=\"async\" class=\"wp-image-102 size-medium\" src=\"https:\/\/fn.se\/ornskoldsvik\/wp-content\/uploads\/sites\/98\/2016\/09\/\u00f6vik5-300x224.jpg\" alt=\"\" width=\"300\" height=\"224\" srcset=\"https:\/\/fn.se\/ornskoldsvik\/wp-content\/uploads\/sites\/98\/2016\/09\/\u00f6vik5-300x224.jpg 300w, https:\/\/fn.se\/ornskoldsvik\/wp-content\/uploads\/sites\/98\/2016\/09\/\u00f6vik5-428x320.jpg 428w, https:\/\/fn.se\/ornskoldsvik\/wp-content\/uploads\/sites\/98\/2016\/09\/\u00f6vik5.jpg 470w\" sizes=\"auto, (max-width: 300px) 100vw, 300px\" \/><br \/>\nRoger Sandstr\u00f6m p\u00e5 bes\u00f6k hos JCF i Harare<\/p>\n<h4>3. Biriiri vattenprojekt<\/h4>\n<\/div>\n<div class=\"art2\">\n<p>Detta vattenprojekt innefattar en 6-7 km l\u00e5ng vattenledning fr\u00e5n ett n\u00e4rbel\u00e4get berg och byggandet av en stor cistern strax ovanf\u00f6r <em>Biiriiri<\/em> Primary school.Vattenledningen \u00e4r helt klar sedan ett antal \u00e5r tillbaka och under 2010 f\u00e4rdigst\u00e4lldes \u00e4ven vattencisternen s\u00e5 nu fl\u00f6dar vattnet f\u00f6r fullt in till den anlagda skoltr\u00e4dg\u00e5rden. Avkastningen (f\u00f6rs\u00e4ljningen fr\u00e5n tr\u00e4dg\u00e5rden) ska g\u00e5 till att betala skolavgifter f\u00f6r alla \u2013 f\u00f6r\u00e4ldral\u00f6sa barn \u2013 (orphans) som finns vid skolan. Nu finns \u00e4ven en jordbruksl\u00e4rare anst\u00e4lld vid skolan f\u00f6rutom d\u00e5 &#8221;tr\u00e4dg\u00e5rdsm\u00e4staren&#8221; som sk\u00f6terskoltr\u00e4dg\u00e5rden p\u00e5 ett f\u00f6red\u00f6mligt s\u00e4tt. Projektet har i dag fasats ut fr\u00e5n FN-f\u00f6reningen.<\/p>\n<div id=\"attachment_103\" style=\"width: 310px\" class=\"wp-caption alignnone\"><img loading=\"lazy\" decoding=\"async\" aria-describedby=\"caption-attachment-103\" class=\"wp-image-103 size-medium\" src=\"https:\/\/fn.se\/ornskoldsvik\/wp-content\/uploads\/sites\/98\/2016\/09\/\u00f6vik6-300x225.jpg\" alt=\"\" width=\"300\" height=\"225\" srcset=\"https:\/\/fn.se\/ornskoldsvik\/wp-content\/uploads\/sites\/98\/2016\/09\/\u00f6vik6-300x225.jpg 300w, https:\/\/fn.se\/ornskoldsvik\/wp-content\/uploads\/sites\/98\/2016\/09\/\u00f6vik6.jpg 400w\" sizes=\"auto, (max-width: 300px) 100vw, 300px\" \/><p id=\"caption-attachment-103\" class=\"wp-caption-text\">V\u00e5r ordf\u00f6rande Stellan B\u00e4cklund framf\u00f6r den f\u00e4rdigbyggda vattencisternen<\/p><\/div>\n<\/div>\n<h4>4. Drought Relief Project i Masvingo<\/h4>\n<p>Vi driver ocks\u00e5 ett projekt, Drought Relief Project, vid Chikato Government Primary School utanf\u00f6r <em>Masvingo<\/em> i s\u00f6dra <em>Zimbabwe<\/em>.<\/p>\n<p>Under 1990-talet inleddes kontakter mellanL\u00e4rarf\u00f6rbundets lokalavdelning i \u00d6rnsk\u00f6ldsvik och l\u00e4rarorganisationen ZIMTAi <em>Masvingo<\/em>-provinsen i <em>Zimbabwe<\/em>. Bes\u00f6k ordnades i <em>Masvingo<\/em> och man bj\u00f6d in ZIMTA-ledam\u00f6ter som kunde bes\u00f6ka Sverige och \u00d6rnsk\u00f6ldsvik.<\/p>\n<p>Projektet inneb\u00e4r st\u00f6d f\u00f6r f\u00f6r\u00e4ldral\u00f6sa barnvid Chikato Primary School i f\u00f6rorten <em>Mucheke<\/em> utanf\u00f6r <em>Masvingo<\/em> i s\u00f6dra Zimbabwe.<\/p>\n<p>Under FN-f\u00f6reningens bes\u00f6k i november 2012 firades h\u00f6gtidligt att samarbetet med Chikato School p\u00e5g\u00e5tt i hela 20 \u00e5r, en rapport har \u00e4ven sammanst\u00e4llts \u00f6ver alla dessa \u00e5r som finns till f\u00f6rfogande inom f\u00f6reningen.<\/p>\n<p>Bes\u00f6k gjordes \u00e4ven under oktober 2013 och i december 2014 och i och med detta kommer projektet och samarbetet att fasas ut i en n\u00e4ra framtid.<\/p>\n<div id=\"attachment_104\" style=\"width: 210px\" class=\"wp-caption alignnone\"><img loading=\"lazy\" decoding=\"async\" aria-describedby=\"caption-attachment-104\" class=\"wp-image-104 size-full\" src=\"https:\/\/fn.se\/ornskoldsvik\/wp-content\/uploads\/sites\/98\/2016\/09\/\u00f6vik7.jpg\" alt=\"\" width=\"200\" height=\"136\" \/><p id=\"caption-attachment-104\" class=\"wp-caption-text\">P\u00e5 bes\u00f6k i Masvingo 1996<\/p><\/div>\n<h4>5. Barnhemmet Danai i Harare<\/h4>\n<p>Danai \u00e4r ett privat barnhem i <em>Harare<\/em> som st\u00f6ds av Operation Syskonskola sedan 2009.<\/p>\n<p>Barnhemmet &#8221;\u00f6verlever&#8221; i stort genom frivilliga bidrag och h\u00e5ller idag p\u00e5 att byggas ut genom insatser fr\u00e5n enskilda sponsorer.<\/p>\n<p>Ett av problemen har varit vattentillg\u00e5ngensom nu l\u00f6sts genom insatser vi kunde g\u00f6ra under 2011. Pump och vattentank fungerar nu fullt ut till gl\u00e4dje inte minst f\u00f6r alla barnen vid hemmet.<\/p>\n<p>En tillbyggnad har gjorts nu vid centret med fint kontor och sovrum tillg\u00e4ngligt f\u00f6r f\u00f6rest\u00e5ndaren Ms Saungweme.<\/p>\n<p>Nu har man planer p\u00e5 att &#8221;bygga upp&#8221; en tr\u00e4dg\u00e5rdsanl\u00e4ggning utanf\u00f6r Harare som ska kunna f\u00f6rse barnhemmet med bland annat gr\u00f6nsaker i framtiden.<\/p>\n<div id=\"attachment_106\" style=\"width: 210px\" class=\"wp-caption alignnone\"><img loading=\"lazy\" decoding=\"async\" aria-describedby=\"caption-attachment-106\" class=\"wp-image-106 size-full\" src=\"https:\/\/fn.se\/ornskoldsvik\/wp-content\/uploads\/sites\/98\/2016\/09\/\u00f6vik9.jpg\" alt=\"\" width=\"200\" height=\"150\" \/><p id=\"caption-attachment-106\" class=\"wp-caption-text\">Lisa Andersson bes\u00f6ker Danai 2010<\/p><\/div>\n<p><img loading=\"lazy\" decoding=\"async\" class=\"wp-image-105 size-medium alignnone\" src=\"https:\/\/fn.se\/ornskoldsvik\/wp-content\/uploads\/sites\/98\/2016\/09\/\u00f6vik8-300x225.jpg\" alt=\"\" width=\"300\" height=\"225\" srcset=\"https:\/\/fn.se\/ornskoldsvik\/wp-content\/uploads\/sites\/98\/2016\/09\/\u00f6vik8-300x225.jpg 300w, https:\/\/fn.se\/ornskoldsvik\/wp-content\/uploads\/sites\/98\/2016\/09\/\u00f6vik8-426x320.jpg 426w, https:\/\/fn.se\/ornskoldsvik\/wp-content\/uploads\/sites\/98\/2016\/09\/\u00f6vik8.jpg 450w\" sizes=\"auto, (max-width: 300px) 100vw, 300px\" \/><\/p>\n<h4>6. St\u00f6det till Gasanyama Primary School inom Mhondoro-Ngezi District<\/h4>\n<p>En liten landsbygdsskola inom <em>Mhondoro District<\/em> runt 15 mil s\u00f6der om <em>Harare<\/em> fick akuta problem med sina toaletter som f\u00f6rst\u00f6rts av en orkanstorm som drabbade skolomr\u00e5det under 2009. Genom r\u00e5digt ingripande och kontakter via Mrs Margaret Dongo kunde vi kanalisera tillr\u00e4ckliga resurser till<\/p>\n<p>skolan s\u00e5 att \u2013 f\u00f6r\u00e4ldraf\u00f6reningen \u2013 vid skolan kunde bygga helt nya toaletter som ocks\u00e5 invigdes under ett bes\u00f6k sommaren 2010. Skolan hotades faktiskt med st\u00e4ngning om inte toaletterna byggdes!<\/p>\n<p>F\u00f6r\u00e4ldraf\u00f6reningen vid Gasanyama Pry School har nyligen tagit beslut (2011) att bygga tv\u00e5 nya klassrum vid skolan, de gamla var helt fallf\u00e4rdiga.<\/p>\n<p>FN-f\u00f6reningen hoppas nu genom nya insatser h\u00e4r hemma kunna hj\u00e4lpa till att f\u00e4rdigst\u00e4lla den nya klassrumsbyggnaden.<\/p>\n<p>V\u00e5ra insatser med skolbygget st\u00f6tte p\u00e5 problem under valet f\u00f6reg\u00e5ende \u00e5r (2013) i Zimbabwe d\u00e5 en lokalpolitiker ingrep vid bygget och anklagade oss f\u00f6r att st\u00f6dja oppositionen genom v\u00e5rt engagemang vid skolan och lovade att &#8221;kommunen&#8221; (=council) skulle ta \u00f6ver byggnationerna i st\u00e4llet. I dagsl\u00e4get oklart vad som h\u00e4nder med skolbygget.<\/p>\n<div id=\"attachment_107\" style=\"width: 310px\" class=\"wp-caption alignnone\"><img loading=\"lazy\" decoding=\"async\" aria-describedby=\"caption-attachment-107\" class=\"wp-image-107 size-medium\" src=\"https:\/\/fn.se\/ornskoldsvik\/wp-content\/uploads\/sites\/98\/2016\/09\/\u00f6vik10-300x225.jpg\" alt=\"\" width=\"300\" height=\"225\" srcset=\"https:\/\/fn.se\/ornskoldsvik\/wp-content\/uploads\/sites\/98\/2016\/09\/\u00f6vik10-300x225.jpg 300w, https:\/\/fn.se\/ornskoldsvik\/wp-content\/uploads\/sites\/98\/2016\/09\/\u00f6vik10-426x320.jpg 426w, https:\/\/fn.se\/ornskoldsvik\/wp-content\/uploads\/sites\/98\/2016\/09\/\u00f6vik10.jpg 470w\" sizes=\"auto, (max-width: 300px) 100vw, 300px\" \/><p id=\"caption-attachment-107\" class=\"wp-caption-text\">Byggandet av 2 nya klassrum p\u00e5b\u00f6rjat<\/p><\/div>\n<h4>7. Skol- och Folkbiblioteket vid Nyatsambo Primary School<\/h4>\n<p>F\u00f6rslaget om att hj\u00e4lpa till med att inr\u00e4tta ett mindre Skol- och Folkbibliotek kommer fr\u00e5n en bokentusiast som heter Charles Masiwa och som bor intill denna primi\u00e4rskola inom Mhondoro-Ngezi<\/p>\n<p>F\u00f6r\u00e4ldraf\u00f6reningen vid skolan har st\u00e4llt ett klassrum till f\u00f6rfogande som nu grundligt ska repareras och m\u00e5las med nytt innertak, inbrottsgaller f\u00f6r d\u00f6rr och f\u00f6nster, vidare med ett mindre materialf\u00f6rr\u00e5d. Bokhyllor k\u00f6ps in fr\u00e5n lokala snickare liksom l\u00e4sbord och stolar och information via skolan ska l\u00e4mnas till byns inv\u00e5nare.<\/p>\n<p>L\u00e4rarna vid skolan ska \u00e4ven f\u00e5 fortbildning runt bibliotekskunskap, och b\u00f6cker finns redan p\u00e5 plats. V\u00e5r FN-f\u00f6rening har redan g\u00e5tt in och st\u00f6tt detta relativt unika projekt och inom kort kommer biblioteket att st\u00e5 f\u00e4rdigt. L\u00e4shungern \u00e4r stor inte minst bland skolans alla kunskapst\u00f6rstande elever. Invigningen av Biblioteket v\u00e4ntas nu ske n\u00e5n g\u00e5ng under h\u00f6sten 2015.<\/p>\n<div id=\"attachment_108\" style=\"width: 310px\" class=\"wp-caption alignnone\"><img loading=\"lazy\" decoding=\"async\" aria-describedby=\"caption-attachment-108\" class=\"wp-image-108 size-medium\" src=\"https:\/\/fn.se\/ornskoldsvik\/wp-content\/uploads\/sites\/98\/2016\/09\/\u00f6vik11-300x225.jpg\" alt=\"\" width=\"300\" height=\"225\" srcset=\"https:\/\/fn.se\/ornskoldsvik\/wp-content\/uploads\/sites\/98\/2016\/09\/\u00f6vik11-300x225.jpg 300w, https:\/\/fn.se\/ornskoldsvik\/wp-content\/uploads\/sites\/98\/2016\/09\/\u00f6vik11-768x576.jpg 768w, https:\/\/fn.se\/ornskoldsvik\/wp-content\/uploads\/sites\/98\/2016\/09\/\u00f6vik11-1024x768.jpg 1024w, https:\/\/fn.se\/ornskoldsvik\/wp-content\/uploads\/sites\/98\/2016\/09\/\u00f6vik11-427x320.jpg 427w, https:\/\/fn.se\/ornskoldsvik\/wp-content\/uploads\/sites\/98\/2016\/09\/\u00f6vik11-933x700.jpg 933w, https:\/\/fn.se\/ornskoldsvik\/wp-content\/uploads\/sites\/98\/2016\/09\/\u00f6vik11.jpg 1600w\" sizes=\"auto, (max-width: 300px) 100vw, 300px\" \/><p id=\"caption-attachment-108\" class=\"wp-caption-text\">District, inte l\u00e5ngt fr\u00e5n Gasanyama Primary School<\/p><\/div>\n","protected":false},"excerpt":{"rendered":"<p>Projekt Kompletterad och reviderad augusti 2016 Se speciellt det nya projektet, l\u00e4ngst ner p\u00e5 sidan! Vi har ett antal p\u00e5g\u00e5ende&hellip;<\/p>\n","protected":false},"author":3,"featured_media":0,"parent":0,"menu_order":0,"comment_status":"closed","ping_status":"closed","template":"templates\/template-sub.php","meta":{"_acf_changed":false,"footnotes":"","_links_to":"","_links_to_target":""},"class_list":["post-97","page","type-page","status-publish","hentry"],"acf":[],"_links":{"self":[{"href":"https:\/\/fn.se\/ornskoldsvik\/wp-json\/wp\/v2\/pages\/97","targetHints":{"allow":["GET"]}}],"collection":[{"href":"https:\/\/fn.se\/ornskoldsvik\/wp-json\/wp\/v2\/pages"}],"about":[{"href":"https:\/\/fn.se\/ornskoldsvik\/wp-json\/wp\/v2\/types\/page"}],"author":[{"embeddable":true,"href":"https:\/\/fn.se\/ornskoldsvik\/wp-json\/wp\/v2\/users\/3"}],"replies":[{"embeddable":true,"href":"https:\/\/fn.se\/ornskoldsvik\/wp-json\/wp\/v2\/comments?post=97"}],"version-history":[{"count":15,"href":"https:\/\/fn.se\/ornskoldsvik\/wp-json\/wp\/v2\/pages\/97\/revisions"}],"predecessor-version":[{"id":225,"href":"https:\/\/fn.se\/ornskoldsvik\/wp-json\/wp\/v2\/pages\/97\/revisions\/225"}],"wp:attachment":[{"href":"https:\/\/fn.se\/ornskoldsvik\/wp-json\/wp\/v2\/media?parent=97"}],"curies":[{"name":"wp","href":"https:\/\/api.w.org\/{rel}","templated":true}]}}