{"id":91,"date":"2016-09-15T08:07:20","date_gmt":"2016-09-15T08:07:20","guid":{"rendered":"http:\/\/fn.se\/ornskoldsvik\/?page_id=91"},"modified":"2026-03-23T16:03:05","modified_gmt":"2026-03-23T16:03:05","slug":"styrelsen","status":"publish","type":"page","link":"https:\/\/fn.se\/ornskoldsvik\/styrelsen\/","title":{"rendered":"Styrelsen"},"content":{"rendered":"<h1>Styrelsen<\/h1>\n<p><em>Uppdaterad 2025-03-03<\/em><\/p>\n<p><a href=\"mailto:fnforeningenovik@gmail.com\">fnforeningenovik@gmail.com<\/a><\/p>\n<p>Ordf\u00f6rande:\u00a0 Nyasha Manyau<br \/>Adress: \u00c5mynnesv\u00e4gn 11, 893 31 Bj\u00e4sta<br \/>Telefon: 073-840 66 56<br \/>E-post: nyashampunga@yahoo.com<\/p>\n<p>Vice ordf\u00f6rande: vakant<br \/>Adress:\u00a0 Jan-Erik Sandstr\u00f6m<br \/>Telefon: &#8212;<br \/>E-post: &#8212;<\/p>\n<p>Sekreterare:\u00a0 H\u00e5kan Lindgren<br \/>Adress: J\u00e4rvstagatan 6 F lgh 1101,\u00a0 89161\u00a0 \u00d6rnsk\u00f6ldsvik<br \/>E-post: lindgren.hakan@gmail.com<\/p>\n<p>Kass\u00f6r: Inger Melkersson<br \/>Adress: B\u00e4ck 148, 893 92 Bj\u00e4sta<br \/>Telefon: 072-702 0797<br \/>E-post: inger@belbin.se<\/p>\n<p>Styrelseledam\u00f6ter:<\/p>\n<p>Axel Andersson<br \/>Adress: M\u00e5ndagsv\u00e4gen 18, 891 30 \u00d6rnsk\u00f6ldsvik<br \/>Telefon: 073-098 68 12<br \/>E-post: <a href=\"mailto:anderssonaxel94@gmail.com\">anderssonaxel94@gmail.com<\/a><\/p>\n<p>Kommunikationsansvarig:vakant<br \/>Adress:\u00a0<br \/>Telefon:\u00a0<br \/>E-post:<\/p>\n\n\n<p><\/p>\n","protected":false},"excerpt":{"rendered":"<p>Styrelsen Uppdaterad 2025-03-03 fnforeningenovik@gmail.com Ordf\u00f6rande:\u00a0 Nyasha ManyauAdress: \u00c5mynnesv\u00e4gn 11, 893 31 Bj\u00e4staTelefon: 073-840 66 56E-post: nyashampunga@yahoo.com Vice ordf\u00f6rande: vakantAdress:\u00a0 Jan-Erik&hellip;<\/p>\n","protected":false},"author":16,"featured_media":0,"parent":0,"menu_order":0,"comment_status":"closed","ping_status":"closed","template":"templates\/template-sub.php","meta":{"_acf_changed":false,"footnotes":"","_links_to":"","_links_to_target":""},"class_list":["post-91","page","type-page","status-publish","hentry"],"acf":[],"_links":{"self":[{"href":"https:\/\/fn.se\/ornskoldsvik\/wp-json\/wp\/v2\/pages\/91","targetHints":{"allow":["GET"]}}],"collection":[{"href":"https:\/\/fn.se\/ornskoldsvik\/wp-json\/wp\/v2\/pages"}],"about":[{"href":"https:\/\/fn.se\/ornskoldsvik\/wp-json\/wp\/v2\/types\/page"}],"author":[{"embeddable":true,"href":"https:\/\/fn.se\/ornskoldsvik\/wp-json\/wp\/v2\/users\/16"}],"replies":[{"embeddable":true,"href":"https:\/\/fn.se\/ornskoldsvik\/wp-json\/wp\/v2\/comments?post=91"}],"version-history":[{"count":48,"href":"https:\/\/fn.se\/ornskoldsvik\/wp-json\/wp\/v2\/pages\/91\/revisions"}],"predecessor-version":[{"id":1922,"href":"https:\/\/fn.se\/ornskoldsvik\/wp-json\/wp\/v2\/pages\/91\/revisions\/1922"}],"wp:attachment":[{"href":"https:\/\/fn.se\/ornskoldsvik\/wp-json\/wp\/v2\/media?parent=91"}],"curies":[{"name":"wp","href":"https:\/\/api.w.org\/{rel}","templated":true}]}}