{"id":847,"date":"2019-09-19T11:11:12","date_gmt":"2019-09-19T11:11:12","guid":{"rendered":"https:\/\/fn.se\/ornskoldsvik\/?page_id=847"},"modified":"2019-09-19T11:12:10","modified_gmt":"2019-09-19T11:12:10","slug":"praktikuppdrag-for-en-battre-varld","status":"publish","type":"page","link":"https:\/\/fn.se\/ornskoldsvik\/praktikuppdrag-for-en-battre-varld\/","title":{"rendered":"Praktikuppdrag f\u00f6r en b\u00e4ttre v\u00e4rld"},"content":{"rendered":"<div id=\"attachment_848\" style=\"width: 672px\" class=\"wp-caption alignright\"><img loading=\"lazy\" decoding=\"async\" aria-describedby=\"caption-attachment-848\" class=\" wp-image-848\" src=\"https:\/\/fn.se\/ornskoldsvik\/wp-content\/uploads\/sites\/98\/2019\/09\/P1010283-300x225.jpg\" alt=\"\" width=\"662\" height=\"496\" srcset=\"https:\/\/fn.se\/ornskoldsvik\/wp-content\/uploads\/sites\/98\/2019\/09\/P1010283-300x225.jpg 300w, https:\/\/fn.se\/ornskoldsvik\/wp-content\/uploads\/sites\/98\/2019\/09\/P1010283-768x576.jpg 768w, https:\/\/fn.se\/ornskoldsvik\/wp-content\/uploads\/sites\/98\/2019\/09\/P1010283-1024x768.jpg 1024w, https:\/\/fn.se\/ornskoldsvik\/wp-content\/uploads\/sites\/98\/2019\/09\/P1010283-650x488.jpg 650w\" sizes=\"auto, (max-width: 662px) 100vw, 662px\" \/><p id=\"caption-attachment-848\" class=\"wp-caption-text\">Foto: SB<\/p><\/div>\n<p><strong>PRAKTIKUPPDRAG F\u00d6R EN B\u00c4TTRE V\u00c4RLD<\/strong><\/p>\n<p><strong>\u00a0<\/strong>Vid h\u00f6stens f\u00f6rsta temam\u00f6te hade FN-f\u00f6reningen inbjudit Maria Petersson och Jane-Ange Musekura att ber\u00e4tta fr\u00e5n sina nyligen genomf\u00f6rda praktikuppdrag. I Georgien f\u00f6r Maria och i Tanzania f\u00f6r Jane-Ange. Detta gjorde de p\u00e5 ett engagerat och initierat s\u00e4tt, praktiken hade gett kunskaper f\u00f6r livet med utvecklingssamarbete, m\u00e4nskliga r\u00e4ttigheter, demokrati och h\u00e5llbar utveckling i centrum.<\/p>\n<p>Praktiken utf\u00f6rdes genom Svenska FN-f\u00f6rbundet och genomgicks i respektive lands FN-f\u00f6rbund, att aktivera unga stod i fokus i Georgien enligt Maria och i Tanzania koncentrerade man sig p\u00e5 att kunna uppn\u00e5 de globala m\u00e5len f\u00f6r en h\u00e5llbar utveckling enligt Jane-Ange. Maria hade l\u00e4st statsvetenskap i Glasgow\/Skottland och \u00e4ven studerat h\u00e5llbar utveckling i London, Jane-Ange l\u00e4st kandidatprogrammet i m\u00e4nskliga r\u00e4ttigheter i Lund. Med andra ord utm\u00e4rkta f\u00f6rkunskaper i sina respektive praktikuppdrag i de b\u00e5da l\u00e4nderna.<\/p>\n<p>Praktiken som erbjuds utf\u00f6rs i huvudst\u00e4derna och i det h\u00e4r fallet Tbilisi i Georgien och Dar es- Salaam i Tanzania. Akademisk utbildning, ideellt engagemang i f\u00f6reningslivet parat med arbete med ungdomar \u00e4r v\u00e4rdefullt f\u00f6r en praktikplats. F\u00f6rutom spr\u00e5kkunskaper f\u00f6rst\u00e5s.<\/p>\n<p>Flickorna ber\u00e4ttade \u00e4ven om situationen i sina \u201dpraktikl\u00e4nder\u201d, ekonomisk kris har idag gett ett mera auktorit\u00e4rt styre i Tanzania under nuvarande president. Georgien i s\u00f6dra Kaukasus utg\u00f6r en bricka i det s\u00e4kerhetspolitiska spelet mellan Ryssland och Nato, blev sj\u00e4lvst\u00e4ndigt fr\u00e5n Sovjetunionen 1991.<\/p>\n<p>Ordf\u00f6randen Stellan B\u00e4cklund riktade avslutningsvis ett hj\u00e4rtligt tack till FN-praktikanterna och \u00f6nskade dem all lycka i det fortsatta internationella arbetet som redan p\u00e5b\u00f6rjats. N\u00e4sta m\u00f6te i september tar upp den r\u00e5dande situationen i Bosnien-Hercegovina. Kv\u00e4llens m\u00f6te var ett kulturarrangemang med NBV.<\/p>\n<p>&nbsp;<\/p>\n","protected":false},"excerpt":{"rendered":"<p>PRAKTIKUPPDRAG F\u00d6R EN B\u00c4TTRE V\u00c4RLD \u00a0Vid h\u00f6stens f\u00f6rsta temam\u00f6te hade FN-f\u00f6reningen inbjudit Maria Petersson och Jane-Ange Musekura att ber\u00e4tta fr\u00e5n&hellip;<\/p>\n","protected":false},"author":111,"featured_media":0,"parent":0,"menu_order":0,"comment_status":"closed","ping_status":"closed","template":"","meta":{"_acf_changed":false,"footnotes":"","_links_to":"","_links_to_target":""},"class_list":["post-847","page","type-page","status-publish","hentry"],"acf":[],"_links":{"self":[{"href":"https:\/\/fn.se\/ornskoldsvik\/wp-json\/wp\/v2\/pages\/847","targetHints":{"allow":["GET"]}}],"collection":[{"href":"https:\/\/fn.se\/ornskoldsvik\/wp-json\/wp\/v2\/pages"}],"about":[{"href":"https:\/\/fn.se\/ornskoldsvik\/wp-json\/wp\/v2\/types\/page"}],"author":[{"embeddable":true,"href":"https:\/\/fn.se\/ornskoldsvik\/wp-json\/wp\/v2\/users\/111"}],"replies":[{"embeddable":true,"href":"https:\/\/fn.se\/ornskoldsvik\/wp-json\/wp\/v2\/comments?post=847"}],"version-history":[{"count":2,"href":"https:\/\/fn.se\/ornskoldsvik\/wp-json\/wp\/v2\/pages\/847\/revisions"}],"predecessor-version":[{"id":850,"href":"https:\/\/fn.se\/ornskoldsvik\/wp-json\/wp\/v2\/pages\/847\/revisions\/850"}],"wp:attachment":[{"href":"https:\/\/fn.se\/ornskoldsvik\/wp-json\/wp\/v2\/media?parent=847"}],"curies":[{"name":"wp","href":"https:\/\/api.w.org\/{rel}","templated":true}]}}