{"id":833,"date":"2019-09-09T17:21:40","date_gmt":"2019-09-09T17:21:40","guid":{"rendered":"https:\/\/fn.se\/ornskoldsvik\/?page_id=833"},"modified":"2019-09-11T17:41:32","modified_gmt":"2019-09-11T17:41:32","slug":"ulla-westman-90-ar","status":"publish","type":"page","link":"https:\/\/fn.se\/ornskoldsvik\/ulla-westman-90-ar\/","title":{"rendered":"Ulla Westman 90 \u00e5r"},"content":{"rendered":"<p><strong>En pigg Ulla Westman fyllde 90 \u00e5r<\/strong><\/p>\n<p><img loading=\"lazy\" decoding=\"async\" class=\"size-medium wp-image-838 alignleft\" src=\"https:\/\/fn.se\/ornskoldsvik\/wp-content\/uploads\/sites\/98\/2019\/09\/DSC_0797b-255x300.jpg\" alt=\"\" width=\"255\" height=\"300\" srcset=\"https:\/\/fn.se\/ornskoldsvik\/wp-content\/uploads\/sites\/98\/2019\/09\/DSC_0797b-255x300.jpg 255w, https:\/\/fn.se\/ornskoldsvik\/wp-content\/uploads\/sites\/98\/2019\/09\/DSC_0797b-768x903.jpg 768w, https:\/\/fn.se\/ornskoldsvik\/wp-content\/uploads\/sites\/98\/2019\/09\/DSC_0797b-871x1024.jpg 871w, https:\/\/fn.se\/ornskoldsvik\/wp-content\/uploads\/sites\/98\/2019\/09\/DSC_0797b-650x764.jpg 650w, https:\/\/fn.se\/ornskoldsvik\/wp-content\/uploads\/sites\/98\/2019\/09\/DSC_0797b-1024x1204.jpg 1024w, https:\/\/fn.se\/ornskoldsvik\/wp-content\/uploads\/sites\/98\/2019\/09\/DSC_0797b.jpg 2040w\" sizes=\"auto, (max-width: 255px) 100vw, 255px\" \/>Ulla Westman, v\u00e5r v\u00e4n och m\u00e5ng\u00e5riga arbetskamrat inom FN-f\u00f6reningen h\u00e4r i \u00d6vik fyllde 90 \u00e5r den 6 september. Redan\u00a0 1981 tog Ulla sin plats i\u00a0 f\u00f6reningens styrelse som hade bildats p\u00e5 senh\u00f6sten 1976 och var sedan aktiv i styrelsearbetet \u00e4nda fram till 2004 d\u00e5 hon drog sig tillbaka. \u00c5ren 1991 till 1999 var Ulla vice ordf. och var \u00e4ven ordf. under \u00e5r 2000.\u00a0\u00a0Idag en av f\u00f6reningens hedersmedlemmar dessutom. Flera \u00e5r var Ulla \u00e4ven aktiv\u00a0 inom FN-distriktet i V\u00e4sternorrland tillsammans med den legendariske ordf\u00f6randen Arne Berglund.<\/p>\n<p>Ulla var hela tiden en oerh\u00f6rt engagerad och kunnig ledamot med st\u00e4ndigt\u00a0 stort m\u00e5tt av humor som hon blandade med sitt mjuka och v\u00e4nliga s\u00e4tt. En trygg person med\u00a0 gedigna internationella kunskaper gjorde henne uppskattad i alla l\u00e4gen.<\/p>\n<p>Under 1980-talet jobbade Ulla\u00a0 med stor energi inom Mellanamerikagruppen som samlade in skol- och sjukv\u00e5rdsmaterial till framf\u00f6r allt Nicaragua, 1989 ombes\u00f6rjde man \u00e4ven en ambulanstransport till landet. I b\u00f6rjan av 1990-talet gick Ulla med i Babusjka-gruppen som jobbade f\u00f6r ett barnhem i S:t\u00a0 Petersburg,\u00a0 senare kanaliserades \u00e4ven st\u00f6d till Ukraina.\u00a0 Speciell m\u00e5lgrupp var b\u00e5de handikappade och f\u00f6r\u00e4ldral\u00f6sa barn.<\/p>\n<p><img loading=\"lazy\" decoding=\"async\" class=\"size-medium wp-image-840 alignright\" src=\"https:\/\/fn.se\/ornskoldsvik\/wp-content\/uploads\/sites\/98\/2019\/09\/DSC_0796b-251x300.jpg\" alt=\"\" width=\"251\" height=\"300\" srcset=\"https:\/\/fn.se\/ornskoldsvik\/wp-content\/uploads\/sites\/98\/2019\/09\/DSC_0796b-251x300.jpg 251w, https:\/\/fn.se\/ornskoldsvik\/wp-content\/uploads\/sites\/98\/2019\/09\/DSC_0796b-768x919.jpg 768w, https:\/\/fn.se\/ornskoldsvik\/wp-content\/uploads\/sites\/98\/2019\/09\/DSC_0796b-855x1024.jpg 855w, https:\/\/fn.se\/ornskoldsvik\/wp-content\/uploads\/sites\/98\/2019\/09\/DSC_0796b-650x778.jpg 650w, https:\/\/fn.se\/ornskoldsvik\/wp-content\/uploads\/sites\/98\/2019\/09\/DSC_0796b-1024x1226.jpg 1024w\" sizes=\"auto, (max-width: 251px) 100vw, 251px\" \/>Ulla deltog 1989 i FN-distriktets studieresa till Zimbabwe f\u00f6r fredsinformat\u00f6rer som representant f\u00f6r f\u00f6reningen i \u00d6vik, h\u00e4r kn\u00f6ts kontakter som har lett till de olika skolprojekt som f\u00f6reningen st\u00f6der allt sedan dess. Ulla har hela tiden deltagit i alla aktiviteter \u00e4ven sedan hon l\u00e4mnade styrelsearbetet och alltid v\u00e4ckt stor sympati f\u00f6r sitt smidiga s\u00e4tt att vara som aktiv f\u00f6reningsm\u00e4nniska.<\/p>\n<p>Ulla f\u00f6ddes 1929 och v\u00e4xte upp i s\u00e5gverkssamh\u00e4llet Marieberg utanf\u00f6r Bote\u00e5 i Kramfors kommun. Hade en lillasyster som var tre \u00e5r yngre \u00e4n Ulla. Hon gick bort senare vid 20 \u00e5rs \u00e5lder och Ulla inledde sin yrkeskarri\u00e4r som hembitr\u00e4de, fortsatte som kontorist vid Pressbyr\u00e5n i H\u00e4rn\u00f6sand. Arbetade vidare p\u00e5 Sjukhuset i Sollefte\u00e5 och \u00e4ven ett tag p\u00e5 kontoret hos landsfiskalen i Nyland innan hon s\u00e5 sm\u00e5ningom flyttade till \u00d6vik och anst\u00e4lldes vid Sjukhuset. Bosatte sig senare p\u00e5 S\u00f6rliden d\u00e4r hon alltj\u00e4mt bor kvar.<\/p>\n<div id=\"attachment_834\" style=\"width: 403px\" class=\"wp-caption alignleft\"><img loading=\"lazy\" decoding=\"async\" aria-describedby=\"caption-attachment-834\" class=\" wp-image-834\" src=\"https:\/\/fn.se\/ornskoldsvik\/wp-content\/uploads\/sites\/98\/2019\/09\/DSC_0795b-221x300.jpg\" alt=\"\" width=\"393\" height=\"533\" srcset=\"https:\/\/fn.se\/ornskoldsvik\/wp-content\/uploads\/sites\/98\/2019\/09\/DSC_0795b-221x300.jpg 221w, https:\/\/fn.se\/ornskoldsvik\/wp-content\/uploads\/sites\/98\/2019\/09\/DSC_0795b-768x1042.jpg 768w, https:\/\/fn.se\/ornskoldsvik\/wp-content\/uploads\/sites\/98\/2019\/09\/DSC_0795b-755x1024.jpg 755w, https:\/\/fn.se\/ornskoldsvik\/wp-content\/uploads\/sites\/98\/2019\/09\/DSC_0795b-650x882.jpg 650w, https:\/\/fn.se\/ornskoldsvik\/wp-content\/uploads\/sites\/98\/2019\/09\/DSC_0795b-1024x1389.jpg 1024w\" sizes=\"auto, (max-width: 393px) 100vw, 393px\" \/><p id=\"caption-attachment-834\" class=\"wp-caption-text\">Fr\u00e5n FN-f\u00f6reningen genom Anita Harning<\/p><\/div>\n<p>\u00c5ren fram till pensioneringen 1987 jobbade Ulla som l\u00e4karsekreterare och trivdes mycket bra. Ulla var fackligt aktiv inom SKTF och var \u00e4ven aktiv i Hyresg\u00e4stf\u00f6reningen.<\/p>\n<p>Under m\u00e5nga \u00e5r var Ulla \u00e4ven aktiv i Chilekommitt\u00e9n i \u00d6vik, detta efter den blodiga milit\u00e4rkuppen i Chile d\u00e5 Salvador Allendes regering st\u00f6rtades 1973. F\u00f6reningsm\u00e4nniskan Ulla i ett n\u00f6tskal.<\/p>\n<p>M\u00e5nga v\u00e4nner hade letat sig upp till Ullas l\u00e4genhet p\u00e5 S\u00f6rbyv\u00e4gen f\u00f6r att gratulera p\u00e5 90-\u00e5rsdagen, d\u00e4ribland flera fr\u00e5n FN-f\u00f6reningen.<\/p>\n<p>\/ FN-f\u00f6reningen genom Stellan B\u00e4cklund<\/p>\n","protected":false},"excerpt":{"rendered":"<p>En pigg Ulla Westman fyllde 90 \u00e5r Ulla Westman, v\u00e5r v\u00e4n och m\u00e5ng\u00e5riga arbetskamrat inom FN-f\u00f6reningen h\u00e4r i \u00d6vik fyllde&hellip;<\/p>\n","protected":false},"author":111,"featured_media":0,"parent":0,"menu_order":0,"comment_status":"closed","ping_status":"closed","template":"","meta":{"_acf_changed":false,"footnotes":"","_links_to":"","_links_to_target":""},"class_list":["post-833","page","type-page","status-publish","hentry"],"acf":[],"_links":{"self":[{"href":"https:\/\/fn.se\/ornskoldsvik\/wp-json\/wp\/v2\/pages\/833","targetHints":{"allow":["GET"]}}],"collection":[{"href":"https:\/\/fn.se\/ornskoldsvik\/wp-json\/wp\/v2\/pages"}],"about":[{"href":"https:\/\/fn.se\/ornskoldsvik\/wp-json\/wp\/v2\/types\/page"}],"author":[{"embeddable":true,"href":"https:\/\/fn.se\/ornskoldsvik\/wp-json\/wp\/v2\/users\/111"}],"replies":[{"embeddable":true,"href":"https:\/\/fn.se\/ornskoldsvik\/wp-json\/wp\/v2\/comments?post=833"}],"version-history":[{"count":5,"href":"https:\/\/fn.se\/ornskoldsvik\/wp-json\/wp\/v2\/pages\/833\/revisions"}],"predecessor-version":[{"id":844,"href":"https:\/\/fn.se\/ornskoldsvik\/wp-json\/wp\/v2\/pages\/833\/revisions\/844"}],"wp:attachment":[{"href":"https:\/\/fn.se\/ornskoldsvik\/wp-json\/wp\/v2\/media?parent=833"}],"curies":[{"name":"wp","href":"https:\/\/api.w.org\/{rel}","templated":true}]}}