{"id":795,"date":"2019-08-08T15:44:47","date_gmt":"2019-08-08T15:44:47","guid":{"rendered":"https:\/\/fn.se\/ornskoldsvik\/?page_id=795"},"modified":"2019-08-08T15:44:47","modified_gmt":"2019-08-08T15:44:47","slug":"fn-foreningens-skolsatsning-i-zimbabwe","status":"publish","type":"page","link":"https:\/\/fn.se\/ornskoldsvik\/fn-foreningens-skolsatsning-i-zimbabwe\/","title":{"rendered":"FN-f\u00f6reningens skolsatsning i Zimbabwe"},"content":{"rendered":"<p><strong>FN-f\u00f6reningens skolsatsning i Zimbabwe<\/strong><\/p>\n<div id=\"attachment_796\" style=\"width: 458px\" class=\"wp-caption alignleft\"><img loading=\"lazy\" decoding=\"async\" aria-describedby=\"caption-attachment-796\" class=\" wp-image-796\" src=\"https:\/\/fn.se\/ornskoldsvik\/wp-content\/uploads\/sites\/98\/2019\/08\/P1010249-300x225.jpg\" alt=\"\" width=\"448\" height=\"336\" srcset=\"https:\/\/fn.se\/ornskoldsvik\/wp-content\/uploads\/sites\/98\/2019\/08\/P1010249-300x225.jpg 300w, https:\/\/fn.se\/ornskoldsvik\/wp-content\/uploads\/sites\/98\/2019\/08\/P1010249-768x576.jpg 768w, https:\/\/fn.se\/ornskoldsvik\/wp-content\/uploads\/sites\/98\/2019\/08\/P1010249-1024x768.jpg 1024w, https:\/\/fn.se\/ornskoldsvik\/wp-content\/uploads\/sites\/98\/2019\/08\/P1010249-650x488.jpg 650w\" sizes=\"auto, (max-width: 448px) 100vw, 448px\" \/><p id=\"caption-attachment-796\" class=\"wp-caption-text\">Rektor Niclas W\u00e4stlund \u00f6verl\u00e4mnar med gl\u00e4dje Geneskolans pengar till Stellan B\u00e4cklund\u00a0 fr\u00e5n FN-f\u00f6reningen\u00a0<\/p><\/div>\n<p>Geneskolans st\u00f6d genom -Operation Syskonskola- genomf\u00f6rdes programenligt p\u00e5 h\u00f6gstadiet i slutet p\u00e5 v\u00e5rterminen under Rektor Niclas W\u00e4stlunds ledning tillsammans med Elevr\u00e5det. Dryga 14.000 kr samlades in och som \u00e4ven \u00f6verl\u00e4mnades till FN-f\u00f6reningens ordf\u00f6rande Stellan B\u00e4cklund efter skolavslutningen. Till stor gl\u00e4dje f\u00f6rst\u00e5s f\u00f6r f\u00f6reningen som nu i stort kan slutf\u00f6ra sitt arbete med Skol- och Folkbiblioteket vid Nyatsambo Prim\u00e4rskola ute p\u00e5 landsbygden inom Mhondoro-Ngezi -distriktet syd\u00f6st om huvudstaden Harare i det idag h\u00e5rt krisdrabbade Zimbabwe.<\/p>\n<p>Vidare v\u00e4djade FN-f\u00f6reningen till de \u00f6vriga h\u00f6gstadieskolorna om barn- och ungdomsb\u00f6cker p\u00e5 engelska och gl\u00e4djande nog har det kommit in \u00f6ver 70 b\u00f6cker och av dessa ska en stor del skickas ner till skolan n\u00e4r f\u00f6reningens -facilitator- i Zimbabwe, Mrs Margaret Dongo, bes\u00f6ker \u00d6vik och f\u00f6reningen efter inbjudan genom Stellan B\u00e4cklund. Besked om insamlingen av b\u00e5de pengar och b\u00f6cker har l\u00e4mnats till Bibliotekskommitt\u00e9ns ordf\u00f6rande bokentusiasten Charles Masiwa som vill skicka ett hj\u00e4rtligt tack till alla ber\u00f6rda skolor i kommunen och inte minst d\u00e5 till alla elever.<\/p>\n<div id=\"attachment_797\" style=\"width: 454px\" class=\"wp-caption alignright\"><img loading=\"lazy\" decoding=\"async\" aria-describedby=\"caption-attachment-797\" class=\" wp-image-797\" src=\"https:\/\/fn.se\/ornskoldsvik\/wp-content\/uploads\/sites\/98\/2019\/08\/P1010065-300x225.jpg\" alt=\"\" width=\"444\" height=\"333\" srcset=\"https:\/\/fn.se\/ornskoldsvik\/wp-content\/uploads\/sites\/98\/2019\/08\/P1010065-300x225.jpg 300w, https:\/\/fn.se\/ornskoldsvik\/wp-content\/uploads\/sites\/98\/2019\/08\/P1010065-768x576.jpg 768w, https:\/\/fn.se\/ornskoldsvik\/wp-content\/uploads\/sites\/98\/2019\/08\/P1010065-1024x768.jpg 1024w, https:\/\/fn.se\/ornskoldsvik\/wp-content\/uploads\/sites\/98\/2019\/08\/P1010065-650x488.jpg 650w\" sizes=\"auto, (max-width: 444px) 100vw, 444px\" \/><p id=\"caption-attachment-797\" class=\"wp-caption-text\">Charles Masiwa och Margaret Dongo utanf\u00f6r Biblioteket vid Nyatsambo-skolan<\/p><\/div>\n<p>Nyatsambo-skolan har f\u00e5tt bes\u00f6k av andra skolor i distriktet som nu \u00e4ven vill f\u00f6rs\u00f6ka starta upp egna biblioteksprojekt om nya givare kan hittas inom bist\u00e5ndsv\u00e4rlden. L\u00e4shungern \u00e4r enorm i hela landet och inte minst ute p\u00e5 landsbygden som i detta fallet.<\/p>\n<p>Bibliotekarien vid Nyatsambo har nu biblioteket \u00f6ppet tre dagar i veckan, detta g\u00e4ller \u00e4ven f\u00f6r vuxna inom omr\u00e5det som omfattas av skolan. Reparationen av skolan efter tromben i b\u00f6rjan p\u00e5 2016 har fullgjorts och med \u00e4nnu flera b\u00f6cker p\u00e5 plats ser alla i dagarna ljust p\u00e5 framtiden.<\/p>\n<p>Mrs Dongo uttrycker \u00e4ven stor tacksamhet \u00f6ver insatserna och hoppas nu ocks\u00e5 att bokfrakten ska g\u00e5 smidigt och fint, hon kommer efter hemkomsten att l\u00e4mna besked \u00f6ver hur bra \u00f6verl\u00e4mnandet har g\u00e5tt. D\u00e5 har hela sju \u00e5r g\u00e5tt sedan biblioteket initierades 2012 och som senare invigdes 2015.<\/p>\n<p>&#8211; Heders f\u00f6r denna nya insats! s\u00e4ger Stellan B\u00e4cklund avslutningsvis.<\/p>\n<p>&nbsp;<\/p>\n<p>Text: Torbj\u00f6rn Lindgren<\/p>\n<p>Foto: Stellan B\u00e4cklund<\/p>\n","protected":false},"excerpt":{"rendered":"<p>FN-f\u00f6reningens skolsatsning i Zimbabwe Geneskolans st\u00f6d genom -Operation Syskonskola- genomf\u00f6rdes programenligt p\u00e5 h\u00f6gstadiet i slutet p\u00e5 v\u00e5rterminen under Rektor Niclas&hellip;<\/p>\n","protected":false},"author":111,"featured_media":0,"parent":0,"menu_order":0,"comment_status":"closed","ping_status":"closed","template":"","meta":{"_acf_changed":false,"footnotes":"","_links_to":"","_links_to_target":""},"class_list":["post-795","page","type-page","status-publish","hentry"],"acf":[],"_links":{"self":[{"href":"https:\/\/fn.se\/ornskoldsvik\/wp-json\/wp\/v2\/pages\/795","targetHints":{"allow":["GET"]}}],"collection":[{"href":"https:\/\/fn.se\/ornskoldsvik\/wp-json\/wp\/v2\/pages"}],"about":[{"href":"https:\/\/fn.se\/ornskoldsvik\/wp-json\/wp\/v2\/types\/page"}],"author":[{"embeddable":true,"href":"https:\/\/fn.se\/ornskoldsvik\/wp-json\/wp\/v2\/users\/111"}],"replies":[{"embeddable":true,"href":"https:\/\/fn.se\/ornskoldsvik\/wp-json\/wp\/v2\/comments?post=795"}],"version-history":[{"count":1,"href":"https:\/\/fn.se\/ornskoldsvik\/wp-json\/wp\/v2\/pages\/795\/revisions"}],"predecessor-version":[{"id":798,"href":"https:\/\/fn.se\/ornskoldsvik\/wp-json\/wp\/v2\/pages\/795\/revisions\/798"}],"wp:attachment":[{"href":"https:\/\/fn.se\/ornskoldsvik\/wp-json\/wp\/v2\/media?parent=795"}],"curies":[{"name":"wp","href":"https:\/\/api.w.org\/{rel}","templated":true}]}}