{"id":700,"date":"2019-01-31T13:16:53","date_gmt":"2019-01-31T13:16:53","guid":{"rendered":"https:\/\/fn.se\/ornskoldsvik\/?page_id=700"},"modified":"2019-01-31T13:25:07","modified_gmt":"2019-01-31T13:25:07","slug":"om-armenien","status":"publish","type":"page","link":"https:\/\/fn.se\/ornskoldsvik\/om-armenien\/","title":{"rendered":"Om Armenien"},"content":{"rendered":"<p>Armenien<img loading=\"lazy\" decoding=\"async\" class=\"size-medium wp-image-701 alignright\" src=\"https:\/\/fn.se\/ornskoldsvik\/wp-content\/uploads\/sites\/98\/2019\/01\/P1030184-Copy-300x225.jpg\" alt=\"\" width=\"300\" height=\"225\" srcset=\"https:\/\/fn.se\/ornskoldsvik\/wp-content\/uploads\/sites\/98\/2019\/01\/P1030184-Copy-300x225.jpg 300w, https:\/\/fn.se\/ornskoldsvik\/wp-content\/uploads\/sites\/98\/2019\/01\/P1030184-Copy-768x576.jpg 768w, https:\/\/fn.se\/ornskoldsvik\/wp-content\/uploads\/sites\/98\/2019\/01\/P1030184-Copy-1024x768.jpg 1024w, https:\/\/fn.se\/ornskoldsvik\/wp-content\/uploads\/sites\/98\/2019\/01\/P1030184-Copy-650x487.jpg 650w\" sizes=\"auto, (max-width: 300px) 100vw, 300px\" \/><\/p>\n<p>Till v\u00e5rens f\u00f6rsta temam\u00f6te kom trots kylan ett 20-tal personer som efter sedvanligt fika (Anita och Birgitta hade bakat!) fick stifta bekantskap med en ung socionom fr\u00e5n G\u00f6teborg, Nairi Moosakhanian, som i h\u00f6stas under 4 m\u00e5nader praktiserade p\u00e5 Armeniens FN-f\u00f6rbund i huvudstaden Jerevan. Hon ber\u00e4ttade engagerat och inlevelsefullt till egna bilder om sina erfarenheter fr\u00e5n praktikperioden, om arbetet p\u00e5 f\u00f6rbundet och om intrycken fr\u00e5n livet och m\u00e4nniskorna i Jerevan och gav oss \u00e5h\u00f6rare ocks\u00e5 en inblick i Armeniens geografi, historia och politik. Efter f\u00f6rel\u00e4sningen blev det ocks\u00e5 tid f\u00f6r fr\u00e5gor innan hon blev avtackad av FN-f\u00f6reningens Birgitta Nordin.<\/p>\n<p>Text och bilder: toli<\/p>\n<p><strong>L\u00e4s Sven Lindbloms N\u00e4ra-referat fr\u00e5n Temakv\u00e4llen<\/strong>:<\/p>\n<p><a href=\"https:\/\/www.allehanda.se\/artikel\/lasartext\/berattade-om-armenien-och-fn-s-verksamhet\">www.allehanda.se\/artikel\/lasartext\/berattade-om-armenien-och-fn-s-verksamhet<\/a><\/p>\n<p><img loading=\"lazy\" decoding=\"async\" class=\"alignnone size-medium wp-image-702\" src=\"https:\/\/fn.se\/ornskoldsvik\/wp-content\/uploads\/sites\/98\/2019\/01\/P1030185-Copy-300x225.jpg\" alt=\"\" width=\"300\" height=\"225\" srcset=\"https:\/\/fn.se\/ornskoldsvik\/wp-content\/uploads\/sites\/98\/2019\/01\/P1030185-Copy-300x225.jpg 300w, https:\/\/fn.se\/ornskoldsvik\/wp-content\/uploads\/sites\/98\/2019\/01\/P1030185-Copy-768x576.jpg 768w, https:\/\/fn.se\/ornskoldsvik\/wp-content\/uploads\/sites\/98\/2019\/01\/P1030185-Copy-1024x768.jpg 1024w, https:\/\/fn.se\/ornskoldsvik\/wp-content\/uploads\/sites\/98\/2019\/01\/P1030185-Copy-650x487.jpg 650w\" sizes=\"auto, (max-width: 300px) 100vw, 300px\" \/><\/p>\n","protected":false},"excerpt":{"rendered":"<p>Armenien Till v\u00e5rens f\u00f6rsta temam\u00f6te kom trots kylan ett 20-tal personer som efter sedvanligt fika (Anita och Birgitta hade bakat!)&hellip;<\/p>\n","protected":false},"author":111,"featured_media":0,"parent":0,"menu_order":0,"comment_status":"closed","ping_status":"closed","template":"","meta":{"_acf_changed":false,"footnotes":"","_links_to":"","_links_to_target":""},"class_list":["post-700","page","type-page","status-publish","hentry"],"acf":[],"_links":{"self":[{"href":"https:\/\/fn.se\/ornskoldsvik\/wp-json\/wp\/v2\/pages\/700","targetHints":{"allow":["GET"]}}],"collection":[{"href":"https:\/\/fn.se\/ornskoldsvik\/wp-json\/wp\/v2\/pages"}],"about":[{"href":"https:\/\/fn.se\/ornskoldsvik\/wp-json\/wp\/v2\/types\/page"}],"author":[{"embeddable":true,"href":"https:\/\/fn.se\/ornskoldsvik\/wp-json\/wp\/v2\/users\/111"}],"replies":[{"embeddable":true,"href":"https:\/\/fn.se\/ornskoldsvik\/wp-json\/wp\/v2\/comments?post=700"}],"version-history":[{"count":5,"href":"https:\/\/fn.se\/ornskoldsvik\/wp-json\/wp\/v2\/pages\/700\/revisions"}],"predecessor-version":[{"id":708,"href":"https:\/\/fn.se\/ornskoldsvik\/wp-json\/wp\/v2\/pages\/700\/revisions\/708"}],"wp:attachment":[{"href":"https:\/\/fn.se\/ornskoldsvik\/wp-json\/wp\/v2\/media?parent=700"}],"curies":[{"name":"wp","href":"https:\/\/api.w.org\/{rel}","templated":true}]}}