{"id":678,"date":"2018-12-25T14:32:43","date_gmt":"2018-12-25T14:32:43","guid":{"rendered":"https:\/\/fn.se\/ornskoldsvik\/?page_id=678"},"modified":"2020-04-06T11:59:03","modified_gmt":"2020-04-06T11:59:03","slug":"nostalgisidan","status":"publish","type":"page","link":"https:\/\/fn.se\/ornskoldsvik\/nostalgisidan\/","title":{"rendered":"Nostalgisidan"},"content":{"rendered":"<p style=\"text-align: center\"><strong>Nostalgi inom \u00d6rnsk\u00f6ldsviks FN-f\u00f6rening<\/strong><\/p>\n<p>\u00a0H\u00e4r l\u00e4gger vi med j\u00e4mna mellanrum in gamla tidningsurklipp och bilder m.m. som p\u00e5minner om den verksamhet som vi bedrivit genom \u00e5ren. Inl\u00e4ggen kommer inte att ske i kronologisk ordning utan hamnar p\u00e5 denna sida n\u00e4r vi tycker att vi har funnit n\u00e5got av speciellt v\u00e4rde att p\u00e5minna om. Det senast inlagda finns l\u00e4ngst upp i nedanst\u00e5ende lista.<\/p>\n<p><strong>P3-radiodokument\u00e4r om Robert Mugabe, fr\u00e5n 2020 <\/strong><a href=\"https:\/\/sverigesradio.se\/sida\/avsnitt\/1475267?programid=2519\"><strong>FNforNostalgi015 <\/strong><\/a>Klicka p\u00e5 <em>FNforNostalgi015<\/em> \u00e4ven om l\u00e4nken inte \u00e4r bl\u00e5!<\/p>\n<p><strong>Starka \u00d6viksprotester mot v\u00e5ldet p\u00e5 Sri Lanka 1983 <a href=\"https:\/\/fn.se\/ornskoldsvik\/wp-content\/uploads\/sites\/98\/2020\/02\/FNforNostalgi014.pdf\">FNforNostalgi014<\/a><\/strong><\/p>\n<p><strong>100 000 sprutor och ambulans till Nicaragua 1983 <a href=\"https:\/\/fn.se\/ornskoldsvik\/wp-content\/uploads\/sites\/98\/2020\/02\/FNforNostalgi013.pdf\">FNforNostalgi013<\/a><\/strong><\/p>\n<p><strong>FN-f\u00f6reningen bildas 1976, kontaktl\u00e4rarlistan 1977 <a href=\"https:\/\/fn.se\/ornskoldsvik\/wp-content\/uploads\/sites\/98\/2020\/02\/FNforNostalgi012.pdf\">FNforNostalgi012<\/a><\/strong><\/p>\n<p><strong>Stellans och Torbj\u00f6rns resa till Tanzania \u00e5r 1981, andra delen <a href=\"https:\/\/fn.se\/ornskoldsvik\/1981-tanzania-2\/\">FNforNostalgi011<\/a><\/strong><\/p>\n<p><strong>Stellans och Torbj\u00f6rns resa till Tanzania \u00e5r 1981, f\u00f6rsta delen\u00a0<a href=\"https:\/\/fn.se\/ornskoldsvik\/1981-tanzania\/\">FNforNostalgi010<\/a><\/strong><\/p>\n<p><strong>Fred Bandama och Kause Chikisa bes\u00f6kte \u00d6vik 2007<\/strong>\u00a0<strong><a href=\"https:\/\/fn.se\/ornskoldsvik\/wp-content\/uploads\/sites\/98\/2019\/07\/FNforNostalgi009.pdf\">FNforNostalgi009<\/a><\/strong><\/p>\n<p><strong>Mandla Malunga, ungdomspraktikant fr\u00e5n Zimbabwe\u00a0<a href=\"https:\/\/fn.se\/ornskoldsvik\/wp-content\/uploads\/sites\/98\/2019\/06\/FNforNostalgi008.pdf\">FNforNostalgi008<\/a><\/strong><\/p>\n<p><strong>Moosa Kasimonje, chef f\u00f6r Just Children Foundation<\/strong>\u00a0<strong><a href=\"https:\/\/fn.se\/ornskoldsvik\/wp-content\/uploads\/sites\/98\/2019\/06\/FNforNostalgi007.pdf\">FNforNostalgi007<\/a><\/strong><\/p>\n<p><strong>Zebror som dragdjur, har f\u00f6rekommit i Zimbabwe.\u00a0<a href=\"https:\/\/fn.se\/ornskoldsvik\/wp-content\/uploads\/sites\/98\/2019\/04\/FNforNostalgi006.pdf\">FNforNostalgi006<\/a><\/strong><\/p>\n<p><strong>Jul- och Ny\u00e5rsh\u00e4lsning inf\u00f6r 1990 fr\u00e5n presidentparet Mugabe<\/strong>\u00a0<strong><a href=\"https:\/\/fn.se\/ornskoldsvik\/wp-content\/uploads\/sites\/98\/2019\/03\/FNforNostalgi005-1.pdf\">FNforNostalgi005<\/a><\/strong><\/p>\n<p><strong>Folkriksdagen mot apartheid &#8211; fr\u00e5n 14\/2 1986<\/strong>\u00a0<strong><a href=\"https:\/\/fn.se\/ornskoldsvik\/wp-content\/uploads\/sites\/98\/2019\/03\/FNforNostalgi004.pdf\">FNforNostalgi004<\/a><\/strong><\/p>\n<p><strong>St\u00f6det till familjen Correas fr\u00e5n Chile &#8211; fr\u00e5n 22\/3 1988<\/strong>\u00a0<strong><a href=\"https:\/\/fn.se\/ornskoldsvik\/wp-content\/uploads\/sites\/98\/2019\/03\/FNforNostalgi003.pdf\">FNforNostalgi003<\/a><\/strong><\/p>\n<p><strong>Nicaraguanska barn f\u00e5r h\u00e4lften fr\u00e5n \u00d6vik &#8211; fr\u00e5n 17\/8 1985<\/strong>\u00a0<strong><a href=\"https:\/\/fn.se\/ornskoldsvik\/wp-content\/uploads\/sites\/98\/2019\/01\/FNforNostalgi002.pdf\">FNforNostalgi002&#8230;.<\/a><a href=\"https:\/\/fn.se\/ornskoldsvik\/wp-content\/uploads\/sites\/98\/2019\/07\/FNforNostalgi002b.pdf\">FNforNostalgi002b<\/a><\/strong><\/p>\n<p><strong>Aldrig mer Hiroshima &#8211; fr\u00e5n 6\/8 1987<\/strong>\u00a0<strong><a href=\"https:\/\/fn.se\/ornskoldsvik\/wp-content\/uploads\/sites\/98\/2018\/12\/FNforNostalgi001.pdf\">FNforNostalgi001<\/a><\/strong><\/p>\n","protected":false},"excerpt":{"rendered":"<p>Nostalgi inom \u00d6rnsk\u00f6ldsviks FN-f\u00f6rening \u00a0H\u00e4r l\u00e4gger vi med j\u00e4mna mellanrum in gamla tidningsurklipp och bilder m.m. som p\u00e5minner om den&hellip;<\/p>\n","protected":false},"author":111,"featured_media":0,"parent":0,"menu_order":0,"comment_status":"closed","ping_status":"closed","template":"","meta":{"_acf_changed":false,"footnotes":"","_links_to":"","_links_to_target":""},"class_list":["post-678","page","type-page","status-publish","hentry"],"acf":[],"_links":{"self":[{"href":"https:\/\/fn.se\/ornskoldsvik\/wp-json\/wp\/v2\/pages\/678","targetHints":{"allow":["GET"]}}],"collection":[{"href":"https:\/\/fn.se\/ornskoldsvik\/wp-json\/wp\/v2\/pages"}],"about":[{"href":"https:\/\/fn.se\/ornskoldsvik\/wp-json\/wp\/v2\/types\/page"}],"author":[{"embeddable":true,"href":"https:\/\/fn.se\/ornskoldsvik\/wp-json\/wp\/v2\/users\/111"}],"replies":[{"embeddable":true,"href":"https:\/\/fn.se\/ornskoldsvik\/wp-json\/wp\/v2\/comments?post=678"}],"version-history":[{"count":34,"href":"https:\/\/fn.se\/ornskoldsvik\/wp-json\/wp\/v2\/pages\/678\/revisions"}],"predecessor-version":[{"id":1147,"href":"https:\/\/fn.se\/ornskoldsvik\/wp-json\/wp\/v2\/pages\/678\/revisions\/1147"}],"wp:attachment":[{"href":"https:\/\/fn.se\/ornskoldsvik\/wp-json\/wp\/v2\/media?parent=678"}],"curies":[{"name":"wp","href":"https:\/\/api.w.org\/{rel}","templated":true}]}}