{"id":669,"date":"2018-12-17T12:57:14","date_gmt":"2018-12-17T12:57:14","guid":{"rendered":"https:\/\/fn.se\/ornskoldsvik\/?page_id=669"},"modified":"2018-12-17T13:09:25","modified_gmt":"2018-12-17T13:09:25","slug":"inspirationstraff-for-fn-rorelsen","status":"publish","type":"page","link":"https:\/\/fn.se\/ornskoldsvik\/inspirationstraff-for-fn-rorelsen\/","title":{"rendered":"Inspirationstr\u00e4ff f\u00f6r FN-r\u00f6relsen"},"content":{"rendered":"<p><img loading=\"lazy\" decoding=\"async\" class=\"wp-image-668  alignleft\" src=\"https:\/\/fn.se\/ornskoldsvik\/wp-content\/uploads\/sites\/98\/2018\/12\/IMG_5556-e1545051985272-769x1024.jpg\" alt=\"\" width=\"692\" height=\"921\" srcset=\"https:\/\/fn.se\/ornskoldsvik\/wp-content\/uploads\/sites\/98\/2018\/12\/IMG_5556-e1545051985272-769x1024.jpg 769w, https:\/\/fn.se\/ornskoldsvik\/wp-content\/uploads\/sites\/98\/2018\/12\/IMG_5556-e1545051985272-225x300.jpg 225w, https:\/\/fn.se\/ornskoldsvik\/wp-content\/uploads\/sites\/98\/2018\/12\/IMG_5556-e1545051985272-768x1022.jpg 768w, https:\/\/fn.se\/ornskoldsvik\/wp-content\/uploads\/sites\/98\/2018\/12\/IMG_5556-e1545051985272-650x865.jpg 650w, https:\/\/fn.se\/ornskoldsvik\/wp-content\/uploads\/sites\/98\/2018\/12\/IMG_5556-e1545051985272-1024x1363.jpg 1024w\" sizes=\"auto, (max-width: 692px) 100vw, 692px\" \/><\/p>\n<p><strong>Inspirationstr\u00e4ff f\u00f6r FN-r\u00f6relsen<\/strong><\/p>\n<p>\u00d6viks FN-f\u00f6rening stod f\u00f6r v\u00e4rdskapet f\u00f6r FN-r\u00f6relsen i norra Sverige med\u00a0 \u00f6vriga deltagare fr\u00e5n Lule\u00e5, Ume\u00e5, \u00c5re, \u00d6stersund, Sollefte\u00e5, Kramfors och Sundsvall\/Timr\u00e5 FN-f\u00f6reningar. Tr\u00e4ffen r\u00f6rde FN:s roll i dagens globaliserade v\u00e4rld, mera kunskap om S\u00e4kerhetsr\u00e5det och Svenska F\u00f6rbundets prioriterade arbete fram\u00f6ver f\u00f6rutom d\u00e5 erfarenhetsutbyte mellan f\u00f6reningarna.<\/p>\n<p>Fin m\u00f6tesplats var UH i stan och utv\u00e4rderingen f\u00f6r dagen visade p\u00e5 en mycket fin informationsdag med inneh\u00e5llsrika och v\u00e4l f\u00f6rberedda f\u00f6rel\u00e4sningar fr\u00e5n f\u00f6rbundets sida i Stockholm. Annelie B\u00f6rjesson ber\u00e4ttade om sina vunna erfarenheter som nyvald ordf\u00f6rande sedan i somras n\u00e4r det g\u00e4ller FN i v\u00e4rlden. Sedan belyste Oskar Sj\u00f6stedt om den roll som Sverige spelat i S\u00e4kerhetsr\u00e5det n\u00e4r det g\u00e4ller konflikt-f\u00f6rebyggandet, kvinnor, fred och s\u00e4kerhet och andra prioriteringar som barn i v\u00e4pnad konflikt och den humanit\u00e4ra konflikten i Syrien. \u00c4ven rohingyernas mycket prek\u00e4ra situation i Myanmar\/Burma belystes p\u00e5 ett fint s\u00e4tt f\u00f6r deltagarna.<\/p>\n<p>Generalsekreteraren Petra Hallebrant ber\u00e4ttade om v\u00e5r verksamhet kopplad till Agenda 2030 med de 17 Globala M\u00e5len f\u00f6r H\u00e5llbar Utveckling d\u00e4r Sverige faktiskt \u00e4r en reformdrivande akt\u00f6r inom FN:s utvecklingsarbete. Det g\u00e4ller att ha en samst\u00e4mmig politik d\u00e4r vi som medlemmar och bidragsgivare kan skapa hopp och r\u00e4dda liv b\u00e5de nu och i framtiden i en alltmera orolig v\u00e4rld. Som avslutning p\u00e5 dagen tog ungdomssekreteraren Elias Aspudd upp v\u00e5ra \u201dnycklar\u201d till f\u00f6reningsengagemang d\u00e4r \u00e4ven f\u00f6reningarna fick chansen att utbyta erfarenheterna mellan varandra.<\/p>\n<p>Deltagarna l\u00e4mnade \u00d6vik med en \u00e4nnu starkare drivkraft inf\u00f6r kommande verksamhets\u00e5r.<\/p>\n<p>&nbsp;<\/p>\n<p>Stellan B\u00e4cklund (text)<\/p>\n<p>Elias Aspudd (foto)<\/p>\n","protected":false},"excerpt":{"rendered":"<p>Inspirationstr\u00e4ff f\u00f6r FN-r\u00f6relsen \u00d6viks FN-f\u00f6rening stod f\u00f6r v\u00e4rdskapet f\u00f6r FN-r\u00f6relsen i norra Sverige med\u00a0 \u00f6vriga deltagare fr\u00e5n Lule\u00e5, Ume\u00e5, \u00c5re,&hellip;<\/p>\n","protected":false},"author":111,"featured_media":0,"parent":0,"menu_order":0,"comment_status":"closed","ping_status":"closed","template":"","meta":{"_acf_changed":false,"footnotes":"","_links_to":"","_links_to_target":""},"class_list":["post-669","page","type-page","status-publish","hentry"],"acf":[],"_links":{"self":[{"href":"https:\/\/fn.se\/ornskoldsvik\/wp-json\/wp\/v2\/pages\/669","targetHints":{"allow":["GET"]}}],"collection":[{"href":"https:\/\/fn.se\/ornskoldsvik\/wp-json\/wp\/v2\/pages"}],"about":[{"href":"https:\/\/fn.se\/ornskoldsvik\/wp-json\/wp\/v2\/types\/page"}],"author":[{"embeddable":true,"href":"https:\/\/fn.se\/ornskoldsvik\/wp-json\/wp\/v2\/users\/111"}],"replies":[{"embeddable":true,"href":"https:\/\/fn.se\/ornskoldsvik\/wp-json\/wp\/v2\/comments?post=669"}],"version-history":[{"count":6,"href":"https:\/\/fn.se\/ornskoldsvik\/wp-json\/wp\/v2\/pages\/669\/revisions"}],"predecessor-version":[{"id":676,"href":"https:\/\/fn.se\/ornskoldsvik\/wp-json\/wp\/v2\/pages\/669\/revisions\/676"}],"wp:attachment":[{"href":"https:\/\/fn.se\/ornskoldsvik\/wp-json\/wp\/v2\/media?parent=669"}],"curies":[{"name":"wp","href":"https:\/\/api.w.org\/{rel}","templated":true}]}}