{"id":647,"date":"2018-10-25T08:55:07","date_gmt":"2018-10-25T08:55:07","guid":{"rendered":"https:\/\/fn.se\/ornskoldsvik\/?page_id=647"},"modified":"2018-10-25T08:59:03","modified_gmt":"2018-10-25T08:59:03","slug":"barnen-i-mocambique","status":"publish","type":"page","link":"https:\/\/fn.se\/ornskoldsvik\/barnen-i-mocambique\/","title":{"rendered":"Barnen i Mo\u00e7ambique"},"content":{"rendered":"<p>Barnen i\u00a0Mo\u00e7ambique<\/p>\n<p><img loading=\"lazy\" decoding=\"async\" class=\"wp-image-648 alignleft\" src=\"https:\/\/fn.se\/ornskoldsvik\/wp-content\/uploads\/sites\/98\/2018\/10\/P1030164-300x268.jpg\" alt=\"\" width=\"195\" height=\"174\" srcset=\"https:\/\/fn.se\/ornskoldsvik\/wp-content\/uploads\/sites\/98\/2018\/10\/P1030164-300x268.jpg 300w, https:\/\/fn.se\/ornskoldsvik\/wp-content\/uploads\/sites\/98\/2018\/10\/P1030164-768x685.jpg 768w, https:\/\/fn.se\/ornskoldsvik\/wp-content\/uploads\/sites\/98\/2018\/10\/P1030164-1024x914.jpg 1024w, https:\/\/fn.se\/ornskoldsvik\/wp-content\/uploads\/sites\/98\/2018\/10\/P1030164-650x580.jpg 650w, https:\/\/fn.se\/ornskoldsvik\/wp-content\/uploads\/sites\/98\/2018\/10\/P1030164.jpg 1244w\" sizes=\"auto, (max-width: 195px) 100vw, 195px\" \/><\/p>\n<p>Psykologen Sara Ekwall fr\u00e5n Sollefte\u00e5 (b\u00f6rdig fr\u00e5n \u00d6vik) var kv\u00e4llens g\u00e4st n\u00e4r FN-f\u00f6reningen genomf\u00f6rde sitt andra temam\u00f6te f\u00f6r h\u00f6sten i samarbete med NBV. Sara hade under 2017 genomf\u00f6rt en f\u00e4ltstudie (MFS) genom bist\u00e5ndsorganet Sida i Mo\u00e7ambique i S\u00f6dra Afr\u00edka d\u00e4r hon n\u00e4rmare studerat utsatta barns situation runt huvudstaden Maputo. Ett program d\u00e4r studenter f\u00e5r en m\u00f6jlighet att skaffa sig n\u00e4rmare kunskaper om olika aktuella utvecklingsfr\u00e5gor, en del studenter knyts till Sida:s Alumni-program d\u00e4r de kan f\u00e5 ber\u00e4tta om sina vunna erfarenheter n\u00e4r de v\u00e4l \u00e4r tillbaka i Sverige, vilket Sara gjorde denna kv\u00e4ll. Studien innefattade \u00e4ven <strong><em>FN:s Globala M\u00e5l f\u00f6r H\u00e5llbar Utveckling<\/em><\/strong> och v\u00e5rt <strong><em>svenska bist\u00e5nd<\/em><\/strong> i synnerhet.<img loading=\"lazy\" decoding=\"async\" class=\" wp-image-649 alignright\" src=\"https:\/\/fn.se\/ornskoldsvik\/wp-content\/uploads\/sites\/98\/2018\/10\/P1030165-300x225.jpg\" alt=\"\" width=\"198\" height=\"148\" srcset=\"https:\/\/fn.se\/ornskoldsvik\/wp-content\/uploads\/sites\/98\/2018\/10\/P1030165-300x225.jpg 300w, https:\/\/fn.se\/ornskoldsvik\/wp-content\/uploads\/sites\/98\/2018\/10\/P1030165-768x576.jpg 768w, https:\/\/fn.se\/ornskoldsvik\/wp-content\/uploads\/sites\/98\/2018\/10\/P1030165-1024x768.jpg 1024w, https:\/\/fn.se\/ornskoldsvik\/wp-content\/uploads\/sites\/98\/2018\/10\/P1030165-650x488.jpg 650w, https:\/\/fn.se\/ornskoldsvik\/wp-content\/uploads\/sites\/98\/2018\/10\/P1030165.jpg 1500w\" sizes=\"auto, (max-width: 198px) 100vw, 198px\" \/><\/p>\n<p>Sara ber\u00e4ttade p\u00e5 ett pedagogiskt s\u00e4tt om sin f\u00e4ltstudie i landet som efter ett l\u00e5ngt befrielsekrig fick sin sj\u00e4lvst\u00e4ndighet fr\u00e5n Portugal 1975, senare f\u00f6ljt av ett l\u00e5ngt inb\u00f6rdeskrig \u00e5ren 1977-92. Mo\u00e7ambique \u00e4r f\u00f6r \u00f6vrigt dubbelt s\u00e5 stort Sverige och har i runda tal 29 miljoner inv\u00e5nare idag. Sara inledde med att testa \u00e5h\u00f6rarna rent allm\u00e4nt om situationen i v\u00e4rlden innan hon kom in p\u00e5 de utsatta barnens situation genom de \u00e5tta organisationer som studerades n\u00e4rmare. Man utgick fr\u00e5n barnens aktuella situation g\u00e4llande basbehov som bostad, kl\u00e4der, mat, mediciner, sammantaget b\u00e5de sociala och psykosociala behov. Sara betonade ocks\u00e5 hur viktigt det \u00e4r f\u00f6r barn och f\u00e5 tillh\u00f6ra en grupp.<\/p>\n<p><img loading=\"lazy\" decoding=\"async\" class=\"wp-image-651 alignleft\" src=\"https:\/\/fn.se\/ornskoldsvik\/wp-content\/uploads\/sites\/98\/2018\/10\/P1030167b-295x300.jpg\" alt=\"\" width=\"210\" height=\"214\" srcset=\"https:\/\/fn.se\/ornskoldsvik\/wp-content\/uploads\/sites\/98\/2018\/10\/P1030167b-295x300.jpg 295w, https:\/\/fn.se\/ornskoldsvik\/wp-content\/uploads\/sites\/98\/2018\/10\/P1030167b-768x782.jpg 768w, https:\/\/fn.se\/ornskoldsvik\/wp-content\/uploads\/sites\/98\/2018\/10\/P1030167b-1005x1024.jpg 1005w, https:\/\/fn.se\/ornskoldsvik\/wp-content\/uploads\/sites\/98\/2018\/10\/P1030167b-650x662.jpg 650w, https:\/\/fn.se\/ornskoldsvik\/wp-content\/uploads\/sites\/98\/2018\/10\/P1030167b-1024x1043.jpg 1024w, https:\/\/fn.se\/ornskoldsvik\/wp-content\/uploads\/sites\/98\/2018\/10\/P1030167b.jpg 1500w\" sizes=\"auto, (max-width: 210px) 100vw, 210px\" \/>M\u00f6tesdeltagarna fick \u00e4ven st\u00e4lla fr\u00e5gor runt bes\u00f6ket innan Sara avtackades av Stellan B\u00e4cklund med ett f\u00e5ng blommor. Han passade p\u00e5 att \u00e4ven tacka Anita Harning och Birgitta Nordin f\u00f6r fikat och hoppades p\u00e5 lika bred uppslutning p\u00e5 det kommande temam\u00f6tet i november n\u00e4r Inger Andersson ber\u00e4ttar i ord och bild om sitt bes\u00f6k p\u00e5 Svalbard.<\/p>\n<p>Stellan B\u00e4cklund<\/p>\n<p>Bilder toli<\/p>\n<p>Sista bilden (fr\u00e5n Mo\u00e7ambique): Sara Ekwall<\/p>\n<p><img loading=\"lazy\" decoding=\"async\" class=\"alignnone size-medium wp-image-652\" src=\"https:\/\/fn.se\/ornskoldsvik\/wp-content\/uploads\/sites\/98\/2018\/10\/SaraEkw2-284x300.jpeg\" alt=\"\" width=\"284\" height=\"300\" srcset=\"https:\/\/fn.se\/ornskoldsvik\/wp-content\/uploads\/sites\/98\/2018\/10\/SaraEkw2-284x300.jpeg 284w, https:\/\/fn.se\/ornskoldsvik\/wp-content\/uploads\/sites\/98\/2018\/10\/SaraEkw2-768x813.jpeg 768w, https:\/\/fn.se\/ornskoldsvik\/wp-content\/uploads\/sites\/98\/2018\/10\/SaraEkw2-968x1024.jpeg 968w, https:\/\/fn.se\/ornskoldsvik\/wp-content\/uploads\/sites\/98\/2018\/10\/SaraEkw2-650x688.jpeg 650w, https:\/\/fn.se\/ornskoldsvik\/wp-content\/uploads\/sites\/98\/2018\/10\/SaraEkw2-1024x1084.jpeg 1024w\" sizes=\"auto, (max-width: 284px) 100vw, 284px\" \/><\/p>\n<p>&nbsp;<\/p>\n","protected":false},"excerpt":{"rendered":"<p>Barnen i\u00a0Mo\u00e7ambique Psykologen Sara Ekwall fr\u00e5n Sollefte\u00e5 (b\u00f6rdig fr\u00e5n \u00d6vik) var kv\u00e4llens g\u00e4st n\u00e4r FN-f\u00f6reningen genomf\u00f6rde sitt andra temam\u00f6te f\u00f6r&hellip;<\/p>\n","protected":false},"author":111,"featured_media":0,"parent":0,"menu_order":0,"comment_status":"closed","ping_status":"closed","template":"","meta":{"_acf_changed":false,"footnotes":"","_links_to":"","_links_to_target":""},"class_list":["post-647","page","type-page","status-publish","hentry"],"acf":[],"_links":{"self":[{"href":"https:\/\/fn.se\/ornskoldsvik\/wp-json\/wp\/v2\/pages\/647","targetHints":{"allow":["GET"]}}],"collection":[{"href":"https:\/\/fn.se\/ornskoldsvik\/wp-json\/wp\/v2\/pages"}],"about":[{"href":"https:\/\/fn.se\/ornskoldsvik\/wp-json\/wp\/v2\/types\/page"}],"author":[{"embeddable":true,"href":"https:\/\/fn.se\/ornskoldsvik\/wp-json\/wp\/v2\/users\/111"}],"replies":[{"embeddable":true,"href":"https:\/\/fn.se\/ornskoldsvik\/wp-json\/wp\/v2\/comments?post=647"}],"version-history":[{"count":2,"href":"https:\/\/fn.se\/ornskoldsvik\/wp-json\/wp\/v2\/pages\/647\/revisions"}],"predecessor-version":[{"id":655,"href":"https:\/\/fn.se\/ornskoldsvik\/wp-json\/wp\/v2\/pages\/647\/revisions\/655"}],"wp:attachment":[{"href":"https:\/\/fn.se\/ornskoldsvik\/wp-json\/wp\/v2\/media?parent=647"}],"curies":[{"name":"wp","href":"https:\/\/api.w.org\/{rel}","templated":true}]}}