{"id":631,"date":"2018-09-25T12:35:31","date_gmt":"2018-09-25T12:35:31","guid":{"rendered":"https:\/\/fn.se\/ornskoldsvik\/?page_id=631"},"modified":"2018-09-25T12:36:49","modified_gmt":"2018-09-25T12:36:49","slug":"krimhalvon-i-fokus-inom-fn-foreningen","status":"publish","type":"page","link":"https:\/\/fn.se\/ornskoldsvik\/krimhalvon-i-fokus-inom-fn-foreningen\/","title":{"rendered":"Krimhalv\u00f6n i fokus inom FN-f\u00f6reningen"},"content":{"rendered":"<p><strong>Krimhalv\u00f6n i fokus inom FN-f\u00f6reningen<\/strong><\/p>\n<p><img loading=\"lazy\" decoding=\"async\" class=\" wp-image-632 alignleft\" src=\"https:\/\/fn.se\/ornskoldsvik\/wp-content\/uploads\/sites\/98\/2018\/09\/KrimLGO1b-300x200.jpg\" alt=\"\" width=\"499\" height=\"333\" srcset=\"https:\/\/fn.se\/ornskoldsvik\/wp-content\/uploads\/sites\/98\/2018\/09\/KrimLGO1b-300x200.jpg 300w, https:\/\/fn.se\/ornskoldsvik\/wp-content\/uploads\/sites\/98\/2018\/09\/KrimLGO1b-768x512.jpg 768w, https:\/\/fn.se\/ornskoldsvik\/wp-content\/uploads\/sites\/98\/2018\/09\/KrimLGO1b-1024x682.jpg 1024w, https:\/\/fn.se\/ornskoldsvik\/wp-content\/uploads\/sites\/98\/2018\/09\/KrimLGO1b-650x433.jpg 650w, https:\/\/fn.se\/ornskoldsvik\/wp-content\/uploads\/sites\/98\/2018\/09\/KrimLGO1b.jpg 1688w\" sizes=\"auto, (max-width: 499px) 100vw, 499px\" \/><\/p>\n<p>Lars-Gunnar Olsson fr\u00e5n Kallmyra utanf\u00f6r L\u00e5ngviksmon var inbjuden som rapport\u00f6r med fina bilder d\u00e4rtill n\u00e4r FN-f\u00f6reningen bj\u00f6d in till sin f\u00f6rsta temakv\u00e4ll f\u00f6r h\u00f6sten i NBV:s fina konferensrum p\u00e5 Bergsgatan. Lokalen var fylld av \u00e5h\u00f6rare efter v\u00e4lkomstfikat ute i k\u00f6ket. Ett mycket intressant reportage fr\u00e5n f\u00f6rra h\u00f6stens bes\u00f6k p\u00e5 Krim stod i fokus n\u00e4r Lars-Gunnar initierat ber\u00e4ttade om sitt nya bes\u00f6k i \u00f6sterled.<\/p>\n<p>Halv\u00f6n Krim har en mycket brokig historia och har \u00e4ven kontrollerats av en rad olika folkgrupper genom \u00e5rhundradena, det geografiska l\u00e4get i norra Svarta Havet har varit lockande.\u00a0 H\u00e4r har funnits romare, mongoler, tatarer, osmaner, ryssar och ukrainare, ber\u00e4ttade Lars-Gunnar.<\/p>\n<p><img loading=\"lazy\" decoding=\"async\" class=\"size-medium wp-image-634 alignright\" src=\"https:\/\/fn.se\/ornskoldsvik\/wp-content\/uploads\/sites\/98\/2018\/09\/KrimLGO3b-300x200.jpg\" alt=\"\" width=\"300\" height=\"200\" srcset=\"https:\/\/fn.se\/ornskoldsvik\/wp-content\/uploads\/sites\/98\/2018\/09\/KrimLGO3b-300x200.jpg 300w, https:\/\/fn.se\/ornskoldsvik\/wp-content\/uploads\/sites\/98\/2018\/09\/KrimLGO3b-768x512.jpg 768w, https:\/\/fn.se\/ornskoldsvik\/wp-content\/uploads\/sites\/98\/2018\/09\/KrimLGO3b-1024x682.jpg 1024w, https:\/\/fn.se\/ornskoldsvik\/wp-content\/uploads\/sites\/98\/2018\/09\/KrimLGO3b-650x433.jpg 650w, https:\/\/fn.se\/ornskoldsvik\/wp-content\/uploads\/sites\/98\/2018\/09\/KrimLGO3b.jpg 1688w\" sizes=\"auto, (max-width: 300px) 100vw, 300px\" \/><\/p>\n<p>Under 1700-talet er\u00f6vrade Ryssland omr\u00e5det fr\u00e5n det Osmanska riket och senare efter den ryska revolutionen 1917 blev Krim en del av den ryska Sovjetrepubliken.\u00a0 Ett stort antal Krimtatarer befolkade \u00f6n vid den h\u00e4r tiden, senare vid andra v\u00e4rldskrigets slut tv\u00e5ngsdeporterade d\u00e5 Stalin dem efter anklagelser f\u00f6r samr\u00f6re med Nazityskland, flertalet upplevde sv\u00e5ra umb\u00e4randen och enorma strapatser.<\/p>\n<p>1954 \u00f6verl\u00e4mnades Krim som en symbolisk g\u00e5va till Ukraina av Chrusjtjov, sj\u00e4lv f\u00f6dd i Ukraina, och vid Sovjetunionens s\u00f6nderfall 1991 f\u00f6rblev Krim en officiell del av Ukraina, men Ryssland beh\u00f6ll den viktiga och strategiska flottbasen vid hamnstaden Sevastopol. N\u00e4r den ryssv\u00e4nlige ukrainske presidenten Janukovitj avsattes i februari 2014 gick Ryssland in och annekterade Krim. Detta trots stora internationella protester som alltj\u00e4mt p\u00e5g\u00e5r.<\/p>\n<p><img loading=\"lazy\" decoding=\"async\" class=\"size-medium wp-image-633 alignleft\" src=\"https:\/\/fn.se\/ornskoldsvik\/wp-content\/uploads\/sites\/98\/2018\/09\/KrimLGO2b-300x200.jpg\" alt=\"\" width=\"300\" height=\"200\" srcset=\"https:\/\/fn.se\/ornskoldsvik\/wp-content\/uploads\/sites\/98\/2018\/09\/KrimLGO2b-300x200.jpg 300w, https:\/\/fn.se\/ornskoldsvik\/wp-content\/uploads\/sites\/98\/2018\/09\/KrimLGO2b-768x512.jpg 768w, https:\/\/fn.se\/ornskoldsvik\/wp-content\/uploads\/sites\/98\/2018\/09\/KrimLGO2b-1024x682.jpg 1024w, https:\/\/fn.se\/ornskoldsvik\/wp-content\/uploads\/sites\/98\/2018\/09\/KrimLGO2b-650x433.jpg 650w, https:\/\/fn.se\/ornskoldsvik\/wp-content\/uploads\/sites\/98\/2018\/09\/KrimLGO2b.jpg 1688w\" sizes=\"auto, (max-width: 300px) 100vw, 300px\" \/><\/p>\n<p>P\u00e5 Krim finns otaliga historiska platser som Lars-Gunnar kunde bes\u00f6ka som grottor, fort, olika palats, kloster och museer och vid Jalta bes\u00f6ktes Livadiapalatset d\u00e4r Jaltakonferensen h\u00f6lls 1945 med Stalin, Churchill och Roosevelt. D\u00e4r delades Tyskland upp bland annat. <img loading=\"lazy\" decoding=\"async\" class=\"size-medium wp-image-635 alignright\" src=\"https:\/\/fn.se\/ornskoldsvik\/wp-content\/uploads\/sites\/98\/2018\/09\/P1030162b-185x300.jpg\" alt=\"\" width=\"185\" height=\"300\" srcset=\"https:\/\/fn.se\/ornskoldsvik\/wp-content\/uploads\/sites\/98\/2018\/09\/P1030162b-185x300.jpg 185w, https:\/\/fn.se\/ornskoldsvik\/wp-content\/uploads\/sites\/98\/2018\/09\/P1030162b-768x1246.jpg 768w, https:\/\/fn.se\/ornskoldsvik\/wp-content\/uploads\/sites\/98\/2018\/09\/P1030162b-631x1024.jpg 631w, https:\/\/fn.se\/ornskoldsvik\/wp-content\/uploads\/sites\/98\/2018\/09\/P1030162b-650x1054.jpg 650w, https:\/\/fn.se\/ornskoldsvik\/wp-content\/uploads\/sites\/98\/2018\/09\/P1030162b-1024x1661.jpg 1024w, https:\/\/fn.se\/ornskoldsvik\/wp-content\/uploads\/sites\/98\/2018\/09\/P1030162b.jpg 1132w\" sizes=\"auto, (max-width: 185px) 100vw, 185px\" \/>P\u00e5 \u00f6n finns en utbredd och varierad jordbrukssektor d\u00e4r vinodlingarna \u00e4r talrika men \u00e4ven turismen utg\u00f6r en oerh\u00f6rt viktig ekonomisk faktor, otaliga flighter g\u00e5r dagligen fr\u00e5n Moskva till de fina kur- och badorterna runt Svarta havet.<\/p>\n<p>Krimhalv\u00f6n \u00e4r stor som Sm\u00e5land och befolkas av runt 2 miljoner (uppskattning), en klar majoritet \u00e4r ryssar, en mindre del \u00e4r ukrainare och tatarer. Lars-Gunnar avtackades med ett f\u00e5ng blommor och hans n\u00e4sta stora resm\u00e5l inom kort \u00e4r \u00e4nnu en fantastisk resa, nu till Mongoliet och Ulan Bator.<\/p>\n<p>&nbsp;<\/p>\n<p>S. B\u00e4cklund (text)<\/p>\n<p>L-G Olsson (bilderna fr\u00e5n Krim)<\/p>\n","protected":false},"excerpt":{"rendered":"<p>Krimhalv\u00f6n i fokus inom FN-f\u00f6reningen Lars-Gunnar Olsson fr\u00e5n Kallmyra utanf\u00f6r L\u00e5ngviksmon var inbjuden som rapport\u00f6r med fina bilder d\u00e4rtill n\u00e4r&hellip;<\/p>\n","protected":false},"author":111,"featured_media":0,"parent":0,"menu_order":0,"comment_status":"closed","ping_status":"closed","template":"","meta":{"_acf_changed":false,"footnotes":"","_links_to":"","_links_to_target":""},"class_list":["post-631","page","type-page","status-publish","hentry"],"acf":[],"_links":{"self":[{"href":"https:\/\/fn.se\/ornskoldsvik\/wp-json\/wp\/v2\/pages\/631","targetHints":{"allow":["GET"]}}],"collection":[{"href":"https:\/\/fn.se\/ornskoldsvik\/wp-json\/wp\/v2\/pages"}],"about":[{"href":"https:\/\/fn.se\/ornskoldsvik\/wp-json\/wp\/v2\/types\/page"}],"author":[{"embeddable":true,"href":"https:\/\/fn.se\/ornskoldsvik\/wp-json\/wp\/v2\/users\/111"}],"replies":[{"embeddable":true,"href":"https:\/\/fn.se\/ornskoldsvik\/wp-json\/wp\/v2\/comments?post=631"}],"version-history":[{"count":2,"href":"https:\/\/fn.se\/ornskoldsvik\/wp-json\/wp\/v2\/pages\/631\/revisions"}],"predecessor-version":[{"id":638,"href":"https:\/\/fn.se\/ornskoldsvik\/wp-json\/wp\/v2\/pages\/631\/revisions\/638"}],"wp:attachment":[{"href":"https:\/\/fn.se\/ornskoldsvik\/wp-json\/wp\/v2\/media?parent=631"}],"curies":[{"name":"wp","href":"https:\/\/api.w.org\/{rel}","templated":true}]}}