{"id":623,"date":"2018-09-25T11:25:13","date_gmt":"2018-09-25T11:25:13","guid":{"rendered":"https:\/\/fn.se\/ornskoldsvik\/?page_id=623"},"modified":"2019-01-06T09:14:55","modified_gmt":"2019-01-06T09:14:55","slug":"appell-av-fn-foreningen-lordagen-den-8-september-2018-mkc-kultur-dagen","status":"publish","type":"page","link":"https:\/\/fn.se\/ornskoldsvik\/appell-av-fn-foreningen-lordagen-den-8-september-2018-mkc-kultur-dagen\/","title":{"rendered":"Appell av FN-f\u00f6reningen l\u00f6rdagen den 8 september 2018 MKC\/Kultur -dagen."},"content":{"rendered":"<p><strong>APPELL av FN-f\u00f6reningen i samband med 2018 MKC\/Kultur-dagen<\/strong><\/p>\n<p>De internationella fr\u00e5gorna har lyst med sin fr\u00e5nvaro i valdebatten, m\u00f6jligen med undantag av vissa fr\u00e5gor kopplade till EU.<\/p>\n<p>K\u00e4rnvapnen \u00e4r idag det absolut st\u00f6rsta hotet mot m\u00e4nskligheten. Idag r\u00e4knar man seri\u00f6st med att det finns minst 1800 klara vapen att anv\u00e4nda och totalt finns det 15.000 k\u00e4rnvapen i v\u00e4rlden. Vapen att kunna anv\u00e4ndas f\u00f6r att utpl\u00e5na, d\u00f6da och leml\u00e4sta.<\/p>\n<p>I det s.k. icke-spridningsavtalet (NPT p\u00e5 engelska) f\u00f6rband sig k\u00e4rnvapenmakterna redan f\u00f6r 50 \u00e5r sedan att arbeta f\u00f6r att avskaffa alla k\u00e4rnvapen. Dock tog man ingen tidsplan.<\/p>\n<p>Idag vet vi ocks\u00e5 med st\u00f6rsta s\u00e4kerhet att Ryssland moderniserar sina vapen och att Kina aggressivt utvecklar sina att bli mycket mera effektiva. Och USA har beslutat att satsa upp till 1.200 miljarder dollar under tre decennier p\u00e5 sitt omfattande k\u00e4rnvapenprogram. Ofattbart!<\/p>\n<p>S\u00e5 illa \u00e4r l\u00e4get idag k\u00e4ra \u00d6viksbor!<\/p>\n<p>H\u00f6sten 2016 antog dock FN:s Generalf\u00f6rsamling en <strong>resolution <\/strong>som kr\u00e4vde ett nytt avtal som skulle <strong>F\u00d6RBJUDA K\u00c4RNVAPNEN!!!!<\/strong>\u00a0 <strong>Sverige r\u00f6stade f\u00f6r detta!<\/strong><\/p>\n<p><strong>Den 7 juli ifjol 2017 r\u00f6stade s\u00e5 Sverige tillsammans med 121 andra l\u00e4nder f\u00f6r avtalet. <\/strong>Detta d\u00e5 efter en del sm\u00e4rre justeringar, men helt klart ett<strong> F\u00d6RBUD<\/strong>!<\/p>\n<p><strong>Men s\u00e5 h\u00e4r hemma igen efter p\u00e5tryckningar fr\u00e5n bl.a. USA och Nato valde man att INTE ratificera avtalet! L\u00e4mpligheten skulle utredas f\u00f6rst och vara klar tills nu efter valet i morgon den 9 september! Gott FOLK, synnerligen m\u00e4rkligt!<\/strong><\/p>\n<p>I \u00f6ver <strong>5 decennier har Sverige<\/strong> varit en ledande makt i arbetet mot ett f\u00f6rbud av k\u00e4rnvapen!<\/p>\n<p><strong>Inget annat land har best\u00e4mt \u00f6ver v\u00e5r s\u00e4kerhetspolitik! Vi har \u00e4ven aktivt jobbat f\u00f6r -k\u00e4rnvapenfria zoner-, varf\u00f6r denna pl\u00f6tsliga tvekan nu???????<\/strong><\/p>\n<p><strong>En Sifo-unders\u00f6kning (d\u00e4r jag sj\u00e4lv brukar vara med!) visade p\u00e5 att hela 86% av Sveriges Folk\u00a0 ville att v\u00e5rt land skulle <u>ratificera avtalet f\u00f6r ett k\u00e4rnvapenf\u00f6rbud!<\/u><\/strong><\/p>\n<p>V\u00e5r anrika FN-f\u00f6rening h\u00e4r i \u00d6vik, inne p\u00e5 v\u00e5rt 42:a verksamhets\u00e5r, har allt sedan vi bildades <strong>1976 jobbat f\u00f6r ett f\u00f6rbud mot k\u00e4rnvapen!<\/strong><\/p>\n<p>&nbsp;<\/p>\n<p><strong>HOTEN HAR ALDRIG VARIT ST\u00d6RRE \u00c4N IDAG! <\/strong><\/p>\n<p>&nbsp;<\/p>\n<p><strong>VI HAR SVENSKA FOLKET MED OSS!<\/strong><\/p>\n<p>&nbsp;<\/p>\n<p><strong>Passivitet \u00e4r ocks\u00e5 en handling!\u00a0\u00a0\u00a0\u00a0\u00a0\u00a0\u00a0\u00a0\u00a0\u00a0\u00a0\u00a0\u00a0\u00a0\u00a0\u00a0\u00a0\u00a0\u00a0\u00a0\u00a0\u00a0\u00a0\u00a0\u00a0\u00a0\u00a0\u00a0\u00a0\u00a0\u00a0\u00a0\u00a0\u00a0\u00a0\u00a0\u00a0\u00a0\u00a0\u00a0\u00a0\u00a0 Stellan B\u00e4cklund, ordf.<\/strong><\/p>\n","protected":false},"excerpt":{"rendered":"<p>APPELL av FN-f\u00f6reningen i samband med 2018 MKC\/Kultur-dagen De internationella fr\u00e5gorna har lyst med sin fr\u00e5nvaro i valdebatten, m\u00f6jligen med&hellip;<\/p>\n","protected":false},"author":111,"featured_media":0,"parent":0,"menu_order":0,"comment_status":"closed","ping_status":"closed","template":"","meta":{"_acf_changed":false,"footnotes":"","_links_to":"","_links_to_target":""},"class_list":["post-623","page","type-page","status-publish","hentry"],"acf":[],"_links":{"self":[{"href":"https:\/\/fn.se\/ornskoldsvik\/wp-json\/wp\/v2\/pages\/623","targetHints":{"allow":["GET"]}}],"collection":[{"href":"https:\/\/fn.se\/ornskoldsvik\/wp-json\/wp\/v2\/pages"}],"about":[{"href":"https:\/\/fn.se\/ornskoldsvik\/wp-json\/wp\/v2\/types\/page"}],"author":[{"embeddable":true,"href":"https:\/\/fn.se\/ornskoldsvik\/wp-json\/wp\/v2\/users\/111"}],"replies":[{"embeddable":true,"href":"https:\/\/fn.se\/ornskoldsvik\/wp-json\/wp\/v2\/comments?post=623"}],"version-history":[{"count":4,"href":"https:\/\/fn.se\/ornskoldsvik\/wp-json\/wp\/v2\/pages\/623\/revisions"}],"predecessor-version":[{"id":691,"href":"https:\/\/fn.se\/ornskoldsvik\/wp-json\/wp\/v2\/pages\/623\/revisions\/691"}],"wp:attachment":[{"href":"https:\/\/fn.se\/ornskoldsvik\/wp-json\/wp\/v2\/media?parent=623"}],"curies":[{"name":"wp","href":"https:\/\/api.w.org\/{rel}","templated":true}]}}