{"id":615,"date":"2018-09-09T13:48:44","date_gmt":"2018-09-09T13:48:44","guid":{"rendered":"https:\/\/fn.se\/ornskoldsvik\/?page_id=615"},"modified":"2018-09-09T13:49:20","modified_gmt":"2018-09-09T13:49:20","slug":"aktiv-host-inom-fn-foreningen","status":"publish","type":"page","link":"https:\/\/fn.se\/ornskoldsvik\/aktiv-host-inom-fn-foreningen\/","title":{"rendered":"Aktiv h\u00f6st inom FN-f\u00f6reningen"},"content":{"rendered":"<p>Vid \u00d6viks FN-f\u00f6renings f\u00f6rsta styrelsem\u00f6te f\u00f6r h\u00f6sten i Sunnansj\u00f6\/N\u00e4tra planerade man ing\u00e5ende f\u00f6r h\u00f6sten verksamhet som man k\u00f6r i samarbete med NBV. Detta parat med bes\u00f6k av g\u00e4sterna Ayellino Geke och Patience Mathose fr\u00e5n Zimbabwe. En sammankomst d\u00e4r \u00e5rets surstr\u00f6mming stod p\u00e5 programmet under v\u00e4rdparet Birgitta\/H\u00e5kan Nordins ledning.<\/p>\n<p><img loading=\"lazy\" decoding=\"async\" class=\"wp-image-616 alignright\" src=\"https:\/\/fn.se\/ornskoldsvik\/wp-content\/uploads\/sites\/98\/2018\/09\/Sunnansj\u00f6-2018-300x225.jpg\" alt=\"\" width=\"342\" height=\"256\" srcset=\"https:\/\/fn.se\/ornskoldsvik\/wp-content\/uploads\/sites\/98\/2018\/09\/Sunnansj\u00f6-2018-300x225.jpg 300w, https:\/\/fn.se\/ornskoldsvik\/wp-content\/uploads\/sites\/98\/2018\/09\/Sunnansj\u00f6-2018-768x576.jpg 768w, https:\/\/fn.se\/ornskoldsvik\/wp-content\/uploads\/sites\/98\/2018\/09\/Sunnansj\u00f6-2018-1024x768.jpg 1024w, https:\/\/fn.se\/ornskoldsvik\/wp-content\/uploads\/sites\/98\/2018\/09\/Sunnansj\u00f6-2018-650x488.jpg 650w\" sizes=\"auto, (max-width: 342px) 100vw, 342px\" \/><\/p>\n<p>Allt sedan 1979 har FN-f\u00f6reningen haft 38 bes\u00f6k av internationella g\u00e4ster varav 34 genomf\u00f6rts med g\u00e4ster fr\u00e5n olika partners i Zimbabwe d\u00e4r man bedrivit bist\u00e5ndsverksamhet i samarbete med olika skolor inom kommunen allt sedan 1994. \u00c4ven olika grupper har mottagits fr\u00e5n Zimbabwe som gjort otaliga bes\u00f6k ute i v\u00e5r kommun, rapporterade ordf\u00f6randen Stellan B\u00e4cklund.<\/p>\n<p>Under h\u00f6sten st\u00e5r Krim-halv\u00f6n, gatubarnen i Maputo Mo\u00e7ambique och Svalbard p\u00e5 programmet och Svenska FN-f\u00f6rbundet vill \u00e4ven k\u00f6ra en -inspirationsdag&#8211; f\u00f6r FN-f\u00f6reningarna i Norrland i november m\u00e5nad. Detta\u00a0 i \u00d6vik med central medverkan fr\u00e5n Stockholm.<\/p>\n<p>S. B\u00e4cklund (text\/foto)<\/p>\n<p>Foto\/text: FN-f\u00f6reningens styrelse samlad med g\u00e4sterna i Sunnansj\u00f6.<\/p>\n","protected":false},"excerpt":{"rendered":"<p>Vid \u00d6viks FN-f\u00f6renings f\u00f6rsta styrelsem\u00f6te f\u00f6r h\u00f6sten i Sunnansj\u00f6\/N\u00e4tra planerade man ing\u00e5ende f\u00f6r h\u00f6sten verksamhet som man k\u00f6r i samarbete&hellip;<\/p>\n","protected":false},"author":111,"featured_media":0,"parent":0,"menu_order":0,"comment_status":"closed","ping_status":"closed","template":"","meta":{"_acf_changed":false,"footnotes":"","_links_to":"","_links_to_target":""},"class_list":["post-615","page","type-page","status-publish","hentry"],"acf":[],"_links":{"self":[{"href":"https:\/\/fn.se\/ornskoldsvik\/wp-json\/wp\/v2\/pages\/615","targetHints":{"allow":["GET"]}}],"collection":[{"href":"https:\/\/fn.se\/ornskoldsvik\/wp-json\/wp\/v2\/pages"}],"about":[{"href":"https:\/\/fn.se\/ornskoldsvik\/wp-json\/wp\/v2\/types\/page"}],"author":[{"embeddable":true,"href":"https:\/\/fn.se\/ornskoldsvik\/wp-json\/wp\/v2\/users\/111"}],"replies":[{"embeddable":true,"href":"https:\/\/fn.se\/ornskoldsvik\/wp-json\/wp\/v2\/comments?post=615"}],"version-history":[{"count":2,"href":"https:\/\/fn.se\/ornskoldsvik\/wp-json\/wp\/v2\/pages\/615\/revisions"}],"predecessor-version":[{"id":618,"href":"https:\/\/fn.se\/ornskoldsvik\/wp-json\/wp\/v2\/pages\/615\/revisions\/618"}],"wp:attachment":[{"href":"https:\/\/fn.se\/ornskoldsvik\/wp-json\/wp\/v2\/media?parent=615"}],"curies":[{"name":"wp","href":"https:\/\/api.w.org\/{rel}","templated":true}]}}