{"id":545,"date":"2018-03-06T12:21:00","date_gmt":"2018-03-06T12:21:00","guid":{"rendered":"https:\/\/fn.se\/ornskoldsvik\/?page_id=545"},"modified":"2018-03-06T12:24:55","modified_gmt":"2018-03-06T12:24:55","slug":"att-vaxa-med-resan","status":"publish","type":"page","link":"https:\/\/fn.se\/ornskoldsvik\/att-vaxa-med-resan\/","title":{"rendered":"Att v\u00e4xa med resan"},"content":{"rendered":"<p>&nbsp;<\/p>\n<p>-Att v\u00e4xa\u00a0<img loading=\"lazy\" decoding=\"async\" class=\"size-medium wp-image-546 alignleft\" src=\"https:\/\/fn.se\/ornskoldsvik\/wp-content\/uploads\/sites\/98\/2018\/03\/P1030042c-230x300.jpg\" alt=\"\" width=\"230\" height=\"300\" srcset=\"https:\/\/fn.se\/ornskoldsvik\/wp-content\/uploads\/sites\/98\/2018\/03\/P1030042c-230x300.jpg 230w, https:\/\/fn.se\/ornskoldsvik\/wp-content\/uploads\/sites\/98\/2018\/03\/P1030042c-768x1002.jpg 768w, https:\/\/fn.se\/ornskoldsvik\/wp-content\/uploads\/sites\/98\/2018\/03\/P1030042c-785x1024.jpg 785w, https:\/\/fn.se\/ornskoldsvik\/wp-content\/uploads\/sites\/98\/2018\/03\/P1030042c-245x320.jpg 245w, https:\/\/fn.se\/ornskoldsvik\/wp-content\/uploads\/sites\/98\/2018\/03\/P1030042c-536x700.jpg 536w\" sizes=\"auto, (max-width: 230px) 100vw, 230px\" \/>med resan- var rubriken f\u00f6r Bengt S\u00f6derlinds\u00a0 inneh\u00e5llsrika ber\u00e4ttelse n\u00e4r han skulle redovisa en del av de resor och projekt f\u00f6r ungdomar\u00a0han varit\u00a0engagerad i sedan starten \u00e5r 2000 i Husum. Med andra ord en verkligt van resen\u00e4r som \u00e4ven visade fina bilder fr\u00e5n alla rese\u00e4ventyr i b\u00e5de Europa, Afrika och Asien.\u00a0 V\u00e4rlden \u00e4r n\u00e4ra, po\u00e4ngterade Bengt, men hur p\u00e5verkar oss alla resor? Hur ser vi p\u00e5 andra m\u00e4nniskor utifr\u00e5n v\u00e5ra svenska \u00f6gon? Vad betyder spr\u00e5ken? \u00d6kas v\u00e5r sj\u00e4lvk\u00e4nsla? Alla dessa intressanta fr\u00e5gor var en del av funderingarna n\u00e4r det g\u00e4llde resornas betydelse. Som Bengt tog upp innefattande \u00e4ven v\u00e5ra attityder till andra. Allt diskuterades i de olika resegrupperna. En del\u00a0 resor var som projekt i vissa fall \u00e4ven med bidrag fr\u00e5n EU. Det \u00e4r ju alltid vi som t\u00e4nker och handlar r\u00e4tt, dom \u00e4r de konstiga utl\u00e4nningarna. M\u00f6tena med andra folk utmanar! Men allt blev efter hand sp\u00e4nnande med \u00f6kad gemenskap och v\u00e4rme. Bengt avtackades sedvanligt med en f\u00e5ng blommor av Stellan B\u00e4cklund innan \u00e5rsm\u00f6tesf\u00f6rhandlingarna tog vid.<\/p>\n<p><img loading=\"lazy\" decoding=\"async\" class=\" wp-image-547 alignright\" src=\"https:\/\/fn.se\/ornskoldsvik\/wp-content\/uploads\/sites\/98\/2018\/03\/P1030044-300x225.jpg\" alt=\"\" width=\"452\" height=\"339\" srcset=\"https:\/\/fn.se\/ornskoldsvik\/wp-content\/uploads\/sites\/98\/2018\/03\/P1030044-300x225.jpg 300w, https:\/\/fn.se\/ornskoldsvik\/wp-content\/uploads\/sites\/98\/2018\/03\/P1030044-768x576.jpg 768w, https:\/\/fn.se\/ornskoldsvik\/wp-content\/uploads\/sites\/98\/2018\/03\/P1030044-1024x768.jpg 1024w, https:\/\/fn.se\/ornskoldsvik\/wp-content\/uploads\/sites\/98\/2018\/03\/P1030044-427x320.jpg 427w, https:\/\/fn.se\/ornskoldsvik\/wp-content\/uploads\/sites\/98\/2018\/03\/P1030044-933x700.jpg 933w, https:\/\/fn.se\/ornskoldsvik\/wp-content\/uploads\/sites\/98\/2018\/03\/P1030044.jpg 1600w\" sizes=\"auto, (max-width: 452px) 100vw, 452px\" \/><\/p>\n<p>Valen: Stellan B\u00e4cklund ordf., styrelseledam\u00f6ter p\u00e5 tv\u00e5 \u00e5r Birgitta Nordin och Sten-Ove Sundl\u00f6f och med Nyasha Manyau och Moa Norberg som ers\u00e4ttare. Ungdomsrepresentant Erika Viberg och som revisorer uts\u00e5gs Moniqa E. Lindgren och Roger Sandstr\u00f6m och till valberedningen valdes H\u00e5kan Nordin (sammankallande) och Mona Hedberg. Ombuden till SFN:s kongress i \u00d6rebro utses senare av styrelsen. Lena Konradsson \u00d6berg avtackades f\u00f6r sin tid i styrelsen innan\u00a0 det v\u00e4lbes\u00f6kta \u00e5rsm\u00f6tet f\u00f6rklarades avslutat vid NBV:s fina lokaler p\u00e5 Bergsgatan.<\/p>\n<p>\/ESSBE<\/p>\n<p><img loading=\"lazy\" decoding=\"async\" class=\"alignnone size-medium wp-image-550\" src=\"https:\/\/fn.se\/ornskoldsvik\/wp-content\/uploads\/sites\/98\/2018\/03\/P1030047b-300x245.jpg\" alt=\"\" width=\"300\" height=\"245\" srcset=\"https:\/\/fn.se\/ornskoldsvik\/wp-content\/uploads\/sites\/98\/2018\/03\/P1030047b-300x245.jpg 300w, https:\/\/fn.se\/ornskoldsvik\/wp-content\/uploads\/sites\/98\/2018\/03\/P1030047b-768x628.jpg 768w, https:\/\/fn.se\/ornskoldsvik\/wp-content\/uploads\/sites\/98\/2018\/03\/P1030047b-1024x837.jpg 1024w, https:\/\/fn.se\/ornskoldsvik\/wp-content\/uploads\/sites\/98\/2018\/03\/P1030047b-391x320.jpg 391w, https:\/\/fn.se\/ornskoldsvik\/wp-content\/uploads\/sites\/98\/2018\/03\/P1030047b-856x700.jpg 856w, https:\/\/fn.se\/ornskoldsvik\/wp-content\/uploads\/sites\/98\/2018\/03\/P1030047b.jpg 1776w\" sizes=\"auto, (max-width: 300px) 100vw, 300px\" \/><\/p>\n","protected":false},"excerpt":{"rendered":"<p>&nbsp; -Att v\u00e4xa\u00a0med resan- var rubriken f\u00f6r Bengt S\u00f6derlinds\u00a0 inneh\u00e5llsrika ber\u00e4ttelse n\u00e4r han skulle redovisa en del av de resor&hellip;<\/p>\n","protected":false},"author":111,"featured_media":0,"parent":0,"menu_order":0,"comment_status":"closed","ping_status":"closed","template":"","meta":{"_acf_changed":false,"footnotes":"","_links_to":"","_links_to_target":""},"class_list":["post-545","page","type-page","status-publish","hentry"],"acf":[],"_links":{"self":[{"href":"https:\/\/fn.se\/ornskoldsvik\/wp-json\/wp\/v2\/pages\/545","targetHints":{"allow":["GET"]}}],"collection":[{"href":"https:\/\/fn.se\/ornskoldsvik\/wp-json\/wp\/v2\/pages"}],"about":[{"href":"https:\/\/fn.se\/ornskoldsvik\/wp-json\/wp\/v2\/types\/page"}],"author":[{"embeddable":true,"href":"https:\/\/fn.se\/ornskoldsvik\/wp-json\/wp\/v2\/users\/111"}],"replies":[{"embeddable":true,"href":"https:\/\/fn.se\/ornskoldsvik\/wp-json\/wp\/v2\/comments?post=545"}],"version-history":[{"count":2,"href":"https:\/\/fn.se\/ornskoldsvik\/wp-json\/wp\/v2\/pages\/545\/revisions"}],"predecessor-version":[{"id":553,"href":"https:\/\/fn.se\/ornskoldsvik\/wp-json\/wp\/v2\/pages\/545\/revisions\/553"}],"wp:attachment":[{"href":"https:\/\/fn.se\/ornskoldsvik\/wp-json\/wp\/v2\/media?parent=545"}],"curies":[{"name":"wp","href":"https:\/\/api.w.org\/{rel}","templated":true}]}}