{"id":506,"date":"2017-10-22T09:53:23","date_gmt":"2017-10-22T09:53:23","guid":{"rendered":"https:\/\/fn.se\/ornskoldsvik\/?page_id=506"},"modified":"2017-10-22T09:56:47","modified_gmt":"2017-10-22T09:56:47","slug":"fokus-kenya-och-sveriges-roll-i-fns-sakerhetsrad","status":"publish","type":"page","link":"https:\/\/fn.se\/ornskoldsvik\/fokus-kenya-och-sveriges-roll-i-fns-sakerhetsrad\/","title":{"rendered":"Fokus Kenya och Sveriges roll i FN:s S\u00e4kerhetsr\u00e5d"},"content":{"rendered":"<p><strong>Fokus Kenya och Sveriges roll i FN:s S\u00e4kerhetsr\u00e5d<\/strong><\/p>\n<p>F\u00f6r att n\u00e4rmare belysa den idag kritiska politiska situationen i Kenya hade FN-f\u00f6reningen bjudit in Gunvor Ngarambe fr\u00e5n Stockholm med m\u00e5ng\u00e5rig erfarenhet som bist\u00e5ndsarbetare i landet. \u00c4ven Sveriges roll sedan \u00e5rsskiftet som nyvald medlem i FN:s S\u00e4kerhetsr\u00e5d skulle hon diskutera. Gunvor\u00a0 har l\u00e5ng erfarenhet av FN-fr\u00e5gor som ordf\u00f6rande i Stockholms FN-f\u00f6rening och dessutom fr\u00e5n Internationella Kvinnof\u00f6rbundets ledning (IKF).<\/p>\n<div id=\"attachment_507\" style=\"width: 542px\" class=\"wp-caption alignleft\"><img loading=\"lazy\" decoding=\"async\" aria-describedby=\"caption-attachment-507\" class=\" wp-image-507\" src=\"https:\/\/fn.se\/ornskoldsvik\/wp-content\/uploads\/sites\/98\/2017\/10\/P1020916-300x225.jpg\" alt=\"\" width=\"532\" height=\"399\" srcset=\"https:\/\/fn.se\/ornskoldsvik\/wp-content\/uploads\/sites\/98\/2017\/10\/P1020916-300x225.jpg 300w, https:\/\/fn.se\/ornskoldsvik\/wp-content\/uploads\/sites\/98\/2017\/10\/P1020916-768x576.jpg 768w, https:\/\/fn.se\/ornskoldsvik\/wp-content\/uploads\/sites\/98\/2017\/10\/P1020916-1024x768.jpg 1024w, https:\/\/fn.se\/ornskoldsvik\/wp-content\/uploads\/sites\/98\/2017\/10\/P1020916-427x320.jpg 427w, https:\/\/fn.se\/ornskoldsvik\/wp-content\/uploads\/sites\/98\/2017\/10\/P1020916-933x700.jpg 933w, https:\/\/fn.se\/ornskoldsvik\/wp-content\/uploads\/sites\/98\/2017\/10\/P1020916.jpg 1600w\" sizes=\"auto, (max-width: 532px) 100vw, 532px\" \/><p id=\"caption-attachment-507\" class=\"wp-caption-text\"><em>Gunvor Ngarambe belyste valet i Kenya och behovet av att st\u00e4rka kvinnors r\u00e4ttigheter<\/em>.<\/p><\/div>\n<p>Kenya idag med sina dryga 46 miljoner inv\u00e5nare och stort som en tredjedel av Sverige koloniserades i slutat av 1800-talet av britterna och blev ett protektorat 1895. De vita nybyggarna lade beslag p\u00e5 de b\u00e4sta och b\u00f6rdigaste jordbruksmarkerna i landet och landets olika folkgrupper underkuvades brutalt under slavliknande f\u00f6rh\u00e5llanden. \u00c4n idag utg\u00f6r jordbrukssektorn den viktigaste inkomstk\u00e4llan kompletterat med den utbredda turismen, ber\u00e4ttade Gunvor initierat. Kenya \u00e4r idag \u00d6stafrikas st\u00f6rsta ekonomi d\u00e4r dock korruptionen \u00e4r utbredd och d\u00e4r mer \u00e4n\u00a0\u00a0 40 olika folkgrupper befolkar landet.<\/p>\n<p>Den etniska konflikten har ocks\u00e5 varit omfattande och inf\u00f6r de olika valen sedan sj\u00e4lvst\u00e4ndigheten 1963 och valen har pr\u00e4glats av sv\u00e5ra etniska konflikter, inte minst i valet 2007 d\u00e5 \u00f6ver tusen personer m\u00f6rdades och tre hundra tusen kenyaner f\u00f6rdrevs fr\u00e5n sina hem. Vid valet nu\u00a0 senast den 8 augusti f\u00f6rklarade den H\u00f6gsta Domstolen valet som ogiltigt och ett nytt presidentval ska h\u00e5llas prelimin\u00e4rt i slutet p\u00e5 m\u00e5naden. Oppositionsledaren Raila Odinga fr\u00e5n Luo-folket intill Victoriasj\u00f6n vill bojkotta valet nu om inte valkommissionen i landet reformeras, oroligheterna sprider sig ocks\u00e5 nu \u00f6ver hela landet. Vad som ska h\u00e4nda nu \u00e4r mycket os\u00e4kert menade Gunvor Ngarambe.<\/p>\n<p><img loading=\"lazy\" decoding=\"async\" class=\"alignnone wp-image-508\" src=\"https:\/\/fn.se\/ornskoldsvik\/wp-content\/uploads\/sites\/98\/2017\/10\/P1020919d-300x255.jpg\" alt=\"\" width=\"259\" height=\"220\" srcset=\"https:\/\/fn.se\/ornskoldsvik\/wp-content\/uploads\/sites\/98\/2017\/10\/P1020919d-300x255.jpg 300w, https:\/\/fn.se\/ornskoldsvik\/wp-content\/uploads\/sites\/98\/2017\/10\/P1020919d-768x653.jpg 768w, https:\/\/fn.se\/ornskoldsvik\/wp-content\/uploads\/sites\/98\/2017\/10\/P1020919d-1024x871.jpg 1024w, https:\/\/fn.se\/ornskoldsvik\/wp-content\/uploads\/sites\/98\/2017\/10\/P1020919d-376x320.jpg 376w, https:\/\/fn.se\/ornskoldsvik\/wp-content\/uploads\/sites\/98\/2017\/10\/P1020919d-823x700.jpg 823w, https:\/\/fn.se\/ornskoldsvik\/wp-content\/uploads\/sites\/98\/2017\/10\/P1020919d.jpg 1600w\" sizes=\"auto, (max-width: 259px) 100vw, 259px\" \/> <img loading=\"lazy\" decoding=\"async\" class=\"alignnone wp-image-510\" src=\"https:\/\/fn.se\/ornskoldsvik\/wp-content\/uploads\/sites\/98\/2017\/10\/P1020921b-300x239.jpg\" alt=\"\" width=\"276\" height=\"220\" srcset=\"https:\/\/fn.se\/ornskoldsvik\/wp-content\/uploads\/sites\/98\/2017\/10\/P1020921b-300x239.jpg 300w, https:\/\/fn.se\/ornskoldsvik\/wp-content\/uploads\/sites\/98\/2017\/10\/P1020921b-402x320.jpg 402w, https:\/\/fn.se\/ornskoldsvik\/wp-content\/uploads\/sites\/98\/2017\/10\/P1020921b.jpg 568w\" sizes=\"auto, (max-width: 276px) 100vw, 276px\" \/>\u00a0<img loading=\"lazy\" decoding=\"async\" class=\"alignnone wp-image-511\" src=\"https:\/\/fn.se\/ornskoldsvik\/wp-content\/uploads\/sites\/98\/2017\/10\/P1020922c-300x202.jpg\" alt=\"\" width=\"325\" height=\"219\" srcset=\"https:\/\/fn.se\/ornskoldsvik\/wp-content\/uploads\/sites\/98\/2017\/10\/P1020922c-300x202.jpg 300w, https:\/\/fn.se\/ornskoldsvik\/wp-content\/uploads\/sites\/98\/2017\/10\/P1020922c-768x517.jpg 768w, https:\/\/fn.se\/ornskoldsvik\/wp-content\/uploads\/sites\/98\/2017\/10\/P1020922c-1024x689.jpg 1024w, https:\/\/fn.se\/ornskoldsvik\/wp-content\/uploads\/sites\/98\/2017\/10\/P1020922c-450x303.jpg 450w\" sizes=\"auto, (max-width: 325px) 100vw, 325px\" \/><\/p>\n<p><em>Vi fick se bilder fr\u00e5n en IKF-studieresa i Kenya i v\u00e5ras, d\u00e5 bes\u00f6ktes bl.a. den m\u00e4ktiga Victoriasj\u00f6n men s\u00e4llskapet fick ocks\u00e5 uppleva det sp\u00e4nnande djurlivet (p\u00e5 bilden geparder!) p\u00e5 savannen vid gr\u00e4nsen mot Tanzania. Ett m\u00f6te med masajerna ingick ocks\u00e5.<\/em><\/p>\n<p>N\u00e4r det g\u00e4ller S\u00e4kerhetsr\u00e5det s\u00e5 hoppas hon att Sverige som medlem nu p\u00e5 tv\u00e5 \u00e5r kommer att med kraft\u00a0 f\u00f6rs\u00f6ka\u00a0 f\u00f6rebygga\u00a0 konflikter innan de bryter ut p\u00e5 skilda h\u00e5ll i v\u00e4rlden. Med andra ord ska man kunna jobba\u00a0 f\u00f6rebyggande och f\u00f6r \u00f6vrigt b\u00f6r\u00a0 kvinnors r\u00e4ttigheter kunna st\u00e4rkas inom skilda omr\u00e5den, parat\u00a0 d\u00e5 med klimathotet och milj\u00f6f\u00f6rst\u00f6ringen. Kvinnors r\u00e4ttigheter ska \u00e4ven f\u00f6rst\u00e4rkas inom fredsskapandet, en viktig roll inom Sveriges r\u00e5dande feministiska utrikespolitik. Fred och internationell S\u00e4kerhet stod \u00e4ven i centrum senast Sverige var med i S\u00e4kerhetsr\u00e5det 1997-98,\u00a0 avslutade Gunvor som sedvanligt avtackades f\u00f6r sitt fina f\u00f6redrag av FN-f\u00f6reningens ordf\u00f6rande Stellan B\u00e4cklund med en blomma. Han passade p\u00e5 att \u00e4ven avtacka ett par \u00e4ldre medlemmar liksom IKF och NBV som medarrang\u00f6rer, dessutom Svenska FN-f\u00f6rbundet f\u00f6r sitt projektbidrag.<\/p>\n<p>ESSBE<\/p>\n<p>Kv\u00e4llens fotograf: Toli<\/p>\n","protected":false},"excerpt":{"rendered":"<p>Fokus Kenya och Sveriges roll i FN:s S\u00e4kerhetsr\u00e5d F\u00f6r att n\u00e4rmare belysa den idag kritiska politiska situationen i Kenya hade&hellip;<\/p>\n","protected":false},"author":111,"featured_media":0,"parent":0,"menu_order":0,"comment_status":"closed","ping_status":"closed","template":"","meta":{"_acf_changed":false,"footnotes":"","_links_to":"","_links_to_target":""},"class_list":["post-506","page","type-page","status-publish","hentry"],"acf":[],"_links":{"self":[{"href":"https:\/\/fn.se\/ornskoldsvik\/wp-json\/wp\/v2\/pages\/506","targetHints":{"allow":["GET"]}}],"collection":[{"href":"https:\/\/fn.se\/ornskoldsvik\/wp-json\/wp\/v2\/pages"}],"about":[{"href":"https:\/\/fn.se\/ornskoldsvik\/wp-json\/wp\/v2\/types\/page"}],"author":[{"embeddable":true,"href":"https:\/\/fn.se\/ornskoldsvik\/wp-json\/wp\/v2\/users\/111"}],"replies":[{"embeddable":true,"href":"https:\/\/fn.se\/ornskoldsvik\/wp-json\/wp\/v2\/comments?post=506"}],"version-history":[{"count":2,"href":"https:\/\/fn.se\/ornskoldsvik\/wp-json\/wp\/v2\/pages\/506\/revisions"}],"predecessor-version":[{"id":515,"href":"https:\/\/fn.se\/ornskoldsvik\/wp-json\/wp\/v2\/pages\/506\/revisions\/515"}],"wp:attachment":[{"href":"https:\/\/fn.se\/ornskoldsvik\/wp-json\/wp\/v2\/media?parent=506"}],"curies":[{"name":"wp","href":"https:\/\/api.w.org\/{rel}","templated":true}]}}