{"id":497,"date":"2017-10-15T13:26:45","date_gmt":"2017-10-15T13:26:45","guid":{"rendered":"https:\/\/fn.se\/ornskoldsvik\/?page_id=497"},"modified":"2017-10-15T13:35:47","modified_gmt":"2017-10-15T13:35:47","slug":"hostens-planeringsmote-och-mkc-dagen","status":"publish","type":"page","link":"https:\/\/fn.se\/ornskoldsvik\/hostens-planeringsmote-och-mkc-dagen\/","title":{"rendered":"H\u00f6stens planeringsm\u00f6te och MKC-dagen"},"content":{"rendered":"<p>H\u00f6stens planeringsm\u00f6te h\u00f6lls nyligen hemma hos makarna Birgitta och H\u00e5kan Nordin i Sunnansj\u00f6, detta ocks\u00e5 nu n\u00e4r man firar 40 \u00e5rs verksamhet inom kommunen. Ett m\u00f6te sedvanligt parat med surstr\u00f6mming och inbjudna g\u00e4ster. Samarbetsspelet UTOPIA WORLD \u00e4r ju avrapporterat och nu st\u00e5r f\u00f6reningen inf\u00f6r nya utmaningar fram\u00f6ver. F\u00f6rsta temam\u00f6tet tar upp ett\u00a0 fint resereportage om NYA ZEELAND med Vanja och Jan Lindstedt.<\/p>\n<p>Senare s\u00e4tter man \u00e4ven fokus p\u00e5 landet KENYA i \u00d6stafrika som st\u00e5r inf\u00f6r nya utmaningar nu n\u00e4r ett omval ska \u00e4ga rum i slutet av oktober<\/p>\n<div id=\"attachment_496\" style=\"width: 411px\" class=\"wp-caption alignright\"><img loading=\"lazy\" decoding=\"async\" aria-describedby=\"caption-attachment-496\" class=\"wp-image-496\" src=\"https:\/\/fn.se\/ornskoldsvik\/wp-content\/uploads\/sites\/98\/2017\/10\/P10209031-225x300.jpg\" alt=\"\" width=\"401\" height=\"535\" srcset=\"https:\/\/fn.se\/ornskoldsvik\/wp-content\/uploads\/sites\/98\/2017\/10\/P10209031-225x300.jpg 225w, https:\/\/fn.se\/ornskoldsvik\/wp-content\/uploads\/sites\/98\/2017\/10\/P10209031-768x1024.jpg 768w, https:\/\/fn.se\/ornskoldsvik\/wp-content\/uploads\/sites\/98\/2017\/10\/P10209031-240x320.jpg 240w, https:\/\/fn.se\/ornskoldsvik\/wp-content\/uploads\/sites\/98\/2017\/10\/P10209031-525x700.jpg 525w, https:\/\/fn.se\/ornskoldsvik\/wp-content\/uploads\/sites\/98\/2017\/10\/P10209031.jpg 1600w\" sizes=\"auto, (max-width: 401px) 100vw, 401px\" \/><p id=\"caption-attachment-496\" class=\"wp-caption-text\">FN-f\u00f6reningens bokbord i samband med den \u2013 Internationella Kulturdagen \u2013 som anordnades av MKC p\u00e5 Stora Torget f\u00f6r en tid sedan. (Torbj\u00f6rn Lindgren, foto)<\/p><\/div>\n<p>m\u00e5nad. F\u00f6r att belysa detta har man bjudit in Gunvor Ngarambe fr\u00e5n IKF (Internationella Kvinnof\u00f6reningen) i Stockholm, detta m\u00f6te anordnas ocks\u00e5 med den lokala f\u00f6reningen h\u00e4r i \u00d6vik. IKF:s skolprojekt i Kenya kommer \u00e4ven att belysas. FN och S\u00e4kerhetsr\u00e5det, d\u00e4r Sverige nu \u00e4r med, kommer \u00e4ven att diskuteras under m\u00f6tet.<\/p>\n<p>Under h\u00f6sten forts\u00e4tter \u00e4ven f\u00f6reningens ambitioner med att g\u00f6ra klart BIBLIOTEKSPROJEKTET vid Nyatsamboskolan i Zimbabwe, insamlade b\u00f6cker h\u00e4r hemma har redan fraktats ner till skolan. Ett unikt landsbygdsprojekt som kunnat fullf\u00f6ljas genom ett fint st\u00f6d genom OPERATION SYSKONSKOLA i samarbete med flera av kommunens h\u00f6gstadieskolor. Fortsatt st\u00f6d utg\u00e5r \u00e4ven till andra insatser i landet.<\/p>\n<p>\/ESSBE<\/p>\n<p><img loading=\"lazy\" decoding=\"async\" class=\" wp-image-495 alignleft\" src=\"https:\/\/fn.se\/ornskoldsvik\/wp-content\/uploads\/sites\/98\/2017\/10\/P10209021-300x225.jpg\" alt=\"\" width=\"328\" height=\"246\" srcset=\"https:\/\/fn.se\/ornskoldsvik\/wp-content\/uploads\/sites\/98\/2017\/10\/P10209021-300x225.jpg 300w, https:\/\/fn.se\/ornskoldsvik\/wp-content\/uploads\/sites\/98\/2017\/10\/P10209021-768x576.jpg 768w, https:\/\/fn.se\/ornskoldsvik\/wp-content\/uploads\/sites\/98\/2017\/10\/P10209021-1024x768.jpg 1024w, https:\/\/fn.se\/ornskoldsvik\/wp-content\/uploads\/sites\/98\/2017\/10\/P10209021-427x320.jpg 427w, https:\/\/fn.se\/ornskoldsvik\/wp-content\/uploads\/sites\/98\/2017\/10\/P10209021-933x700.jpg 933w, https:\/\/fn.se\/ornskoldsvik\/wp-content\/uploads\/sites\/98\/2017\/10\/P10209021.jpg 1600w\" sizes=\"auto, (max-width: 328px) 100vw, 328px\" \/><\/p>\n","protected":false},"excerpt":{"rendered":"<p>H\u00f6stens planeringsm\u00f6te h\u00f6lls nyligen hemma hos makarna Birgitta och H\u00e5kan Nordin i Sunnansj\u00f6, detta ocks\u00e5 nu n\u00e4r man firar 40&hellip;<\/p>\n","protected":false},"author":111,"featured_media":0,"parent":0,"menu_order":0,"comment_status":"closed","ping_status":"closed","template":"templates\/template-sub.php","meta":{"_acf_changed":false,"footnotes":"","_links_to":"","_links_to_target":""},"class_list":["post-497","page","type-page","status-publish","hentry"],"acf":[],"_links":{"self":[{"href":"https:\/\/fn.se\/ornskoldsvik\/wp-json\/wp\/v2\/pages\/497","targetHints":{"allow":["GET"]}}],"collection":[{"href":"https:\/\/fn.se\/ornskoldsvik\/wp-json\/wp\/v2\/pages"}],"about":[{"href":"https:\/\/fn.se\/ornskoldsvik\/wp-json\/wp\/v2\/types\/page"}],"author":[{"embeddable":true,"href":"https:\/\/fn.se\/ornskoldsvik\/wp-json\/wp\/v2\/users\/111"}],"replies":[{"embeddable":true,"href":"https:\/\/fn.se\/ornskoldsvik\/wp-json\/wp\/v2\/comments?post=497"}],"version-history":[{"count":3,"href":"https:\/\/fn.se\/ornskoldsvik\/wp-json\/wp\/v2\/pages\/497\/revisions"}],"predecessor-version":[{"id":501,"href":"https:\/\/fn.se\/ornskoldsvik\/wp-json\/wp\/v2\/pages\/497\/revisions\/501"}],"wp:attachment":[{"href":"https:\/\/fn.se\/ornskoldsvik\/wp-json\/wp\/v2\/media?parent=497"}],"curies":[{"name":"wp","href":"https:\/\/api.w.org\/{rel}","templated":true}]}}