{"id":492,"date":"2017-10-10T18:27:04","date_gmt":"2017-10-10T18:27:04","guid":{"rendered":"https:\/\/fn.se\/ornskoldsvik\/?page_id=492"},"modified":"2017-10-15T18:29:11","modified_gmt":"2017-10-15T18:29:11","slug":"fokus-nya-zeeland","status":"publish","type":"page","link":"https:\/\/fn.se\/ornskoldsvik\/fokus-nya-zeeland\/","title":{"rendered":"Fokus Nya Zeeland"},"content":{"rendered":"<div id=\"attachment_491\" style=\"width: 1034px\" class=\"wp-caption aligncenter\"><img loading=\"lazy\" decoding=\"async\" aria-describedby=\"caption-attachment-491\" class=\"wp-image-491 size-large\" src=\"https:\/\/fn.se\/ornskoldsvik\/wp-content\/uploads\/sites\/98\/2016\/08\/P1020909-1024x768.jpg\" alt=\"\" width=\"1024\" height=\"768\" srcset=\"https:\/\/fn.se\/ornskoldsvik\/wp-content\/uploads\/sites\/98\/2016\/08\/P1020909-1024x768.jpg 1024w, https:\/\/fn.se\/ornskoldsvik\/wp-content\/uploads\/sites\/98\/2016\/08\/P1020909-300x225.jpg 300w, https:\/\/fn.se\/ornskoldsvik\/wp-content\/uploads\/sites\/98\/2016\/08\/P1020909-768x576.jpg 768w, https:\/\/fn.se\/ornskoldsvik\/wp-content\/uploads\/sites\/98\/2016\/08\/P1020909-427x320.jpg 427w, https:\/\/fn.se\/ornskoldsvik\/wp-content\/uploads\/sites\/98\/2016\/08\/P1020909-933x700.jpg 933w, https:\/\/fn.se\/ornskoldsvik\/wp-content\/uploads\/sites\/98\/2016\/08\/P1020909.jpg 1600w\" sizes=\"auto, (max-width: 1024px) 100vw, 1024px\" \/><p id=\"caption-attachment-491\" class=\"wp-caption-text\">Vanja och Jan Lindstedt i den storslagna naturen p\u00e5 centrala Syd\u00f6n.<\/p><\/div>\n<div id=\"attachment_489\" style=\"width: 443px\" class=\"wp-caption alignright\"><img loading=\"lazy\" decoding=\"async\" aria-describedby=\"caption-attachment-489\" class=\"wp-image-489\" src=\"https:\/\/fn.se\/ornskoldsvik\/wp-content\/uploads\/sites\/98\/2016\/08\/P1020906b-300x158.jpg\" alt=\"\" width=\"433\" height=\"228\" srcset=\"https:\/\/fn.se\/ornskoldsvik\/wp-content\/uploads\/sites\/98\/2016\/08\/P1020906b-300x158.jpg 300w, https:\/\/fn.se\/ornskoldsvik\/wp-content\/uploads\/sites\/98\/2016\/08\/P1020906b-768x404.jpg 768w, https:\/\/fn.se\/ornskoldsvik\/wp-content\/uploads\/sites\/98\/2016\/08\/P1020906b-1024x538.jpg 1024w, https:\/\/fn.se\/ornskoldsvik\/wp-content\/uploads\/sites\/98\/2016\/08\/P1020906b-450x236.jpg 450w, https:\/\/fn.se\/ornskoldsvik\/wp-content\/uploads\/sites\/98\/2016\/08\/P1020906b.jpg 1195w\" sizes=\"auto, (max-width: 433px) 100vw, 433px\" \/><p id=\"caption-attachment-489\" class=\"wp-caption-text\">Syd\u00f6n har 2 g\u00e5nger de sista 6 \u00e5ren drabbats av kraftiga jordb\u00e4vningar, 2011 dog \u00f6ver 180 m\u00e4nniskor.<\/p><\/div>\n<p>Kia Ora! &#8211; med de orden m\u00f6ttes \u00e5h\u00f6rarna av Vanja och Jan Lindstedt n\u00e4r den 40-\u00e5rsjubilerande\u00a0 FN-f\u00f6reningen kallat till sitt f\u00f6rsta temam\u00f6te f\u00f6r h\u00f6sten. -Hej! p\u00e5 maorispr\u00e5ket med andra ord och sedan f\u00f6ljde ett inneh\u00e5llsrik presentation av Nya Zeeland i ord och bild. Makarna hade i b\u00f6rjan av f\u00f6rra \u00e5ret bes\u00f6kt detta fantastiska land s\u00e5 l\u00e5ngt bort fr\u00e5n Sverige som man kan komma, landet som \u00e4r lika stort som Norge med dryga 4,4 miljoner inv\u00e5nare p\u00e5 \u00f6arna Nord\u00f6n och Syd\u00f6n. Fr\u00e5n Polynesien befolkades Nya Zeeland genom maorierna p\u00e5 1200-talet och fr\u00e5n Europa kom holl\u00e4ndaren Abel Tasman \u00e5r 1642, idag har runt 70 procent av<\/p>\n<div id=\"attachment_490\" style=\"width: 326px\" class=\"wp-caption alignleft\"><img loading=\"lazy\" decoding=\"async\" aria-describedby=\"caption-attachment-490\" class=\"wp-image-490 \" src=\"https:\/\/fn.se\/ornskoldsvik\/wp-content\/uploads\/sites\/98\/2016\/08\/P1020907-300x225.jpg\" alt=\"\" width=\"316\" height=\"237\" srcset=\"https:\/\/fn.se\/ornskoldsvik\/wp-content\/uploads\/sites\/98\/2016\/08\/P1020907-300x225.jpg 300w, https:\/\/fn.se\/ornskoldsvik\/wp-content\/uploads\/sites\/98\/2016\/08\/P1020907-768x576.jpg 768w, https:\/\/fn.se\/ornskoldsvik\/wp-content\/uploads\/sites\/98\/2016\/08\/P1020907-1024x768.jpg 1024w, https:\/\/fn.se\/ornskoldsvik\/wp-content\/uploads\/sites\/98\/2016\/08\/P1020907-427x320.jpg 427w, https:\/\/fn.se\/ornskoldsvik\/wp-content\/uploads\/sites\/98\/2016\/08\/P1020907-933x700.jpg 933w, https:\/\/fn.se\/ornskoldsvik\/wp-content\/uploads\/sites\/98\/2016\/08\/P1020907.jpg 1600w\" sizes=\"auto, (max-width: 316px) 100vw, 316px\" \/><p id=\"caption-attachment-490\" class=\"wp-caption-text\">\u00d6ver 30% av Nya Zeelands yta \u00e4r naturreservat, man vill bl.a. v\u00e4rna om de s\u00e4rpr\u00e4glade arter som utvecklats under ett l\u00e5ngvarit, isolerat l\u00e4ge (= endemiska arter). Hit h\u00f6r Kivin som ocks\u00e5 \u00e4r Nya Zeelands nationalf\u00e5gel och symbol.<\/p><\/div>\n<p>befolkningen europeisk b\u00f6rd och maorierna utg\u00f6r 14 procent med sin rika kultur. Idag \u00e4r ocks\u00e5 landet en\u00a0 modern v\u00e4lf\u00e4rdsstat med parlamentarisk demokrati inom det Brittiska Samv\u00e4ldet.<\/p>\n<p>Genom vackra bilder fick vi uppleva en fantastisk natur med vulkaner, gejsrar och fjordar och \u00e4ven bes\u00f6ka st\u00e4derna Christchurch, Auckland och Queenstown, ja \u00e4ven huvudstaden Wellington. Vanja och Jan \u00e5kte bland annat runt med husbil och m\u00f6tte en stor g\u00e4stfrihet, egentligen ett fantastiskt dr\u00f6mresm\u00e5l\u00a0och idag bidrar ocks\u00e5 turismen till viktiga inkomster f\u00f6r landet. \u00c4ven en exportinriktad jordbrukssektor bidrar till ekonomin d\u00e4r f\u00e5rsk\u00f6tseln utm\u00e4rker sig med sina 40 miljoner f\u00e5r p\u00e5 de b\u00e5de \u00f6arna. Under senare \u00e5r har \u00e4ven handelsf\u00f6rbindelserna med Asien vuxit d\u00e4r kineserna utg\u00f6r ett viktigt inslag i befolkningen.<\/p>\n<p>&nbsp;<\/p>\n<p>Avtackningen av Vanja och Jan skedde sedvanligt genom ett f\u00e5ng blommor som l\u00e4mnades \u00f6ver av ordf\u00f6randen Stellan B\u00e4cklund, f\u00f6reningsm\u00f6tet h\u00f6lls f\u00f6r f\u00f6rsta g\u00e5ngen p\u00e5 Bergsgatan 8 i NBVs fr\u00e4scha lokaler, kommande m\u00f6te i oktober kommer att belysa\u00a0 valdramatiken i Kenya i \u00d6stafrika.<\/p>\n<p>\/ESSBE<\/p>\n<p>Kv\u00e4llens fotograf: Toli<\/p>\n","protected":false},"excerpt":{"rendered":"<p>Kia Ora! &#8211; med de orden m\u00f6ttes \u00e5h\u00f6rarna av Vanja och Jan Lindstedt n\u00e4r den 40-\u00e5rsjubilerande\u00a0 FN-f\u00f6reningen kallat till sitt&hellip;<\/p>\n","protected":false},"author":111,"featured_media":0,"parent":0,"menu_order":0,"comment_status":"closed","ping_status":"closed","template":"templates\/template-sub.php","meta":{"_acf_changed":false,"footnotes":"","_links_to":"","_links_to_target":""},"class_list":["post-492","page","type-page","status-publish","hentry"],"acf":[],"_links":{"self":[{"href":"https:\/\/fn.se\/ornskoldsvik\/wp-json\/wp\/v2\/pages\/492","targetHints":{"allow":["GET"]}}],"collection":[{"href":"https:\/\/fn.se\/ornskoldsvik\/wp-json\/wp\/v2\/pages"}],"about":[{"href":"https:\/\/fn.se\/ornskoldsvik\/wp-json\/wp\/v2\/types\/page"}],"author":[{"embeddable":true,"href":"https:\/\/fn.se\/ornskoldsvik\/wp-json\/wp\/v2\/users\/111"}],"replies":[{"embeddable":true,"href":"https:\/\/fn.se\/ornskoldsvik\/wp-json\/wp\/v2\/comments?post=492"}],"version-history":[{"count":2,"href":"https:\/\/fn.se\/ornskoldsvik\/wp-json\/wp\/v2\/pages\/492\/revisions"}],"predecessor-version":[{"id":502,"href":"https:\/\/fn.se\/ornskoldsvik\/wp-json\/wp\/v2\/pages\/492\/revisions\/502"}],"wp:attachment":[{"href":"https:\/\/fn.se\/ornskoldsvik\/wp-json\/wp\/v2\/media?parent=492"}],"curies":[{"name":"wp","href":"https:\/\/api.w.org\/{rel}","templated":true}]}}