{"id":462,"date":"2017-08-18T13:49:06","date_gmt":"2017-08-18T13:49:06","guid":{"rendered":"https:\/\/fn.se\/ornskoldsvik\/?page_id=462"},"modified":"2017-08-18T14:54:59","modified_gmt":"2017-08-18T14:54:59","slug":"utopia-slutfort","status":"publish","type":"page","link":"https:\/\/fn.se\/ornskoldsvik\/utopia-slutfort\/","title":{"rendered":"UTOPIA slutf\u00f6rt"},"content":{"rendered":"<p><strong>UTOPIA \u2013 Ett kul barndemokratiprojekt &#8211; \u00e4r\u00a0 nu slutf\u00f6rt<\/strong><\/p>\n<div id=\"attachment_463\" style=\"width: 1034px\" class=\"wp-caption aligncenter\"><img loading=\"lazy\" decoding=\"async\" aria-describedby=\"caption-attachment-463\" class=\"wp-image-463 size-large\" src=\"https:\/\/fn.se\/ornskoldsvik\/wp-content\/uploads\/sites\/98\/2017\/08\/UtopAvsked2-1024x758.jpg\" alt=\"\" width=\"1024\" height=\"758\" srcset=\"https:\/\/fn.se\/ornskoldsvik\/wp-content\/uploads\/sites\/98\/2017\/08\/UtopAvsked2-1024x758.jpg 1024w, https:\/\/fn.se\/ornskoldsvik\/wp-content\/uploads\/sites\/98\/2017\/08\/UtopAvsked2-300x222.jpg 300w, https:\/\/fn.se\/ornskoldsvik\/wp-content\/uploads\/sites\/98\/2017\/08\/UtopAvsked2-768x569.jpg 768w, https:\/\/fn.se\/ornskoldsvik\/wp-content\/uploads\/sites\/98\/2017\/08\/UtopAvsked2-432x320.jpg 432w, https:\/\/fn.se\/ornskoldsvik\/wp-content\/uploads\/sites\/98\/2017\/08\/UtopAvsked2-945x700.jpg 945w\" sizes=\"auto, (max-width: 1024px) 100vw, 1024px\" \/><p id=\"caption-attachment-463\" class=\"wp-caption-text\">Avtackningen av Maria Elfving p\u00e5 Varvsberget med fr.v. Ann-Catrin Brandtlin, Maria sj\u00e4lv, Monica Sundin, Lena Konradsson \u00d6berg, Birgitta Nordin och Margareta B\u00e4cklund<\/p><\/div>\n<p><strong>\u00a0<\/strong>Projektet som FN-f\u00f6reningen har drivit under \u00e5ren 2014 \u2013 2017 med st\u00f6d fr\u00e5n Allm\u00e4nna Arvsfonden har nu slutf\u00f6rts och en slutrapport \u00e4r p\u00e5 g\u00e5ng, allt enligt projektledaren Maria Elfving. Hon avtackades officiellt p\u00e5 Varvsberget f\u00f6r en tid sedan, gemensamt av b\u00e5de Kulturskolan och styrelsen inom FN-f\u00f6reningen. Samarbetsspelet UTOPIA utspelar sig i en fiktiv galax d\u00e4r det \u00e4r t\u00e4nkt att spelarna ska f\u00e4rdas i en rymdfarkost och bli del av ett upplevelsebaserat l\u00e4rande som \u00e4r kopplat till skolans \u00f6vergripande m\u00e5l i l\u00e4roplanen, men \u00e4ven till specifika \u00e4mnesm\u00e5l i undervisningen. Elevers f\u00f6rst\u00e5else f\u00f6r demokrati, demokratiska v\u00e4rderingar och m\u00e4nskliga r\u00e4ttigheter ska kunna formas i ett brett samh\u00e4llsperspektiv. Milj\u00f6n och de bakgrundsm\u00e4ssiga f\u00f6ruts\u00e4ttningarna har skapats av 150 elever vid pilotskolorna i kommunen med st\u00f6d hemifr\u00e5n och inte minst med intresserade l\u00e4rare.\u00a0 Teckningar och ber\u00e4ttelser har samlats in och utifr\u00e5n dessa har sj\u00e4lva spelet utformats av professionella spelkonstrukt\u00f6rer kopplade till HumLab-X\u00a0 vid Ume\u00e5 Universitet. D\u00e4refter har spelet ocks\u00e5 testats ute i skolorna och p\u00e5 s\u00e4tt gett v\u00e4rdefull feedback till utvecklingsteamet.<\/p>\n<p>L\u00e4rarna som nu vill anv\u00e4nda spelet s\u00e4tter sj\u00e4lva upp ambitionsniv\u00e5n, ett anpassat efterdiskussionsmaterial \u00e4r ocks\u00e5 framtaget som kan kopplas till FN:s nya antagna <strong><em>globala m\u00e5l<\/em><\/strong>.<\/p>\n<p>M\u00e5let f\u00f6r projektet har st\u00f6tts p\u00e5 ett mycket fint s\u00e4tt\u00a0 av och inom kommunen, inte minst genom Bildningsf\u00f6rvaltningen och Kultur &amp; Fritid. \u00a0Ett rej\u00e4lt demokrativerktyg har vuxit fram d\u00e4r \u201dspelifiering\u201d ligger till grund f\u00f6r slutprodukten <strong><em>Utopia World<\/em><\/strong>.<\/p>\n<p>Eller med andra ord roliga l\u00e4randeprocesser om demokrati.<\/p>\n<p>All erfarenhetsdokumentation finns i en anpassad handbok som tagits fram och som vill sprida kunskaperna vunna genom projektet.<\/p>\n<p>Demokrati \u00e4r n\u00e5got som m\u00e5ste byggas fr\u00e5n grunden, den kan inte tas f\u00f6r given utan \u00e4r n\u00e5got som vi alla m\u00e5ste bidra till att skapa, uppr\u00e4tth\u00e5lla och underh\u00e5lla. Projektets strategi utg\u00e5r \u00e4ven fr\u00e5n <strong><em>FN:s\u00a0 Barnkonvention<\/em><\/strong> och l\u00e4gger stor fokus p\u00e5 samspel och gruppbaserad probleml\u00f6sning.<\/p>\n<p>FN-f\u00f6reningen som \u00e4r projekt\u00e4gare prisade Maria Elfving f\u00f6r hennes engagerande insats som projektledare genom ordf\u00f6randen Stellan B\u00e4cklund som \u00e4ven riktade ett varmt och uppriktigt tack till id\u00e9skaparna Steven Ekholm och Stefan Andersson, till kommunen f\u00f6r ett helhj\u00e4rtat st\u00f6d, vidare till Personalen p\u00e5 Sliperiet, Industrigruppen, L\u00e4rarf\u00f6rbundet och inte minst till Kulturskolan och verksamhetsledarna Ann-Catrin Brandtlin och Sten-Ove Sundl\u00f6f. Ocks\u00e5, inte att f\u00f6rgl\u00f6mma, till demokratisamordnaren Camilla Larsson och slutligen till alla elever\/l\u00e4rare och alla medlemmar inom FN-f\u00f6reningen som\u00a0 ideellt st\u00f6ttat arbetet p\u00e5 ett f\u00f6rtr\u00e4ffligt s\u00e4tt.<\/p>\n<p>Utan detta omfattande st\u00f6d hade det inte varit m\u00f6jligt att genomf\u00f6ra projektet, en sak som \u00e4ven po\u00e4ngterades av projektledaren Maria Elfving, detta samtidigt som \u00e4ven Kulturskolan lyfte fram Marias insatser f\u00f6r projektets genomf\u00f6rande fr\u00e5n b\u00f6rjan till slut.<\/p>\n<p>Spelet kan laddas hem gratis p\u00e5 hemsidan: <em>utopiaworld.se<\/em><\/p>\n<p><em>\/Toli ESSBE<\/em><\/p>\n","protected":false},"excerpt":{"rendered":"<p>UTOPIA \u2013 Ett kul barndemokratiprojekt &#8211; \u00e4r\u00a0 nu slutf\u00f6rt \u00a0Projektet som FN-f\u00f6reningen har drivit under \u00e5ren 2014 \u2013 2017 med&hellip;<\/p>\n","protected":false},"author":111,"featured_media":0,"parent":0,"menu_order":0,"comment_status":"closed","ping_status":"closed","template":"templates\/template-sub.php","meta":{"_acf_changed":false,"footnotes":"","_links_to":"","_links_to_target":""},"class_list":["post-462","page","type-page","status-publish","hentry"],"acf":[],"_links":{"self":[{"href":"https:\/\/fn.se\/ornskoldsvik\/wp-json\/wp\/v2\/pages\/462","targetHints":{"allow":["GET"]}}],"collection":[{"href":"https:\/\/fn.se\/ornskoldsvik\/wp-json\/wp\/v2\/pages"}],"about":[{"href":"https:\/\/fn.se\/ornskoldsvik\/wp-json\/wp\/v2\/types\/page"}],"author":[{"embeddable":true,"href":"https:\/\/fn.se\/ornskoldsvik\/wp-json\/wp\/v2\/users\/111"}],"replies":[{"embeddable":true,"href":"https:\/\/fn.se\/ornskoldsvik\/wp-json\/wp\/v2\/comments?post=462"}],"version-history":[{"count":3,"href":"https:\/\/fn.se\/ornskoldsvik\/wp-json\/wp\/v2\/pages\/462\/revisions"}],"predecessor-version":[{"id":468,"href":"https:\/\/fn.se\/ornskoldsvik\/wp-json\/wp\/v2\/pages\/462\/revisions\/468"}],"wp:attachment":[{"href":"https:\/\/fn.se\/ornskoldsvik\/wp-json\/wp\/v2\/media?parent=462"}],"curies":[{"name":"wp","href":"https:\/\/api.w.org\/{rel}","templated":true}]}}