{"id":454,"date":"2017-08-17T14:25:25","date_gmt":"2017-08-17T14:25:25","guid":{"rendered":"https:\/\/fn.se\/ornskoldsvik\/?page_id=454"},"modified":"2017-08-17T14:33:13","modified_gmt":"2017-08-17T14:33:13","slug":"tanzania-m-fl-lander-faltstudier","status":"publish","type":"page","link":"https:\/\/fn.se\/ornskoldsvik\/tanzania-m-fl-lander-faltstudier\/","title":{"rendered":"Tanzania m.fl. l\u00e4nder, f\u00e4ltstudier"},"content":{"rendered":"<p>Vid v\u00e5rens sista temam\u00f6te hade FN-f\u00f6reningen inbjudit l\u00e4raren Thomas Nordell\u00a0 till vardags knuten till Nolaskolan, men som numera allt mera arbetar som konsult och representerar Universitets- och H\u00f6gskoler\u00e5det inom Den Globala Skolan. Ett arbete som omfattar de fyra nordligaste l\u00e4nen och d\u00e4r man erbjuder skolpersonal utbildning\u00a0 inom l\u00e4rande f\u00f6r h\u00e5llbar utveckling i ett m\u00e5ngkulturellt samh\u00e4lle.<\/p>\n<p><img loading=\"lazy\" decoding=\"async\" class=\"alignleft wp-image-455 size-medium\" src=\"https:\/\/fn.se\/ornskoldsvik\/wp-content\/uploads\/sites\/98\/2017\/08\/P1000113-300x225.jpg\" alt=\"\" width=\"300\" height=\"225\" srcset=\"https:\/\/fn.se\/ornskoldsvik\/wp-content\/uploads\/sites\/98\/2017\/08\/P1000113-300x225.jpg 300w, https:\/\/fn.se\/ornskoldsvik\/wp-content\/uploads\/sites\/98\/2017\/08\/P1000113-768x576.jpg 768w, https:\/\/fn.se\/ornskoldsvik\/wp-content\/uploads\/sites\/98\/2017\/08\/P1000113-1024x768.jpg 1024w, https:\/\/fn.se\/ornskoldsvik\/wp-content\/uploads\/sites\/98\/2017\/08\/P1000113-427x320.jpg 427w, https:\/\/fn.se\/ornskoldsvik\/wp-content\/uploads\/sites\/98\/2017\/08\/P1000113-933x700.jpg 933w, https:\/\/fn.se\/ornskoldsvik\/wp-content\/uploads\/sites\/98\/2017\/08\/P1000113.jpg 1600w\" sizes=\"auto, (max-width: 300px) 100vw, 300px\" \/><\/p>\n<p>Syftet med inbjudan var att\u00a0 han n\u00e4rmare skulle f\u00e5 ber\u00e4tta om sitt globala engagemang efter 25 \u00e5r i skolans v\u00e4rld och d\u00e4r han nu varit ansvarig f\u00f6r planering och genomf\u00f6rande av de internationella f\u00e4ltstudierna p\u00e5 samh\u00e4llsprogrammet IC, International Class p\u00e5 Nolaskolan. D\u00e4r har det under \u00e5ren i \u00e5rskurs tre ing\u00e5tt f\u00e4ltstudier i l\u00e4nder som Malawi, Indonesien, Zambia, Sri Lanka och Tanzania.<\/p>\n<p>Nu\u00a0 \u00e4r ocks\u00e5 Thomas aktuell inom kommunen med fortbildning av 50 pedagoger innefattande tv\u00e5 veckors f\u00e4ltstudier i Tanzania under en period p\u00e5 tre \u00e5r. H\u00e4r ing\u00e5r bland annat test att undervisa och bo i familj, allt detta f\u00f6r att h\u00f6ja l\u00e4rarkompetensen inf\u00f6r skolans nya utmaningar inom en allt mera globaliserad v\u00e4rld. M\u00f6tes\u00e5h\u00f6rarna fick ta del av erfarenheterna<\/p>\n<p><img loading=\"lazy\" decoding=\"async\" class=\"alignright wp-image-456 size-medium\" src=\"https:\/\/fn.se\/ornskoldsvik\/wp-content\/uploads\/sites\/98\/2017\/08\/P1000115b-300x226.jpg\" alt=\"\" width=\"300\" height=\"226\" srcset=\"https:\/\/fn.se\/ornskoldsvik\/wp-content\/uploads\/sites\/98\/2017\/08\/P1000115b-300x226.jpg 300w, https:\/\/fn.se\/ornskoldsvik\/wp-content\/uploads\/sites\/98\/2017\/08\/P1000115b-768x579.jpg 768w, https:\/\/fn.se\/ornskoldsvik\/wp-content\/uploads\/sites\/98\/2017\/08\/P1000115b-1024x772.jpg 1024w, https:\/\/fn.se\/ornskoldsvik\/wp-content\/uploads\/sites\/98\/2017\/08\/P1000115b-425x320.jpg 425w, https:\/\/fn.se\/ornskoldsvik\/wp-content\/uploads\/sites\/98\/2017\/08\/P1000115b-929x700.jpg 929w, https:\/\/fn.se\/ornskoldsvik\/wp-content\/uploads\/sites\/98\/2017\/08\/P1000115b.jpg 1632w\" sizes=\"auto, (max-width: 300px) 100vw, 300px\" \/><\/p>\n<p>fr\u00e5n resor i Indien och \u00e4ven med tonvikt p\u00e5 Tanzania och hans intressanta f\u00f6rel\u00e4sning avslutades med ett fantastiskt bildspel med fin musik fr\u00e5n Senegal i V\u00e4stafrika. Thomas Nordell avtackades sedvanligt med ett f\u00e5ng blommor av m\u00f6tesledaren Stellan B\u00e4cklund och \u00f6nskades lycka till med det internationella engagemanget.<\/p>\n<p>ESSBE<\/p>\n","protected":false},"excerpt":{"rendered":"<p>Vid v\u00e5rens sista temam\u00f6te hade FN-f\u00f6reningen inbjudit l\u00e4raren Thomas Nordell\u00a0 till vardags knuten till Nolaskolan, men som numera allt mera&hellip;<\/p>\n","protected":false},"author":111,"featured_media":0,"parent":0,"menu_order":0,"comment_status":"closed","ping_status":"closed","template":"templates\/template-sub.php","meta":{"_acf_changed":false,"footnotes":"","_links_to":"","_links_to_target":""},"class_list":["post-454","page","type-page","status-publish","hentry"],"acf":[],"_links":{"self":[{"href":"https:\/\/fn.se\/ornskoldsvik\/wp-json\/wp\/v2\/pages\/454","targetHints":{"allow":["GET"]}}],"collection":[{"href":"https:\/\/fn.se\/ornskoldsvik\/wp-json\/wp\/v2\/pages"}],"about":[{"href":"https:\/\/fn.se\/ornskoldsvik\/wp-json\/wp\/v2\/types\/page"}],"author":[{"embeddable":true,"href":"https:\/\/fn.se\/ornskoldsvik\/wp-json\/wp\/v2\/users\/111"}],"replies":[{"embeddable":true,"href":"https:\/\/fn.se\/ornskoldsvik\/wp-json\/wp\/v2\/comments?post=454"}],"version-history":[{"count":1,"href":"https:\/\/fn.se\/ornskoldsvik\/wp-json\/wp\/v2\/pages\/454\/revisions"}],"predecessor-version":[{"id":458,"href":"https:\/\/fn.se\/ornskoldsvik\/wp-json\/wp\/v2\/pages\/454\/revisions\/458"}],"wp:attachment":[{"href":"https:\/\/fn.se\/ornskoldsvik\/wp-json\/wp\/v2\/media?parent=454"}],"curies":[{"name":"wp","href":"https:\/\/api.w.org\/{rel}","templated":true}]}}