{"id":417,"date":"2017-03-25T15:17:23","date_gmt":"2017-03-25T15:17:23","guid":{"rendered":"http:\/\/fn.se\/ornskoldsvik\/?page_id=417"},"modified":"2017-03-25T15:23:00","modified_gmt":"2017-03-25T15:23:00","slug":"afrikanska-moten","status":"publish","type":"page","link":"https:\/\/fn.se\/ornskoldsvik\/afrikanska-moten\/","title":{"rendered":"Afrikanska m\u00f6ten"},"content":{"rendered":"<p style=\"text-align: center\"><strong>Afrikanska m\u00f6ten<\/strong><\/p>\n<p>\u00d6rnsk\u00f6ldsviks FN-f\u00f6rening fyller 40 \u00e5r i \u00e5r, bildades formellt p\u00e5 anrika Hampn\u00e4s Folkh\u00f6gskola en februaridag 1977 och har i stort under alla \u00e5r haft en omfattande informationsverksamhet med fokus p\u00e5 ett stort antal l\u00e4nder runt om i v\u00e4rlden. Den h\u00e4r kv\u00e4llen i mars m\u00e5nad hade man inbjudit f.d. ambassad\u00f6rsparet Berit och Sten Rylander fr\u00e5n Uppsala att i korthet redog\u00f6ra f\u00f6r alla sin \u00e5r i Afrika.<img loading=\"lazy\" decoding=\"async\" class=\" wp-image-418 alignleft\" src=\"https:\/\/fn.se\/ornskoldsvik\/wp-content\/uploads\/sites\/98\/2017\/03\/P1000089b-300x229.jpg\" alt=\"\" width=\"441\" height=\"337\" srcset=\"https:\/\/fn.se\/ornskoldsvik\/wp-content\/uploads\/sites\/98\/2017\/03\/P1000089b-300x229.jpg 300w, https:\/\/fn.se\/ornskoldsvik\/wp-content\/uploads\/sites\/98\/2017\/03\/P1000089b-768x588.jpg 768w, https:\/\/fn.se\/ornskoldsvik\/wp-content\/uploads\/sites\/98\/2017\/03\/P1000089b-1024x783.jpg 1024w, https:\/\/fn.se\/ornskoldsvik\/wp-content\/uploads\/sites\/98\/2017\/03\/P1000089b-418x320.jpg 418w, https:\/\/fn.se\/ornskoldsvik\/wp-content\/uploads\/sites\/98\/2017\/03\/P1000089b-915x700.jpg 915w, https:\/\/fn.se\/ornskoldsvik\/wp-content\/uploads\/sites\/98\/2017\/03\/P1000089b.jpg 1451w\" sizes=\"auto, (max-width: 441px) 100vw, 441px\" \/><\/p>\n<p>Paret har gedigna erfarenheter fr\u00e5n l\u00e4nder som Botswana, Angola, Namibia, Tanzania och Zimbabwe och gav en inneh\u00e5llsrik skildring av sina personliga upplevelser i l\u00e4nderna allt fr\u00e5n 1979 fram till 2010. Sten Rylander har skildrat sina erfarenheter ocks\u00e5 i tre utgivna b\u00f6cker, en av b\u00f6ckerna belyser f\u00f6r \u00f6vrigt statsmannen Nelson Mandela och hans unika bakgrund till ett s\u00e5 oerh\u00f6rt framg\u00e5ngsrikt ledarskap. Tack vare detta unika ledarskap kunde den f\u00f6rhatliga apartheidregimen i Sydafrika nedk\u00e4mpas och ers\u00e4ttes med majoritetsstyre<img loading=\"lazy\" decoding=\"async\" class=\" wp-image-419 alignright\" src=\"https:\/\/fn.se\/ornskoldsvik\/wp-content\/uploads\/sites\/98\/2017\/03\/P1000090b-286x300.jpg\" alt=\"\" width=\"172\" height=\"180\" srcset=\"https:\/\/fn.se\/ornskoldsvik\/wp-content\/uploads\/sites\/98\/2017\/03\/P1000090b-286x300.jpg 286w, https:\/\/fn.se\/ornskoldsvik\/wp-content\/uploads\/sites\/98\/2017\/03\/P1000090b-768x804.jpg 768w, https:\/\/fn.se\/ornskoldsvik\/wp-content\/uploads\/sites\/98\/2017\/03\/P1000090b-978x1024.jpg 978w, https:\/\/fn.se\/ornskoldsvik\/wp-content\/uploads\/sites\/98\/2017\/03\/P1000090b-306x320.jpg 306w, https:\/\/fn.se\/ornskoldsvik\/wp-content\/uploads\/sites\/98\/2017\/03\/P1000090b-668x700.jpg 668w, https:\/\/fn.se\/ornskoldsvik\/wp-content\/uploads\/sites\/98\/2017\/03\/P1000090b.jpg 1145w\" sizes=\"auto, (max-width: 172px) 100vw, 172px\" \/><\/p>\n<p>Paret Rylander kunde p\u00e5 ett pedagogiskt s\u00e4tt \u00e4ven belysa Afrikas ekonomiska tillv\u00e4xt idag och kontinentens goda framtidspotential med sina rika naturresurser och en snabbt v\u00e4xande konsumentmarknad. Detta samtidigt ocks\u00e5 som fattigdomen p\u00e5 flera h\u00e5ll \u00e4nnu \u00e4r utbredd och i dagarna n\u00e5s vi av larmrapporter om utbredd massv\u00e4lt, men p\u00e5 sikt kommer utvecklingen att v\u00e4nda, menade paret Rylander. V\u00e5ra trettio \u00e5r i Afrika\u00a0 har gett oss optimism trots allt, detta parat med arbetet h\u00e4r hemma inom bist\u00e5ndet p\u00e5 Sida liksom erfarenheter b\u00e5de fr\u00e5n paraplyorganisationen Forum Syd och Afrikagrupperna. Sten var under \u00e5ren 2004-05 medlare f\u00f6r EU:s r\u00e4kning i Sudan\/Darfur och har \u00e4ven breda erfarenheter fr\u00e5n Utrikesdepartementet som bl.a. dialogambassad\u00f6r.<\/p>\n<p>Berit och Sten Rylander tog \u00e4ven upp flertalet vardagliga h\u00e4ndelser, belyste \u00e4ven FN-f\u00f6reningens skolinriktade bist\u00e5ndsverksamhet i Zimbabwe efter personliga bes\u00f6k vid flertalet av deras projekt i landet.<\/p>\n<p><img loading=\"lazy\" decoding=\"async\" class=\" wp-image-420 alignleft\" src=\"https:\/\/fn.se\/ornskoldsvik\/wp-content\/uploads\/sites\/98\/2017\/03\/P1000091b-300x294.jpg\" alt=\"\" width=\"396\" height=\"388\" srcset=\"https:\/\/fn.se\/ornskoldsvik\/wp-content\/uploads\/sites\/98\/2017\/03\/P1000091b-300x294.jpg 300w, https:\/\/fn.se\/ornskoldsvik\/wp-content\/uploads\/sites\/98\/2017\/03\/P1000091b-768x753.jpg 768w, https:\/\/fn.se\/ornskoldsvik\/wp-content\/uploads\/sites\/98\/2017\/03\/P1000091b-1024x1004.jpg 1024w, https:\/\/fn.se\/ornskoldsvik\/wp-content\/uploads\/sites\/98\/2017\/03\/P1000091b-327x320.jpg 327w, https:\/\/fn.se\/ornskoldsvik\/wp-content\/uploads\/sites\/98\/2017\/03\/P1000091b-714x700.jpg 714w, https:\/\/fn.se\/ornskoldsvik\/wp-content\/uploads\/sites\/98\/2017\/03\/P1000091b.jpg 1104w\" sizes=\"auto, (max-width: 396px) 100vw, 396px\" \/><\/p>\n<p>Paret s\u00e5g dock dystert p\u00e5 Zimbabwes framtid och tror \u00e4ven att det kommande valet d\u00e4r under 2018 kommer att pr\u00e4glas av v\u00e5ld och otaliga \u00f6vergrepp mot m\u00e4nskliga r\u00e4ttigheter.<\/p>\n<p>M\u00f6tesdeltagarna fick\u00a0 ocks\u00e5 tillf\u00e4llen att st\u00e4lla fr\u00e5gor\u00a0 som belystes innan m\u00f6tesledaren Stellan B\u00e4cklund avtackade paret Rylander med en omf\u00e5ngsrik fotobok om Robert Mugabe i Zimbabwe, tackade sedan \u00e4ven av Birgitta Nordin, Anita Harning och Erik Andersson f\u00f6r\u00a0 de fina kringarrangemangen. \/ESSBE<img loading=\"lazy\" decoding=\"async\" class=\"size-medium wp-image-423 alignright\" src=\"https:\/\/fn.se\/ornskoldsvik\/wp-content\/uploads\/sites\/98\/2017\/03\/P1000097b-250x300.jpg\" alt=\"\" width=\"250\" height=\"300\" srcset=\"https:\/\/fn.se\/ornskoldsvik\/wp-content\/uploads\/sites\/98\/2017\/03\/P1000097b-250x300.jpg 250w, https:\/\/fn.se\/ornskoldsvik\/wp-content\/uploads\/sites\/98\/2017\/03\/P1000097b-768x921.jpg 768w, https:\/\/fn.se\/ornskoldsvik\/wp-content\/uploads\/sites\/98\/2017\/03\/P1000097b-854x1024.jpg 854w, https:\/\/fn.se\/ornskoldsvik\/wp-content\/uploads\/sites\/98\/2017\/03\/P1000097b-267x320.jpg 267w, https:\/\/fn.se\/ornskoldsvik\/wp-content\/uploads\/sites\/98\/2017\/03\/P1000097b-584x700.jpg 584w, https:\/\/fn.se\/ornskoldsvik\/wp-content\/uploads\/sites\/98\/2017\/03\/P1000097b.jpg 1001w\" sizes=\"auto, (max-width: 250px) 100vw, 250px\" \/><\/p>\n<p>Fotograf p\u00e5 Temam\u00f6tet: Toli<\/p>\n<p><em>Paret Rylander ber\u00e4ttade med hj\u00e4lp av intressanta och<\/em><\/p>\n<p><em> belysande bilder om framsteg, problem och sp\u00e4nnande <\/em><\/p>\n<p><em>m\u00f6ten i &#8221;sina&#8221; 5 l\u00e4nder i S\u00f6dra Afrika.<\/em><\/p>\n<p>&nbsp;<\/p>\n","protected":false},"excerpt":{"rendered":"<p>Afrikanska m\u00f6ten \u00d6rnsk\u00f6ldsviks FN-f\u00f6rening fyller 40 \u00e5r i \u00e5r, bildades formellt p\u00e5 anrika Hampn\u00e4s Folkh\u00f6gskola en februaridag 1977 och har&hellip;<\/p>\n","protected":false},"author":111,"featured_media":0,"parent":0,"menu_order":0,"comment_status":"closed","ping_status":"closed","template":"","meta":{"_acf_changed":false,"footnotes":"","_links_to":"","_links_to_target":""},"class_list":["post-417","page","type-page","status-publish","hentry"],"acf":[],"_links":{"self":[{"href":"https:\/\/fn.se\/ornskoldsvik\/wp-json\/wp\/v2\/pages\/417","targetHints":{"allow":["GET"]}}],"collection":[{"href":"https:\/\/fn.se\/ornskoldsvik\/wp-json\/wp\/v2\/pages"}],"about":[{"href":"https:\/\/fn.se\/ornskoldsvik\/wp-json\/wp\/v2\/types\/page"}],"author":[{"embeddable":true,"href":"https:\/\/fn.se\/ornskoldsvik\/wp-json\/wp\/v2\/users\/111"}],"replies":[{"embeddable":true,"href":"https:\/\/fn.se\/ornskoldsvik\/wp-json\/wp\/v2\/comments?post=417"}],"version-history":[{"count":5,"href":"https:\/\/fn.se\/ornskoldsvik\/wp-json\/wp\/v2\/pages\/417\/revisions"}],"predecessor-version":[{"id":430,"href":"https:\/\/fn.se\/ornskoldsvik\/wp-json\/wp\/v2\/pages\/417\/revisions\/430"}],"wp:attachment":[{"href":"https:\/\/fn.se\/ornskoldsvik\/wp-json\/wp\/v2\/media?parent=417"}],"curies":[{"name":"wp","href":"https:\/\/api.w.org\/{rel}","templated":true}]}}