{"id":399,"date":"2017-03-15T11:07:09","date_gmt":"2017-03-15T11:07:09","guid":{"rendered":"http:\/\/fn.se\/ornskoldsvik\/?page_id=399"},"modified":"2017-03-15T11:07:09","modified_gmt":"2017-03-15T11:07:09","slug":"turkmenistan-och-uzbekistan","status":"publish","type":"page","link":"https:\/\/fn.se\/ornskoldsvik\/turkmenistan-och-uzbekistan\/","title":{"rendered":"Turkmenistan och Uzbekistan"},"content":{"rendered":"<div id=\"attachment_394\" style=\"width: 310px\" class=\"wp-caption alignleft\"><img loading=\"lazy\" decoding=\"async\" aria-describedby=\"caption-attachment-394\" class=\"size-medium wp-image-394\" src=\"https:\/\/fn.se\/ornskoldsvik\/wp-content\/uploads\/sites\/98\/2017\/03\/P1000049b-300x225.jpg\" alt=\"\" width=\"300\" height=\"225\" srcset=\"https:\/\/fn.se\/ornskoldsvik\/wp-content\/uploads\/sites\/98\/2017\/03\/P1000049b-300x225.jpg 300w, https:\/\/fn.se\/ornskoldsvik\/wp-content\/uploads\/sites\/98\/2017\/03\/P1000049b-768x576.jpg 768w, https:\/\/fn.se\/ornskoldsvik\/wp-content\/uploads\/sites\/98\/2017\/03\/P1000049b-1024x768.jpg 1024w, https:\/\/fn.se\/ornskoldsvik\/wp-content\/uploads\/sites\/98\/2017\/03\/P1000049b-427x320.jpg 427w, https:\/\/fn.se\/ornskoldsvik\/wp-content\/uploads\/sites\/98\/2017\/03\/P1000049b-933x700.jpg 933w, https:\/\/fn.se\/ornskoldsvik\/wp-content\/uploads\/sites\/98\/2017\/03\/P1000049b.jpg 1600w\" sizes=\"auto, (max-width: 300px) 100vw, 300px\" \/><p id=\"caption-attachment-394\" class=\"wp-caption-text\">Lars-Olov, ekiperad i turkmeniska vardagskl\u00e4der, gav \u00e5h\u00f6rarna en bred ber\u00e4ttelse med intressanta bilder fr\u00e5n sin resa. (Foto: toli)<\/p><\/div>\n<p>De f\u00f6re detta sovjetrepublikerna Turkmenistan och Uzbekistan stod i fokus vid FN-f\u00f6reningens f\u00f6rsta temam\u00f6te f\u00f6r v\u00e5ren. Man hade inbjudit Lars-Gunnar Olsson fr\u00e5n L\u00e5ngvattnet, L\u00e5ngviksmon som p\u00e5 ett fint s\u00e4tt med illustrativa bilder f\u00f6rmedlade sina intryck fr\u00e5n l\u00e4nderna som han bes\u00f6kt under f\u00f6rra \u00e5ret. B\u00e5da l\u00e4nderna i stort med samma area som Sverige och som frigjorde sig fr\u00e5n Sovjetunionen under 1991.<\/p>\n<p>Turkmenistan har drygt 5 miljoner inv\u00e5nare och str\u00e4cker sig \u00f6sterut fr\u00e5n Kaspiska havet till Afghanistan och med gr\u00e4ns i s\u00f6der till Iran och i norr till Kazakstan och Uzbekistan.<\/p>\n<div id=\"attachment_395\" style=\"width: 310px\" class=\"wp-caption alignright\"><img loading=\"lazy\" decoding=\"async\" aria-describedby=\"caption-attachment-395\" class=\"size-medium wp-image-395\" src=\"https:\/\/fn.se\/ornskoldsvik\/wp-content\/uploads\/sites\/98\/2017\/03\/P1000052b-300x225.jpg\" alt=\"\" width=\"300\" height=\"225\" srcset=\"https:\/\/fn.se\/ornskoldsvik\/wp-content\/uploads\/sites\/98\/2017\/03\/P1000052b-300x225.jpg 300w, https:\/\/fn.se\/ornskoldsvik\/wp-content\/uploads\/sites\/98\/2017\/03\/P1000052b-768x576.jpg 768w, https:\/\/fn.se\/ornskoldsvik\/wp-content\/uploads\/sites\/98\/2017\/03\/P1000052b-1024x768.jpg 1024w, https:\/\/fn.se\/ornskoldsvik\/wp-content\/uploads\/sites\/98\/2017\/03\/P1000052b-427x320.jpg 427w, https:\/\/fn.se\/ornskoldsvik\/wp-content\/uploads\/sites\/98\/2017\/03\/P1000052b-933x700.jpg 933w, https:\/\/fn.se\/ornskoldsvik\/wp-content\/uploads\/sites\/98\/2017\/03\/P1000052b.jpg 1600w\" sizes=\"auto, (max-width: 300px) 100vw, 300px\" \/><p id=\"caption-attachment-395\" class=\"wp-caption-text\">H\u00e4r i samspr\u00e5k med en biodlare framf\u00f6r sina bikupor. Vagnen kan flyttas n\u00e4r bina lyser med sin fr\u00e5nvaro.<\/p><\/div>\n<p>Karakum\u00f6knen upptar en stor del av Turkmenistans yta och landet befolkades redan under antiken, Alexander den store er\u00f6vrade omr\u00e5det f\u00f6r \u00f6vrigt p\u00e5 sin v\u00e4g bort mot Indien. Under 600-talet kom s\u00e5 araberna och islam introducerades som religion. Sidenv\u00e4gen g\u00e5r ocks\u00e5 genom landet, ber\u00e4ttade Lars-Gunnar Olsson.<\/p>\n<p>Naturgas och olja ger landet inkomster, prisfallet under senare \u00e5r har drabbat ekonomin h\u00e5rt, inom jordbruket dominerar bomullsindustrin. Ingen opposition till\u00e5ts i landet, den nuvarande presidenten Garbanguly Berdimuhamedow som omvaldes nyligen p\u00e5 sju \u00e5r h\u00e5ller landet i ett j\u00e4rngrepp, en m\u00e4ktig guldstaty av honom\u00a0 i huvudstaden Asjchabad, denna miljonstad \u00e4r fylld av pampiga nybyggda sev\u00e4rdheter.<\/p>\n<p>I grannlandet\u00a0Uzbekistan bes\u00f6ktes Samarkand, den andra st\u00f6rsta staden i landet efter huvudstaden Tasjkent.\u00a0Samarkand k\u00e4nd f\u00f6r s\u00edna monumentala byggnader och fina arkitektur \u00e4nda fr\u00e5n Timur Lenks storhetstid inte minst runt det m\u00e4ktiga Registan-komplexet, turistn\u00e4ringen har f\u00e5tt \u00f6kad betydelse idag i Uzbekistan.\u00a0 Lars-Gunnar Olsson har planer p\u00e5 att n\u00e4rmare utforska detta land under det h\u00e4r \u00e5ret, han avtackades p\u00e5 ett fint s\u00e4tt av ordf\u00f6randen Stellan B\u00e4cklund med blommor och FN-n\u00e5l. \/ESSBE<\/p>\n<div id=\"attachment_396\" style=\"width: 310px\" class=\"wp-caption alignleft\"><img loading=\"lazy\" decoding=\"async\" aria-describedby=\"caption-attachment-396\" class=\"size-medium wp-image-396\" src=\"https:\/\/fn.se\/ornskoldsvik\/wp-content\/uploads\/sites\/98\/2017\/03\/P1000053b-300x192.jpg\" alt=\"\" width=\"300\" height=\"192\" srcset=\"https:\/\/fn.se\/ornskoldsvik\/wp-content\/uploads\/sites\/98\/2017\/03\/P1000053b-300x192.jpg 300w, https:\/\/fn.se\/ornskoldsvik\/wp-content\/uploads\/sites\/98\/2017\/03\/P1000053b-768x491.jpg 768w, https:\/\/fn.se\/ornskoldsvik\/wp-content\/uploads\/sites\/98\/2017\/03\/P1000053b-450x288.jpg 450w, https:\/\/fn.se\/ornskoldsvik\/wp-content\/uploads\/sites\/98\/2017\/03\/P1000053b.jpg 993w\" sizes=\"auto, (max-width: 300px) 100vw, 300px\" \/><p id=\"caption-attachment-396\" class=\"wp-caption-text\">Turkmenistans moderna huvudstad Asjchabad, by night.<\/p><\/div>\n<p>&nbsp;<\/p>\n<p>&nbsp;<\/p>\n<div id=\"attachment_398\" style=\"width: 310px\" class=\"wp-caption alignright\"><img loading=\"lazy\" decoding=\"async\" aria-describedby=\"caption-attachment-398\" class=\"size-medium wp-image-398\" src=\"https:\/\/fn.se\/ornskoldsvik\/wp-content\/uploads\/sites\/98\/2017\/03\/P1000056b-300x213.jpg\" alt=\"\" width=\"300\" height=\"213\" srcset=\"https:\/\/fn.se\/ornskoldsvik\/wp-content\/uploads\/sites\/98\/2017\/03\/P1000056b-300x213.jpg 300w, https:\/\/fn.se\/ornskoldsvik\/wp-content\/uploads\/sites\/98\/2017\/03\/P1000056b-768x546.jpg 768w, https:\/\/fn.se\/ornskoldsvik\/wp-content\/uploads\/sites\/98\/2017\/03\/P1000056b-450x320.jpg 450w, https:\/\/fn.se\/ornskoldsvik\/wp-content\/uploads\/sites\/98\/2017\/03\/P1000056b-984x700.jpg 984w, https:\/\/fn.se\/ornskoldsvik\/wp-content\/uploads\/sites\/98\/2017\/03\/P1000056b.jpg 1001w\" sizes=\"auto, (max-width: 300px) 100vw, 300px\" \/><p id=\"caption-attachment-398\" class=\"wp-caption-text\">H\u00e4r en bunt silkespapper som anv\u00e4nds bl.a av konstn\u00e4rer.<\/p><\/div>\n<div id=\"attachment_397\" style=\"width: 802px\" class=\"wp-caption aligncenter\"><img loading=\"lazy\" decoding=\"async\" aria-describedby=\"caption-attachment-397\" class=\"wp-image-397 size-full\" src=\"https:\/\/fn.se\/ornskoldsvik\/wp-content\/uploads\/sites\/98\/2017\/03\/P1000055b.jpg\" alt=\"\" width=\"792\" height=\"821\" srcset=\"https:\/\/fn.se\/ornskoldsvik\/wp-content\/uploads\/sites\/98\/2017\/03\/P1000055b.jpg 792w, https:\/\/fn.se\/ornskoldsvik\/wp-content\/uploads\/sites\/98\/2017\/03\/P1000055b-289x300.jpg 289w, https:\/\/fn.se\/ornskoldsvik\/wp-content\/uploads\/sites\/98\/2017\/03\/P1000055b-768x796.jpg 768w, https:\/\/fn.se\/ornskoldsvik\/wp-content\/uploads\/sites\/98\/2017\/03\/P1000055b-309x320.jpg 309w, https:\/\/fn.se\/ornskoldsvik\/wp-content\/uploads\/sites\/98\/2017\/03\/P1000055b-675x700.jpg 675w\" sizes=\"auto, (max-width: 792px) 100vw, 792px\" \/><p id=\"caption-attachment-397\" class=\"wp-caption-text\">En bild fr\u00e5n tillverkningen av silkespapper d\u00e4r man utg\u00e5r fr\u00e5n den inre, vita barken fr\u00e5n mullb\u00e4rstr\u00e4dsplantor.<\/p><\/div>\n","protected":false},"excerpt":{"rendered":"<p>De f\u00f6re detta sovjetrepublikerna Turkmenistan och Uzbekistan stod i fokus vid FN-f\u00f6reningens f\u00f6rsta temam\u00f6te f\u00f6r v\u00e5ren. Man hade inbjudit Lars-Gunnar&hellip;<\/p>\n","protected":false},"author":111,"featured_media":0,"parent":0,"menu_order":0,"comment_status":"closed","ping_status":"closed","template":"","meta":{"_acf_changed":false,"footnotes":"","_links_to":"","_links_to_target":""},"class_list":["post-399","page","type-page","status-publish","hentry"],"acf":[],"_links":{"self":[{"href":"https:\/\/fn.se\/ornskoldsvik\/wp-json\/wp\/v2\/pages\/399","targetHints":{"allow":["GET"]}}],"collection":[{"href":"https:\/\/fn.se\/ornskoldsvik\/wp-json\/wp\/v2\/pages"}],"about":[{"href":"https:\/\/fn.se\/ornskoldsvik\/wp-json\/wp\/v2\/types\/page"}],"author":[{"embeddable":true,"href":"https:\/\/fn.se\/ornskoldsvik\/wp-json\/wp\/v2\/users\/111"}],"replies":[{"embeddable":true,"href":"https:\/\/fn.se\/ornskoldsvik\/wp-json\/wp\/v2\/comments?post=399"}],"version-history":[{"count":1,"href":"https:\/\/fn.se\/ornskoldsvik\/wp-json\/wp\/v2\/pages\/399\/revisions"}],"predecessor-version":[{"id":401,"href":"https:\/\/fn.se\/ornskoldsvik\/wp-json\/wp\/v2\/pages\/399\/revisions\/401"}],"wp:attachment":[{"href":"https:\/\/fn.se\/ornskoldsvik\/wp-json\/wp\/v2\/media?parent=399"}],"curies":[{"name":"wp","href":"https:\/\/api.w.org\/{rel}","templated":true}]}}