{"id":317,"date":"2016-12-08T14:00:20","date_gmt":"2016-12-08T14:00:20","guid":{"rendered":"http:\/\/fn.se\/ornskoldsvik\/?page_id=317"},"modified":"2016-12-08T14:00:20","modified_gmt":"2016-12-08T14:00:20","slug":"tema-island","status":"publish","type":"page","link":"https:\/\/fn.se\/ornskoldsvik\/tema-island\/","title":{"rendered":"Tema Island"},"content":{"rendered":"<h1>Tema Island<\/h1>\n<p>Island stod i centrum n\u00e4r FN-f\u00f6reningen inbj\u00f6d till sitt tredje och sista temam\u00f6te f\u00f6r h\u00f6sten och f\u00f6r att n\u00e4rmare ber\u00e4tta om denna mytomspunna \u00f6 i norra Atlanten hade man inbjudit Berith Grundberg fr\u00e5n Fl\u00e4rke med m\u00e5ng\u00e5riga och digra kunskaper i bagaget. Dessutom f\u00f6r kv\u00e4llen med fantastiska bilder fr\u00e5n de klassiska sev\u00e4rdheter som finns \u00f6ver hela \u00f6n parat med vacker natur, stora glaci\u00e4rer, varma k\u00e4llor och m\u00e4ktiga vattenfall.<img loading=\"lazy\" decoding=\"async\" class=\"size-medium wp-image-322 alignright\" src=\"https:\/\/fn.se\/ornskoldsvik\/wp-content\/uploads\/sites\/98\/2016\/12\/P1020716-225x300.jpg\" alt=\"p1020716\" width=\"225\" height=\"300\" srcset=\"https:\/\/fn.se\/ornskoldsvik\/wp-content\/uploads\/sites\/98\/2016\/12\/P1020716-225x300.jpg 225w, https:\/\/fn.se\/ornskoldsvik\/wp-content\/uploads\/sites\/98\/2016\/12\/P1020716-768x1024.jpg 768w, https:\/\/fn.se\/ornskoldsvik\/wp-content\/uploads\/sites\/98\/2016\/12\/P1020716-240x320.jpg 240w, https:\/\/fn.se\/ornskoldsvik\/wp-content\/uploads\/sites\/98\/2016\/12\/P1020716-525x700.jpg 525w, https:\/\/fn.se\/ornskoldsvik\/wp-content\/uploads\/sites\/98\/2016\/12\/P1020716.jpg 1200w\" sizes=\"auto, (max-width: 225px) 100vw, 225px\" \/><\/p>\n<p>Island med idag runt 330.000 inv\u00e5nare, d\u00e4r merparten isl\u00e4nningar bor runt huvudstaden Reykjavik, blev sj\u00e4lvst\u00e4ndig nation 1944 efter att ha tidigare h\u00f6rt till b\u00e5de Danmark och Norge. \u00d6n befolkades redan p\u00e5 870-talet och landet har l\u00e4mnat ett stort litteraturarv efter sig inte minst fr\u00e5n 1100- och 1200-talet d\u00e5 de ber\u00f6mda sagorna nertecknades. F\u00f6r \u00f6vrigt finns ett rikt kulturliv med ett stort antal museer \u00f6ver hela landet.<\/p>\n<p>Landet har \u00e4ven Europas st\u00f6rsta glaci\u00e4r Vatnaj\u00f6kull och berget Hvannadalshnukur \u00e4r lika h\u00f6gt som Kebnekaise, fick vi l\u00e4ra oss. Popul\u00e4rt utflyktsm\u00e5l f\u00f6r alla bes\u00f6kande turister \u00e4r \u00e4ven vattenfallet Gullfoss och l\u00e4ngst kusterna finns m\u00e4ngder av f\u00e5glar och lekande valar. Fisk och fiskeprodukter \u00e4r den st\u00f6rsta inkomstk\u00e4llan, men ocks\u00e5 turismen har seglat upp som en viktig n\u00e4ringsgren idag, ber\u00e4ttade Berith. Av marken p\u00e5 Island \u00e4r bara n\u00e5n procent uppodlad och islandsh\u00e4star \u00e4r liksom f\u00e5ren viktiga delar av landsbygden.<\/p>\n<p>Rundresan \u00f6ver Island avslutades i huvudstaden Reykjavik med den m\u00e4ktiga Hallgrimskyrkan i f\u00f6rgrunden, vidare parlamentet (Alltinget) och alla fina sim- och badanl\u00e4ggningar. M\u00f6tes\u00e5h\u00f6rarna fick avslutningsvis st\u00e4lla sina fr\u00e5gor innan Berit Grundberg sedvanligt avtackades med en f\u00e5ng blommor f\u00f6r sin inneh\u00e5llsrika framst\u00e4llning av m\u00f6tesledaren f\u00f6r dagen Anita Harning. \/ESSBE, toli (fotot upptill)<\/p>\n<p>&nbsp;<\/p>\n<p><img loading=\"lazy\" decoding=\"async\" class=\"alignnone size-medium wp-image-326\" src=\"https:\/\/fn.se\/ornskoldsvik\/wp-content\/uploads\/sites\/98\/2016\/12\/P1020711b-300x231.jpg\" alt=\"p1020711b\" width=\"300\" height=\"231\" srcset=\"https:\/\/fn.se\/ornskoldsvik\/wp-content\/uploads\/sites\/98\/2016\/12\/P1020711b-300x231.jpg 300w, https:\/\/fn.se\/ornskoldsvik\/wp-content\/uploads\/sites\/98\/2016\/12\/P1020711b-768x592.jpg 768w, https:\/\/fn.se\/ornskoldsvik\/wp-content\/uploads\/sites\/98\/2016\/12\/P1020711b-415x320.jpg 415w, https:\/\/fn.se\/ornskoldsvik\/wp-content\/uploads\/sites\/98\/2016\/12\/P1020711b-908x700.jpg 908w, https:\/\/fn.se\/ornskoldsvik\/wp-content\/uploads\/sites\/98\/2016\/12\/P1020711b.jpg 968w\" sizes=\"auto, (max-width: 300px) 100vw, 300px\" \/>\u00a0 \u00a0<img loading=\"lazy\" decoding=\"async\" class=\"alignnone wp-image-318\" src=\"https:\/\/fn.se\/ornskoldsvik\/wp-content\/uploads\/sites\/98\/2016\/12\/P1020712-300x225.jpg\" alt=\"p1020712\" width=\"299\" height=\"224\" srcset=\"https:\/\/fn.se\/ornskoldsvik\/wp-content\/uploads\/sites\/98\/2016\/12\/P1020712-300x225.jpg 300w, https:\/\/fn.se\/ornskoldsvik\/wp-content\/uploads\/sites\/98\/2016\/12\/P1020712-768x576.jpg 768w, https:\/\/fn.se\/ornskoldsvik\/wp-content\/uploads\/sites\/98\/2016\/12\/P1020712-1024x768.jpg 1024w, https:\/\/fn.se\/ornskoldsvik\/wp-content\/uploads\/sites\/98\/2016\/12\/P1020712-427x320.jpg 427w, https:\/\/fn.se\/ornskoldsvik\/wp-content\/uploads\/sites\/98\/2016\/12\/P1020712-933x700.jpg 933w, https:\/\/fn.se\/ornskoldsvik\/wp-content\/uploads\/sites\/98\/2016\/12\/P1020712.jpg 1600w\" sizes=\"auto, (max-width: 299px) 100vw, 299px\" \/>\u00a0 \u00a0<img loading=\"lazy\" decoding=\"async\" class=\"alignnone size-medium wp-image-320\" src=\"https:\/\/fn.se\/ornskoldsvik\/wp-content\/uploads\/sites\/98\/2016\/12\/P1020713c-300x225.jpg\" alt=\"p1020713c\" width=\"300\" height=\"225\" srcset=\"https:\/\/fn.se\/ornskoldsvik\/wp-content\/uploads\/sites\/98\/2016\/12\/P1020713c-300x225.jpg 300w, https:\/\/fn.se\/ornskoldsvik\/wp-content\/uploads\/sites\/98\/2016\/12\/P1020713c-768x576.jpg 768w, https:\/\/fn.se\/ornskoldsvik\/wp-content\/uploads\/sites\/98\/2016\/12\/P1020713c-1024x768.jpg 1024w, https:\/\/fn.se\/ornskoldsvik\/wp-content\/uploads\/sites\/98\/2016\/12\/P1020713c-427x320.jpg 427w, https:\/\/fn.se\/ornskoldsvik\/wp-content\/uploads\/sites\/98\/2016\/12\/P1020713c-933x700.jpg 933w, https:\/\/fn.se\/ornskoldsvik\/wp-content\/uploads\/sites\/98\/2016\/12\/P1020713c.jpg 1600w\" sizes=\"auto, (max-width: 300px) 100vw, 300px\" \/>\u00a0 \u00a0<img loading=\"lazy\" decoding=\"async\" class=\"alignnone size-medium wp-image-321\" src=\"https:\/\/fn.se\/ornskoldsvik\/wp-content\/uploads\/sites\/98\/2016\/12\/P1020714c-300x225.jpg\" alt=\"p1020714c\" width=\"300\" height=\"225\" srcset=\"https:\/\/fn.se\/ornskoldsvik\/wp-content\/uploads\/sites\/98\/2016\/12\/P1020714c-300x225.jpg 300w, https:\/\/fn.se\/ornskoldsvik\/wp-content\/uploads\/sites\/98\/2016\/12\/P1020714c-768x576.jpg 768w, https:\/\/fn.se\/ornskoldsvik\/wp-content\/uploads\/sites\/98\/2016\/12\/P1020714c-1024x768.jpg 1024w, https:\/\/fn.se\/ornskoldsvik\/wp-content\/uploads\/sites\/98\/2016\/12\/P1020714c-427x320.jpg 427w, https:\/\/fn.se\/ornskoldsvik\/wp-content\/uploads\/sites\/98\/2016\/12\/P1020714c-933x700.jpg 933w, https:\/\/fn.se\/ornskoldsvik\/wp-content\/uploads\/sites\/98\/2016\/12\/P1020714c.jpg 1600w\" sizes=\"auto, (max-width: 300px) 100vw, 300px\" \/><\/p>\n<p>&nbsp;<\/p>\n","protected":false},"excerpt":{"rendered":"<p>Tema Island Island stod i centrum n\u00e4r FN-f\u00f6reningen inbj\u00f6d till sitt tredje och sista temam\u00f6te f\u00f6r h\u00f6sten och f\u00f6r att&hellip;<\/p>\n","protected":false},"author":111,"featured_media":0,"parent":0,"menu_order":0,"comment_status":"closed","ping_status":"closed","template":"templates\/template-sub.php","meta":{"_acf_changed":false,"footnotes":"","_links_to":"","_links_to_target":""},"class_list":["post-317","page","type-page","status-publish","hentry"],"acf":[],"_links":{"self":[{"href":"https:\/\/fn.se\/ornskoldsvik\/wp-json\/wp\/v2\/pages\/317","targetHints":{"allow":["GET"]}}],"collection":[{"href":"https:\/\/fn.se\/ornskoldsvik\/wp-json\/wp\/v2\/pages"}],"about":[{"href":"https:\/\/fn.se\/ornskoldsvik\/wp-json\/wp\/v2\/types\/page"}],"author":[{"embeddable":true,"href":"https:\/\/fn.se\/ornskoldsvik\/wp-json\/wp\/v2\/users\/111"}],"replies":[{"embeddable":true,"href":"https:\/\/fn.se\/ornskoldsvik\/wp-json\/wp\/v2\/comments?post=317"}],"version-history":[{"count":4,"href":"https:\/\/fn.se\/ornskoldsvik\/wp-json\/wp\/v2\/pages\/317\/revisions"}],"predecessor-version":[{"id":331,"href":"https:\/\/fn.se\/ornskoldsvik\/wp-json\/wp\/v2\/pages\/317\/revisions\/331"}],"wp:attachment":[{"href":"https:\/\/fn.se\/ornskoldsvik\/wp-json\/wp\/v2\/media?parent=317"}],"curies":[{"name":"wp","href":"https:\/\/api.w.org\/{rel}","templated":true}]}}