{"id":307,"date":"2016-11-08T11:17:33","date_gmt":"2016-11-08T11:17:33","guid":{"rendered":"http:\/\/fn.se\/ornskoldsvik\/?page_id=307"},"modified":"2016-11-08T11:36:54","modified_gmt":"2016-11-08T11:36:54","slug":"med-den-globala-resan-till-indien-2","status":"publish","type":"page","link":"https:\/\/fn.se\/ornskoldsvik\/med-den-globala-resan-till-indien-2\/","title":{"rendered":"Med \u2013 Den Globala Resan- till Indien"},"content":{"rendered":"<h1>Med \u2013 Den Globala Resan- till Indien<\/h1>\n<p><img loading=\"lazy\" decoding=\"async\" class=\"size-medium wp-image-299 alignright\" src=\"https:\/\/fn.se\/ornskoldsvik\/wp-content\/uploads\/sites\/98\/2016\/11\/P1020663-300x225.jpg\" alt=\"p1020663\" width=\"300\" height=\"225\" srcset=\"https:\/\/fn.se\/ornskoldsvik\/wp-content\/uploads\/sites\/98\/2016\/11\/P1020663-300x225.jpg 300w, https:\/\/fn.se\/ornskoldsvik\/wp-content\/uploads\/sites\/98\/2016\/11\/P1020663-768x576.jpg 768w, https:\/\/fn.se\/ornskoldsvik\/wp-content\/uploads\/sites\/98\/2016\/11\/P1020663-1024x768.jpg 1024w, https:\/\/fn.se\/ornskoldsvik\/wp-content\/uploads\/sites\/98\/2016\/11\/P1020663-427x320.jpg 427w, https:\/\/fn.se\/ornskoldsvik\/wp-content\/uploads\/sites\/98\/2016\/11\/P1020663-933x700.jpg 933w, https:\/\/fn.se\/ornskoldsvik\/wp-content\/uploads\/sites\/98\/2016\/11\/P1020663.jpg 1600w\" sizes=\"auto, (max-width: 300px) 100vw, 300px\" \/>Birgith Olsson Johansson var en av fyra \u00d6viksbor knutna till skolv\u00e4sendet i kommunen som fick g\u00f6ra en inneh\u00e5llsrik studieresa till\u00a0 delstaten Gujarat i Indien under senh\u00f6sten i fjol, de \u00f6vriga deltagarna kom fr\u00e5n Parkskolan. -Den Globala Resan- erbjuder\u00a0 skolor unika fortbildningar i l\u00e4rande f\u00f6r h\u00e5llbar utveckling och interkulturell f\u00f6rst\u00e5else sedan \u00e5r 2000. Den 14 dagar l\u00e5nga resan gick allts\u00e5 till Gujarat i nordv\u00e4st intill gr\u00e4nsen till Pakistan och var planerad i samarbete med -Centre for Environment Education (CEE)- som har yrkesutbildning som en del av sin verksamhet.<\/p>\n<p>F\u00f6rra \u00e5ret var\u00a0 ocks\u00e5\u00a0 olika yrkesprogram v\u00e4lkomna att s\u00f6ka och flertalet yrkesskolor bes\u00f6ktes ocks\u00e5 parat med f\u00e4ltstudier ute p\u00e5 landsbygden med unika m\u00f6jligheter att f\u00e5 del av m\u00e4nniskornas vardagsliv och boende. Fantastiska upplevelser enligt Birgith som gav en personlig skildring d\u00e4r dofter, f\u00e4rger och smaker k\u00e4ndes betydligt mera \u00e4n h\u00e4r hemma.\u00a0<img loading=\"lazy\" decoding=\"async\" class=\"size-medium wp-image-301 alignleft\" src=\"https:\/\/fn.se\/ornskoldsvik\/wp-content\/uploads\/sites\/98\/2016\/11\/P1020665-300x225.jpg\" alt=\"p1020665\" width=\"300\" height=\"225\" srcset=\"https:\/\/fn.se\/ornskoldsvik\/wp-content\/uploads\/sites\/98\/2016\/11\/P1020665-300x225.jpg 300w, https:\/\/fn.se\/ornskoldsvik\/wp-content\/uploads\/sites\/98\/2016\/11\/P1020665-768x576.jpg 768w, https:\/\/fn.se\/ornskoldsvik\/wp-content\/uploads\/sites\/98\/2016\/11\/P1020665-1024x768.jpg 1024w, https:\/\/fn.se\/ornskoldsvik\/wp-content\/uploads\/sites\/98\/2016\/11\/P1020665-427x320.jpg 427w, https:\/\/fn.se\/ornskoldsvik\/wp-content\/uploads\/sites\/98\/2016\/11\/P1020665-933x700.jpg 933w, https:\/\/fn.se\/ornskoldsvik\/wp-content\/uploads\/sites\/98\/2016\/11\/P1020665.jpg 1600w\" sizes=\"auto, (max-width: 300px) 100vw, 300px\" \/>Allt inramat till fina bilder!<\/p>\n<p>Religionen \u00e4r st\u00e4ndigt n\u00e4rvarande d\u00e4r hinduismen pr\u00e4glar vardagen p\u00e5 m\u00e5nga olika s\u00e4tt. Deltagarna blev ocks\u00e5 guidade\u00a0genom den stora staden Ahmedabad, \u00e5h\u00f6rarna fick \u00e4v<img loading=\"lazy\" decoding=\"async\" class=\"size-medium wp-image-300 alignright\" src=\"https:\/\/fn.se\/ornskoldsvik\/wp-content\/uploads\/sites\/98\/2016\/11\/P1020664-300x225.jpg\" alt=\"p1020664\" width=\"300\" height=\"225\" srcset=\"https:\/\/fn.se\/ornskoldsvik\/wp-content\/uploads\/sites\/98\/2016\/11\/P1020664-300x225.jpg 300w, https:\/\/fn.se\/ornskoldsvik\/wp-content\/uploads\/sites\/98\/2016\/11\/P1020664-768x576.jpg 768w, https:\/\/fn.se\/ornskoldsvik\/wp-content\/uploads\/sites\/98\/2016\/11\/P1020664-1024x768.jpg 1024w, https:\/\/fn.se\/ornskoldsvik\/wp-content\/uploads\/sites\/98\/2016\/11\/P1020664-427x320.jpg 427w, https:\/\/fn.se\/ornskoldsvik\/wp-content\/uploads\/sites\/98\/2016\/11\/P1020664-933x700.jpg 933w, https:\/\/fn.se\/ornskoldsvik\/wp-content\/uploads\/sites\/98\/2016\/11\/P1020664.jpg 1600w\" sizes=\"auto, (max-width: 300px) 100vw, 300px\" \/>en veta att den k\u00e4nde icke-v\u00e5ldsagitatorn Mahatma Gandhi h\u00e4rstammade fr\u00e5n Gujarat.<\/p>\n<p>Birgith avtackades f\u00f6r sin fina presentation med ett f\u00e5ng rosor av Anita Harning som dagen till \u00e4ra (24\/10) \u00e4ven bj\u00f6d p\u00e5 en v\u00e4lsmakande FN-bakelse.<\/p>\n<p>\/ESSBE<\/p>\n<p>Foto: Toli och Birgith<\/p>\n","protected":false},"excerpt":{"rendered":"<p>Med \u2013 Den Globala Resan- till Indien Birgith Olsson Johansson var en av fyra \u00d6viksbor knutna till skolv\u00e4sendet i kommunen&hellip;<\/p>\n","protected":false},"author":111,"featured_media":0,"parent":0,"menu_order":0,"comment_status":"closed","ping_status":"closed","template":"templates\/template-sub.php","meta":{"_acf_changed":false,"footnotes":"","_links_to":"","_links_to_target":""},"class_list":["post-307","page","type-page","status-publish","hentry"],"acf":[],"_links":{"self":[{"href":"https:\/\/fn.se\/ornskoldsvik\/wp-json\/wp\/v2\/pages\/307","targetHints":{"allow":["GET"]}}],"collection":[{"href":"https:\/\/fn.se\/ornskoldsvik\/wp-json\/wp\/v2\/pages"}],"about":[{"href":"https:\/\/fn.se\/ornskoldsvik\/wp-json\/wp\/v2\/types\/page"}],"author":[{"embeddable":true,"href":"https:\/\/fn.se\/ornskoldsvik\/wp-json\/wp\/v2\/users\/111"}],"replies":[{"embeddable":true,"href":"https:\/\/fn.se\/ornskoldsvik\/wp-json\/wp\/v2\/comments?post=307"}],"version-history":[{"count":4,"href":"https:\/\/fn.se\/ornskoldsvik\/wp-json\/wp\/v2\/pages\/307\/revisions"}],"predecessor-version":[{"id":313,"href":"https:\/\/fn.se\/ornskoldsvik\/wp-json\/wp\/v2\/pages\/307\/revisions\/313"}],"wp:attachment":[{"href":"https:\/\/fn.se\/ornskoldsvik\/wp-json\/wp\/v2\/media?parent=307"}],"curies":[{"name":"wp","href":"https:\/\/api.w.org\/{rel}","templated":true}]}}