{"id":227,"date":"2016-10-06T15:27:36","date_gmt":"2016-10-06T15:27:36","guid":{"rendered":"http:\/\/fn.se\/ornskoldsvik\/?page_id=227"},"modified":"2016-10-18T08:03:43","modified_gmt":"2016-10-18T08:03:43","slug":"utopia","status":"publish","type":"page","link":"https:\/\/fn.se\/ornskoldsvik\/utopia\/","title":{"rendered":"Utopia"},"content":{"rendered":"<h1>UTOPIA \u2013 ETT KUL BARNDEMOKRATIPROJEKT<img loading=\"lazy\" decoding=\"async\" class=\"size-medium wp-image-53 alignright\" src=\"https:\/\/fn.se\/ornskoldsvik\/wp-content\/uploads\/sites\/98\/2016\/08\/utopia_vit_rgb-288x300.jpg\" alt=\"utopia_vit_rgb\" width=\"288\" height=\"300\" srcset=\"https:\/\/fn.se\/ornskoldsvik\/wp-content\/uploads\/sites\/98\/2016\/08\/utopia_vit_rgb-288x300.jpg 288w, https:\/\/fn.se\/ornskoldsvik\/wp-content\/uploads\/sites\/98\/2016\/08\/utopia_vit_rgb-768x799.jpg 768w, https:\/\/fn.se\/ornskoldsvik\/wp-content\/uploads\/sites\/98\/2016\/08\/utopia_vit_rgb-984x1024.jpg 984w, https:\/\/fn.se\/ornskoldsvik\/wp-content\/uploads\/sites\/98\/2016\/08\/utopia_vit_rgb-308x320.jpg 308w, https:\/\/fn.se\/ornskoldsvik\/wp-content\/uploads\/sites\/98\/2016\/08\/utopia_vit_rgb-673x700.jpg 673w, https:\/\/fn.se\/ornskoldsvik\/wp-content\/uploads\/sites\/98\/2016\/08\/utopia_vit_rgb.jpg 1136w\" sizes=\"auto, (max-width: 288px) 100vw, 288px\" \/><\/h1>\n<p>Projektet skapar ett demokrativerktyg i form av ett\u00a0interaktivt spel \u2013 Utopia World.\u00a0Projektm\u00e5let i korthet: Skapa ett demokrativertyg\u00a0d\u00e4r \u201cspelifiering av undervisning\u201d och barns\u00a0delaktighet i skapandeprocessen ligger till grund\u00a0f\u00f6r slutprodukten \u2013 Utopia World.<\/p>\n<p>Projektets strategi utg\u00e5r fr\u00e5n FN:s\u00a0barnkonvention och kan ses som ett led i\u00a0Sveriges Kommuner och Landsting (SKLs)\u00a0\u00f6verenskommelse med regeringen fr\u00e5n 2010\u00a0att st\u00e4rka arbetet med barnens r\u00e4ttigheter i\u00a0kommuner, landsting och regioner.<\/p>\n<h4>N\u00e5gra l\u00e4nkar:<\/h4>\n<p><a href=\"http:\/\/utopiaworld.se\/\">Utopiaprojektets hemsida<br \/>\n<\/a><a href=\"https:\/\/fn.se\/ornskoldsvik\/wp-content\/uploads\/sites\/98\/2016\/08\/folder-utopia-mars2015.pdf\" target=\"_blank\">Utopia folder<br \/>\n<\/a><a href=\"http:\/\/www.allehanda.se\/angermanland\/ornskoldsvik\/utopisk-rymdutstallning\">Artikel om projektet i \u00d6rnsk\u00f6ldsviks Allehanda<br \/>\n<\/a><a href=\"https:\/\/www.facebook.com\/utopiaworldse\">Utopia p\u00e5 Facebook<br \/>\n<\/a><a href=\"http:\/\/www.arvsfonden.se\/projekt\/utopia-ett-kul-barndemokratiprojekt\">Om Utopia p\u00e5 Arvsfondenbloggen<br \/>\n<\/a><a href=\"https:\/\/fn.se\/ornskoldsvik\/wp-content\/uploads\/sites\/98\/2016\/08\/Inspirationstr\u00e4ff-Lule\u00e5-med-Svenska-FN.pdf\" target=\"_blank\">Inspirationstr\u00e4ff i Lule\u00e5 med Svenska FN-f\u00f6rbundet<\/a><\/p>\n","protected":false},"excerpt":{"rendered":"<p>UTOPIA \u2013 ETT KUL BARNDEMOKRATIPROJEKT Projektet skapar ett demokrativerktyg i form av ett\u00a0interaktivt spel \u2013 Utopia World.\u00a0Projektm\u00e5let i korthet: Skapa&hellip;<\/p>\n","protected":false},"author":20,"featured_media":0,"parent":0,"menu_order":0,"comment_status":"closed","ping_status":"closed","template":"templates\/template-sub.php","meta":{"_acf_changed":false,"footnotes":"","_links_to":"","_links_to_target":""},"class_list":["post-227","page","type-page","status-publish","hentry"],"acf":[],"_links":{"self":[{"href":"https:\/\/fn.se\/ornskoldsvik\/wp-json\/wp\/v2\/pages\/227","targetHints":{"allow":["GET"]}}],"collection":[{"href":"https:\/\/fn.se\/ornskoldsvik\/wp-json\/wp\/v2\/pages"}],"about":[{"href":"https:\/\/fn.se\/ornskoldsvik\/wp-json\/wp\/v2\/types\/page"}],"author":[{"embeddable":true,"href":"https:\/\/fn.se\/ornskoldsvik\/wp-json\/wp\/v2\/users\/20"}],"replies":[{"embeddable":true,"href":"https:\/\/fn.se\/ornskoldsvik\/wp-json\/wp\/v2\/comments?post=227"}],"version-history":[{"count":5,"href":"https:\/\/fn.se\/ornskoldsvik\/wp-json\/wp\/v2\/pages\/227\/revisions"}],"predecessor-version":[{"id":235,"href":"https:\/\/fn.se\/ornskoldsvik\/wp-json\/wp\/v2\/pages\/227\/revisions\/235"}],"wp:attachment":[{"href":"https:\/\/fn.se\/ornskoldsvik\/wp-json\/wp\/v2\/media?parent=227"}],"curies":[{"name":"wp","href":"https:\/\/api.w.org\/{rel}","templated":true}]}}