{"id":210,"date":"2016-09-15T09:51:33","date_gmt":"2016-09-15T09:51:33","guid":{"rendered":"http:\/\/fn.se\/ornskoldsvik\/?page_id=210"},"modified":"2017-02-15T10:24:40","modified_gmt":"2017-02-15T10:24:40","slug":"dokumentarkiv","status":"publish","type":"page","link":"https:\/\/fn.se\/ornskoldsvik\/dokumentarkiv\/","title":{"rendered":"Dokumentarkiv"},"content":{"rendered":"<h1>Dokumentarkiv<\/h1>\n<p><strong>2017, i f\u00f6rsta hand dokument<\/strong><\/p>\n<p>2017febr\u00a0<a href=\"https:\/\/fn.se\/ornskoldsvik\/wp-content\/uploads\/sites\/98\/2016\/09\/Projektinsatser-i-Zimbabwe-med-Sida-st\u00f6d.pdf\">Projektinsatser i Zimbabwe med Sida-st\u00f6d<\/a>\u00a0(4\/4 2011)<\/p>\n<p>2017febr\u00a0<a href=\"https:\/\/fn.se\/ornskoldsvik\/wp-content\/uploads\/sites\/98\/2016\/09\/Brev-fr\u00e5n-Lotta-Halln\u00e4s-runt-Zimbabwe-1.pdf\">Brev fr\u00e5n Lotta Halln\u00e4s runt Zimbabwe!<\/a>\u00a0(h\u00f6sten 2012)<\/p>\n<p>__________________________________________________________________<\/p>\n<p><strong>\u00c4ldre, i f\u00f6rsta hand dokument<\/strong><\/p>\n<p><a href=\"https:\/\/fn.se\/ornskoldsvik\/wp-content\/uploads\/sites\/98\/2016\/08\/Faddermottagare-2005-2013.pdf\" target=\"_blank\" rel=\"\">Faddermottagare 2005-2013<\/a><\/p>\n<p><a href=\"https:\/\/fn.se\/ornskoldsvik\/wp-content\/uploads\/sites\/98\/2016\/08\/EU_SVE-2.pdf\" target=\"_blank\" rel=\"\">Ordet fritt som \u00e4nnu inte f\u00e5tt plats i \u00d6A<\/a>\u00a0<span style=\"line-height: 1.5\">Ins\u00e4ndare i \u00d6A den 31\/3 2015: <\/span><em style=\"line-height: 1.5\"><a href=\"http:\/\/fnold.episerverhosting.com\/engagera-dig\/engagera-dig\/foreningar\/ornskoldsviks-fn-forening\/nyheter\/arkiv1\/moten-och-andra-aktiviteter-2014-2015\/insandare-i-oa-emerichfondens-fredspris-2015\/\">Om Emerichfondens fredspris.<\/a> &#8230;<\/em><\/p>\n<p><a href=\"https:\/\/fn.se\/ornskoldsvik\/wp-content\/uploads\/sites\/98\/2016\/08\/Regeringen-m\u00e5ste-erk\u00e4nna-V\u00e4stsahara.pdf\" target=\"_blank\" rel=\"\">Ordet Fritt-inl\u00e4gg i \u00d6A om V\u00e4stsahara<\/a>\u00a0(31\/5 2015)<\/p>\n<p>OBS!\u00a0<a href=\"https:\/\/fn.se\/ornskoldsvik\/wp-content\/uploads\/sites\/98\/2016\/08\/ReasonAvsl.pdf\" target=\"_blank\" rel=\"\">Reasonfonden avslutad<\/a>\u00a0(17\/3 2015)<\/p>\n<p>OBS! L\u00e4s tidningen 7:s intervju med Reason Sithole:\u00a0<a href=\"http:\/\/webben7.se\/artikel\/besoker-faddrar-i-ornskoldsvik\">http:\/\/webben7.se\/artikel\/besoker-faddrar-i-ornskoldsvik<\/a><\/p>\n<p><a href=\"https:\/\/fn.se\/ornskoldsvik\/wp-content\/uploads\/sites\/98\/2016\/08\/Minnet-av-Mandela-2013.pdf\" target=\"_blank\" rel=\"\">Till minne av Nelson Mandela<\/a><\/p>\n<p><a href=\"https:\/\/fn.se\/ornskoldsvik\/wp-content\/uploads\/sites\/98\/2016\/08\/KrigLiby.pdf\" target=\"_blank\" rel=\"\">Inb\u00f6rdeskriget i Libyen<\/a><\/p>\n<p><a href=\"https:\/\/fn.se\/ornskoldsvik\/wp-content\/uploads\/sites\/98\/2016\/08\/Vsahara.pdf\" target=\"_blank\" rel=\"\">Ins\u00e4ndare om V\u00e4stsahara<\/a><\/p>\n<p><a href=\"https:\/\/fn.se\/ornskoldsvik\/wp-content\/uploads\/sites\/98\/2016\/08\/Syrien.pdf\" target=\"_blank\" rel=\"\">Syrien<\/a><\/p>\n<p><a href=\"https:\/\/fn.se\/ornskoldsvik\/wp-content\/uploads\/sites\/98\/2016\/08\/kluster2.pdf\" target=\"_blank\" rel=\"\">Klusterbomber i Libyen<\/a><\/p>\n<p><a href=\"https:\/\/fn.se\/ornskoldsvik\/wp-content\/uploads\/sites\/98\/2016\/08\/arabvar5.pdf\" target=\"_blank\" rel=\"\">Den arabiska v\u00e5ren<\/a><\/p>\n<p><a href=\"https:\/\/fn.se\/ornskoldsvik\/wp-content\/uploads\/sites\/98\/2016\/08\/Liby2.pdf\" target=\"_blank\" rel=\"\">De har v\u00e4ntat i 42 \u00e5r<\/a><\/p>\n<p><a href=\"https:\/\/fn.se\/ornskoldsvik\/wp-content\/uploads\/sites\/98\/2016\/08\/MR1.pdf\" target=\"_blank\" rel=\"\">M\u00e4nskliga r\u00e4ttigheter i fokus<\/a><\/p>\n<p><a href=\"https:\/\/fn.se\/ornskoldsvik\/wp-content\/uploads\/sites\/98\/2016\/08\/SBins\u00d6A.pdf\" target=\"_blank\" rel=\"\">Nobel, EU och V\u00e4stsahara<\/a><\/p>\n<p><a href=\"https:\/\/fn.se\/ornskoldsvik\/wp-content\/uploads\/sites\/98\/2016\/08\/FNdoktr.pdf\" target=\"_blank\" rel=\"\">FN, varf\u00f6r h\u00e4nder inget?<\/a><\/p>\n<p><a href=\"https:\/\/fn.se\/ornskoldsvik\/wp-content\/uploads\/sites\/98\/2016\/08\/KrigNordA.pdf\" target=\"_blank\" rel=\"\">Nytt krig i nordafrika?<\/a><\/p>\n<p><a href=\"https:\/\/fn.se\/ornskoldsvik\/wp-content\/uploads\/sites\/98\/2016\/08\/ResanPalestinai\u00d6A3.pdf\" target=\"_blank\" rel=\"\">Studieresan Israel\/Palestiba som \u00d6A-reportage<\/a><\/p>\n<p><a href=\"https:\/\/fn.se\/ornskoldsvik\/wp-content\/uploads\/sites\/98\/2016\/08\/IsrPalAH.pdf\" target=\"_blank\" rel=\"\">Anita H:s dikt om studieresan<\/a><\/p>\n","protected":false},"excerpt":{"rendered":"<p>Dokumentarkiv 2017, i f\u00f6rsta hand dokument 2017febr\u00a0Projektinsatser i Zimbabwe med Sida-st\u00f6d\u00a0(4\/4 2011) 2017febr\u00a0Brev fr\u00e5n Lotta Halln\u00e4s runt Zimbabwe!\u00a0(h\u00f6sten 2012) __________________________________________________________________&hellip;<\/p>\n","protected":false},"author":3,"featured_media":0,"parent":0,"menu_order":0,"comment_status":"closed","ping_status":"closed","template":"templates\/template-sub.php","meta":{"_acf_changed":false,"footnotes":"","_links_to":"","_links_to_target":""},"class_list":["post-210","page","type-page","status-publish","hentry"],"acf":[],"_links":{"self":[{"href":"https:\/\/fn.se\/ornskoldsvik\/wp-json\/wp\/v2\/pages\/210","targetHints":{"allow":["GET"]}}],"collection":[{"href":"https:\/\/fn.se\/ornskoldsvik\/wp-json\/wp\/v2\/pages"}],"about":[{"href":"https:\/\/fn.se\/ornskoldsvik\/wp-json\/wp\/v2\/types\/page"}],"author":[{"embeddable":true,"href":"https:\/\/fn.se\/ornskoldsvik\/wp-json\/wp\/v2\/users\/3"}],"replies":[{"embeddable":true,"href":"https:\/\/fn.se\/ornskoldsvik\/wp-json\/wp\/v2\/comments?post=210"}],"version-history":[{"count":7,"href":"https:\/\/fn.se\/ornskoldsvik\/wp-json\/wp\/v2\/pages\/210\/revisions"}],"predecessor-version":[{"id":367,"href":"https:\/\/fn.se\/ornskoldsvik\/wp-json\/wp\/v2\/pages\/210\/revisions\/367"}],"wp:attachment":[{"href":"https:\/\/fn.se\/ornskoldsvik\/wp-json\/wp\/v2\/media?parent=210"}],"curies":[{"name":"wp","href":"https:\/\/api.w.org\/{rel}","templated":true}]}}