{"id":203,"date":"2016-09-15T09:16:05","date_gmt":"2016-09-15T09:16:05","guid":{"rendered":"http:\/\/fn.se\/ornskoldsvik\/?page_id=203"},"modified":"2016-11-07T15:30:14","modified_gmt":"2016-11-07T15:30:14","slug":"sopplunch-inom-fn-foreningen","status":"publish","type":"page","link":"https:\/\/fn.se\/ornskoldsvik\/sopplunch-inom-fn-foreningen\/","title":{"rendered":"Sopplunch inom FN-f\u00f6reningen"},"content":{"rendered":"<h1>Sopplunch inom FN-f\u00f6reningen<\/h1>\n<p class=\"intro\">Projektverksamheten i Zimbabwe kr\u00e4ver st\u00e4ndigt nya tillskott av medel, FN-f\u00f6reningen ger \u00e4nnu st\u00f6d till mindre insatser som kan ha betydelse f\u00f6r olika mottagare i detta h\u00e5rt krisdrabbade land i S\u00f6dra Afrika.<\/p>\n<p class=\"Standard\">V\u00e5r vision inom FN-r\u00f6relsen \u00e4r att skapa en b\u00e4ttre v\u00e4rld i stort och sm\u00e5tt genom att arbeta f\u00f6r fred, utveckling och inte minst m\u00e4nskliga r\u00e4ttigheter, som medlem kan du skapa hopp och r\u00e4dda liv nu och i framtiden, \u00e4ven h\u00e4r i kommunen \u00e4r olika eldsj\u00e4lar k\u00e4rnan i v\u00e5r verksamhet.<img loading=\"lazy\" decoding=\"async\" class=\"size-medium wp-image-204 alignleft\" src=\"https:\/\/fn.se\/ornskoldsvik\/wp-content\/uploads\/sites\/98\/2016\/09\/sopp1-224x300.jpg\" alt=\"sopp1\" width=\"224\" height=\"300\" srcset=\"https:\/\/fn.se\/ornskoldsvik\/wp-content\/uploads\/sites\/98\/2016\/09\/sopp1-224x300.jpg 224w, https:\/\/fn.se\/ornskoldsvik\/wp-content\/uploads\/sites\/98\/2016\/09\/sopp1-768x1027.jpg 768w, https:\/\/fn.se\/ornskoldsvik\/wp-content\/uploads\/sites\/98\/2016\/09\/sopp1-765x1024.jpg 765w, https:\/\/fn.se\/ornskoldsvik\/wp-content\/uploads\/sites\/98\/2016\/09\/sopp1-239x320.jpg 239w, https:\/\/fn.se\/ornskoldsvik\/wp-content\/uploads\/sites\/98\/2016\/09\/sopp1-523x700.jpg 523w, https:\/\/fn.se\/ornskoldsvik\/wp-content\/uploads\/sites\/98\/2016\/09\/sopp1.jpg 1836w\" sizes=\"auto, (max-width: 224px) 100vw, 224px\" \/><\/p>\n<p class=\"Standard\">F\u00f6r v\u00e5rt arbete i f\u00e4lt i Zimbabwe \u00e4r vi ocks\u00e5 beroende av frivilliga bidrag, d\u00e4rf\u00f6r anordnas ocks\u00e5 med j\u00e4mna mellanrum olika insamlingsaktiviteter. Allt sedan 1989 har vi engagerat oss i Zimbabwe i flera lokala projekt som ber\u00f6r m\u00e4nniskor i vardagen, vi samarbetar g\u00e4rna med andra organisationer f\u00f6r att n\u00e5 b\u00e4ttre effekt, naturligtvis ska dessa dela v\u00e5ra grundl\u00e4ggande v\u00e4rderingar.<\/p>\n<p class=\"Standard\">Med detta som bakgrund anordnade styrelseledamoten Anita Harning en h\u00e4rlig sopplunch med olika v\u00e4lkomponerade tilltugg f\u00f6r en tid sedan, en lunch som inbringade hela 1100 kr f\u00f6r COPOTA- School of Blind- bel\u00e4gen runt 20 km s\u00f6der om provinshuvudstaden Masvingo i s\u00f6dra Zimbabwe.<\/p>\n<p class=\"Standard\">En g\u00e5va som kommer v\u00e4l till pass i de h\u00e5rda tider som nu r\u00e5der i landet och som kommer att f\u00f6rmedlas med h\u00e4lsningar inom kort. Landets enda skola p\u00e5 prim\u00e4r- och sekund\u00e4rniv\u00e5 f\u00f6r synskadade elever fr\u00e5n hela landet, ja \u00e4ven fr\u00e5n vissa av grannl\u00e4nderna. Det \u00e4r fantastiskt att ha styrelseledam<img loading=\"lazy\" decoding=\"async\" class=\"size-medium wp-image-205 alignright\" src=\"https:\/\/fn.se\/ornskoldsvik\/wp-content\/uploads\/sites\/98\/2016\/09\/sopp2-300x203.jpg\" alt=\"sopp2\" width=\"300\" height=\"203\" srcset=\"https:\/\/fn.se\/ornskoldsvik\/wp-content\/uploads\/sites\/98\/2016\/09\/sopp2-300x203.jpg 300w, https:\/\/fn.se\/ornskoldsvik\/wp-content\/uploads\/sites\/98\/2016\/09\/sopp2-450x304.jpg 450w, https:\/\/fn.se\/ornskoldsvik\/wp-content\/uploads\/sites\/98\/2016\/09\/sopp2.jpg 697w\" sizes=\"auto, (max-width: 300px) 100vw, 300px\" \/>\u00f6ter som frivilligt \u00e5tar sig angel\u00e4gna uppgifter och uppdrag f\u00f6r verksamheten, s\u00e4ger FN-f\u00f6reningens ordf\u00f6rande Stellan B\u00e4cklund.<\/p>\n<p class=\"Standard\">ESSBE<\/p>\n<p class=\"Standard\">\n","protected":false},"excerpt":{"rendered":"<p>Sopplunch inom FN-f\u00f6reningen Projektverksamheten i Zimbabwe kr\u00e4ver st\u00e4ndigt nya tillskott av medel, FN-f\u00f6reningen ger \u00e4nnu st\u00f6d till mindre insatser som&hellip;<\/p>\n","protected":false},"author":3,"featured_media":0,"parent":0,"menu_order":0,"comment_status":"closed","ping_status":"closed","template":"templates\/template-sub.php","meta":{"_acf_changed":false,"footnotes":"","_links_to":"","_links_to_target":""},"class_list":["post-203","page","type-page","status-publish","hentry"],"acf":[],"_links":{"self":[{"href":"https:\/\/fn.se\/ornskoldsvik\/wp-json\/wp\/v2\/pages\/203","targetHints":{"allow":["GET"]}}],"collection":[{"href":"https:\/\/fn.se\/ornskoldsvik\/wp-json\/wp\/v2\/pages"}],"about":[{"href":"https:\/\/fn.se\/ornskoldsvik\/wp-json\/wp\/v2\/types\/page"}],"author":[{"embeddable":true,"href":"https:\/\/fn.se\/ornskoldsvik\/wp-json\/wp\/v2\/users\/3"}],"replies":[{"embeddable":true,"href":"https:\/\/fn.se\/ornskoldsvik\/wp-json\/wp\/v2\/comments?post=203"}],"version-history":[{"count":4,"href":"https:\/\/fn.se\/ornskoldsvik\/wp-json\/wp\/v2\/pages\/203\/revisions"}],"predecessor-version":[{"id":294,"href":"https:\/\/fn.se\/ornskoldsvik\/wp-json\/wp\/v2\/pages\/203\/revisions\/294"}],"wp:attachment":[{"href":"https:\/\/fn.se\/ornskoldsvik\/wp-json\/wp\/v2\/media?parent=203"}],"curies":[{"name":"wp","href":"https:\/\/api.w.org\/{rel}","templated":true}]}}