{"id":198,"date":"2016-09-15T09:15:00","date_gmt":"2016-09-15T09:15:00","guid":{"rendered":"http:\/\/fn.se\/ornskoldsvik\/?page_id=198"},"modified":"2016-11-07T15:27:20","modified_gmt":"2016-11-07T15:27:20","slug":"ikf-projekten-i-kenya","status":"publish","type":"page","link":"https:\/\/fn.se\/ornskoldsvik\/ikf-projekten-i-kenya\/","title":{"rendered":"IKF-projekten i Kenya"},"content":{"rendered":"<h1>IKF-projekten i Kenya<\/h1>\n<p class=\"intro\">Internationella Kvinnof\u00f6rbundet (IKF) bildades 1987\u00a0 av en grupp utlandsf\u00f6dda och svenska kvinnor som tillsammans ville arbeta f\u00f6r bland annat j\u00e4mst\u00e4lldhet och integration . \u00c4ven kampen mot rasism var f\u00f6rst\u00e5s viktig och sedan drygt 10 \u00e5r tillbaka driver f\u00f6reningen ocks\u00e5 olika bist\u00e5ndsprojekt riktade mot barn\/ungdomar i Homa Bay intill Victoriasj\u00f6n i v\u00e4stra Kenya.<img loading=\"lazy\" decoding=\"async\" class=\"size-medium wp-image-199 alignright\" src=\"https:\/\/fn.se\/ornskoldsvik\/wp-content\/uploads\/sites\/98\/2016\/09\/ikf1-300x225.jpg\" alt=\"\" width=\"300\" height=\"225\" srcset=\"https:\/\/fn.se\/ornskoldsvik\/wp-content\/uploads\/sites\/98\/2016\/09\/ikf1-300x225.jpg 300w, https:\/\/fn.se\/ornskoldsvik\/wp-content\/uploads\/sites\/98\/2016\/09\/ikf1-768x576.jpg 768w, https:\/\/fn.se\/ornskoldsvik\/wp-content\/uploads\/sites\/98\/2016\/09\/ikf1-1024x768.jpg 1024w, https:\/\/fn.se\/ornskoldsvik\/wp-content\/uploads\/sites\/98\/2016\/09\/ikf1-427x320.jpg 427w, https:\/\/fn.se\/ornskoldsvik\/wp-content\/uploads\/sites\/98\/2016\/09\/ikf1-933x700.jpg 933w\" sizes=\"auto, (max-width: 300px) 100vw, 300px\" \/><\/p>\n<p>Ett omr\u00e5de som f\u00f6r \u00f6vrigt \u00e4r h\u00e5rt drabbat av Hiv\/AIDS och d\u00e4r ett stort antal barn \u00e4r f\u00f6r\u00e4ldral\u00f6sa. Homa Bay domineras f\u00f6rst\u00e5s av fiske och fiskeindustrier, den vackra Victoriasj\u00f6n delas med grannl\u00e4nderna Tanzania och Uganda.<\/p>\n<p>Majvor Lindberg, kass\u00f6r h\u00e4r i lokalf\u00f6reningen i \u00d6vik tillsammans med Margareta och Stellan B\u00e4cklund fr\u00e5n FN-f\u00f6reningen deltog nyligen tillsammans med tre andra deltagare i en sp\u00e4nnande och inneh\u00e5llsrik uppf\u00f6ljningsresa till omr\u00e5det under ledning av Gunvor Ngarambe fr\u00e5n f\u00f6rbundsstyrelsen. Man ville ta del av projekten med en f\u00f6rskola (Shauri Yako) i ett fattigt bostadsomr\u00e5de utanf\u00f6r Homa Bay och en Yrkesskola (Kamuga Vocational Center), sedan 2014 placerad inne i centralorten. Vid f\u00f6rskolan f\u00e5r idag ett 70-tal barn n\u00e4ringsriktig mat med b\u00f6nor och gr\u00f6nsaker, en g\u00e5ng i veckan dessutom k\u00f6tt och frukt. Allt f\u00f6r att h\u00e5lla barnen friska. Dessutom f\u00f6rst\u00e5s en utm\u00e4rkt undervisning.<\/p>\n<p>Vid yrkesskolan utbildas f\u00f6r\u00e4ldral\u00f6sa ungdomar till skr\u00e4ddare, snickare och h\u00e5rfris\u00f6rskor och h\u00e4r kan man \u00e4ven f\u00e5 grundl\u00e4ggande datautbildning. Fortsatt st\u00f6d till verksamheten \u00e4r viktig f\u00f6r IKF och ytterligare bidragsgivare \u00e4r v\u00e4lkomna att st\u00f6dja projekten, allt enligt Gunvor Ngarambe..<\/p>\n<p>Tid fanns \u00e4ven a<img loading=\"lazy\" decoding=\"async\" class=\"size-medium wp-image-200 alignleft\" src=\"https:\/\/fn.se\/ornskoldsvik\/wp-content\/uploads\/sites\/98\/2016\/09\/ikf2-300x225.jpg\" alt=\"\" width=\"300\" height=\"225\" srcset=\"https:\/\/fn.se\/ornskoldsvik\/wp-content\/uploads\/sites\/98\/2016\/09\/ikf2-300x225.jpg 300w, https:\/\/fn.se\/ornskoldsvik\/wp-content\/uploads\/sites\/98\/2016\/09\/ikf2-768x576.jpg 768w, https:\/\/fn.se\/ornskoldsvik\/wp-content\/uploads\/sites\/98\/2016\/09\/ikf2-1024x768.jpg 1024w, https:\/\/fn.se\/ornskoldsvik\/wp-content\/uploads\/sites\/98\/2016\/09\/ikf2-427x320.jpg 427w, https:\/\/fn.se\/ornskoldsvik\/wp-content\/uploads\/sites\/98\/2016\/09\/ikf2-933x700.jpg 933w\" sizes=\"auto, (max-width: 300px) 100vw, 300px\" \/>tt bes\u00f6ka \u00f6arna Mfangano \u2013 och Rusinga Islands i Victoriasj\u00f6n, vid den senare \u00f6n finns ett maosoleum byggt till minne av den ber\u00f6mde politiske ledaren Tom Mboya som m\u00f6rdades 1969 i maktkampen som r\u00e5dde i landet vid den tiden.<\/p>\n<p>Resegruppens program inneh\u00f6ll \u00e4ven bes\u00f6k vid Nationalparken Masai Mara med inkvartering vid Ol-Moran Tented Camp strax intill gr\u00e4nsen mot Tanzania. Masai Mara brukar r\u00e4knas till Kenyas safaristolthet med massor av djur, inte minst b\u00e5de leoparder och geparder. Inf\u00f6r hemresan hann man \u00e4ven med att g\u00f6ra olika bes\u00f6k i huvudstaden Nairobi och d\u00e4r bes\u00f6ktes National Museum och man kunde \u00e4ven besk\u00e5da Nairobis omgivningar fr\u00e5n taket p\u00e5 Kenyatta International Convention Centre (KIIC). Intressant var \u00e4ven bes\u00f6ket vid Memorial Garden intill den tidigare platsen f\u00f6r USAs ambassad som bombades av terrorister 1998.<\/p>\n<p>ESSBE<\/p>\n<p>&nbsp;<\/p>\n<p>&nbsp;<\/p>\n","protected":false},"excerpt":{"rendered":"<p>IKF-projekten i Kenya Internationella Kvinnof\u00f6rbundet (IKF) bildades 1987\u00a0 av en grupp utlandsf\u00f6dda och svenska kvinnor som tillsammans ville arbeta f\u00f6r&hellip;<\/p>\n","protected":false},"author":3,"featured_media":0,"parent":0,"menu_order":0,"comment_status":"closed","ping_status":"closed","template":"templates\/template-sub.php","meta":{"_acf_changed":false,"footnotes":"","_links_to":"","_links_to_target":""},"class_list":["post-198","page","type-page","status-publish","hentry"],"acf":[],"_links":{"self":[{"href":"https:\/\/fn.se\/ornskoldsvik\/wp-json\/wp\/v2\/pages\/198","targetHints":{"allow":["GET"]}}],"collection":[{"href":"https:\/\/fn.se\/ornskoldsvik\/wp-json\/wp\/v2\/pages"}],"about":[{"href":"https:\/\/fn.se\/ornskoldsvik\/wp-json\/wp\/v2\/types\/page"}],"author":[{"embeddable":true,"href":"https:\/\/fn.se\/ornskoldsvik\/wp-json\/wp\/v2\/users\/3"}],"replies":[{"embeddable":true,"href":"https:\/\/fn.se\/ornskoldsvik\/wp-json\/wp\/v2\/comments?post=198"}],"version-history":[{"count":4,"href":"https:\/\/fn.se\/ornskoldsvik\/wp-json\/wp\/v2\/pages\/198\/revisions"}],"predecessor-version":[{"id":291,"href":"https:\/\/fn.se\/ornskoldsvik\/wp-json\/wp\/v2\/pages\/198\/revisions\/291"}],"wp:attachment":[{"href":"https:\/\/fn.se\/ornskoldsvik\/wp-json\/wp\/v2\/media?parent=198"}],"curies":[{"name":"wp","href":"https:\/\/api.w.org\/{rel}","templated":true}]}}