{"id":179,"date":"2016-09-15T09:10:23","date_gmt":"2016-09-15T09:10:23","guid":{"rendered":"http:\/\/fn.se\/ornskoldsvik\/?page_id=179"},"modified":"2016-11-07T15:23:32","modified_gmt":"2016-11-07T15:23:32","slug":"uppdrag-ekumenisk-foljeslagare","status":"publish","type":"page","link":"https:\/\/fn.se\/ornskoldsvik\/uppdrag-ekumenisk-foljeslagare\/","title":{"rendered":"Uppdrag: Ekumenisk f\u00f6ljeslagare"},"content":{"rendered":"<h1>Uppdrag: Ekumenisk f\u00f6ljeslagare<\/h1>\n<p class=\"intro\">Vid v\u00e5rens f\u00f6rsta temam\u00f6te inom FN-f\u00f6reningen medverkade Nelson Rivera fr\u00e5n Gull\u00e4nget som gav en fyllig rapport med bilder fr\u00e5n sitt uppdrag som ekumenisk f\u00f6ljeslagare i Palestina och Israel under f\u00f6rra \u00e5ret.<\/p>\n<p class=\"intro\">Programmet (EAPPI) startades redan 2002 av Kyrkornas V\u00e4rldsr\u00e5d som en respons fr\u00e5n lokala kyrkliga ledare i Jeru<img loading=\"lazy\" decoding=\"async\" class=\"size-medium wp-image-181 alignright\" src=\"https:\/\/fn.se\/ornskoldsvik\/wp-content\/uploads\/sites\/98\/2016\/09\/upp2-300x265.jpg\" alt=\"\" width=\"300\" height=\"265\" srcset=\"https:\/\/fn.se\/ornskoldsvik\/wp-content\/uploads\/sites\/98\/2016\/09\/upp2-300x265.jpg 300w, https:\/\/fn.se\/ornskoldsvik\/wp-content\/uploads\/sites\/98\/2016\/09\/upp2-768x678.jpg 768w, https:\/\/fn.se\/ornskoldsvik\/wp-content\/uploads\/sites\/98\/2016\/09\/upp2-1024x904.jpg 1024w, https:\/\/fn.se\/ornskoldsvik\/wp-content\/uploads\/sites\/98\/2016\/09\/upp2-363x320.jpg 363w, https:\/\/fn.se\/ornskoldsvik\/wp-content\/uploads\/sites\/98\/2016\/09\/upp2-793x700.jpg 793w, https:\/\/fn.se\/ornskoldsvik\/wp-content\/uploads\/sites\/98\/2016\/09\/upp2.jpg 1284w\" sizes=\"auto, (max-width: 300px) 100vw, 300px\" \/>salem, man ville ha internationell n\u00e4rvaro i konflikten. Sedan starten har runt 300 svenskar arbetat i omr\u00e5det som f\u00f6ljeslagare. Syftet i stort \u00e4r att sprida m\u00e4nsklighet, d\u00e4mpa v\u00e5ldstendenser och fr\u00e4mja respekten f\u00f6r folkr\u00e4tten, ber\u00e4ttade Nelson Rivera.<\/p>\n<p class=\"intro\">Genom olika \u00e5tg\u00e4rder st\u00f6ds utsatta grupper, b\u00e5de palestinska och israeliska, det \u00e4r icke-v\u00e5ld som g\u00e4ller. Han var placerad i staden Yatta som ligger s\u00f6der om Hebron p\u00e5 den sydligaste delen av V\u00e4stbanken, n\u00e4rbel\u00e4gna byar d\u00e4r \u00e4r utsatta f\u00f6r olika v\u00e5lds\u00e5tg\u00e4rder fr\u00e5n israeliska bos\u00e4ttare och \u00e5h\u00f6rarna fick h\u00f6ra hur man praktiskt arbetade som f\u00f6ljeslagare n\u00e4r v\u00e5ldsamheter uppst\u00e5r.<\/p>\n<p class=\"Standard\">Vistelsen omfattar tre m\u00e5nader och v\u00e4l p\u00e5 plats arbetar man i internationella team med m\u00e4nniskor i varierande \u00e5lder och med olika bakgrunder, vilket d\u00e5 st\u00e4ller h\u00f6ga krav p\u00e5 anpassningsf\u00f6rm\u00e5ga och flexibilitet. V\u00e4l hemma igen i Sverige genomf\u00f6rs informationsverksamhet runt uppdraget, avslutade Nelson Rivera. Han avtackades f\u00f6r sitt fina f\u00f6redrag med ett f\u00e5ng blommor av Birgitta Nordin.<\/p>\n<p>\/ ESSBE<\/p>\n<p><img loading=\"lazy\" decoding=\"async\" class=\"alignnone size-medium wp-image-180\" src=\"https:\/\/fn.se\/ornskoldsvik\/wp-content\/uploads\/sites\/98\/2016\/09\/upp1-300x169.jpg\" alt=\"\" width=\"300\" height=\"169\" srcset=\"https:\/\/fn.se\/ornskoldsvik\/wp-content\/uploads\/sites\/98\/2016\/09\/upp1-300x169.jpg 300w, https:\/\/fn.se\/ornskoldsvik\/wp-content\/uploads\/sites\/98\/2016\/09\/upp1-768x432.jpg 768w, https:\/\/fn.se\/ornskoldsvik\/wp-content\/uploads\/sites\/98\/2016\/09\/upp1-1024x575.jpg 1024w, https:\/\/fn.se\/ornskoldsvik\/wp-content\/uploads\/sites\/98\/2016\/09\/upp1-450x253.jpg 450w, https:\/\/fn.se\/ornskoldsvik\/wp-content\/uploads\/sites\/98\/2016\/09\/upp1.jpg 2029w\" sizes=\"auto, (max-width: 300px) 100vw, 300px\" \/><\/p>\n","protected":false},"excerpt":{"rendered":"<p>Uppdrag: Ekumenisk f\u00f6ljeslagare Vid v\u00e5rens f\u00f6rsta temam\u00f6te inom FN-f\u00f6reningen medverkade Nelson Rivera fr\u00e5n Gull\u00e4nget som gav en fyllig rapport med&hellip;<\/p>\n","protected":false},"author":3,"featured_media":0,"parent":0,"menu_order":0,"comment_status":"closed","ping_status":"closed","template":"templates\/template-sub.php","meta":{"_acf_changed":false,"footnotes":"","_links_to":"","_links_to_target":""},"class_list":["post-179","page","type-page","status-publish","hentry"],"acf":[],"_links":{"self":[{"href":"https:\/\/fn.se\/ornskoldsvik\/wp-json\/wp\/v2\/pages\/179","targetHints":{"allow":["GET"]}}],"collection":[{"href":"https:\/\/fn.se\/ornskoldsvik\/wp-json\/wp\/v2\/pages"}],"about":[{"href":"https:\/\/fn.se\/ornskoldsvik\/wp-json\/wp\/v2\/types\/page"}],"author":[{"embeddable":true,"href":"https:\/\/fn.se\/ornskoldsvik\/wp-json\/wp\/v2\/users\/3"}],"replies":[{"embeddable":true,"href":"https:\/\/fn.se\/ornskoldsvik\/wp-json\/wp\/v2\/comments?post=179"}],"version-history":[{"count":3,"href":"https:\/\/fn.se\/ornskoldsvik\/wp-json\/wp\/v2\/pages\/179\/revisions"}],"predecessor-version":[{"id":288,"href":"https:\/\/fn.se\/ornskoldsvik\/wp-json\/wp\/v2\/pages\/179\/revisions\/288"}],"wp:attachment":[{"href":"https:\/\/fn.se\/ornskoldsvik\/wp-json\/wp\/v2\/media?parent=179"}],"curies":[{"name":"wp","href":"https:\/\/api.w.org\/{rel}","templated":true}]}}