{"id":171,"date":"2016-09-15T09:08:41","date_gmt":"2016-09-15T09:08:41","guid":{"rendered":"http:\/\/fn.se\/ornskoldsvik\/?page_id=171"},"modified":"2016-11-05T12:36:42","modified_gmt":"2016-11-05T12:36:42","slug":"metamorfo","status":"publish","type":"page","link":"https:\/\/fn.se\/ornskoldsvik\/metamorfo\/","title":{"rendered":"Metamorfo"},"content":{"rendered":"<h1>Metamorfo<\/h1>\n<p class=\"intro\">Dansf\u00f6rest\u00e4llningen METAMORFO av och med Maria Bervelius (r\u00f6st och musik) och Elin Kristoffersson (dans och koreografi) stod p\u00e5 programmet inf\u00f6r FN<img loading=\"lazy\" decoding=\"async\" class=\"wp-image-172 size-medium alignleft\" src=\"https:\/\/fn.se\/ornskoldsvik\/wp-content\/uploads\/sites\/98\/2016\/09\/meta1-300x194.jpg\" alt=\"\" width=\"300\" height=\"194\" srcset=\"https:\/\/fn.se\/ornskoldsvik\/wp-content\/uploads\/sites\/98\/2016\/09\/meta1-300x194.jpg 300w, https:\/\/fn.se\/ornskoldsvik\/wp-content\/uploads\/sites\/98\/2016\/09\/meta1-768x498.jpg 768w, https:\/\/fn.se\/ornskoldsvik\/wp-content\/uploads\/sites\/98\/2016\/09\/meta1-1024x664.jpg 1024w, https:\/\/fn.se\/ornskoldsvik\/wp-content\/uploads\/sites\/98\/2016\/09\/meta1-450x292.jpg 450w, https:\/\/fn.se\/ornskoldsvik\/wp-content\/uploads\/sites\/98\/2016\/09\/meta1.jpg 1600w\" sizes=\"auto, (max-width: 300px) 100vw, 300px\" \/>-f\u00f6reningens andra temakv\u00e4ll, d\u00e4r r\u00f6st och kropp gestaltar en destruktiv resa.<\/p>\n<p class=\"Standard\">Uppifr\u00e5n och ner. Om hat som omformar den som hatar. Om att ta sats fr\u00e5n botten. Och v\u00e4gen upp. Man gav tv\u00e5 uppskattade f\u00f6rest\u00e4llningar, en mitt p\u00e5 dagen f\u00f6r ungdomar och senare en p\u00e5 kv\u00e4llen f\u00f6r vuxna, b\u00e5da f\u00f6rest\u00e4llningarna p\u00e5 Sliperiet samlade n\u00e4ra nog fullt hus. F\u00f6rest\u00e4llningen \u00e4r byggd p\u00e5 novellen \u2013 <em>Legenden om f\u00e5gelboet<\/em> &#8211; av Selma Lagerl\u00f6f och skrevs i b\u00f6rjan p\u00e5 1900-talet.<\/p>\n<p class=\"Standard\">Maria Bervelius utforskar g\u00e4rna sin r\u00f6st och sitt uttryck i samspelet med andra konstformer och Elin Kristoffersson samverkar g\u00e4rna med andra konstut\u00f6vare i sina f\u00f6rest\u00e4llningar, detta kom v\u00e4l till uttryck i <a href=\"https:\/\/fn.se\/ornskoldsvik\/wp-content\/uploads\/sites\/98\/2016\/09\/metamorfBrosch2.pdf\" target=\"_blank\" rel=\"\">METAMORFO<\/a>. F\u00f6rest\u00e4llningen producerad av Korona Dans i samverkan med Landstinget, Estrad Norr, Dans V\u00e4sternorrland, H\u00e4rjedalens kulturcentrum, \u00d6rnsk\u00f6lds- och H\u00e4rn\u00f6sands kommuner.<img loading=\"lazy\" decoding=\"async\" class=\"wp-image-173 size-medium alignright\" src=\"https:\/\/fn.se\/ornskoldsvik\/wp-content\/uploads\/sites\/98\/2016\/09\/meta2-300x225.jpg\" alt=\"\" width=\"300\" height=\"225\" srcset=\"https:\/\/fn.se\/ornskoldsvik\/wp-content\/uploads\/sites\/98\/2016\/09\/meta2-300x225.jpg 300w, https:\/\/fn.se\/ornskoldsvik\/wp-content\/uploads\/sites\/98\/2016\/09\/meta2-768x576.jpg 768w, https:\/\/fn.se\/ornskoldsvik\/wp-content\/uploads\/sites\/98\/2016\/09\/meta2-1024x768.jpg 1024w, https:\/\/fn.se\/ornskoldsvik\/wp-content\/uploads\/sites\/98\/2016\/09\/meta2-427x320.jpg 427w, https:\/\/fn.se\/ornskoldsvik\/wp-content\/uploads\/sites\/98\/2016\/09\/meta2-933x700.jpg 933w, https:\/\/fn.se\/ornskoldsvik\/wp-content\/uploads\/sites\/98\/2016\/09\/meta2.jpg 1600w\" sizes=\"auto, (max-width: 300px) 100vw, 300px\" \/><\/p>\n<p class=\"Standard\">B\u00e5de Maria och Elin avtackades sedvanligt med en f\u00e5ng blommor fr\u00e5n FN-f\u00f6reningen som inom kort den 29\/2 inbjuder till en ny temakv\u00e4ll med Amazonas &amp; \u00c5rsm\u00f6tesf\u00f6rhandlingar, d\u00e4r Maria Elfving med bildvisning och f\u00f6revisning av hantverk ber\u00e4ttar om sin halv\u00e5rsl\u00e5nga vistelse i regnskogen.<\/p>\n<p>ESSBE<\/p>\n<p>&nbsp;<\/p>\n","protected":false},"excerpt":{"rendered":"<p>Metamorfo Dansf\u00f6rest\u00e4llningen METAMORFO av och med Maria Bervelius (r\u00f6st och musik) och Elin Kristoffersson (dans och koreografi) stod p\u00e5 programmet&hellip;<\/p>\n","protected":false},"author":3,"featured_media":0,"parent":0,"menu_order":0,"comment_status":"closed","ping_status":"closed","template":"templates\/template-sub.php","meta":{"_acf_changed":false,"footnotes":"","_links_to":"","_links_to_target":""},"class_list":["post-171","page","type-page","status-publish","hentry"],"acf":[],"_links":{"self":[{"href":"https:\/\/fn.se\/ornskoldsvik\/wp-json\/wp\/v2\/pages\/171","targetHints":{"allow":["GET"]}}],"collection":[{"href":"https:\/\/fn.se\/ornskoldsvik\/wp-json\/wp\/v2\/pages"}],"about":[{"href":"https:\/\/fn.se\/ornskoldsvik\/wp-json\/wp\/v2\/types\/page"}],"author":[{"embeddable":true,"href":"https:\/\/fn.se\/ornskoldsvik\/wp-json\/wp\/v2\/users\/3"}],"replies":[{"embeddable":true,"href":"https:\/\/fn.se\/ornskoldsvik\/wp-json\/wp\/v2\/comments?post=171"}],"version-history":[{"count":5,"href":"https:\/\/fn.se\/ornskoldsvik\/wp-json\/wp\/v2\/pages\/171\/revisions"}],"predecessor-version":[{"id":279,"href":"https:\/\/fn.se\/ornskoldsvik\/wp-json\/wp\/v2\/pages\/171\/revisions\/279"}],"wp:attachment":[{"href":"https:\/\/fn.se\/ornskoldsvik\/wp-json\/wp\/v2\/media?parent=171"}],"curies":[{"name":"wp","href":"https:\/\/api.w.org\/{rel}","templated":true}]}}