{"id":157,"date":"2016-09-15T09:04:45","date_gmt":"2016-09-15T09:04:45","guid":{"rendered":"http:\/\/fn.se\/ornskoldsvik\/?page_id=157"},"modified":"2016-11-05T12:26:27","modified_gmt":"2016-11-05T12:26:27","slug":"amazonas-med-arsmote","status":"publish","type":"page","link":"https:\/\/fn.se\/ornskoldsvik\/amazonas-med-arsmote\/","title":{"rendered":"Amazonas med \u00e5rsm\u00f6te"},"content":{"rendered":"<h1>Amazonas med \u00e5rsm\u00f6te<\/h1>\n<p class=\"intro\">Under FN-f\u00f6reningens temakv\u00e4ll ber\u00e4ttade Maria Elfving om Amazonas och om ursprungsfolkens kamp att skydda regnskogen tillika deras hem, apotek och k\u00e4lla till mat och vatten. F\u00f6rel\u00e4sningen belyste alltifr\u00e5n milj\u00f6skyddsarbete till ursprungsfolkens hantverk och traditionella metoder att skapa smycken.<img loading=\"lazy\" decoding=\"async\" class=\"wp-image-158 size-medium alignright\" src=\"https:\/\/fn.se\/ornskoldsvik\/wp-content\/uploads\/sites\/98\/2016\/09\/ama1-300x225.jpg\" alt=\"\" width=\"300\" height=\"225\" srcset=\"https:\/\/fn.se\/ornskoldsvik\/wp-content\/uploads\/sites\/98\/2016\/09\/ama1-300x225.jpg 300w, https:\/\/fn.se\/ornskoldsvik\/wp-content\/uploads\/sites\/98\/2016\/09\/ama1-768x576.jpg 768w, https:\/\/fn.se\/ornskoldsvik\/wp-content\/uploads\/sites\/98\/2016\/09\/ama1-1024x768.jpg 1024w, https:\/\/fn.se\/ornskoldsvik\/wp-content\/uploads\/sites\/98\/2016\/09\/ama1-427x320.jpg 427w, https:\/\/fn.se\/ornskoldsvik\/wp-content\/uploads\/sites\/98\/2016\/09\/ama1-933x700.jpg 933w, https:\/\/fn.se\/ornskoldsvik\/wp-content\/uploads\/sites\/98\/2016\/09\/ama1.jpg 1600w\" sizes=\"auto, (max-width: 300px) 100vw, 300px\" \/><\/p>\n<p>Den problematiska situation som ursprungsfolken st\u00e4lls inf\u00f6r i den moderna tid vi nu lever belystes och kopplingar till samernas kamp att beh\u00e5lla tradition, spr\u00e5k och levnadss\u00e4tt gjordes av publiken. Maria ber\u00e4ttade ocks\u00e5 om den expedition som hon medverkade p\u00e5 n\u00e4r det letades efter sp\u00e5r efter okontaktade ursprungsfolk.<\/p>\n<p>Om det g\u00e5r att bevisa att ett \u00e4nnu okontaktat ursprungsfolk lever p\u00e5 en plats kan den regionen klassas som ursprungsfolksterritorium och d\u00e4rmed f\u00e5 ett h\u00f6gt skydd fr\u00e5n den brasilianska regeringen. Den v\u00e4sterl\u00e4ndska kulturens negativa inverkan p\u00e5 usprungsfolkens levnadsvanor lyftes ocks\u00e5, d\u00e4r sjukdomar s\u00e5som diabetes, fetma och karies blivit allt vanligare och stora problem.<\/p>\n<p>Valen vid \u00e5rsm\u00f6tet: Stellan B\u00e4cklund omvaldes som ordf\u00f6rande och till styrelseledam\u00f6ter (tv\u00e5 \u00e5r) valdes Lena Konradsson \u00d6berg (nyval) och Birgitta Nordin. Val<img loading=\"lazy\" decoding=\"async\" class=\"wp-image-159 size-medium alignleft\" src=\"https:\/\/fn.se\/ornskoldsvik\/wp-content\/uploads\/sites\/98\/2016\/09\/ama2-300x225.jpg\" alt=\"\" width=\"300\" height=\"225\" srcset=\"https:\/\/fn.se\/ornskoldsvik\/wp-content\/uploads\/sites\/98\/2016\/09\/ama2-300x225.jpg 300w, https:\/\/fn.se\/ornskoldsvik\/wp-content\/uploads\/sites\/98\/2016\/09\/ama2-768x576.jpg 768w, https:\/\/fn.se\/ornskoldsvik\/wp-content\/uploads\/sites\/98\/2016\/09\/ama2-1024x768.jpg 1024w, https:\/\/fn.se\/ornskoldsvik\/wp-content\/uploads\/sites\/98\/2016\/09\/ama2-427x320.jpg 427w, https:\/\/fn.se\/ornskoldsvik\/wp-content\/uploads\/sites\/98\/2016\/09\/ama2-933x700.jpg 933w, https:\/\/fn.se\/ornskoldsvik\/wp-content\/uploads\/sites\/98\/2016\/09\/ama2.jpg 1600w\" sizes=\"auto, (max-width: 300px) 100vw, 300px\" \/>da sedan tidigare: Ann-Charlotte Gidlund, Monica Sundin och Anita Harning. Ungdomsansvarig: Maria Elfving. Suppleanter: Margareta B\u00e4cklund och Birgitta H\u00f6rnquist. Revisorer: Moniqa E. Lindgren och Roger Sandstr\u00f6m.<\/p>\n<p>Valberedning: Birgit Backlund Sundman (sammankallande) och Mona Hedberg. Stig Axel Ericsson avtackades f\u00f6r sin tid i styrelsen.<\/p>\n<p>\/ ESSBE<\/p>\n<p>&nbsp;<\/p>\n<p>Foto: Toli<\/p>\n","protected":false},"excerpt":{"rendered":"<p>Amazonas med \u00e5rsm\u00f6te Under FN-f\u00f6reningens temakv\u00e4ll ber\u00e4ttade Maria Elfving om Amazonas och om ursprungsfolkens kamp att skydda regnskogen tillika deras&hellip;<\/p>\n","protected":false},"author":3,"featured_media":0,"parent":0,"menu_order":0,"comment_status":"closed","ping_status":"closed","template":"templates\/template-sub.php","meta":{"_acf_changed":false,"footnotes":"","_links_to":"","_links_to_target":""},"class_list":["post-157","page","type-page","status-publish","hentry"],"acf":[],"_links":{"self":[{"href":"https:\/\/fn.se\/ornskoldsvik\/wp-json\/wp\/v2\/pages\/157","targetHints":{"allow":["GET"]}}],"collection":[{"href":"https:\/\/fn.se\/ornskoldsvik\/wp-json\/wp\/v2\/pages"}],"about":[{"href":"https:\/\/fn.se\/ornskoldsvik\/wp-json\/wp\/v2\/types\/page"}],"author":[{"embeddable":true,"href":"https:\/\/fn.se\/ornskoldsvik\/wp-json\/wp\/v2\/users\/3"}],"replies":[{"embeddable":true,"href":"https:\/\/fn.se\/ornskoldsvik\/wp-json\/wp\/v2\/comments?post=157"}],"version-history":[{"count":4,"href":"https:\/\/fn.se\/ornskoldsvik\/wp-json\/wp\/v2\/pages\/157\/revisions"}],"predecessor-version":[{"id":275,"href":"https:\/\/fn.se\/ornskoldsvik\/wp-json\/wp\/v2\/pages\/157\/revisions\/275"}],"wp:attachment":[{"href":"https:\/\/fn.se\/ornskoldsvik\/wp-json\/wp\/v2\/media?parent=157"}],"curies":[{"name":"wp","href":"https:\/\/api.w.org\/{rel}","templated":true}]}}