{"id":145,"date":"2016-09-15T08:56:55","date_gmt":"2016-09-15T08:56:55","guid":{"rendered":"http:\/\/fn.se\/ornskoldsvik\/?page_id=145"},"modified":"2025-02-19T10:29:22","modified_gmt":"2025-02-19T10:29:22","slug":"kontakt","status":"publish","type":"page","link":"https:\/\/fn.se\/ornskoldsvik\/kontakt\/","title":{"rendered":"Kontakt"},"content":{"rendered":"<h1>Kontakt<\/h1>\n<p>Tveka inte att kontakta oss om du har n\u00e5gra fr\u00e5gor!<\/p>\n<p>Ordf\u00f6rande: John-Erik Sandstr\u00f6m<br \/>\nAdress:<br \/>\nTelefon:<br \/>\nE-post: fnforeningenovik@gmail.com<\/p>\n","protected":false},"excerpt":{"rendered":"<p>Kontakt Tveka inte att kontakta oss om du har n\u00e5gra fr\u00e5gor! Ordf\u00f6rande: John-Erik Sandstr\u00f6m Adress: Telefon: E-post: fnforeningenovik@gmail.com<\/p>\n","protected":false},"author":3,"featured_media":0,"parent":0,"menu_order":0,"comment_status":"closed","ping_status":"closed","template":"templates\/template-sub.php","meta":{"_acf_changed":false,"footnotes":"","_links_to":"","_links_to_target":""},"class_list":["post-145","page","type-page","status-publish","hentry"],"acf":[],"_links":{"self":[{"href":"https:\/\/fn.se\/ornskoldsvik\/wp-json\/wp\/v2\/pages\/145","targetHints":{"allow":["GET"]}}],"collection":[{"href":"https:\/\/fn.se\/ornskoldsvik\/wp-json\/wp\/v2\/pages"}],"about":[{"href":"https:\/\/fn.se\/ornskoldsvik\/wp-json\/wp\/v2\/types\/page"}],"author":[{"embeddable":true,"href":"https:\/\/fn.se\/ornskoldsvik\/wp-json\/wp\/v2\/users\/3"}],"replies":[{"embeddable":true,"href":"https:\/\/fn.se\/ornskoldsvik\/wp-json\/wp\/v2\/comments?post=145"}],"version-history":[{"count":14,"href":"https:\/\/fn.se\/ornskoldsvik\/wp-json\/wp\/v2\/pages\/145\/revisions"}],"predecessor-version":[{"id":1853,"href":"https:\/\/fn.se\/ornskoldsvik\/wp-json\/wp\/v2\/pages\/145\/revisions\/1853"}],"wp:attachment":[{"href":"https:\/\/fn.se\/ornskoldsvik\/wp-json\/wp\/v2\/media?parent=145"}],"curies":[{"name":"wp","href":"https:\/\/api.w.org\/{rel}","templated":true}]}}