{"id":130,"date":"2016-09-15T08:47:01","date_gmt":"2016-09-15T08:47:01","guid":{"rendered":"http:\/\/fn.se\/ornskoldsvik\/?page_id=130"},"modified":"2022-03-13T15:08:44","modified_gmt":"2022-03-13T15:08:44","slug":"minnesblad-gratulationskort","status":"publish","type":"page","link":"https:\/\/fn.se\/ornskoldsvik\/minnesblad-gratulationskort\/","title":{"rendered":"Minnesblad \/ Gratulationskort"},"content":{"rendered":"<h1>Minnesblad Gratulationskort<\/h1>\n<p class=\"intro\">Vill Du skicka ett Minnesblad eller ett Gratulationskort och samtidigt ge en penningg\u00e5va till v\u00e5ra bist\u00e5ndsprojekt i Zimbabwe (pg 54 51 59 &#8211; 6, \u00d6rnsk\u00f6ldsviks FN-f\u00f6rening)? H\u00e4r kan du sj\u00e4lv enkelt skriva ut 2 ex i taget, anv\u00e4nd helst inte 80-gramspapper utan g\u00e4rna ett n\u00e5got styvare papper. <a href=\"https:\/\/fn.se\/ornskoldsvik\/projekt\/\">L\u00e4s mer om v\u00e5ra projekt h\u00e4r<\/a>.<\/p>\n<h4>Minnesblad<\/h4>\n<p>Storlek A5 (20,9 x 14,8), <a href=\"https:\/\/fn.se\/ornskoldsvik\/wp-content\/uploads\/sites\/98\/2016\/09\/Tackhylln16f.pdf\" target=\"_blank\" rel=\"noopener noreferrer\">Skriv ut sj\u00e4lv!<\/a>. PDF-filen har 2 sidor d\u00e4r <strong>sid\u00a02<\/strong> inneh\u00e5ller 2 Minnesblad. Anv\u00e4nd oh\u00e5lat papper, helst\u00a0120 &#8211; 160 gram. Du b\u00f6r skicka Minnesbladet i ett C5-kuvert men man kan ocks\u00e5 vika Minnesbladet i mitten och l\u00e4gga in det i ett C6-kuvert.<\/p>\n<p><img loading=\"lazy\" decoding=\"async\" class=\"alignnone wp-image-132 size-full\" src=\"https:\/\/fn.se\/ornskoldsvik\/wp-content\/uploads\/sites\/98\/2016\/09\/Minnbl1c_1.jpg\" alt=\"minnbl1c_1\" width=\"470\" height=\"661\" srcset=\"https:\/\/fn.se\/ornskoldsvik\/wp-content\/uploads\/sites\/98\/2016\/09\/Minnbl1c_1.jpg 470w, https:\/\/fn.se\/ornskoldsvik\/wp-content\/uploads\/sites\/98\/2016\/09\/Minnbl1c_1-213x300.jpg 213w, https:\/\/fn.se\/ornskoldsvik\/wp-content\/uploads\/sites\/98\/2016\/09\/Minnbl1c_1-228x320.jpg 228w\" sizes=\"auto, (max-width: 470px) 100vw, 470px\" \/><\/p>\n<h4>Gratulationskort<\/h4>\n<p>Storlek A5 <a class=\"file pdf\" href=\"http:\/\/fnold.episerverhosting.com\/PageFiles\/13192\/Tackhylln16f.pdf\" target=\"_blank\" rel=\"noopener noreferrer\">Skriv ut sj\u00e4lv!<\/a>.\u00a0PDF-filen har 2 sidor d\u00e4r <strong>sid 1<\/strong> inneh\u00e5ller 2 Gratulationskort. Anv\u00e4nd oh\u00e5lat papper, helst 120 &#8211; 160 gram. Du kan skicka Gratulationskortet i ett C5-kuvert eller vika Gratulationskortet i mitten och l\u00e4gga in det i ett C6-kuvert, ett s.k. Sverigekuvert.<\/p>\n<p><img loading=\"lazy\" decoding=\"async\" class=\"alignnone wp-image-131 size-full\" src=\"https:\/\/fn.se\/ornskoldsvik\/wp-content\/uploads\/sites\/98\/2016\/09\/Gratkort1b_1.jpg\" alt=\"gratkort1b_1\" width=\"470\" height=\"654\" srcset=\"https:\/\/fn.se\/ornskoldsvik\/wp-content\/uploads\/sites\/98\/2016\/09\/Gratkort1b_1.jpg 470w, https:\/\/fn.se\/ornskoldsvik\/wp-content\/uploads\/sites\/98\/2016\/09\/Gratkort1b_1-216x300.jpg 216w, https:\/\/fn.se\/ornskoldsvik\/wp-content\/uploads\/sites\/98\/2016\/09\/Gratkort1b_1-230x320.jpg 230w\" sizes=\"auto, (max-width: 470px) 100vw, 470px\" \/><\/p>\n","protected":false},"excerpt":{"rendered":"<p>Minnesblad Gratulationskort Vill Du skicka ett Minnesblad eller ett Gratulationskort och samtidigt ge en penningg\u00e5va till v\u00e5ra bist\u00e5ndsprojekt i Zimbabwe&hellip;<\/p>\n","protected":false},"author":3,"featured_media":0,"parent":0,"menu_order":0,"comment_status":"closed","ping_status":"closed","template":"templates\/template-sub.php","meta":{"_acf_changed":false,"footnotes":"","_links_to":"","_links_to_target":""},"class_list":["post-130","page","type-page","status-publish","hentry"],"acf":[],"_links":{"self":[{"href":"https:\/\/fn.se\/ornskoldsvik\/wp-json\/wp\/v2\/pages\/130","targetHints":{"allow":["GET"]}}],"collection":[{"href":"https:\/\/fn.se\/ornskoldsvik\/wp-json\/wp\/v2\/pages"}],"about":[{"href":"https:\/\/fn.se\/ornskoldsvik\/wp-json\/wp\/v2\/types\/page"}],"author":[{"embeddable":true,"href":"https:\/\/fn.se\/ornskoldsvik\/wp-json\/wp\/v2\/users\/3"}],"replies":[{"embeddable":true,"href":"https:\/\/fn.se\/ornskoldsvik\/wp-json\/wp\/v2\/comments?post=130"}],"version-history":[{"count":5,"href":"https:\/\/fn.se\/ornskoldsvik\/wp-json\/wp\/v2\/pages\/130\/revisions"}],"predecessor-version":[{"id":1121,"href":"https:\/\/fn.se\/ornskoldsvik\/wp-json\/wp\/v2\/pages\/130\/revisions\/1121"}],"wp:attachment":[{"href":"https:\/\/fn.se\/ornskoldsvik\/wp-json\/wp\/v2\/media?parent=130"}],"curies":[{"name":"wp","href":"https:\/\/api.w.org\/{rel}","templated":true}]}}