{"id":127,"date":"2016-09-15T08:39:42","date_gmt":"2016-09-15T08:39:42","guid":{"rendered":"http:\/\/fn.se\/ornskoldsvik\/?page_id=127"},"modified":"2016-10-18T08:02:31","modified_gmt":"2016-10-18T08:02:31","slug":"finansiering","status":"publish","type":"page","link":"https:\/\/fn.se\/ornskoldsvik\/finansiering\/","title":{"rendered":"Finansiering"},"content":{"rendered":"<h1>Finansiering<\/h1>\n<p class=\"intro\">F\u00f6r att vi ska kunna driva v\u00e5ra projekt p\u00e5 b\u00e4sta s\u00e4tt kr\u00e4vs att vi varje \u00e5r f\u00e5r in de pengar som beh\u00f6vs. S\u00e5 h\u00e4r jobbar vi i huvudsak med detta:<\/p>\n<p class=\"intro\">1. St\u00f6rre \u00e5tagenden kan klaras med hj\u00e4lp av s\u00f6kta bidrag fr\u00e5n t.ex Forum Syd eller Svenska Institutet. D\u00e5 m\u00e5ste dock f\u00f6reningen sj\u00e4lv st\u00e5 f\u00f6r 10% av projektkostnaden.<\/p>\n<p class=\"intro\">2. Varje \u00e5r genomf\u00f6rs &#8221;Operation Syskonskola&#8221; bland kommunens h\u00f6gstadieskolor och detta har inbringat mellan 130000 &#8211; 180000 kr under en l\u00e5ng f\u00f6ljd av \u00e5r.<\/p>\n<p class=\"intro\">3. Halva medlemsavgiften tillfaller f\u00f6reningarna och ger f\u00f6reningen ett viktigt tillskott i kassan, under 2009\u00a0n\u00e4rmare 6000 kronor.<\/p>\n<p class=\"intro\">4. Pengar fr\u00e5n egna lotterier, div. f\u00f6rs\u00e4ljning och g\u00e5vobidrag i samband med v\u00e5ra m\u00f6ten inbringar en hel del varje \u00e5r.<\/p>\n<p class=\"intro\">5. Privatpersoner ger penningg\u00e5vor till v\u00e5ra projekt i Zimbabwe i samband med begravningar och h\u00f6gtidsdagar (till v\u00e5rt pg 54 51 59 &#8211; 6), och f\u00e5r d\u00e5 i geng\u00e4ld v\u00e5ra specialdesignade minnesblad och gratulationskort. Mer information finns under rubrikerna &#8221;Minnesblad&#8221; och &#8221;Gratulationskort&#8221;!<\/p>\n","protected":false},"excerpt":{"rendered":"<p>Finansiering F\u00f6r att vi ska kunna driva v\u00e5ra projekt p\u00e5 b\u00e4sta s\u00e4tt kr\u00e4vs att vi varje \u00e5r f\u00e5r in de&hellip;<\/p>\n","protected":false},"author":3,"featured_media":0,"parent":0,"menu_order":0,"comment_status":"closed","ping_status":"closed","template":"templates\/template-sub.php","meta":{"_acf_changed":false,"footnotes":"","_links_to":"","_links_to_target":""},"class_list":["post-127","page","type-page","status-publish","hentry"],"acf":[],"_links":{"self":[{"href":"https:\/\/fn.se\/ornskoldsvik\/wp-json\/wp\/v2\/pages\/127","targetHints":{"allow":["GET"]}}],"collection":[{"href":"https:\/\/fn.se\/ornskoldsvik\/wp-json\/wp\/v2\/pages"}],"about":[{"href":"https:\/\/fn.se\/ornskoldsvik\/wp-json\/wp\/v2\/types\/page"}],"author":[{"embeddable":true,"href":"https:\/\/fn.se\/ornskoldsvik\/wp-json\/wp\/v2\/users\/3"}],"replies":[{"embeddable":true,"href":"https:\/\/fn.se\/ornskoldsvik\/wp-json\/wp\/v2\/comments?post=127"}],"version-history":[{"count":1,"href":"https:\/\/fn.se\/ornskoldsvik\/wp-json\/wp\/v2\/pages\/127\/revisions"}],"predecessor-version":[{"id":129,"href":"https:\/\/fn.se\/ornskoldsvik\/wp-json\/wp\/v2\/pages\/127\/revisions\/129"}],"wp:attachment":[{"href":"https:\/\/fn.se\/ornskoldsvik\/wp-json\/wp\/v2\/media?parent=127"}],"curies":[{"name":"wp","href":"https:\/\/api.w.org\/{rel}","templated":true}]}}