{"id":1100,"date":"2020-01-31T07:44:43","date_gmt":"2020-01-31T07:44:43","guid":{"rendered":"https:\/\/fn.se\/ornskoldsvik\/?page_id=1100"},"modified":"2020-01-31T07:44:43","modified_gmt":"2020-01-31T07:44:43","slug":"fn-veteran-om-kashmir","status":"publish","type":"page","link":"https:\/\/fn.se\/ornskoldsvik\/fn-veteran-om-kashmir\/","title":{"rendered":"FN-veteran om Kashmir"},"content":{"rendered":"\n<div class=\"wp-block-image\"><figure class=\"aligncenter size-large\"><img loading=\"lazy\" decoding=\"async\" width=\"768\" height=\"1024\" src=\"https:\/\/fn.se\/ornskoldsvik\/wp-content\/uploads\/sites\/98\/2020\/01\/P1030326b-Copy-768x1024.jpg\" alt=\"\" class=\"wp-image-1101\" srcset=\"https:\/\/fn.se\/ornskoldsvik\/wp-content\/uploads\/sites\/98\/2020\/01\/P1030326b-Copy-768x1024.jpg 768w, https:\/\/fn.se\/ornskoldsvik\/wp-content\/uploads\/sites\/98\/2020\/01\/P1030326b-Copy-225x300.jpg 225w, https:\/\/fn.se\/ornskoldsvik\/wp-content\/uploads\/sites\/98\/2020\/01\/P1030326b-Copy-1152x1536.jpg 1152w, https:\/\/fn.se\/ornskoldsvik\/wp-content\/uploads\/sites\/98\/2020\/01\/P1030326b-Copy-1536x2048.jpg 1536w, https:\/\/fn.se\/ornskoldsvik\/wp-content\/uploads\/sites\/98\/2020\/01\/P1030326b-Copy-650x867.jpg 650w, https:\/\/fn.se\/ornskoldsvik\/wp-content\/uploads\/sites\/98\/2020\/01\/P1030326b-Copy-1024x1365.jpg 1024w, https:\/\/fn.se\/ornskoldsvik\/wp-content\/uploads\/sites\/98\/2020\/01\/P1030326b-Copy.jpg 1836w\" sizes=\"auto, (max-width: 768px) 100vw, 768px\" \/><figcaption>H\u00e5kan Lindgren tj\u00e4nstgjorde som FN-observat\u00f6r i Kashmir i mitten p\u00e5 1980-talet<\/figcaption><\/figure><\/div>\n\n\n\n<p>FN-veteran i \u00d6-vik varnar f\u00f6r krig i Kashmir.<\/p>\n\n\n\n<p>Kashmir i gr\u00e4nsomr\u00e5det mellan Indien, Pakistan och Kina \u00e4r ett av v\u00e4rldens farligaste omr\u00e5den. Indien och Pakistan \u00e4r st\u00e4ndigt i konflikt med varandra. Indien har 500 000 soldater i Kashmir och Pakistan har 200 000. Attacker med dr\u00f6nare och beskjutning i begr\u00e4nsad omfattning f\u00f6rekommer. Dessutom har b\u00e5de Indien och Pakistan k\u00e4rnvapen.<\/p>\n\n\n\n<p>S\u00e5 h\u00e4r b\u00f6rjar Sven Lindblom sitt referat om FN-veteranen H\u00e5kan Lindgrens presentation av Kashmir, detta i samband med v\u00e5rt temam\u00f6te &#8221;Kashmir-konflikten&#8221; m\u00e5ndagen den 20 januari. Referatet ligger p\u00e5 \u00d6A N\u00e4ra, h\u00e4r \u00e4r l\u00e4nken:<\/p>\n\n\n\n<p><a href=\"https:\/\/www.allehanda.se\/artikel\/fn-veteran-i-o-vik-varnar-for-krig-i-kashmir\">https:\/\/www.allehanda.se\/artikel\/fn-veteran-i-o-vik-varnar-for-krig-i-kashmir<\/a><\/p>\n\n\n\n<figure class=\"wp-block-image size-large\"><img loading=\"lazy\" decoding=\"async\" width=\"1024\" height=\"819\" src=\"https:\/\/fn.se\/ornskoldsvik\/wp-content\/uploads\/sites\/98\/2020\/01\/P1030324b-Copy-1024x819.jpg\" alt=\"\" class=\"wp-image-1106\" srcset=\"https:\/\/fn.se\/ornskoldsvik\/wp-content\/uploads\/sites\/98\/2020\/01\/P1030324b-Copy-1024x819.jpg 1024w, https:\/\/fn.se\/ornskoldsvik\/wp-content\/uploads\/sites\/98\/2020\/01\/P1030324b-Copy-300x240.jpg 300w, https:\/\/fn.se\/ornskoldsvik\/wp-content\/uploads\/sites\/98\/2020\/01\/P1030324b-Copy-768x614.jpg 768w, https:\/\/fn.se\/ornskoldsvik\/wp-content\/uploads\/sites\/98\/2020\/01\/P1030324b-Copy-1536x1228.jpg 1536w, https:\/\/fn.se\/ornskoldsvik\/wp-content\/uploads\/sites\/98\/2020\/01\/P1030324b-Copy-650x520.jpg 650w, https:\/\/fn.se\/ornskoldsvik\/wp-content\/uploads\/sites\/98\/2020\/01\/P1030324b-Copy.jpg 1858w\" sizes=\"auto, (max-width: 1024px) 100vw, 1024px\" \/><figcaption>H\u00e5kan Lindgren ber\u00e4ttade till egna bilder fr\u00e5n sin tid som FN-observat\u00f6r, h\u00e4r en bild fr\u00e5n norra delen av omr\u00e5det.<\/figcaption><\/figure>\n\n\n\n<figure class=\"wp-block-image size-large\"><img loading=\"lazy\" decoding=\"async\" width=\"1024\" height=\"852\" src=\"https:\/\/fn.se\/ornskoldsvik\/wp-content\/uploads\/sites\/98\/2020\/01\/P1030322b-Copy-1024x852.jpg\" alt=\"\" class=\"wp-image-1107\" srcset=\"https:\/\/fn.se\/ornskoldsvik\/wp-content\/uploads\/sites\/98\/2020\/01\/P1030322b-Copy-1024x852.jpg 1024w, https:\/\/fn.se\/ornskoldsvik\/wp-content\/uploads\/sites\/98\/2020\/01\/P1030322b-Copy-300x250.jpg 300w, https:\/\/fn.se\/ornskoldsvik\/wp-content\/uploads\/sites\/98\/2020\/01\/P1030322b-Copy-768x639.jpg 768w, https:\/\/fn.se\/ornskoldsvik\/wp-content\/uploads\/sites\/98\/2020\/01\/P1030322b-Copy-1536x1278.jpg 1536w, https:\/\/fn.se\/ornskoldsvik\/wp-content\/uploads\/sites\/98\/2020\/01\/P1030322b-Copy-650x541.jpg 650w, https:\/\/fn.se\/ornskoldsvik\/wp-content\/uploads\/sites\/98\/2020\/01\/P1030322b-Copy.jpg 1848w\" sizes=\"auto, (max-width: 1024px) 100vw, 1024px\" \/><figcaption>Att ta sig fram l\u00e4ngs de smala, knappt farbara v\u00e4garna i omr\u00e5det var sv\u00e5rt och farligt, h\u00e4r ser man de jeepar som anv\u00e4ndes f\u00f6r tj\u00e4nsteuppdragen.<\/figcaption><\/figure>\n\n\n\n<figure class=\"wp-block-image size-large\"><img loading=\"lazy\" decoding=\"async\" width=\"1024\" height=\"786\" src=\"https:\/\/fn.se\/ornskoldsvik\/wp-content\/uploads\/sites\/98\/2020\/01\/P1030323b-Copy-1024x786.jpg\" alt=\"\" class=\"wp-image-1108\" srcset=\"https:\/\/fn.se\/ornskoldsvik\/wp-content\/uploads\/sites\/98\/2020\/01\/P1030323b-Copy-1024x786.jpg 1024w, https:\/\/fn.se\/ornskoldsvik\/wp-content\/uploads\/sites\/98\/2020\/01\/P1030323b-Copy-300x230.jpg 300w, https:\/\/fn.se\/ornskoldsvik\/wp-content\/uploads\/sites\/98\/2020\/01\/P1030323b-Copy-768x589.jpg 768w, https:\/\/fn.se\/ornskoldsvik\/wp-content\/uploads\/sites\/98\/2020\/01\/P1030323b-Copy-1536x1179.jpg 1536w, https:\/\/fn.se\/ornskoldsvik\/wp-content\/uploads\/sites\/98\/2020\/01\/P1030323b-Copy-650x499.jpg 650w, https:\/\/fn.se\/ornskoldsvik\/wp-content\/uploads\/sites\/98\/2020\/01\/P1030323b-Copy.jpg 1884w\" sizes=\"auto, (max-width: 1024px) 100vw, 1024px\" \/><\/figure>\n\n\n\n<figure class=\"wp-block-image size-large\"><img loading=\"lazy\" decoding=\"async\" width=\"1024\" height=\"768\" src=\"https:\/\/fn.se\/ornskoldsvik\/wp-content\/uploads\/sites\/98\/2020\/01\/P1030327b-Copy-1024x768.jpg\" alt=\"\" class=\"wp-image-1109\" srcset=\"https:\/\/fn.se\/ornskoldsvik\/wp-content\/uploads\/sites\/98\/2020\/01\/P1030327b-Copy-1024x768.jpg 1024w, https:\/\/fn.se\/ornskoldsvik\/wp-content\/uploads\/sites\/98\/2020\/01\/P1030327b-Copy-300x225.jpg 300w, https:\/\/fn.se\/ornskoldsvik\/wp-content\/uploads\/sites\/98\/2020\/01\/P1030327b-Copy-768x576.jpg 768w, https:\/\/fn.se\/ornskoldsvik\/wp-content\/uploads\/sites\/98\/2020\/01\/P1030327b-Copy-1536x1152.jpg 1536w, https:\/\/fn.se\/ornskoldsvik\/wp-content\/uploads\/sites\/98\/2020\/01\/P1030327b-Copy-2048x1536.jpg 2048w, https:\/\/fn.se\/ornskoldsvik\/wp-content\/uploads\/sites\/98\/2020\/01\/P1030327b-Copy-650x488.jpg 650w\" sizes=\"auto, (max-width: 1024px) 100vw, 1024px\" \/><\/figure>\n","protected":false},"excerpt":{"rendered":"<p>FN-veteran i \u00d6-vik varnar f\u00f6r krig i Kashmir. Kashmir i gr\u00e4nsomr\u00e5det mellan Indien, Pakistan och Kina \u00e4r ett av v\u00e4rldens&hellip;<\/p>\n","protected":false},"author":111,"featured_media":0,"parent":0,"menu_order":0,"comment_status":"closed","ping_status":"closed","template":"","meta":{"_acf_changed":false,"footnotes":"","_links_to":"","_links_to_target":""},"class_list":["post-1100","page","type-page","status-publish","hentry"],"acf":[],"_links":{"self":[{"href":"https:\/\/fn.se\/ornskoldsvik\/wp-json\/wp\/v2\/pages\/1100","targetHints":{"allow":["GET"]}}],"collection":[{"href":"https:\/\/fn.se\/ornskoldsvik\/wp-json\/wp\/v2\/pages"}],"about":[{"href":"https:\/\/fn.se\/ornskoldsvik\/wp-json\/wp\/v2\/types\/page"}],"author":[{"embeddable":true,"href":"https:\/\/fn.se\/ornskoldsvik\/wp-json\/wp\/v2\/users\/111"}],"replies":[{"embeddable":true,"href":"https:\/\/fn.se\/ornskoldsvik\/wp-json\/wp\/v2\/comments?post=1100"}],"version-history":[{"count":5,"href":"https:\/\/fn.se\/ornskoldsvik\/wp-json\/wp\/v2\/pages\/1100\/revisions"}],"predecessor-version":[{"id":1110,"href":"https:\/\/fn.se\/ornskoldsvik\/wp-json\/wp\/v2\/pages\/1100\/revisions\/1110"}],"wp:attachment":[{"href":"https:\/\/fn.se\/ornskoldsvik\/wp-json\/wp\/v2\/media?parent=1100"}],"curies":[{"name":"wp","href":"https:\/\/api.w.org\/{rel}","templated":true}]}}