{"id":1060,"date":"2020-01-01T20:13:55","date_gmt":"2020-01-01T20:13:55","guid":{"rendered":"https:\/\/fn.se\/ornskoldsvik\/?page_id=1060"},"modified":"2020-01-01T20:13:55","modified_gmt":"2020-01-01T20:13:55","slug":"presentation-av-agenda-2030","status":"publish","type":"page","link":"https:\/\/fn.se\/ornskoldsvik\/presentation-av-agenda-2030\/","title":{"rendered":"Presentation av Agenda 2030"},"content":{"rendered":"\n<figure class=\"wp-block-image size-large\"><img loading=\"lazy\" decoding=\"async\" width=\"1024\" height=\"768\" src=\"https:\/\/fn.se\/ornskoldsvik\/wp-content\/uploads\/sites\/98\/2020\/01\/P1010299-1024x768.jpg\" alt=\"\" class=\"wp-image-1061\" srcset=\"https:\/\/fn.se\/ornskoldsvik\/wp-content\/uploads\/sites\/98\/2020\/01\/P1010299-1024x768.jpg 1024w, https:\/\/fn.se\/ornskoldsvik\/wp-content\/uploads\/sites\/98\/2020\/01\/P1010299-300x225.jpg 300w, https:\/\/fn.se\/ornskoldsvik\/wp-content\/uploads\/sites\/98\/2020\/01\/P1010299-768x576.jpg 768w, https:\/\/fn.se\/ornskoldsvik\/wp-content\/uploads\/sites\/98\/2020\/01\/P1010299-1536x1152.jpg 1536w, https:\/\/fn.se\/ornskoldsvik\/wp-content\/uploads\/sites\/98\/2020\/01\/P1010299-2048x1536.jpg 2048w, https:\/\/fn.se\/ornskoldsvik\/wp-content\/uploads\/sites\/98\/2020\/01\/P1010299-650x488.jpg 650w\" sizes=\"auto, (max-width: 1024px) 100vw, 1024px\" \/><figcaption>Malin \u00c5berg Aas fr\u00e5n Svenska FN-f\u00f6rbundet<\/figcaption><\/figure>\n\n\n\n<p> Presentation av AGENDA 2030 <\/p>\n\n\n\n<p>I september 2015 antog v\u00e4rldens stats- och regeringschefer Agenda 2030 som best\u00e5r av 17 Globala M\u00e5l f\u00f6r en h\u00e5llbar utveckling med slutm\u00e5let att utrota fattigdom, stoppa klimatf\u00f6r\u00e4ndringar och skapa fredliga samh\u00e4llen. F\u00f6r att n\u00e4rmare belysa dessa m\u00e5l hade FN-f\u00f6reningen inbjudit Malin \u00c5berg Aas fr\u00e5n Svenska FN-f\u00f6rbundet, tillika kommunikationsansvarig f\u00f6r det Glokala Sverige. M\u00f6tet sammanf\u00f6ll tursamt samtidigt som FN:s stora klimatm\u00f6te COP25 i Madrid, Spanien.<\/p>\n\n\n\n<p>Glokala Sverige \u00e4r ett kommunikations- och utbildningsprojekt som ska st\u00e4rka kunskap och engagemang f\u00f6r Agenda 2030 bland v\u00e5ra politiker och tj\u00e4nstem\u00e4n ute i v\u00e5ra kommuner och regioner. Projektet \u00e4r ett samarbete mellan just Svenska FN-f\u00f6rbundet och SKR (Sveriges Kommuner och Regioner). Finansiering kommer fr\u00e5n bist\u00e5ndsorganet Sida. I v\u00e5rt l\u00e4n deltar nu alla kommuner utom Sundsvall och Kramfors, rapporterade Malin \u00c5berg Aas. Hittills har 81 kommuner och 15 regioner g\u00e5tt med i Glokala Sverige.<\/p>\n\n\n\n<p>Enligt henne finns \u00e4ven ett stort engagemang ute i landets FN-f\u00f6reningar och p\u00e5 vissa h\u00e5ll han man arrangerat aktiviteter gemensamt med kommunerna. Agenda 2030 best\u00e5r av olika beslutsdokument och beskrivningar av de 17 m\u00e5len och \u00e4ven de 169 delm\u00e5len. Agenda 2030 g\u00e4ller alla m\u00e4nniskor och l\u00e4nder och vi m\u00e5ste med kraft gemensamt arbeta f\u00f6r att n\u00e5 m\u00e5len.<\/p>\n\n\n\n<p>F\u00f6r \u00f6vrigt ersatte De Globala M\u00e5len den 1 januari 2016 de \u00e5tta Millenniem\u00e5len som FN och v\u00e4rldens l\u00e4nder hade arbetat med sedan \u00e5r 2000. \u201d Vi \u00e4r den f\u00f6rsta generation som kan utrota fattigdom och den sista som kan stoppa klimatf\u00f6r\u00e4ndringen.\u201d (FN:s tidigare Generalsekreterare Ban Ki Moon).<\/p>\n\n\n\n<p>Malin \u00c5berg Aas avtackades f\u00f6r sin fina presentation och nu inf\u00f6r n\u00e4sta \u00e5r 2020 planeras m\u00f6ten om Kashmir-konflikten och Bangladesh m\u00f6jligen parat med rapport om den r\u00e5dande situationen i Eritrea. M\u00f6tet var ett kulturarrangemang med NBV.<\/p>\n\n\n\n<p>Text och Foto:&nbsp; &nbsp;Stellan B\u00e4cklund\n\n<\/p>\n","protected":false},"excerpt":{"rendered":"<p>Presentation av AGENDA 2030 I september 2015 antog v\u00e4rldens stats- och regeringschefer Agenda 2030 som best\u00e5r av 17 Globala M\u00e5l&hellip;<\/p>\n","protected":false},"author":111,"featured_media":0,"parent":0,"menu_order":0,"comment_status":"closed","ping_status":"closed","template":"","meta":{"_acf_changed":false,"footnotes":"","_links_to":"","_links_to_target":""},"class_list":["post-1060","page","type-page","status-publish","hentry"],"acf":[],"_links":{"self":[{"href":"https:\/\/fn.se\/ornskoldsvik\/wp-json\/wp\/v2\/pages\/1060","targetHints":{"allow":["GET"]}}],"collection":[{"href":"https:\/\/fn.se\/ornskoldsvik\/wp-json\/wp\/v2\/pages"}],"about":[{"href":"https:\/\/fn.se\/ornskoldsvik\/wp-json\/wp\/v2\/types\/page"}],"author":[{"embeddable":true,"href":"https:\/\/fn.se\/ornskoldsvik\/wp-json\/wp\/v2\/users\/111"}],"replies":[{"embeddable":true,"href":"https:\/\/fn.se\/ornskoldsvik\/wp-json\/wp\/v2\/comments?post=1060"}],"version-history":[{"count":1,"href":"https:\/\/fn.se\/ornskoldsvik\/wp-json\/wp\/v2\/pages\/1060\/revisions"}],"predecessor-version":[{"id":1062,"href":"https:\/\/fn.se\/ornskoldsvik\/wp-json\/wp\/v2\/pages\/1060\/revisions\/1062"}],"wp:attachment":[{"href":"https:\/\/fn.se\/ornskoldsvik\/wp-json\/wp\/v2\/media?parent=1060"}],"curies":[{"name":"wp","href":"https:\/\/api.w.org\/{rel}","templated":true}]}}