{"id":1052,"date":"2019-11-18T18:27:17","date_gmt":"2019-11-18T18:27:17","guid":{"rendered":"https:\/\/fn.se\/ornskoldsvik\/?page_id=1052"},"modified":"2019-11-18T18:27:18","modified_gmt":"2019-11-18T18:27:18","slug":"insandare-oa-ja-till-fns-karnvapenforbud","status":"publish","type":"page","link":"https:\/\/fn.se\/ornskoldsvik\/insandare-oa-ja-till-fns-karnvapenforbud\/","title":{"rendered":"Ins\u00e4ndare \u00d6A: Ja till FN:s k\u00e4rnvapenf\u00f6rbud!"},"content":{"rendered":"\n<figure class=\"wp-block-image size-large\"><img loading=\"lazy\" decoding=\"async\" width=\"1024\" height=\"682\" src=\"https:\/\/fn.se\/ornskoldsvik\/wp-content\/uploads\/sites\/98\/2019\/11\/ICANs-generalsekreterare-Beatrice-Fihn-1024x682.jpeg\" alt=\"\" class=\"wp-image-1054\" srcset=\"https:\/\/fn.se\/ornskoldsvik\/wp-content\/uploads\/sites\/98\/2019\/11\/ICANs-generalsekreterare-Beatrice-Fihn-1024x682.jpeg 1024w, https:\/\/fn.se\/ornskoldsvik\/wp-content\/uploads\/sites\/98\/2019\/11\/ICANs-generalsekreterare-Beatrice-Fihn-300x200.jpeg 300w, https:\/\/fn.se\/ornskoldsvik\/wp-content\/uploads\/sites\/98\/2019\/11\/ICANs-generalsekreterare-Beatrice-Fihn-768x512.jpeg 768w, https:\/\/fn.se\/ornskoldsvik\/wp-content\/uploads\/sites\/98\/2019\/11\/ICANs-generalsekreterare-Beatrice-Fihn-650x433.jpeg 650w, https:\/\/fn.se\/ornskoldsvik\/wp-content\/uploads\/sites\/98\/2019\/11\/ICANs-generalsekreterare-Beatrice-Fihn.jpeg 1201w\" sizes=\"auto, (max-width: 1024px) 100vw, 1024px\" \/><figcaption>ICANs generalsekreterare Beatrice Fihn: &#8221;Antingen avskaffar vi k\u00e4rnvapen eller s\u00e5 avskaffar dom oss!&#8221;<\/figcaption><\/figure>\n\n\n\n<p>H\u00f6sten 2016 antog FN:s generalf\u00f6rsamling med stor majoritet (122 l\u00e4nder) en resolution som kr\u00e4vde ett avtal som ska f\u00f6rbjuda k\u00e4rnvapen. Sverige r\u00f6stade f\u00f6r resolutionen den 7 juli 2017, ett FN-avtal \u00e4r \u00f6ppet f\u00f6r alla medlemsstater. Tr\u00e4der ocks\u00e5 i kraft n\u00e4r 50 stater har ratificerat det. Efter p\u00e5tryckningar valde den svenska regeringen att inte ratificera avtalet, en utredning tillsattes f\u00f6r att utreda l\u00e4mpligheten. K\u00e4rnvapen \u00e4r idag det absolut st\u00f6rsta hotet mot m\u00e4nskligheten, dessa oerh\u00f6rda vapen s\u00e4kerst\u00e4ller ingen fred, de f\u00f6r\u00f6der v\u00e5r planet. Vapnen \u00e4r byggda f\u00f6r att utpl\u00e5na, d\u00f6da och leml\u00e4sta. I det s\u00e5 kallade icke-spridningsavtalet (NPT p\u00e5 engelska) f\u00f6rband sig k\u00e4rnvapenmakterna redan f\u00f6r \u00f6ver 50 \u00e5r sedan att avskaffa k\u00e4rnvapnen. Dock ingen tidsplan.<\/p>\n\n\n\n<p>Idag vet vi med s\u00e4kerhet att Ryssland moderniserar sina vapen och att Kina utvecklar sina f\u00f6r att bli mera effektiva. USA har redan beslutat att satsa upp till 1 200 miljarder dollar under kommande tre decennier p\u00e5 sitt idag omfattande k\u00e4rnvapenprogram. S\u00e5 illa \u00e4r faktiskt l\u00e4get idag!<\/p>\n\n\n\n<p>Fick Sverige skr\u00e4mselhicka? Vi anser att inget land ska best\u00e4mma \u00f6ver v\u00e5r s\u00e4kerhetspolitik, vi har l\u00e4nge aktivt jobbat \u00e4ven f\u00f6r k\u00e4rnvapenfria zoner. En massiv majoritet av v\u00e5r svenska befolkning vill att Sverige ska ratificera FN-konventionen, idag sk\u00e4rps konflikterna i v\u00e4rlden. Enligt uppgift \u00f6ppnade Margot Wallstr\u00f6m f\u00f6r en ompr\u00f6vning n\u00e4sta \u00e5r. Eller som Beatrice Fihn uttryckte det hela n\u00e4r hon tog emot Nobelpriset i Oslo 2017 \u00e5 ICAN:s r\u00e4kning: (International Campaign to Abolish Nuclear Weapons) \u201dAntingen avskaffar vi k\u00e4rnvapen eller s\u00e5 avskaffar dom oss\u201d.<\/p>\n\n\n\n<p>Sverige har under decennier varit ledande i arbetet mot k\u00e4rnvapen inte minst i FN:s Generalf\u00f6rsamling och i FN:s S\u00e4kerhetsr\u00e5d, ja f\u00f6rst\u00e5s \u00e4ven i f\u00f6rhandlingarna i Gen\u00e8ve<\/p>\n\n\n\n<p>FN-f\u00f6reningen h\u00e4r i \u00d6rnsk\u00f6ldsvik liksom rader av fredsorganisationer uppmanar nu hela Folkr\u00f6relse-Sverige att aktivera en stark opinion f\u00f6r ett svenskt riksdagsbeslut v\u00e5ren 2020 som s\u00e4ger Ja till FN:s k\u00e4rnvapenf\u00f6rbud.<\/p>\n\n\n\n<p><strong>Stellan B\u00e4cklund<\/strong>, ordf\u00f6rande, FN-f\u00f6reningen i \u00d6rnsk\u00f6ldsvik<\/p>\n\n\n\n<p><strong>Monica Sundin<\/strong>, sekreterare, FN-f\u00f6reningen i \u00d6rnsk\u00f6ldsvik<\/p>\n","protected":false},"excerpt":{"rendered":"<p>H\u00f6sten 2016 antog FN:s generalf\u00f6rsamling med stor majoritet (122 l\u00e4nder) en resolution som kr\u00e4vde ett avtal som ska f\u00f6rbjuda k\u00e4rnvapen.&hellip;<\/p>\n","protected":false},"author":111,"featured_media":0,"parent":0,"menu_order":0,"comment_status":"closed","ping_status":"closed","template":"","meta":{"_acf_changed":false,"footnotes":"","_links_to":"","_links_to_target":""},"class_list":["post-1052","page","type-page","status-publish","hentry"],"acf":[],"_links":{"self":[{"href":"https:\/\/fn.se\/ornskoldsvik\/wp-json\/wp\/v2\/pages\/1052","targetHints":{"allow":["GET"]}}],"collection":[{"href":"https:\/\/fn.se\/ornskoldsvik\/wp-json\/wp\/v2\/pages"}],"about":[{"href":"https:\/\/fn.se\/ornskoldsvik\/wp-json\/wp\/v2\/types\/page"}],"author":[{"embeddable":true,"href":"https:\/\/fn.se\/ornskoldsvik\/wp-json\/wp\/v2\/users\/111"}],"replies":[{"embeddable":true,"href":"https:\/\/fn.se\/ornskoldsvik\/wp-json\/wp\/v2\/comments?post=1052"}],"version-history":[{"count":1,"href":"https:\/\/fn.se\/ornskoldsvik\/wp-json\/wp\/v2\/pages\/1052\/revisions"}],"predecessor-version":[{"id":1055,"href":"https:\/\/fn.se\/ornskoldsvik\/wp-json\/wp\/v2\/pages\/1052\/revisions\/1055"}],"wp:attachment":[{"href":"https:\/\/fn.se\/ornskoldsvik\/wp-json\/wp\/v2\/media?parent=1052"}],"curies":[{"name":"wp","href":"https:\/\/api.w.org\/{rel}","templated":true}]}}