{"id":1042,"date":"2019-11-12T15:58:03","date_gmt":"2019-11-12T15:58:03","guid":{"rendered":"https:\/\/fn.se\/ornskoldsvik\/?page_id=1042"},"modified":"2019-11-12T15:58:03","modified_gmt":"2019-11-12T15:58:03","slug":"stellan-om-internationell-solidaritet","status":"publish","type":"page","link":"https:\/\/fn.se\/ornskoldsvik\/stellan-om-internationell-solidaritet\/","title":{"rendered":"Stellan om internationell solidaritet"},"content":{"rendered":"\n<div class=\"wp-block-image\"><figure class=\"alignleft\"><img loading=\"lazy\" decoding=\"async\" width=\"686\" height=\"1024\" src=\"https:\/\/fn.se\/ornskoldsvik\/wp-content\/uploads\/sites\/98\/2019\/11\/P1030175b-686x1024.jpg\" alt=\"\" class=\"wp-image-1043\" \/><\/figure><\/div>\n\n\n\n<p>Stellan om internationell solidaritet<\/p>\n\n\n\n<p>FN-f\u00f6reningens ordf\u00f6rande Stellan B\u00e4cklund, Bj\u00e4sta var inbjuden g\u00e4sttalare av Alzheimerf\u00f6reningen\/SENSUS p\u00e5 \u201dTr\u00e4ffpunkten (Kom In)\u201d och ber\u00e4ttade om sina l\u00e5nga erfarenheter av Internationell Solidaritet med tonvikt p\u00e5 Afrika. Han h\u00e4lsades v\u00e4lkommen av Anna Berggren, Domsj\u00f6, ordf\u00f6rande i Alzheimerf\u00f6reningen. Stellan B\u00e4cklund lade tonvikten p\u00e5 sitt anf\u00f6rande p\u00e5 landet Botswana i S\u00f6dra Afrika, men inledningsvis delgav han \u00e5h\u00f6rarna vunna erfarenheter av FN-f\u00f6reningens egna bist\u00e5ndsprojekt i grannlandet Zimbabwe. Detta d\u00e5 i samarbete allt sedan 1994 med olika skolor inom kommunen, ett samarbete som forts\u00e4tter \u00e4n idag 25 \u00e5r senare.<\/p>\n\n\n\n<p>Stellan har varit med i FN-f\u00f6reningens styrelse allt sedan\nstarten 1976 och sj\u00e4lv bott i b\u00e5de Botswana och Zimbabwe tillsammans med sin\nfru Margareta. Den lokala f\u00f6rankringen har varit en av grundpelarna till att\nf\u00f6reningen kunnat driva sina projekt p\u00e5 ett mycket framg\u00e5ngsrikt s\u00e4tt. Han\nber\u00f6rde \u00e4ven \u201dAGENDA 2030\u201d som \u00e4r en uppmaning fr\u00e5n FN att f\u00f6r\u00e4ndra v\u00e4rlden,\nmed sina 17 m\u00e5l och 169 delm\u00e5l \u00e4r just \u201dAGENDA 2030\u201d den mest ambiti\u00f6sa agendan\nf\u00f6r en \u201dH\u00e5llbar Utveckling\u201d som antagits av v\u00e4rldens l\u00e4nder. Fattigdom och\nhunger ska utrotas, dessutom ska planetens ekosystem och klimat r\u00e4ddas,\noj\u00e4mlikheten och or\u00e4ttvisorna ska dessutom minskas. Fram till 2030.<\/p>\n\n\n\n<p>Agendan som antogs av FN:s toppm\u00f6te 2015 betonar \u00e4ven hur viktigt det \u00e4r med utbildning f\u00f6r en global utveckling. Skolornas engagemang \u00e4r ocks\u00e5 oerh\u00f6rt viktigt och h\u00e4r har l\u00e4rarna en mycket betydelsefull roll, betonade Stellan B\u00e4cklund. N\u00e4r hungern st\u00e5r f\u00f6r d\u00f6rren ligger fr\u00e5gan om demokrati och r\u00e4ttvisa faktiskt l\u00e5ng borta, m\u00e4nniskorna m\u00e5ste hitta att p\u00e5 sikt kunna f\u00f6rb\u00e4ttra sina livsvillkor f\u00f6r sig sj\u00e4lva och sina familjer. En gigantisk uppgift fram till 2030.<\/p>\n\n\n\n<p>Botswana har idag drygt 2 miljoner inv\u00e5nare och blev\nsj\u00e4lvst\u00e4ndigt 1966 och landet har under m\u00e5nga \u00e5r haft en betydande ekonomisk\ntillv\u00e4xt inte minst p\u00e5 grund av diamantutvinningen. Turismen betyder \u00e4ven\nmycket och djurlivet i de norra delarna av landet \u00e4r oerh\u00f6rt rikt. Landet \u00e4r\nglest befolkat (stort som Frankrike) och Kalahari\u00f6knen brer ut sig mot\ngrannlandet Namibia i \u00f6ster. Botswana \u00e4r h\u00e5rt drabbat av Aids-epidemin med\nmycket stora sociala f\u00f6ljder, den f\u00f6rv\u00e4ntade livsl\u00e4ngden har d\u00e4rf\u00f6r minskat\nbetydligt. Under senare \u00e5r har landet f\u00e5tt internationell kritik f\u00f6r sin\nbehandling av urfolket San som bebor delar av Kalahari\u00f6knen. F\u00f6rs\u00f6k har gjorts\natt f\u00f6rdriva folkgruppen fr\u00e5n sina traditionella omr\u00e5den ute i Central Kalahari\nGame Reserve. En sak som \u00e4ven f\u00e5tt f\u00f6rd\u00f6melse fr\u00e5n FN. Allt detta hann Stellan\nB\u00e4cklund ber\u00e4tta om innan han varmt avtackades av Anna Berggren fr\u00e5n\nAlzheimerf\u00f6reningen.<\/p>\n\n\n\n<p>Text: Torbj\u00f6rn Lindgren (efter samtal med Stellan B\u00e4cklund)<\/p>\n","protected":false},"excerpt":{"rendered":"<p>Stellan om internationell solidaritet FN-f\u00f6reningens ordf\u00f6rande Stellan B\u00e4cklund, Bj\u00e4sta var inbjuden g\u00e4sttalare av Alzheimerf\u00f6reningen\/SENSUS p\u00e5 \u201dTr\u00e4ffpunkten (Kom In)\u201d och ber\u00e4ttade&hellip;<\/p>\n","protected":false},"author":111,"featured_media":0,"parent":0,"menu_order":0,"comment_status":"closed","ping_status":"closed","template":"","meta":{"_acf_changed":false,"footnotes":"","_links_to":"","_links_to_target":""},"class_list":["post-1042","page","type-page","status-publish","hentry"],"acf":[],"_links":{"self":[{"href":"https:\/\/fn.se\/ornskoldsvik\/wp-json\/wp\/v2\/pages\/1042","targetHints":{"allow":["GET"]}}],"collection":[{"href":"https:\/\/fn.se\/ornskoldsvik\/wp-json\/wp\/v2\/pages"}],"about":[{"href":"https:\/\/fn.se\/ornskoldsvik\/wp-json\/wp\/v2\/types\/page"}],"author":[{"embeddable":true,"href":"https:\/\/fn.se\/ornskoldsvik\/wp-json\/wp\/v2\/users\/111"}],"replies":[{"embeddable":true,"href":"https:\/\/fn.se\/ornskoldsvik\/wp-json\/wp\/v2\/comments?post=1042"}],"version-history":[{"count":2,"href":"https:\/\/fn.se\/ornskoldsvik\/wp-json\/wp\/v2\/pages\/1042\/revisions"}],"predecessor-version":[{"id":1045,"href":"https:\/\/fn.se\/ornskoldsvik\/wp-json\/wp\/v2\/pages\/1042\/revisions\/1045"}],"wp:attachment":[{"href":"https:\/\/fn.se\/ornskoldsvik\/wp-json\/wp\/v2\/media?parent=1042"}],"curies":[{"name":"wp","href":"https:\/\/api.w.org\/{rel}","templated":true}]}}