{"id":1034,"date":"2019-11-03T15:24:19","date_gmt":"2019-11-03T15:24:19","guid":{"rendered":"https:\/\/fn.se\/ornskoldsvik\/?page_id=1034"},"modified":"2019-11-03T15:32:49","modified_gmt":"2019-11-03T15:32:49","slug":"kampen-for-klimatet-maste-trappas-upp-med-politiska-strejker","status":"publish","type":"page","link":"https:\/\/fn.se\/ornskoldsvik\/kampen-for-klimatet-maste-trappas-upp-med-politiska-strejker\/","title":{"rendered":"Kampen f\u00f6r klimatet m\u00e5ste trappas upp  med politiska strejker"},"content":{"rendered":"\n<p><strong>Kampen f\u00f6r klimatet m\u00e5ste trappas upp  med politiska strejker<\/strong><\/p>\n\n\n\n<p>\u201dInget kan stoppa v\u00e4rldens unga\u201d, Greta Thunberg inf\u00f6r FNs klimatkonferens! <\/p>\n\n\n\n<p>\u201dInget kan stoppa v\u00e4rldens unga\u201d, Greta Thunberg inf\u00f6r FNs klimatkonferens! <\/p>\n\n\n\n<p>\u201dVi har medvind\u201d, Ant\u00f3nio Guterres. FN:s\ngeneralsekreterare. <\/p>\n\n\n\n<p><strong>Men, tyv\u00e4rr! V\u00e4rldens\nunga kan stoppas. Vinden kan v\u00e4ndas.<\/strong><\/p>\n\n\n\n<p>Vi \u00e4ldre minns. Studentupproren sent\n1960-tal. Protesterna mot USA:s krig i Sydostasien under 1970-talet. Fredsr\u00f6relsen\nunder 1980-talet. Den globala r\u00e4ttviser\u00f6relsens allt v\u00e5ldsammare demonstrationer\nsent 1990-tal som slutade med en f\u00f6rst\u00f6relse av G\u00f6teborgs paradgata vid\nEU-toppm\u00f6tet 2001 och en d\u00f6dad demonstrant under G8-m\u00f6tet <strong>i <\/strong><strong>Genua. Den Arabiska V\u00e5ren 2010-2011 v\u00e4ckte ett hopp om fred och demokrati\ni v\u00e4rldens v\u00e4rsta krutdurk, Mellan\u00f6stern, men krossades av en brutal milit\u00e4r\noffensiv, inb\u00f6rdeskrig och gr\u00e4ns\u00f6verskridande terrorism. <\/strong><strong>&nbsp;<\/strong><\/p>\n\n\n\n<p>G\u00e5ng p\u00e5 g\u00e5ng har vi f\u00f6rest\u00e4llt oss att\n\u201dInget kan stoppa v\u00e4rldens unga\u201d. Under 1900-talets idealistiska revolter var\ndet ungdomar som gick i spetsen. Idag g\u00e5r barn, v\u00e5ra barn, i t\u00e4ten! <strong>Vart har\nvi vuxna tagit v\u00e4gen? Att vi inte sk\u00e4ms?! &nbsp;<\/strong><\/p>\n\n\n\n<p>Bredvid v\u00e5ra barns klimatr\u00f6relse\nmarscherar inga fredsdemonstranter! D\u00e4remot en hotfull femte kolonn av\nh\u00f6gerextremister som f\u00f6raktar demokratin och hyllar \u201dledare\u201d som Trump, Putin, Jinping,\nBolsonaro, Erdogan, al-Assad, bin Salman, Duterte. Bakom dem, det globala\nmilit\u00e4rindustriella komplexet, oljeindustrin och finansv\u00e4rlden. <\/p>\n\n\n\n<p>Samtidigt en klimatkris, en milj\u00f6kris\noch en ny kappupprustning som slukar resurser som borde anv\u00e4ndas f\u00f6r en\noml\u00e4ggning fr\u00e5n fossil till f\u00f6rnyelsebar energi, en turkisk invasion som hotar\ns\u00e4tta eld p\u00e5 hela Mellan\u00f6stern och nytt hot om ett k\u00e4rnvapenkrig, den\nslutgiltiga f\u00f6rst\u00f6relsen. <\/p>\n\n\n\n<p>Vi \u00e4ldre b\u00f6r inse att demokratin och\nv\u00e4rldsfreden \u00e4r hotad. Demokratins villkor \u00e4r ickev\u00e5ld, d\u00e4rf\u00f6r att ickev\u00e5ld \u00e4r\nen viktig moralisk princip, men ocks\u00e5 d\u00e4rf\u00f6r att v\u00e5ldets f\u00f6respr\u00e5kare beh\u00e4rskar\nhela v\u00e5ldsapparaten fr\u00e5n gatan intill allas v\u00e5r utpl\u00e5ning.&nbsp; Dagens klimatr\u00f6relse \u00e4r hoppfull, men redan\nprovocerad. N\u00e4r t\u00e5lamodet bland dagens mycket unga aktivister sviktar och\nv\u00e5ldet splittrar klimatr\u00f6relsen, d\u00e5 \u00e4r det f\u00f6r sent. N<strong>\u00e4r v\u00e5ldet utl\u00f6ses har\ndemokratin f\u00f6rlorat! <\/strong><\/p>\n\n\n\n<p>En 16-\u00e5ring har v\u00e4ckt en hel\nv\u00e4rldsopinion med en skolstrejk! Men vad g\u00f6r fackf\u00f6reningsr\u00f6relsens vuxna medlemmar\nsom varje dag producerar v\u00e5ra livsvillkor men ocks\u00e5 de vapen som kan utpl\u00e5na\nallt? &nbsp;<\/p>\n\n\n\n<p>LO, TCO och Saco b\u00f6r inleda samtal med\n<strong>Fridays For Future<\/strong>, <strong>International campaign to abolish nucleras\nweapons &#8211; ICAN<\/strong>, <strong>Svenska FN-f\u00f6rbundet<\/strong> och <strong>F\u00f6reningen f\u00f6r Demokrati\nutan gr\u00e4nser <\/strong>omen gemensam <strong>Week of Action <\/strong>med FN-dagen24oktober 2020 som h\u00f6jdpunkt. Den globala kampen f\u00f6r klimatet, milj\u00f6n,\nfreden, FN och demokratin m\u00e5ste trappas upp med demokratins och ickev\u00e5ldets\nstarkaste uttrycksmedel som \u00e4r korta strategiskt insatta politiska strejker. <\/p>\n\n\n\n<p><strong>Stellan B\u00e4cklund<\/strong> ordf\u00f6rande i \u00d6rnsk\u00f6ldsviks FN-f\u00f6rening.<\/p>\n\n\n\n<p><strong>Erik O Sj\u00f6din<\/strong> aktiv i &#8221;Fridays For Future&#8221; i Kramfors.<\/p>\n\n\n\n<p><strong>Bror Perjus<\/strong> facklig chefredakt\u00f6r i 30 \u00e5r.  <\/p>\n","protected":false},"excerpt":{"rendered":"<p>Kampen f\u00f6r klimatet m\u00e5ste trappas upp med politiska strejker \u201dInget kan stoppa v\u00e4rldens unga\u201d, Greta Thunberg inf\u00f6r FNs klimatkonferens! \u201dInget&hellip;<\/p>\n","protected":false},"author":111,"featured_media":0,"parent":0,"menu_order":0,"comment_status":"closed","ping_status":"closed","template":"","meta":{"_acf_changed":false,"footnotes":"","_links_to":"","_links_to_target":""},"class_list":["post-1034","page","type-page","status-publish","hentry"],"acf":[],"_links":{"self":[{"href":"https:\/\/fn.se\/ornskoldsvik\/wp-json\/wp\/v2\/pages\/1034","targetHints":{"allow":["GET"]}}],"collection":[{"href":"https:\/\/fn.se\/ornskoldsvik\/wp-json\/wp\/v2\/pages"}],"about":[{"href":"https:\/\/fn.se\/ornskoldsvik\/wp-json\/wp\/v2\/types\/page"}],"author":[{"embeddable":true,"href":"https:\/\/fn.se\/ornskoldsvik\/wp-json\/wp\/v2\/users\/111"}],"replies":[{"embeddable":true,"href":"https:\/\/fn.se\/ornskoldsvik\/wp-json\/wp\/v2\/comments?post=1034"}],"version-history":[{"count":3,"href":"https:\/\/fn.se\/ornskoldsvik\/wp-json\/wp\/v2\/pages\/1034\/revisions"}],"predecessor-version":[{"id":1040,"href":"https:\/\/fn.se\/ornskoldsvik\/wp-json\/wp\/v2\/pages\/1034\/revisions\/1040"}],"wp:attachment":[{"href":"https:\/\/fn.se\/ornskoldsvik\/wp-json\/wp\/v2\/media?parent=1034"}],"curies":[{"name":"wp","href":"https:\/\/api.w.org\/{rel}","templated":true}]}}