{"id":2,"date":"2016-08-11T11:31:40","date_gmt":"2016-08-11T11:31:40","guid":{"rendered":"http:\/\/fn.se\/orebro-lans-fn-distrikt\/?page_id=2"},"modified":"2016-09-20T09:33:41","modified_gmt":"2016-09-20T09:33:41","slug":"sample-page","status":"publish","type":"page","link":"https:\/\/fn.se\/orebro-lans-fn-distrikt\/","title":{"rendered":"Hem"},"content":{"rendered":"<h1>V\u00e4lkommen till \u00d6rebro l\u00e4ns FN-distrikt!<\/h1>\n<p>Vi arbetar regionalt med samma m\u00e5l som FN-f\u00f6rbundet, det vill s\u00e4ga st\u00f6der medlemmarna i deras upplysningsarbete och opinionsbildning i internationella fr\u00e5gor, hj\u00e4lper till med informationsmaterial och anordnar kurser och konferenser.<\/p>\n<h4>I V\u00c5RT DISTRIKT ING\u00c5R:<\/h4>\n<p><a title=\"Karlskoga FN-f\u00f6rening\" href=\"https:\/\/fn.se\/karlskoga-degerfors\/\">Karlskoga\/Degerfors FN-f\u00f6rening<\/a><\/p>\n<p><a title=\"Lax\u00e5 FN-f\u00f6rening\" href=\"https:\/\/fn.se\/laxa\/\">Lax\u00e5 FN-f\u00f6rening<\/a><\/p>\n<p><a title=\"\u00d6rebro FN-f\u00f6rening\" href=\"https:\/\/fn.se\/kumla-orebro\/\">Kumla-\u00d6rebro FN-f\u00f6rening<\/a><\/p>\n<p>Tveka inte att kontakta oss om du har fr\u00e5gor.<\/p>\n<div class=\"vcard-group cf\">\n<div class=\"m m-vcard vcard\">\n<div class=\"m-c cf\">\n<h4 class=\"fn n\">SIV KANON<\/h4>\n<h4 class=\"fn n\"><img loading=\"lazy\" decoding=\"async\" class=\"alignnone size-full wp-image-11\" src=\"https:\/\/fn.se\/orebro-lans-fn-distrikt\/wp-content\/uploads\/sites\/122\/2016\/08\/OrebroD_SivKanon.png\" alt=\"orebrod_sivkanon\" width=\"180\" height=\"269\" \/><\/h4>\n<div><span class=\"title\">Ordf\u00f6rande<\/span><\/div>\n<ul>\n<li class=\"tel\"><strong class=\"type\" title=\"work\">Telefon:<\/strong> <span class=\"value\">0586-513 57<\/span><\/li>\n<li><strong>E-post:<\/strong> <a href=\"mailto:siv-kanon@spray.se\"><span class=\"structural\">Siv Kanon<\/span><\/a><\/li>\n<\/ul>\n<\/div>\n<\/div>\n<\/div>\n","protected":false},"excerpt":{"rendered":"<p>V\u00e4lkommen till \u00d6rebro l\u00e4ns FN-distrikt! Vi arbetar regionalt med samma m\u00e5l som FN-f\u00f6rbundet, det vill s\u00e4ga st\u00f6der medlemmarna i deras&hellip;<\/p>\n","protected":false},"author":16,"featured_media":5,"parent":0,"menu_order":0,"comment_status":"closed","ping_status":"open","template":"templates\/template-sub.php","meta":{"_acf_changed":false,"footnotes":"","_links_to":"","_links_to_target":""},"class_list":["post-2","page","type-page","status-publish","has-post-thumbnail","hentry"],"acf":[],"_links":{"self":[{"href":"https:\/\/fn.se\/orebro-lans-fn-distrikt\/wp-json\/wp\/v2\/pages\/2","targetHints":{"allow":["GET"]}}],"collection":[{"href":"https:\/\/fn.se\/orebro-lans-fn-distrikt\/wp-json\/wp\/v2\/pages"}],"about":[{"href":"https:\/\/fn.se\/orebro-lans-fn-distrikt\/wp-json\/wp\/v2\/types\/page"}],"author":[{"embeddable":true,"href":"https:\/\/fn.se\/orebro-lans-fn-distrikt\/wp-json\/wp\/v2\/users\/16"}],"replies":[{"embeddable":true,"href":"https:\/\/fn.se\/orebro-lans-fn-distrikt\/wp-json\/wp\/v2\/comments?post=2"}],"version-history":[{"count":5,"href":"https:\/\/fn.se\/orebro-lans-fn-distrikt\/wp-json\/wp\/v2\/pages\/2\/revisions"}],"predecessor-version":[{"id":12,"href":"https:\/\/fn.se\/orebro-lans-fn-distrikt\/wp-json\/wp\/v2\/pages\/2\/revisions\/12"}],"wp:featuredmedia":[{"embeddable":true,"href":"https:\/\/fn.se\/orebro-lans-fn-distrikt\/wp-json\/wp\/v2\/media\/5"}],"wp:attachment":[{"href":"https:\/\/fn.se\/orebro-lans-fn-distrikt\/wp-json\/wp\/v2\/media?parent=2"}],"curies":[{"name":"wp","href":"https:\/\/api.w.org\/{rel}","templated":true}]}}