{"id":95,"date":"2023-10-07T14:40:22","date_gmt":"2023-10-07T14:40:22","guid":{"rendered":"https:\/\/fn.se\/nykoping\/?page_id=95"},"modified":"2025-01-20T20:45:48","modified_gmt":"2025-01-20T20:45:48","slug":"nyhetsbrev","status":"publish","type":"page","link":"https:\/\/fn.se\/nykoping\/nyhetsbrev\/","title":{"rendered":"NYHETSBREV 2025"},"content":{"rendered":"\n<figure class=\"wp-block-image size-full\"><img loading=\"lazy\" decoding=\"async\" width=\"168\" height=\"94\" src=\"https:\/\/fn.se\/nykoping\/wp-content\/uploads\/sites\/88\/2023\/10\/hqdefault.jpg\" alt=\"\" class=\"wp-image-96\" \/><\/figure>\n\n\n\n<p><strong>NYHETSBREV JANUARI 2025<\/strong><\/p>\n\n\n\n<p><strong>Hej k\u00e4ra medlem!<\/strong><\/p>\n\n\n\n<p><strong>2025\u00a0<\/strong>\u00e4r ett nytt sp\u00e4nnande och \u201coskrivet\u201d \u00e5r och vi hoppas p\u00e5 att \u00e4nnu fler medlemmar, med kraft, vill engagera sig i Sveriges FN-r\u00f6relse genom Nyk\u00f6pings lokala FN-f\u00f6rening.<\/p>\n\n\n\n<p>\u00a0<img decoding=\"async\" src=\"https:\/\/fonts.gstatic.com\/s\/e\/notoemoji\/16.0\/1f49e\/72.png\" alt=\"\ud83d\udc9e\"><\/p>\n\n\n\n<p><strong>Men jag \u00e4r fullt medveten om att januari generellt \u00e4r en tuff m\u00e5nad, ekonomiskt sett,&nbsp;<\/strong>och att det kan k\u00e4nnas sv\u00e5rt att betala en h\u00f6g klumpsumma f\u00f6r att forts\u00e4tta vara medlem.<\/p>\n\n\n\n<p><strong>MEEEEEEN, visste du att det numera g\u00e5r att betala in \u00e5rsavgiften via&nbsp;<\/strong><strong>autogiro<\/strong><strong>??&nbsp;<\/strong>F\u00f6r ett ordinarie vuxenmedlemskap (\u00f6ver 26 \u00e5r) blir det drygt&nbsp;<strong>50 \u00f6re<\/strong>&nbsp;om dagen!<\/p>\n\n\n\n<p>S\u00e5 smidigt!&nbsp;<strong>Vi hoppas att det g\u00f6r att du vill forts\u00e4tta vara viktig medlem.&nbsp;<\/strong><strong>F\u00f6rnya ditt medlemskap redan idag!<\/strong><strong>&nbsp;<\/strong>L\u00e4s mer om det l\u00e4ngre ner\u2026<\/p>\n\n\n\n<p><strong>P\u00e5 g\u00e5ng:<\/strong><strong>&nbsp;<\/strong><\/p>\n\n\n\n<p><strong>\u00c5RSM\u00d6TE 28 FEBRUARI, KL. 16.00-17.30 I MATSALEN P\u00c5 NYK\u00d6PING GYMNASIUM<\/strong><\/p>\n\n\n\n<p><strong><u>Varf\u00f6r vi vill att du ska forts\u00e4tta vara medlem i Nyk\u00f6pings FN-f\u00f6rening<\/u><\/strong><\/p>\n\n\n\n<p>Nu \u00e4r det viktigare \u00e4n n\u00e5gonsin att m\u00f6tas och tillsammans skapa hopp! Svenska FN-f\u00f6rbundet \u00e4r, och har l\u00e4nge varit, en stark och gemensam&nbsp;<em>megafon<\/em>&nbsp;f\u00f6r fred, medm\u00e4nsklighet och h\u00e5llbar utveckling. P\u00e5&nbsp;<strong>lokal niv\u00e5<\/strong>&nbsp;kan vi tillsammans p\u00e5verka i Nyk\u00f6ping med omnejd men ocks\u00e5 kroka arm med andra aktiva lokalf\u00f6reningar som exempelvis Eskilstuna FN-f\u00f6rening. Det \u00e4r l\u00e4tt att gl\u00f6mma bort n\u00e4r det k\u00e4nns m\u00f6rkt och kanske rentav hoppl\u00f6st &#8211;&nbsp;<em>tillsammans \u00e4r vi m\u00e5nga och har en stor m\u00f6jlighet att f\u00f6r\u00e4ndra till det b\u00e4ttre!&nbsp;<\/em><\/p>\n\n\n\n<p><strong><u>F\u00f6reningen s\u00f6ker en ny engagerad ordf\u00f6rande<\/u><\/strong><\/p>\n\n\n\n<p>Jag (Malin) vill efter snart tv\u00e5 \u00e5r som ordf\u00f6rande tacka f\u00f6r mig och l\u00e4mna \u00f6ver till en ny engagerad person. F\u00f6r mig har det varit oerh\u00f6rt l\u00e4rorikt och k\u00e4nts meningsfullt att engagera mig ideellt f\u00f6r ett mer \u00f6ppet och inkluderande Nyk\u00f6ping. Jag har varit med och drivit fr\u00e5gor som r\u00f6r barn och ungdomars r\u00e4ttigheter och inflytande i kommunen, tagit fram stipendium, genomf\u00f6rt olika aktiviteter\/workshop och framf\u00f6rallt dragit ig\u00e5ng viktig samverkan med andra f\u00f6reningar som bl.a. Ung Kraft och M.S. Ungdomsf\u00f6rening i Nyk\u00f6ping. Jag hoppas kunna l\u00e4mna vidare uppdraget till n\u00e5gon som vill forts\u00e4tta&nbsp;<strong>satsa p\u00e5 barn och ungdomar<\/strong>&nbsp;i v\u00e5rt samh\u00e4lle &#8211; det \u00e4r s\u00e5 viktigt att f\u00e5 med n\u00e4sta generation och visa att det g\u00e5r att p\u00e5verka och G\u00d6RA SKILLNAD tillsammans!&nbsp;<strong>Alla v\u00e5ra medlemmar \u00e4r viktiga f\u00f6rebilder i det arbetet.<\/strong>&nbsp;<\/p>\n\n\n\n<p><em>\u00c4r du v\u00e5r nya ordf\u00f6rande?&nbsp;<\/em><em>Eller kanske ny engagerad styrelseledamot inom just din hj\u00e4rtefr\u00e5ga?&nbsp;<\/em><\/p>\n\n\n\n<p><strong>Tveka inte att h\u00f6ra av dig till Kent Pettersson i valberedningen<\/strong>&nbsp;som tacksamt tar emot f\u00f6rslag och id\u00e9er:&nbsp;<a href=\"mailto:kent.pettersson.1@nykoping.se\" target=\"_blank\" rel=\"noreferrer noopener\">kent.pettersson.1@nykoping.se<\/a>&nbsp;<\/p>\n\n\n\n<p><strong><u>\u00c5rsm\u00f6te fredagen den 28 februari<\/u><\/strong><\/p>\n\n\n\n<p>Nyk\u00f6pings FN-f\u00f6rening st\u00e5r nu allts\u00e5 inf\u00f6r \u00e5rsm\u00f6tet, 2025, och styrelsen vill d\u00e4rf\u00f6r bjuda in&nbsp;<strong>DIG&nbsp;<\/strong>som viktig medlem att delta och r\u00f6sta&nbsp;<strong>fredagen den 28 februari mellan 16.00-17.30.&nbsp;<\/strong><\/p>\n\n\n\n<p><strong>Plats f\u00f6r \u00e5rsm\u00f6tet:<\/strong>&nbsp;matsalen i Nyk\u00f6pings Gymnasium,&nbsp;\u201c<strong>Gripen<\/strong>\u201d,&nbsp;bes\u00f6ksadress: Svedelius v\u00e4g 7-11.&nbsp;<\/p>\n\n\n\n<p><strong>H\u00f6r g\u00e4rna av dig om du avser att delta i \u00e5rsm\u00f6tet<\/strong>,<strong>&nbsp;senast 25 februari&nbsp;<\/strong>till&nbsp;<a href=\"mailto:fnforeningen.nykoping@gmail.com\" target=\"_blank\" rel=\"noreferrer noopener\">fnforeningen.nykoping@gmail.com<\/a>&nbsp;. Det g\u00e5r givetvis bra att \u201cdropa in\u201d ocks\u00e5 men vi uppskattar att f\u00e5 en hint om antalet deltagare f\u00f6r att kunna f\u00f6rbereda fika, mm.&nbsp;<\/p>\n\n\n\n<p><strong><u>Aktivitet i januari<\/u><\/strong><\/p>\n\n\n\n<p><strong>M\u00e5ndagen den 27 januari hedrar och uppm\u00e4rksammar vi internationella minnesdagen f\u00f6r F\u00f6rintelsens offer<\/strong>, baserad p\u00e5 dagen med samma datum d\u00e5 f\u00e5ngarna i koncentrationsl\u00e4gret i Auschwitz befriades 1945. I \u00e5r, 2025 \u00e4r det\u00a0<strong>80 \u00e5r<\/strong>\u00a0sedan befrielsen \u00e4gde rum och det vill Nyk\u00f6pings FN-f\u00f6rening vara med och uppm\u00e4rksamma genom att delta i en\u00a0<strong>manifestation p\u00e5 Stora Torget i Nyk\u00f6ping<\/strong>, som arrangeras av Toleransprojektet och Nyckelskramlarna.\u00a0<strong>Klockan 17.00 \u00e4r det samling p\u00e5 torget<\/strong>\u00a0&#8211; hoppas vi ses d\u00e4r!<\/p>\n\n\n\n<p>\u00a0<img decoding=\"async\" src=\"https:\/\/fonts.gstatic.com\/s\/e\/notoemoji\/16.0\/1f511\/72.png\" alt=\"\ud83d\udd11\"><\/p>\n\n\n\n<p><strong>Svenska FN-f\u00f6rbundet&nbsp;<\/strong>arbetar f\u00f6r att alla m\u00e4nniskor ska f\u00e5 sina m\u00e4nskliga r\u00e4ttigheter respekterade och tillgodosedda. F\u00f6r att uppn\u00e5 detta arbetar vi b\u00e5de f\u00f6r att Sverige efterlever sina m\u00e4nniskor\u00e4tts\u00e5taganden och att FN:s st\u00e4rker sitt arbete f\u00f6r m\u00e4nskliga r\u00e4ttigheter och demokrati.&nbsp;D\u00e4rf\u00f6r att du som medlem viktig!<\/p>\n\n\n\n<p><strong>Det g\u00e5r numera att betala in \u00e5rsavgiften via autogiro (m\u00e5nadsvis)<\/strong><\/p>\n\n\n\n<p>\u00a0<img decoding=\"async\" src=\"https:\/\/fonts.gstatic.com\/s\/e\/notoemoji\/16.0\/1f5d3_fe0f\/72.png\" alt=\"\ud83d\uddd3\ufe0f\"><\/p>\n\n\n\n<p><strong>Ordinarie medlemskap<\/strong>&nbsp;kostar endast&nbsp;<strong>250 kr per \u00e5r<\/strong>.&nbsp;Det \u00e4r drygt 50 \u00f6re om dagen!&nbsp;\u00c4r du<strong>&nbsp;mellan 18 och 26 betalar du 150 kr per \u00e5r<\/strong>&nbsp;(ungdomsmedlemskap). Och ett familjemedlemskap f\u00f6r&nbsp;<strong>ett helt hush\u00e5ll<\/strong>&nbsp;kostar&nbsp;<strong>400 kr per \u00e5r<\/strong>.&nbsp;<\/p>\n\n\n\n<p><strong>G\u00e5 in p\u00e5:&nbsp;<\/strong><a href=\"https:\/\/betalning.fn.se\/pfs\/memberregistration\/\" target=\"_blank\" rel=\"noreferrer noopener\">https:\/\/betalning.fn.se\/pfs\/memberregistration\/<\/a>&nbsp;och&nbsp;<strong>v\u00e4lj vilket medlemskap du vill f\u00f6rnya<\/strong>, exempelvis \u201chuvudmedlem i familj (400kr\/\u00e5r)\u201d, v\u00e4lj sedan lokalf\u00f6rening:&nbsp;<em>Nyk\u00f6pings FN-f\u00f6rening.&nbsp;<\/em>Just det medlemskapet landar p\u00e5&nbsp;<strong>34 kr \/ m\u00e5nad&nbsp;<\/strong>f\u00f6r alla som \u00e4r skrivna&nbsp;i hush\u00e5llet.&nbsp;<\/p>\n\n\n\n<p><strong><u>Som medlem f\u00e5r du:<\/u><\/strong><\/p>\n\n\n\n<ul class=\"wp-block-list\">\n<li>Inbjudningar till v\u00e5ra utbildningar, seminarier och event. Oftast till reducerat pris<\/li>\n\n\n\n<li>Erbjudanden i FN-f\u00f6rbundets webshop<\/li>\n\n\n\n<li>M\u00f6jlighet att bli aktiv \u2013 du som vill kan engagera dig i fr\u00e5gor som handlar om m\u00e4nskliga r\u00e4ttigheter, fred och s\u00e4kerhet och h\u00e5llbar utveckling<\/li>\n\n\n\n<li>M\u00f6jlighet att agera genom namninsamlingar och olika aktioner<\/li>\n\n\n\n<li>Nyhetsbrev till din mailinbox med FN-nyheter och aktuella tips f\u00f6r dig som vill engagera dig i FN-fr\u00e5gor<\/li>\n\n\n\n<li>M\u00f6jlighet att st\u00f6dja olika kampanjer och insamlingar<\/li>\n\n\n\n<li>M\u00f6jlighet att p\u00e5verka och n\u00e4tverka inom FN-r\u00f6relsen lokalt, nationellt och internationellt<\/li>\n<\/ul>\n\n\n\n<p><strong>Medlemsavgiften betalar du via autogiro\u00a0<\/strong>\u2013 vilket blir smidigare f\u00f6r dig och f\u00f6r Svenska FN-f\u00f6rbundet. Det \u00e4r mer kostnadseffektivt och g\u00f6r att f\u00f6rbundet kan arbeta l\u00e5ngsiktigt och mer h\u00e5llbart: vi kan bygga en stabil verksamhet och planera l\u00e5ngsiktigt. Autogiro kr\u00e4ver minimalt med administration vilket resulterar i att mer pengar g\u00e5r direkt till arbetet f\u00f6r fred, s\u00e4kerhet och nedrustning; h\u00e5llbar utveckling och fattigdomsbek\u00e4mpning; samt m\u00e4nskliga r\u00e4ttigheter och demokrati<\/p>\n\n\n\n<p>\u00a0<img decoding=\"async\" src=\"https:\/\/fonts.gstatic.com\/s\/e\/notoemoji\/16.0\/262e_fe0f\/72.png\" alt=\"\u262e\ufe0f\"><img decoding=\"async\" src=\"https:\/\/fonts.gstatic.com\/s\/e\/notoemoji\/16.0\/1f54a_fe0f\/72.png\" alt=\"\ud83d\udd4a\ufe0f\"><\/p>\n\n\n\n<p><em>Vill du betala f\u00f6r hela \u00e5ret p\u00e5 en g\u00e5ng har du m\u00f6jlighet att g\u00f6ra det via swish, betalkort eller best\u00e4lla en inbetalningsavi fr\u00e5n Svenska FN-f\u00f6rbundet.<\/em><\/p>\n\n\n\n<p>\u00c5terigen, stort tack f\u00f6r mina tv\u00e5 \u00e5r som ordf\u00f6rande,\u00a0<strong>tack f\u00f6r f\u00f6rtroendet!<\/strong>\u00a0Givetvis forts\u00e4tter jag och min familj att vara medlemmar i f\u00f6reningen<\/p>\n\n\n\n<p>\u00a0<img decoding=\"async\" src=\"https:\/\/fonts.gstatic.com\/s\/e\/notoemoji\/16.0\/2763_fe0f\/72.png\" alt=\"\u2763\ufe0f\">&#8212;<\/p>\n\n\n\n<p><strong>B\u00e4sta h\u00e4lsningar&nbsp;<\/strong><\/p>\n\n\n\n<p><strong>Malin Westin Laving<\/strong><\/p>\n\n\n\n<p>o<em>rdf\u00f6rande i Nyk\u00f6pings FN-f\u00f6rening<\/em><\/p>\n\n\n\n<figure class=\"wp-block-image is-resized\"><img decoding=\"async\" src=\"https:\/\/ci3.googleusercontent.com\/mail-sig\/AIorK4xchLzhEt0pnTISJGxlr6GpTjEdbpY_dIF48UdMwKHmI1fzY8Mh1jimttrq8BKIinnhCbMaum_nBOfu\" alt=\"\" style=\"width:278px;height:auto\" \/><\/figure>\n\n\n\n<p><\/p>\n\n\n\n<p><\/p>\n\n\n\n<p><strong>NYHETSBREV DECEMBER 2024<\/strong><\/p>\n\n\n\n<p><strong>Hej k\u00e4ra medlem!<\/strong><\/p>\n\n\n\n<p><strong>Med \u00e5rets sista nyhetsbrev vill jag, \u00e5 Nyk\u00f6pings FN-f\u00f6rening v\u00e4gnar, uppm\u00e4rksamma morgondagen;<\/strong><\/p>\n\n\n\n<p>Den <strong>10 december<\/strong> \u00e4r en dag f\u00f6r att hedra <strong>FN:s deklaration om de m\u00e4nskliga r\u00e4ttigheterna. <\/strong>Dagen syftar till att uppm\u00e4rksamma och st\u00e4rka v\u00e4rldens \u00e5tagande att skydda och fr\u00e4mja alla m\u00e4nniskors r\u00e4ttigheter, och f\u00f6r FN:s barnr\u00e4ttsorganisation UNICEF,<em> inte minst barns r\u00e4ttigheter: <\/em><a href=\"https:\/\/unicef.se\/amne\/internationella-dagen-for-manskliga-rattigheter\">https:\/\/unicef.se\/amne\/internationella-dagen-for-manskliga-rattigheter<\/a>&nbsp;<\/p>\n\n\n\n<p>Den allm\u00e4nna f\u00f6rklaringen om m\u00e4nskliga r\u00e4ttigheter best\u00e5r av <strong>30 artiklar<\/strong> som gemensamt <em>uttrycker de grundl\u00e4ggande och universella fri- och r\u00e4ttigheterna.<\/em> Artiklarna behandlar b\u00e5de s\u00e5dant som alla har r\u00e4tt till, som frihet och utbildning, och s\u00e5dant som alla har r\u00e4tt att vara fri fr\u00e5n, som slaveri och tortyr. Det \u00e4r den f\u00f6rsta universella f\u00f6rklaringen om att det finns grundprinciper av odelbara r\u00e4ttigheter som g\u00e4ller f\u00f6r alla och som v\u00e4rldens stater gemensamt ska leva upp till. F\u00f6rklaringen \u00e4r en gemensam viljeyttring och ett moraliskt st\u00e4llningstagande av v\u00e4rldssamfundet, som inte \u00e4r juridiskt bindande. F\u00f6rklaringen utg\u00f6r d\u00e4remot utg\u00e5ngspunkten f\u00f6r m\u00e5nga juridiskt bindande f\u00f6rdrag, konventioner och traktat. F\u00f6rklaringen utg\u00f6r grunden i det internationella arbetet med att \u00f6vervaka de m\u00e4nskliga r\u00e4ttigheterna i v\u00e4rldens stater.<\/p>\n\n\n\n<p><strong>Efter andra v\u00e4rldskriget fanns det en stark vilja<\/strong> att p\u00e5 internationell niv\u00e5 skapa en gemensam \u00f6verenskommelse om universella och odelbara r\u00e4ttigheter s\u00e5 att liknande \u00f6vergrepp inte skulle kunna ske i framtiden. <strong>FN:s generalf\u00f6rsamling antog den 10 december 1948 en allm\u00e4n f\u00f6rklaring om de m\u00e4nskliga r\u00e4ttigheterna.<\/strong>&nbsp;<\/p>\n\n\n\n<p><strong>L\u00e4s g\u00e4rna hela konventionen (f\u00f6rklaringen) h\u00e4r: <\/strong><a href=\"https:\/\/fn.se\/wp-content\/uploads\/2016\/07\/Allmanforklaringomdemanskligarattigheterna.pdf\">https:\/\/fn.se\/wp-content\/uploads\/2016\/07\/Allmanforklaringomdemanskligarattigheterna.pdf<\/a>&nbsp;<\/p>\n\n\n\n<p><strong>Svenska FN-f\u00f6rbundet <\/strong>arbetar f\u00f6r att alla m\u00e4nniskor ska f\u00e5 sina m\u00e4nskliga r\u00e4ttigheter respekterade och tillgodosedda. F\u00f6r att uppn\u00e5 detta arbetar vi b\u00e5de f\u00f6r att Sverige efterlever sina m\u00e4nniskor\u00e4tts\u00e5taganden och att FN:s st\u00e4rker sitt arbete f\u00f6r m\u00e4nskliga r\u00e4ttigheter och demokrati. D\u00e4rf\u00f6r att du som medlem viktig!<\/p>\n\n\n\n<p>Stort tack f\u00f6r att du v\u00e4ljer att forts\u00e4tta att st\u00e5 upp f\u00f6r allas m\u00e4nskliga r\u00e4ttigheter genom att vara medlem, jag vill \u00f6nska dig en meningsfull MR-dag imorgon, 10\/12, samt en fin avslutning p\u00e5 \u00e5ret. Med f\u00f6rhoppning om en ljusare framtid!<\/p>\n\n\n\n<p><strong>B\u00e4sta h\u00e4lsningar&nbsp;<\/strong><\/p>\n\n\n\n<p><strong>Malin Westin Laving<\/strong><\/p>\n\n\n\n<p>o<em>rdf\u00f6rande i Nyk\u00f6pings FN-f\u00f6rening<\/em><\/p>\n","protected":false},"excerpt":{"rendered":"<p>NYHETSBREV JANUARI 2025 Hej k\u00e4ra medlem! 2025\u00a0\u00e4r ett nytt sp\u00e4nnande och \u201coskrivet\u201d \u00e5r och vi hoppas p\u00e5 att \u00e4nnu fler&hellip;<\/p>\n","protected":false},"author":74,"featured_media":0,"parent":0,"menu_order":0,"comment_status":"closed","ping_status":"closed","template":"","meta":{"_acf_changed":false,"footnotes":"","_links_to":"","_links_to_target":""},"class_list":["post-95","page","type-page","status-publish","hentry"],"acf":[],"_links":{"self":[{"href":"https:\/\/fn.se\/nykoping\/wp-json\/wp\/v2\/pages\/95","targetHints":{"allow":["GET"]}}],"collection":[{"href":"https:\/\/fn.se\/nykoping\/wp-json\/wp\/v2\/pages"}],"about":[{"href":"https:\/\/fn.se\/nykoping\/wp-json\/wp\/v2\/types\/page"}],"author":[{"embeddable":true,"href":"https:\/\/fn.se\/nykoping\/wp-json\/wp\/v2\/users\/74"}],"replies":[{"embeddable":true,"href":"https:\/\/fn.se\/nykoping\/wp-json\/wp\/v2\/comments?post=95"}],"version-history":[{"count":12,"href":"https:\/\/fn.se\/nykoping\/wp-json\/wp\/v2\/pages\/95\/revisions"}],"predecessor-version":[{"id":183,"href":"https:\/\/fn.se\/nykoping\/wp-json\/wp\/v2\/pages\/95\/revisions\/183"}],"wp:attachment":[{"href":"https:\/\/fn.se\/nykoping\/wp-json\/wp\/v2\/media?parent=95"}],"curies":[{"name":"wp","href":"https:\/\/api.w.org\/{rel}","templated":true}]}}