{"id":21,"date":"2016-10-04T14:43:52","date_gmt":"2016-10-04T14:43:52","guid":{"rendered":"http:\/\/fn.se\/nykoping\/?page_id=21"},"modified":"2025-03-19T15:15:26","modified_gmt":"2025-03-19T15:15:26","slug":"kontakt","status":"publish","type":"page","link":"https:\/\/fn.se\/nykoping\/kontakt\/","title":{"rendered":"Kontakt"},"content":{"rendered":"<h2>Kontaktperson<\/h2>\n<h4>Lara St\u00e5lnacke, ordf\u00f6rande<\/h4>\n<p><span class=\"value\"><strong>E-post:<\/strong> fnforeningen.nykoping@gmail.com<br \/>\n<\/span><\/p>\n<p><strong>Instagram:<\/strong> @fn_foreningen_nykoping\u00a0 <strong>L\u00e4nk:<\/strong> https:\/\/www.instagram.com\/fn_foreningen_nykoping\/<\/p>\n<p><strong>Facebook:<\/strong> s\u00f6k p\u00e5 &#8221;Nyk\u00f6pings FN-f\u00f6rening&#8221;<\/p>\n<p><img loading=\"lazy\" decoding=\"async\" class=\"alignnone size-medium wp-image-187\" src=\"https:\/\/fn.se\/nykoping\/wp-content\/uploads\/sites\/88\/2025\/03\/Me-1-226x300.jpeg\" alt=\"\" width=\"226\" height=\"300\" srcset=\"https:\/\/fn.se\/nykoping\/wp-content\/uploads\/sites\/88\/2025\/03\/Me-1-226x300.jpeg 226w, https:\/\/fn.se\/nykoping\/wp-content\/uploads\/sites\/88\/2025\/03\/Me-1-770x1024.jpeg 770w, https:\/\/fn.se\/nykoping\/wp-content\/uploads\/sites\/88\/2025\/03\/Me-1-768x1021.jpeg 768w, https:\/\/fn.se\/nykoping\/wp-content\/uploads\/sites\/88\/2025\/03\/Me-1-1156x1536.jpeg 1156w, https:\/\/fn.se\/nykoping\/wp-content\/uploads\/sites\/88\/2025\/03\/Me-1-650x864.jpeg 650w, https:\/\/fn.se\/nykoping\/wp-content\/uploads\/sites\/88\/2025\/03\/Me-1-1024x1361.jpeg 1024w, https:\/\/fn.se\/nykoping\/wp-content\/uploads\/sites\/88\/2025\/03\/Me-1.jpeg 1170w\" sizes=\"auto, (max-width: 226px) 100vw, 226px\" \/><\/p>\n","protected":false},"excerpt":{"rendered":"<p>Kontaktperson Lara St\u00e5lnacke, ordf\u00f6rande E-post: fnforeningen.nykoping@gmail.com Instagram: @fn_foreningen_nykoping\u00a0 L\u00e4nk: https:\/\/www.instagram.com\/fn_foreningen_nykoping\/ Facebook: s\u00f6k p\u00e5 &#8221;Nyk\u00f6pings FN-f\u00f6rening&#8221;<\/p>\n","protected":false},"author":17,"featured_media":0,"parent":0,"menu_order":0,"comment_status":"closed","ping_status":"closed","template":"templates\/template-sub.php","meta":{"_acf_changed":false,"footnotes":"","_links_to":"","_links_to_target":""},"class_list":["post-21","page","type-page","status-publish","hentry"],"acf":[],"_links":{"self":[{"href":"https:\/\/fn.se\/nykoping\/wp-json\/wp\/v2\/pages\/21","targetHints":{"allow":["GET"]}}],"collection":[{"href":"https:\/\/fn.se\/nykoping\/wp-json\/wp\/v2\/pages"}],"about":[{"href":"https:\/\/fn.se\/nykoping\/wp-json\/wp\/v2\/types\/page"}],"author":[{"embeddable":true,"href":"https:\/\/fn.se\/nykoping\/wp-json\/wp\/v2\/users\/17"}],"replies":[{"embeddable":true,"href":"https:\/\/fn.se\/nykoping\/wp-json\/wp\/v2\/comments?post=21"}],"version-history":[{"count":7,"href":"https:\/\/fn.se\/nykoping\/wp-json\/wp\/v2\/pages\/21\/revisions"}],"predecessor-version":[{"id":192,"href":"https:\/\/fn.se\/nykoping\/wp-json\/wp\/v2\/pages\/21\/revisions\/192"}],"wp:attachment":[{"href":"https:\/\/fn.se\/nykoping\/wp-json\/wp\/v2\/media?parent=21"}],"curies":[{"name":"wp","href":"https:\/\/api.w.org\/{rel}","templated":true}]}}