{"id":2,"date":"2016-08-11T11:05:23","date_gmt":"2016-08-11T11:05:23","guid":{"rendered":"http:\/\/fn.se\/nykopings-fn-forening\/?page_id=2"},"modified":"2025-03-19T15:10:11","modified_gmt":"2025-03-19T15:10:11","slug":"sample-page","status":"publish","type":"page","link":"https:\/\/fn.se\/nykoping\/","title":{"rendered":"Hem"},"content":{"rendered":"<h1>V\u00e4lkommen till\u00a0Nyk\u00f6pings FN-f\u00f6rening!<\/h1>\n<p><span style=\"font-weight: 400\">Nyk\u00f6pings FN-f\u00f6rening startade 1965 och har ca 100 medlemmar varav ett 30-tal ungdomar.<\/span><\/p>\n<p><span style=\"font-weight: 400\">F\u00f6reningen \u00e4r partipolitiskt och religi\u00f6st obunden och \u00e4r en lokalavdelning av Svenska FN-f\u00f6rbundet, som bist\u00e5r med utbildningar, informationsmaterial och verksamhetsbidrag.<\/span><\/p>\n<p><span style=\"font-weight: 400\">Vi samarbetar med flera lokala organisationer och n\u00e4tverk i v\u00e5r region vilket stimulerar oss till fler konkreta insatser kring FN:s m\u00e5l om fred och s\u00e4kerhet, m\u00e4nskliga r\u00e4ttigheter och h\u00e5llbar utveckling. <\/span><span style=\"font-weight: 400\">FN:s Globala M\u00e5l f\u00f6r h\u00e5llbar utveckling\/Agenda 2030 \u00e4r v\u00e4rldens gemensamma handlingsplan och v\u00e5r f\u00f6rening \u00e4r viktig f\u00f6r det lokala arbetet med att uppn\u00e5 dessa m\u00e5l.<\/span><\/p>\n<p>I v\u00e5r f\u00f6rening satsar vi s\u00e4rskilt p\u00e5 barn- och ungdomsr\u00e4ttfr\u00e5gor, klimatet och att bidra till ett fredligt och inkluderande samh\u00e4lle i Nyk\u00f6ping med omnejd. N\u00e4rmsta FN-f\u00f6rening \u00e4r Eskilstunas FN-f\u00f6rening, som vi g\u00e4rna och ofta samverkar med. Vi \u00e4r ocks\u00e5 stolta och glada f\u00f6r att Nyk\u00f6ping har en certifierad FN-skola; Nyk\u00f6pings Gymnasium.<\/p>\n<p>F\u00f6r att underl\u00e4tta v\u00e5rt samarbete inom och utom v\u00e5r f\u00f6rening har vi en egen Facebooksida: s\u00f6k p\u00e5 &#8221;Nyk\u00f6pings FN-f\u00f6rening 2023&#8221; och ett Instagramkonto: @fn_foreningen_nykoping<\/p>\n<p>FN beh\u00f6ver DIG och DU beh\u00f6ver FN!<\/p>\n<p>Alla barn under 18 \u00e5r blir medlemmar GRATIS i Svenska FN-f\u00f6rbundet. Ungdomar mellan 18-26 \u00e5r kan bli medlemmar f\u00f6r 100kr\/\u00e5r. En vuxen kan blir medlem f\u00f6r 200kr\/\u00e5r och ett helt hush\u00e5ll (alla som \u00e4r skrivna i hush\u00e5llet) kan bli familjemedlem f\u00f6r 350kr\/\u00e5r.<\/p>\n<p>\u00c4r du skriven i Nyk\u00f6ping med omnejd kan du v\u00e4lja att automatiskt ocks\u00e5 bli medlem i v\u00e5r lokala FN-f\u00f6rening (samma \u00e5rsavgift). Dessutom g\u00e5r h\u00e4lften av \u00e5rsavgiften tillbaka till den lokala FN-f\u00f6reningen som vi kan anv\u00e4nda f\u00f6r att erbjuda fler aktiviteter f\u00f6r v\u00e5ra medlemmar och alla som bor i kommunen. Det tycker vi \u00e4r extra bra!<\/p>\n<p><a href=\"https:\/\/betalning.fn.se\/pfs\/memberregistration\/\">V\u00e4lkommen som medlem i v\u00e5r f\u00f6rening!<\/a><\/p>\n<p>\/Lara St\u00e5lnacke, ordf\u00f6rande<\/p>\n<p><img loading=\"lazy\" decoding=\"async\" class=\"alignnone  wp-image-10\" src=\"https:\/\/fn.se\/nykoping\/wp-content\/uploads\/sites\/88\/2016\/08\/SFN_FO\u0308RENING_Nyko\u0308pings-121x300.jpg\" alt=\"\" width=\"121\" height=\"299\" srcset=\"https:\/\/fn.se\/nykoping\/wp-content\/uploads\/sites\/88\/2016\/08\/SFN_FO\u0308RENING_Nyko\u0308pings-121x300.jpg 121w, https:\/\/fn.se\/nykoping\/wp-content\/uploads\/sites\/88\/2016\/08\/SFN_FO\u0308RENING_Nyko\u0308pings-413x1024.jpg 413w, https:\/\/fn.se\/nykoping\/wp-content\/uploads\/sites\/88\/2016\/08\/SFN_FO\u0308RENING_Nyko\u0308pings-129x320.jpg 129w, https:\/\/fn.se\/nykoping\/wp-content\/uploads\/sites\/88\/2016\/08\/SFN_FO\u0308RENING_Nyko\u0308pings-282x700.jpg 282w, https:\/\/fn.se\/nykoping\/wp-content\/uploads\/sites\/88\/2016\/08\/SFN_FO\u0308RENING_Nyko\u0308pings.jpg 489w\" sizes=\"auto, (max-width: 121px) 100vw, 121px\" \/><img loading=\"lazy\" decoding=\"async\" class=\"wp-image-187 alignleft\" src=\"https:\/\/fn.se\/nykoping\/wp-content\/uploads\/sites\/88\/2025\/03\/Me-1-226x300.jpeg\" alt=\"\" width=\"180\" height=\"239\" srcset=\"https:\/\/fn.se\/nykoping\/wp-content\/uploads\/sites\/88\/2025\/03\/Me-1-226x300.jpeg 226w, https:\/\/fn.se\/nykoping\/wp-content\/uploads\/sites\/88\/2025\/03\/Me-1-770x1024.jpeg 770w, https:\/\/fn.se\/nykoping\/wp-content\/uploads\/sites\/88\/2025\/03\/Me-1-768x1021.jpeg 768w, https:\/\/fn.se\/nykoping\/wp-content\/uploads\/sites\/88\/2025\/03\/Me-1-1156x1536.jpeg 1156w, https:\/\/fn.se\/nykoping\/wp-content\/uploads\/sites\/88\/2025\/03\/Me-1-650x864.jpeg 650w, https:\/\/fn.se\/nykoping\/wp-content\/uploads\/sites\/88\/2025\/03\/Me-1-1024x1361.jpeg 1024w, https:\/\/fn.se\/nykoping\/wp-content\/uploads\/sites\/88\/2025\/03\/Me-1.jpeg 1170w\" sizes=\"auto, (max-width: 180px) 100vw, 180px\" \/><\/p>\n","protected":false},"excerpt":{"rendered":"<p>V\u00e4lkommen till\u00a0Nyk\u00f6pings FN-f\u00f6rening! Nyk\u00f6pings FN-f\u00f6rening startade 1965 och har ca 100 medlemmar varav ett 30-tal ungdomar. F\u00f6reningen \u00e4r partipolitiskt och&hellip;<\/p>\n","protected":false},"author":16,"featured_media":0,"parent":0,"menu_order":0,"comment_status":"closed","ping_status":"open","template":"templates\/template-sub.php","meta":{"_acf_changed":false,"footnotes":"","_links_to":"","_links_to_target":""},"class_list":["post-2","page","type-page","status-publish","hentry"],"acf":[],"_links":{"self":[{"href":"https:\/\/fn.se\/nykoping\/wp-json\/wp\/v2\/pages\/2","targetHints":{"allow":["GET"]}}],"collection":[{"href":"https:\/\/fn.se\/nykoping\/wp-json\/wp\/v2\/pages"}],"about":[{"href":"https:\/\/fn.se\/nykoping\/wp-json\/wp\/v2\/types\/page"}],"author":[{"embeddable":true,"href":"https:\/\/fn.se\/nykoping\/wp-json\/wp\/v2\/users\/16"}],"replies":[{"embeddable":true,"href":"https:\/\/fn.se\/nykoping\/wp-json\/wp\/v2\/comments?post=2"}],"version-history":[{"count":13,"href":"https:\/\/fn.se\/nykoping\/wp-json\/wp\/v2\/pages\/2\/revisions"}],"predecessor-version":[{"id":188,"href":"https:\/\/fn.se\/nykoping\/wp-json\/wp\/v2\/pages\/2\/revisions\/188"}],"wp:attachment":[{"href":"https:\/\/fn.se\/nykoping\/wp-json\/wp\/v2\/media?parent=2"}],"curies":[{"name":"wp","href":"https:\/\/api.w.org\/{rel}","templated":true}]}}