{"id":152,"date":"2024-05-07T18:11:43","date_gmt":"2024-05-07T18:11:43","guid":{"rendered":"https:\/\/fn.se\/nykoping\/?page_id=152"},"modified":"2024-10-25T08:49:56","modified_gmt":"2024-10-25T08:49:56","slug":"stipendier-till-barn-och-unga-2024","status":"publish","type":"page","link":"https:\/\/fn.se\/nykoping\/stipendier-till-barn-och-unga-2024\/","title":{"rendered":"STIPENDIER till barn och unga 2024"},"content":{"rendered":"\n<p><strong>Vi delade ut stipendium i tv\u00e5 kategorier under Internationella FN-dagen, 24\/10<\/strong>; <\/p>\n\n\n\n<p>&#8221;En bra kompis&#8221; (under 18 \u00e5r) gick till <strong>Lisa Vendelsten<\/strong> &#8211; STORT GRATTIS!!<\/p>\n\n\n\n<figure class=\"wp-block-image size-large is-resized\"><img loading=\"lazy\" decoding=\"async\" width=\"724\" height=\"1024\" src=\"https:\/\/fn.se\/nykoping\/wp-content\/uploads\/sites\/88\/2024\/10\/Diplom_och_stipendium_bra-kompis__Lisa_2024_Sida_1-724x1024.jpg\" alt=\"\" class=\"wp-image-175\" style=\"width:224px;height:auto\" srcset=\"https:\/\/fn.se\/nykoping\/wp-content\/uploads\/sites\/88\/2024\/10\/Diplom_och_stipendium_bra-kompis__Lisa_2024_Sida_1-724x1024.jpg 724w, https:\/\/fn.se\/nykoping\/wp-content\/uploads\/sites\/88\/2024\/10\/Diplom_och_stipendium_bra-kompis__Lisa_2024_Sida_1-212x300.jpg 212w, https:\/\/fn.se\/nykoping\/wp-content\/uploads\/sites\/88\/2024\/10\/Diplom_och_stipendium_bra-kompis__Lisa_2024_Sida_1-768x1086.jpg 768w, https:\/\/fn.se\/nykoping\/wp-content\/uploads\/sites\/88\/2024\/10\/Diplom_och_stipendium_bra-kompis__Lisa_2024_Sida_1-1086x1536.jpg 1086w, https:\/\/fn.se\/nykoping\/wp-content\/uploads\/sites\/88\/2024\/10\/Diplom_och_stipendium_bra-kompis__Lisa_2024_Sida_1-1448x2048.jpg 1448w, https:\/\/fn.se\/nykoping\/wp-content\/uploads\/sites\/88\/2024\/10\/Diplom_och_stipendium_bra-kompis__Lisa_2024_Sida_1-650x919.jpg 650w, https:\/\/fn.se\/nykoping\/wp-content\/uploads\/sites\/88\/2024\/10\/Diplom_och_stipendium_bra-kompis__Lisa_2024_Sida_1-1024x1448.jpg 1024w, https:\/\/fn.se\/nykoping\/wp-content\/uploads\/sites\/88\/2024\/10\/Diplom_och_stipendium_bra-kompis__Lisa_2024_Sida_1-scaled.jpg 1811w\" sizes=\"auto, (max-width: 724px) 100vw, 724px\" \/><\/figure>\n\n\n\n<figure class=\"wp-block-image size-large is-resized\"><img loading=\"lazy\" decoding=\"async\" width=\"722\" height=\"1024\" src=\"https:\/\/fn.se\/nykoping\/wp-content\/uploads\/sites\/88\/2024\/10\/Diplom_och_stipendium_bra-kompis__Lisa_2024_Sida_2-722x1024.jpg\" alt=\"\" class=\"wp-image-174\" style=\"width:222px;height:auto\" srcset=\"https:\/\/fn.se\/nykoping\/wp-content\/uploads\/sites\/88\/2024\/10\/Diplom_och_stipendium_bra-kompis__Lisa_2024_Sida_2-722x1024.jpg 722w, https:\/\/fn.se\/nykoping\/wp-content\/uploads\/sites\/88\/2024\/10\/Diplom_och_stipendium_bra-kompis__Lisa_2024_Sida_2-211x300.jpg 211w, https:\/\/fn.se\/nykoping\/wp-content\/uploads\/sites\/88\/2024\/10\/Diplom_och_stipendium_bra-kompis__Lisa_2024_Sida_2-768x1090.jpg 768w, https:\/\/fn.se\/nykoping\/wp-content\/uploads\/sites\/88\/2024\/10\/Diplom_och_stipendium_bra-kompis__Lisa_2024_Sida_2-1083x1536.jpg 1083w, https:\/\/fn.se\/nykoping\/wp-content\/uploads\/sites\/88\/2024\/10\/Diplom_och_stipendium_bra-kompis__Lisa_2024_Sida_2-1443x2048.jpg 1443w, https:\/\/fn.se\/nykoping\/wp-content\/uploads\/sites\/88\/2024\/10\/Diplom_och_stipendium_bra-kompis__Lisa_2024_Sida_2-650x922.jpg 650w, https:\/\/fn.se\/nykoping\/wp-content\/uploads\/sites\/88\/2024\/10\/Diplom_och_stipendium_bra-kompis__Lisa_2024_Sida_2-1024x1453.jpg 1024w, https:\/\/fn.se\/nykoping\/wp-content\/uploads\/sites\/88\/2024\/10\/Diplom_och_stipendium_bra-kompis__Lisa_2024_Sida_2-scaled.jpg 1804w\" sizes=\"auto, (max-width: 722px) 100vw, 722px\" \/><\/figure>\n\n\n\n<p>I kategorin &#8221;En ung klimathj\u00e4lte&#8221; (18-26 \u00e5r) fick <strong>Lara \/ Alex St\u00e5lnacke<\/strong> ta emot ett stipendium &#8211; STORT GRATTIS!!<\/p>\n\n\n\n<figure class=\"wp-block-image size-large is-resized\"><img loading=\"lazy\" decoding=\"async\" width=\"720\" height=\"1024\" src=\"https:\/\/fn.se\/nykoping\/wp-content\/uploads\/sites\/88\/2024\/10\/Diplom_och_stipendium_ung_klimathjalte_2024-720x1024.jpg\" alt=\"\" class=\"wp-image-176\" style=\"width:221px;height:auto\" srcset=\"https:\/\/fn.se\/nykoping\/wp-content\/uploads\/sites\/88\/2024\/10\/Diplom_och_stipendium_ung_klimathjalte_2024-720x1024.jpg 720w, https:\/\/fn.se\/nykoping\/wp-content\/uploads\/sites\/88\/2024\/10\/Diplom_och_stipendium_ung_klimathjalte_2024-211x300.jpg 211w, https:\/\/fn.se\/nykoping\/wp-content\/uploads\/sites\/88\/2024\/10\/Diplom_och_stipendium_ung_klimathjalte_2024-768x1093.jpg 768w, https:\/\/fn.se\/nykoping\/wp-content\/uploads\/sites\/88\/2024\/10\/Diplom_och_stipendium_ung_klimathjalte_2024-1079x1536.jpg 1079w, https:\/\/fn.se\/nykoping\/wp-content\/uploads\/sites\/88\/2024\/10\/Diplom_och_stipendium_ung_klimathjalte_2024-650x925.jpg 650w, https:\/\/fn.se\/nykoping\/wp-content\/uploads\/sites\/88\/2024\/10\/Diplom_och_stipendium_ung_klimathjalte_2024-1024x1457.jpg 1024w, https:\/\/fn.se\/nykoping\/wp-content\/uploads\/sites\/88\/2024\/10\/Diplom_och_stipendium_ung_klimathjalte_2024.jpg 1414w\" sizes=\"auto, (max-width: 720px) 100vw, 720px\" \/><\/figure>\n\n\n\n<p><\/p>\n\n\n\n<p>Syftet med v\u00e5ra stipendium \u00e4r att lyfta fram unga f\u00f6rebilder som g\u00f6r skillnad f\u00f6r andra. S\u00e5 roligt att flera tar sig tid att nominera.<\/p>\n\n\n\n<p>F\u00f6retaget<strong> CTT: Systems<\/strong> i Nyk\u00f6ping sponsrar b\u00e4gge stipendierna &#8211; STORT TACK F\u00d6R DET! <\/p>\n\n\n\n<figure class=\"wp-block-image size-large is-resized\"><img loading=\"lazy\" decoding=\"async\" width=\"1024\" height=\"443\" src=\"https:\/\/fn.se\/nykoping\/wp-content\/uploads\/sites\/88\/2024\/10\/ctt_color-1024x443.png\" alt=\"\" class=\"wp-image-173\" style=\"width:268px;height:auto\" srcset=\"https:\/\/fn.se\/nykoping\/wp-content\/uploads\/sites\/88\/2024\/10\/ctt_color-1024x443.png 1024w, https:\/\/fn.se\/nykoping\/wp-content\/uploads\/sites\/88\/2024\/10\/ctt_color-300x130.png 300w, https:\/\/fn.se\/nykoping\/wp-content\/uploads\/sites\/88\/2024\/10\/ctt_color-768x332.png 768w, https:\/\/fn.se\/nykoping\/wp-content\/uploads\/sites\/88\/2024\/10\/ctt_color-650x281.png 650w, https:\/\/fn.se\/nykoping\/wp-content\/uploads\/sites\/88\/2024\/10\/ctt_color.png 1356w\" sizes=\"auto, (max-width: 1024px) 100vw, 1024px\" \/><\/figure>\n\n\n\n<p><\/p>\n\n\n\n<p><strong>Nominering till stipendium 2024<\/strong><\/p>\n\n\n\n<p>Nyk\u00f6pings FN-f\u00f6rening kommer <strong>i samband med FN-dagen, 24\/10, dela ut stipendier i tre kategorier<\/strong> f\u00f6r att uppm\u00e4rksamma <em>f\u00f6red\u00f6mliga barn och unga<\/em> som \u00e4r boende i Nyk\u00f6ping eller i en av grannkommunerna i S\u00f6rmland som inte har en egen FN-f\u00f6rening (Eskilstuna och Str\u00e4ngn\u00e4s har egna FN-f\u00f6reningar).<\/p>\n\n\n\n<p><strong>Nu \u00e4r nomineringen \u00f6ppen fram till 29\/9 2024. <\/strong>Vem som helst kan <strong>skicka in sin nominering till f\u00f6reningens mailadress:<\/strong> <a href=\"mailto:fnforeningen.nykoping@gmail.com\"><em>fnforeningen.nykoping@gmail.com<\/em><\/a> eller <strong>fysiskt l\u00e4mna in den till f\u00f6reningen Ung Kraft<\/strong> i lokalen Gamla Brandstationen, Kungsgatan 2 i Nyk\u00f6ping. Ung Krafts hemsida: <a href=\"https:\/\/ungkraft.org\/\">https:\/\/ungkraft.org\/<\/a> Det g\u00e5r s\u00e5klart utm\u00e4rkt att nominera sig sj\u00e4lv! <strong>T\u00e4nk p\u00e5 att skicka med namn och kontaktuppgifter b\u00e5de till dig sj\u00e4lv och den person du nominerar <\/strong>(om du nominerar n\u00e5gon annan). <\/p>\n\n\n\n<p><strong>F\u00f6ljande kategorier kan man nomineras i:<\/strong><\/p>\n\n\n\n<ul class=\"wp-block-list\">\n<li><strong>En bra kompis<\/strong> (under 18 \u00e5r) stipendium \u00e0 1000kr<\/li>\n\n\n\n<li><strong>En klimathj\u00e4lte<\/strong> (18 &#8211; 26 \u00e5r) stipendium \u00e0 1000kr<\/li>\n\n\n\n<li><strong>En ung eldsj\u00e4l<\/strong> (18-26 \u00e5r stipendium \u00e0 3000kr<\/li>\n<\/ul>\n\n\n\n<p><strong>Se affischerna f\u00f6r alla tre kategorier som bilder nedan.<\/strong><\/p>\n\n\n\n<p>I <strong>juryn<\/strong> sitter styrelseledam\u00f6terna i Nyk\u00f6pings FN-f\u00f6rening och Ung Kraft. Har du fr\u00e5gor kring v\u00e5ra stipendier \u00e4r du v\u00e4lkommen att kontakta f\u00f6reningens ordf\u00f6rande Malin Westin Laving i ett mail till <a href=\"mailto:fnforeningen.nykoping@gmail.com\"><em>fnforeningen.nykoping@gmail.com<\/em><\/a> .<\/p>\n\n\n\n<p>Varmt v\u00e4lkommen att nominera! Vi kommer allts\u00e5 dela ut <strong>ett stipendium i varje kategori.<\/strong> <\/p>\n\n\n\n<figure class=\"wp-block-image size-large is-resized\"><img loading=\"lazy\" decoding=\"async\" width=\"724\" height=\"1024\" src=\"https:\/\/fn.se\/nykoping\/wp-content\/uploads\/sites\/88\/2024\/05\/Stipendium-barn-upp-till-18ar-2024-724x1024.jpg\" alt=\"\" class=\"wp-image-153\" style=\"width:355px;height:auto\" srcset=\"https:\/\/fn.se\/nykoping\/wp-content\/uploads\/sites\/88\/2024\/05\/Stipendium-barn-upp-till-18ar-2024-724x1024.jpg 724w, https:\/\/fn.se\/nykoping\/wp-content\/uploads\/sites\/88\/2024\/05\/Stipendium-barn-upp-till-18ar-2024-212x300.jpg 212w, https:\/\/fn.se\/nykoping\/wp-content\/uploads\/sites\/88\/2024\/05\/Stipendium-barn-upp-till-18ar-2024-768x1087.jpg 768w, https:\/\/fn.se\/nykoping\/wp-content\/uploads\/sites\/88\/2024\/05\/Stipendium-barn-upp-till-18ar-2024-650x920.jpg 650w, https:\/\/fn.se\/nykoping\/wp-content\/uploads\/sites\/88\/2024\/05\/Stipendium-barn-upp-till-18ar-2024.jpg 860w\" sizes=\"auto, (max-width: 724px) 100vw, 724px\" \/><\/figure>\n\n\n\n<figure class=\"wp-block-image size-large is-resized\"><img loading=\"lazy\" decoding=\"async\" width=\"724\" height=\"1024\" src=\"https:\/\/fn.se\/nykoping\/wp-content\/uploads\/sites\/88\/2024\/05\/Stipendium-klimathjalte-2024-724x1024.jpg\" alt=\"\" class=\"wp-image-154\" style=\"width:355px;height:auto\" srcset=\"https:\/\/fn.se\/nykoping\/wp-content\/uploads\/sites\/88\/2024\/05\/Stipendium-klimathjalte-2024-724x1024.jpg 724w, https:\/\/fn.se\/nykoping\/wp-content\/uploads\/sites\/88\/2024\/05\/Stipendium-klimathjalte-2024-212x300.jpg 212w, https:\/\/fn.se\/nykoping\/wp-content\/uploads\/sites\/88\/2024\/05\/Stipendium-klimathjalte-2024-768x1086.jpg 768w, https:\/\/fn.se\/nykoping\/wp-content\/uploads\/sites\/88\/2024\/05\/Stipendium-klimathjalte-2024-1086x1536.jpg 1086w, https:\/\/fn.se\/nykoping\/wp-content\/uploads\/sites\/88\/2024\/05\/Stipendium-klimathjalte-2024-1448x2048.jpg 1448w, https:\/\/fn.se\/nykoping\/wp-content\/uploads\/sites\/88\/2024\/05\/Stipendium-klimathjalte-2024-650x919.jpg 650w, https:\/\/fn.se\/nykoping\/wp-content\/uploads\/sites\/88\/2024\/05\/Stipendium-klimathjalte-2024-1024x1448.jpg 1024w, https:\/\/fn.se\/nykoping\/wp-content\/uploads\/sites\/88\/2024\/05\/Stipendium-klimathjalte-2024-scaled.jpg 1811w\" sizes=\"auto, (max-width: 724px) 100vw, 724px\" \/><\/figure>\n\n\n\n<figure class=\"wp-block-image size-large is-resized\"><img loading=\"lazy\" decoding=\"async\" width=\"724\" height=\"1024\" src=\"https:\/\/fn.se\/nykoping\/wp-content\/uploads\/sites\/88\/2024\/05\/Stipendium-ung-eldsjal-2024-724x1024.jpg\" alt=\"\" class=\"wp-image-155\" style=\"width:354px;height:auto\" srcset=\"https:\/\/fn.se\/nykoping\/wp-content\/uploads\/sites\/88\/2024\/05\/Stipendium-ung-eldsjal-2024-724x1024.jpg 724w, https:\/\/fn.se\/nykoping\/wp-content\/uploads\/sites\/88\/2024\/05\/Stipendium-ung-eldsjal-2024-212x300.jpg 212w, https:\/\/fn.se\/nykoping\/wp-content\/uploads\/sites\/88\/2024\/05\/Stipendium-ung-eldsjal-2024-768x1086.jpg 768w, https:\/\/fn.se\/nykoping\/wp-content\/uploads\/sites\/88\/2024\/05\/Stipendium-ung-eldsjal-2024-1086x1536.jpg 1086w, https:\/\/fn.se\/nykoping\/wp-content\/uploads\/sites\/88\/2024\/05\/Stipendium-ung-eldsjal-2024-1448x2048.jpg 1448w, https:\/\/fn.se\/nykoping\/wp-content\/uploads\/sites\/88\/2024\/05\/Stipendium-ung-eldsjal-2024-650x919.jpg 650w, https:\/\/fn.se\/nykoping\/wp-content\/uploads\/sites\/88\/2024\/05\/Stipendium-ung-eldsjal-2024-1024x1448.jpg 1024w, https:\/\/fn.se\/nykoping\/wp-content\/uploads\/sites\/88\/2024\/05\/Stipendium-ung-eldsjal-2024-scaled.jpg 1811w\" sizes=\"auto, (max-width: 724px) 100vw, 724px\" \/><\/figure>\n","protected":false},"excerpt":{"rendered":"<p>Vi delade ut stipendium i tv\u00e5 kategorier under Internationella FN-dagen, 24\/10; &#8221;En bra kompis&#8221; (under 18 \u00e5r) gick till Lisa&hellip;<\/p>\n","protected":false},"author":74,"featured_media":0,"parent":0,"menu_order":0,"comment_status":"closed","ping_status":"closed","template":"","meta":{"_acf_changed":false,"footnotes":"","_links_to":"","_links_to_target":""},"class_list":["post-152","page","type-page","status-publish","hentry"],"acf":[],"_links":{"self":[{"href":"https:\/\/fn.se\/nykoping\/wp-json\/wp\/v2\/pages\/152","targetHints":{"allow":["GET"]}}],"collection":[{"href":"https:\/\/fn.se\/nykoping\/wp-json\/wp\/v2\/pages"}],"about":[{"href":"https:\/\/fn.se\/nykoping\/wp-json\/wp\/v2\/types\/page"}],"author":[{"embeddable":true,"href":"https:\/\/fn.se\/nykoping\/wp-json\/wp\/v2\/users\/74"}],"replies":[{"embeddable":true,"href":"https:\/\/fn.se\/nykoping\/wp-json\/wp\/v2\/comments?post=152"}],"version-history":[{"count":2,"href":"https:\/\/fn.se\/nykoping\/wp-json\/wp\/v2\/pages\/152\/revisions"}],"predecessor-version":[{"id":177,"href":"https:\/\/fn.se\/nykoping\/wp-json\/wp\/v2\/pages\/152\/revisions\/177"}],"wp:attachment":[{"href":"https:\/\/fn.se\/nykoping\/wp-json\/wp\/v2\/media?parent=152"}],"curies":[{"name":"wp","href":"https:\/\/api.w.org\/{rel}","templated":true}]}}